{"id":82457,"date":"2024-12-17T15:27:09","date_gmt":"2024-12-17T14:27:09","guid":{"rendered":"https:\/\/www.mesvendanges.com\/shop\/uncategorized\/tout-ce-qui-est-beau-revient-anders-frederik-steen-2020-50cl\/"},"modified":"2026-04-08T10:45:28","modified_gmt":"2026-04-08T08:45:28","slug":"tout-ce-qui-est-beau-revient-anders-frederik-steen-2020-50cl","status":"publish","type":"product","link":"https:\/\/www.mesvendanges.com\/en\/shop\/wines\/tout-ce-qui-est-beau-revient-anders-frederik-steen-2020-50cl\/","title":{"rendered":"TOUT CE QUI EST BEAU REVIENT"},"content":{"rendered":"<p>Raisins du domaine Bannwarth \u00e0 Obermorschwihr<br \/>\n&#8220;Un vin issu de Gew\u00fcrztraminer riche et tr\u00e8s aromatique \u00e0 la r\u00e9colte avec une belle pourriture noble. Nous avons effectu\u00e9 un pressurage direct des raisins le jour m\u00eame de la r\u00e9colte afin de pouvoir extraire le maximum de ces ar\u00f4mes.<br \/>\nApr\u00e8s quelques jours d&#8217;oxydation, le jus a \u00e9t\u00e9 mis dans des cuves en fibre de verre pour fermenter pendant l&#8217;hiver. Apr\u00e8s un soutirage au printemps 2021, temps juste suffisant pour ajouter ces saveurs levuriennes et autolytiques que nous aimons tant, le vin a rejoint la cave o\u00f9 il a termin\u00e9 sa fermentation et est rest\u00e9 encore 3 \u00bd ans dans de vieux f\u00fbts sans ouillage.<br \/>\nLe Gew\u00fcrztraminer est en g\u00e9n\u00e9ral lent dans le d\u00e9veloppement de ses ar\u00f4mes, et il a fallu pr\u00e8s de deux ans d&#8217;\u00e9levage avant que l&#8217;oxydation ne commence \u00e0 se faire sentir. Mais comme toujours avec les vari\u00e9t\u00e9s aromatiques comme le Gew\u00fcrztraminer, une fois que l&#8217;oxydation arrive, l&#8217;oxydation prend sa place et cr\u00e9e avec les autres ar\u00f4mes un bel \u00e9quilibre.&#8221; ABB &#038; AFS\t<\/p>\n","protected":false},"excerpt":{"rendered":"<p>Raisins du domaine Bannwarth \u00e0 Obermorschwihr &#8220;Un vin issu de Gew\u00fcrztraminer riche et tr\u00e8s aromatique \u00e0 la r\u00e9colte avec une belle pourriture noble. Nous avons effectu\u00e9 un pressurage direct des raisins le jour m\u00eame de la r\u00e9colte afin de pouvoir extraire le maximum de ces ar\u00f4mes. Apr\u00e8s quelques jours d&#8217;oxydation, le jus a \u00e9t\u00e9 mis [&hellip;]<\/p>\n","protected":false},"featured_media":82524,"template":"","meta":[],"product_cat":[3740],"product_tag":[],"acf":[],"yoast_head":"<!-- This site is optimized with the Yoast SEO plugin v19.3 - https:\/\/yoast.com\/wordpress\/plugins\/seo\/ -->\n<title>TOUT CE QUI EST BEAU REVIENT - Mes Vendanges<\/title>\n<meta name=\"robots\" content=\"index, follow, max-snippet:-1, max-image-preview:large, max-video-preview:-1\" \/>\n<link rel=\"canonical\" href=\"https:\/\/www.mesvendanges.com\/en\/shop\/wines\/tout-ce-qui-est-beau-revient-anders-frederik-steen-2020-50cl\/\" \/>\n<meta property=\"og:locale\" content=\"en_US\" \/>\n<meta property=\"og:type\" content=\"article\" \/>\n<meta property=\"og:title\" content=\"TOUT CE QUI EST BEAU REVIENT - Mes Vendanges\" \/>\n<meta property=\"og:description\" content=\"Raisins du domaine Bannwarth \u00e0 Obermorschwihr &#8220;Un vin issu de Gew\u00fcrztraminer riche et tr\u00e8s aromatique \u00e0 la r\u00e9colte avec une belle pourriture noble. Nous avons effectu\u00e9 un pressurage direct des raisins le jour m\u00eame de la r\u00e9colte afin de pouvoir extraire le maximum de ces ar\u00f4mes. Apr\u00e8s quelques jours d&#8217;oxydation, le jus a \u00e9t\u00e9 mis [&hellip;]\" \/>\n<meta property=\"og:url\" content=\"https:\/\/www.mesvendanges.com\/en\/shop\/wines\/tout-ce-qui-est-beau-revient-anders-frederik-steen-2020-50cl\/\" \/>\n<meta property=\"og:site_name\" content=\"Mes Vendanges\" \/>\n<meta property=\"article:modified_time\" content=\"2026-04-08T08:45:28+00:00\" \/>\n<meta property=\"og:image\" content=\"https:\/\/www.mesvendanges.com\/wp-content\/uploads\/2024\/12\/anders-frederik-steen-tout-ce-qui-est-beau-revient-2020-png.png\" \/>\n\t<meta property=\"og:image:width\" content=\"456\" \/>\n\t<meta property=\"og:image:height\" content=\"1500\" \/>\n\t<meta property=\"og:image:type\" content=\"image\/png\" \/>\n<meta name=\"twitter:card\" content=\"summary_large_image\" \/>\n<meta name=\"twitter:label1\" content=\"Est. reading time\" \/>\n\t<meta name=\"twitter:data1\" content=\"1 minute\" \/>\n<script type=\"application\/ld+json\" class=\"yoast-schema-graph\">{\"@context\":\"https:\/\/schema.org\",\"@graph\":[{\"@type\":\"Organization\",\"@id\":\"https:\/\/www.mesvendanges.com\/en\/#organization\",\"name\":\"Mes Vendanges\",\"url\":\"https:\/\/www.mesvendanges.com\/en\/\",\"sameAs\":[],\"logo\":{\"@type\":\"ImageObject\",\"inLanguage\":\"fr-FR\",\"@id\":\"https:\/\/www.mesvendanges.com\/en\/#\/schema\/logo\/image\/\",\"url\":\"https:\/\/www.mesvendanges.com\/wp-content\/uploads\/2022\/02\/logo-mesvendanges.jpg\",\"contentUrl\":\"https:\/\/www.mesvendanges.com\/wp-content\/uploads\/2022\/02\/logo-mesvendanges.jpg\",\"width\":851,\"height\":260,\"caption\":\"Mes Vendanges\"},\"image\":{\"@id\":\"https:\/\/www.mesvendanges.com\/en\/#\/schema\/logo\/image\/\"}},{\"@type\":\"WebSite\",\"@id\":\"https:\/\/www.mesvendanges.com\/en\/#website\",\"url\":\"https:\/\/www.mesvendanges.com\/en\/\",\"name\":\"Mes Vendanges\",\"description\":\"Des journ\u00e9es enti\u00e8res dans les vignes\",\"publisher\":{\"@id\":\"https:\/\/www.mesvendanges.com\/en\/#organization\"},\"potentialAction\":[{\"@type\":\"SearchAction\",\"target\":{\"@type\":\"EntryPoint\",\"urlTemplate\":\"https:\/\/www.mesvendanges.com\/en\/?s={search_term_string}\"},\"query-input\":\"required name=search_term_string\"}],\"inLanguage\":\"fr-FR\"},{\"@type\":\"ImageObject\",\"inLanguage\":\"fr-FR\",\"@id\":\"https:\/\/www.mesvendanges.com\/en\/shop\/wines\/tout-ce-qui-est-beau-revient-anders-frederik-steen-2020-50cl\/#primaryimage\",\"url\":\"https:\/\/www.mesvendanges.com\/wp-content\/uploads\/2024\/12\/anders-frederik-steen-tout-ce-qui-est-beau-revient-2020-png.png\",\"contentUrl\":\"https:\/\/www.mesvendanges.com\/wp-content\/uploads\/2024\/12\/anders-frederik-steen-tout-ce-qui-est-beau-revient-2020-png.png\",\"width\":456,\"height\":1500},{\"@type\":\"WebPage\",\"@id\":\"https:\/\/www.mesvendanges.com\/en\/shop\/wines\/tout-ce-qui-est-beau-revient-anders-frederik-steen-2020-50cl\/\",\"url\":\"https:\/\/www.mesvendanges.com\/en\/shop\/wines\/tout-ce-qui-est-beau-revient-anders-frederik-steen-2020-50cl\/\",\"name\":\"TOUT CE QUI EST BEAU REVIENT - Mes Vendanges\",\"isPartOf\":{\"@id\":\"https:\/\/www.mesvendanges.com\/en\/#website\"},\"primaryImageOfPage\":{\"@id\":\"https:\/\/www.mesvendanges.com\/en\/shop\/wines\/tout-ce-qui-est-beau-revient-anders-frederik-steen-2020-50cl\/#primaryimage\"},\"datePublished\":\"2024-12-17T14:27:09+00:00\",\"dateModified\":\"2026-04-08T08:45:28+00:00\",\"breadcrumb\":{\"@id\":\"https:\/\/www.mesvendanges.com\/en\/shop\/wines\/tout-ce-qui-est-beau-revient-anders-frederik-steen-2020-50cl\/#breadcrumb\"},\"inLanguage\":\"fr-FR\",\"potentialAction\":[{\"@type\":\"ReadAction\",\"target\":[\"https:\/\/www.mesvendanges.com\/en\/shop\/wines\/tout-ce-qui-est-beau-revient-anders-frederik-steen-2020-50cl\/\"]}]},{\"@type\":\"BreadcrumbList\",\"@id\":\"https:\/\/www.mesvendanges.com\/en\/shop\/wines\/tout-ce-qui-est-beau-revient-anders-frederik-steen-2020-50cl\/#breadcrumb\",\"itemListElement\":[{\"@type\":\"ListItem\",\"position\":1,\"name\":\"Home\",\"item\":\"https:\/\/www.mesvendanges.com\/en\/\"},{\"@type\":\"ListItem\",\"position\":2,\"name\":\"Shop\",\"item\":\"https:\/\/www.mesvendanges.com\/en\/shop\/\"},{\"@type\":\"ListItem\",\"position\":3,\"name\":\"TOUT CE QUI EST BEAU REVIENT\"}]}]}<\/script>\n<!-- \/ Yoast SEO plugin. -->","yoast_head_json":{"title":"TOUT CE QUI EST BEAU REVIENT - Mes Vendanges","robots":{"index":"index","follow":"follow","max-snippet":"max-snippet:-1","max-image-preview":"max-image-preview:large","max-video-preview":"max-video-preview:-1"},"canonical":"https:\/\/www.mesvendanges.com\/en\/shop\/wines\/tout-ce-qui-est-beau-revient-anders-frederik-steen-2020-50cl\/","og_locale":"en_US","og_type":"article","og_title":"TOUT CE QUI EST BEAU REVIENT - Mes Vendanges","og_description":"Raisins du domaine Bannwarth \u00e0 Obermorschwihr &#8220;Un vin issu de Gew\u00fcrztraminer riche et tr\u00e8s aromatique \u00e0 la r\u00e9colte avec une belle pourriture noble. Nous avons effectu\u00e9 un pressurage direct des raisins le jour m\u00eame de la r\u00e9colte afin de pouvoir extraire le maximum de ces ar\u00f4mes. Apr\u00e8s quelques jours d&#8217;oxydation, le jus a \u00e9t\u00e9 mis [&hellip;]","og_url":"https:\/\/www.mesvendanges.com\/en\/shop\/wines\/tout-ce-qui-est-beau-revient-anders-frederik-steen-2020-50cl\/","og_site_name":"Mes Vendanges","article_modified_time":"2026-04-08T08:45:28+00:00","og_image":[{"width":456,"height":1500,"url":"https:\/\/www.mesvendanges.com\/wp-content\/uploads\/2024\/12\/anders-frederik-steen-tout-ce-qui-est-beau-revient-2020-png.png","type":"image\/png"}],"twitter_card":"summary_large_image","twitter_misc":{"Est. reading time":"1 minute"},"schema":{"@context":"https:\/\/schema.org","@graph":[{"@type":"Organization","@id":"https:\/\/www.mesvendanges.com\/en\/#organization","name":"Mes Vendanges","url":"https:\/\/www.mesvendanges.com\/en\/","sameAs":[],"logo":{"@type":"ImageObject","inLanguage":"fr-FR","@id":"https:\/\/www.mesvendanges.com\/en\/#\/schema\/logo\/image\/","url":"https:\/\/www.mesvendanges.com\/wp-content\/uploads\/2022\/02\/logo-mesvendanges.jpg","contentUrl":"https:\/\/www.mesvendanges.com\/wp-content\/uploads\/2022\/02\/logo-mesvendanges.jpg","width":851,"height":260,"caption":"Mes Vendanges"},"image":{"@id":"https:\/\/www.mesvendanges.com\/en\/#\/schema\/logo\/image\/"}},{"@type":"WebSite","@id":"https:\/\/www.mesvendanges.com\/en\/#website","url":"https:\/\/www.mesvendanges.com\/en\/","name":"Mes Vendanges","description":"Des journ\u00e9es enti\u00e8res dans les vignes","publisher":{"@id":"https:\/\/www.mesvendanges.com\/en\/#organization"},"potentialAction":[{"@type":"SearchAction","target":{"@type":"EntryPoint","urlTemplate":"https:\/\/www.mesvendanges.com\/en\/?s={search_term_string}"},"query-input":"required name=search_term_string"}],"inLanguage":"fr-FR"},{"@type":"ImageObject","inLanguage":"fr-FR","@id":"https:\/\/www.mesvendanges.com\/en\/shop\/wines\/tout-ce-qui-est-beau-revient-anders-frederik-steen-2020-50cl\/#primaryimage","url":"https:\/\/www.mesvendanges.com\/wp-content\/uploads\/2024\/12\/anders-frederik-steen-tout-ce-qui-est-beau-revient-2020-png.png","contentUrl":"https:\/\/www.mesvendanges.com\/wp-content\/uploads\/2024\/12\/anders-frederik-steen-tout-ce-qui-est-beau-revient-2020-png.png","width":456,"height":1500},{"@type":"WebPage","@id":"https:\/\/www.mesvendanges.com\/en\/shop\/wines\/tout-ce-qui-est-beau-revient-anders-frederik-steen-2020-50cl\/","url":"https:\/\/www.mesvendanges.com\/en\/shop\/wines\/tout-ce-qui-est-beau-revient-anders-frederik-steen-2020-50cl\/","name":"TOUT CE QUI EST BEAU REVIENT - Mes Vendanges","isPartOf":{"@id":"https:\/\/www.mesvendanges.com\/en\/#website"},"primaryImageOfPage":{"@id":"https:\/\/www.mesvendanges.com\/en\/shop\/wines\/tout-ce-qui-est-beau-revient-anders-frederik-steen-2020-50cl\/#primaryimage"},"datePublished":"2024-12-17T14:27:09+00:00","dateModified":"2026-04-08T08:45:28+00:00","breadcrumb":{"@id":"https:\/\/www.mesvendanges.com\/en\/shop\/wines\/tout-ce-qui-est-beau-revient-anders-frederik-steen-2020-50cl\/#breadcrumb"},"inLanguage":"fr-FR","potentialAction":[{"@type":"ReadAction","target":["https:\/\/www.mesvendanges.com\/en\/shop\/wines\/tout-ce-qui-est-beau-revient-anders-frederik-steen-2020-50cl\/"]}]},{"@type":"BreadcrumbList","@id":"https:\/\/www.mesvendanges.com\/en\/shop\/wines\/tout-ce-qui-est-beau-revient-anders-frederik-steen-2020-50cl\/#breadcrumb","itemListElement":[{"@type":"ListItem","position":1,"name":"Home","item":"https:\/\/www.mesvendanges.com\/en\/"},{"@type":"ListItem","position":2,"name":"Shop","item":"https:\/\/www.mesvendanges.com\/en\/shop\/"},{"@type":"ListItem","position":3,"name":"TOUT CE QUI EST BEAU REVIENT"}]}]}},"_links":{"self":[{"href":"https:\/\/www.mesvendanges.com\/en\/wp-json\/wp\/v2\/product\/82457"}],"collection":[{"href":"https:\/\/www.mesvendanges.com\/en\/wp-json\/wp\/v2\/product"}],"about":[{"href":"https:\/\/www.mesvendanges.com\/en\/wp-json\/wp\/v2\/types\/product"}],"wp:featuredmedia":[{"embeddable":true,"href":"https:\/\/www.mesvendanges.com\/en\/wp-json\/wp\/v2\/media\/82524"}],"wp:attachment":[{"href":"https:\/\/www.mesvendanges.com\/en\/wp-json\/wp\/v2\/media?parent=82457"}],"wp:term":[{"taxonomy":"product_cat","embeddable":true,"href":"https:\/\/www.mesvendanges.com\/en\/wp-json\/wp\/v2\/product_cat?post=82457"},{"taxonomy":"product_tag","embeddable":true,"href":"https:\/\/www.mesvendanges.com\/en\/wp-json\/wp\/v2\/product_tag?post=82457"}],"curies":[{"name":"wp","href":"https:\/\/api.w.org\/{rel}","templated":true}]}}