{"id":82461,"date":"2024-12-17T15:36:59","date_gmt":"2024-12-17T14:36:59","guid":{"rendered":"https:\/\/www.mesvendanges.com\/shop\/uncategorized\/palpite-un-peu-comme-un-coeur-sauvage-anders-frederik-steen-2017-50cl\/"},"modified":"2026-01-14T15:05:23","modified_gmt":"2026-01-14T14:05:23","slug":"palpite-un-peu-comme-un-coeur-sauvage-anders-frederik-steen-2017-50cl","status":"publish","type":"product","link":"https:\/\/www.mesvendanges.com\/en\/shop\/wines\/palpite-un-peu-comme-un-coeur-sauvage-anders-frederik-steen-2017-50cl\/","title":{"rendered":"PALPITE UN PEU COMME UN COEUR SAUVAGE"},"content":{"rendered":"<p>Vins issus du domaine du Bannwarth \u00e0 Obermorschwihr<\/p>\n<p>&#8220;Un assemblage de Pinot Noir et de Gew\u00fcrztraminer. Comme nous le faisons avec la plupart des raisins et des jus fra\u00eechement press\u00e9s en Alsace, les raisins ont \u00e9t\u00e9 press\u00e9s pendant la nuit, et le jus a \u00e9t\u00e9 laiss\u00e9 pour l&#8217;oxydation et le d\u00e9but de la fermentation dans des f\u00fbts ouverts. Suivi de 6 mois de fermentation dans des cuves en fibre de verre \u00e0 l&#8217;ext\u00e9rieur, d&#8217;un soutirage au printemps 2018 et d&#8217;un \u00e9levage de 5 ans dans de vieux f\u00fbts, sans aucun ouillage.<\/p>\n<p>Apr\u00e8s la mise en bouteille, nous avons d\u00e9cid\u00e9 de laisser le vin 18 mois de plus en cave avant de le commercialiser. Nous avons fait cela pour permettre \u00e0 l&#8217;acidit\u00e9, aux profondes notes salines et \u00e0 l&#8217;oxydation de se retrouver. Certains vieux vins ont besoin de temps pour recr\u00e9er l&#8217;\u00e9quilibre apr\u00e8s la mise en bouteille. Or, c&#8217;est pr\u00e9cis\u00e9ment l&#8217;\u00e9quilibre de tous ces \u00e9l\u00e9ments qui d\u00e9finit ce vin &#8211; nous sommes donc tr\u00e8s heureux de notre d\u00e9cision et de notre patience, dont le vin a beaucoup profit\u00e9.&#8221; ABB &#038; AFS<\/p>\n","protected":false},"excerpt":{"rendered":"<p>Vins issus du domaine du Bannwarth \u00e0 Obermorschwihr &#8220;Un assemblage de Pinot Noir et de Gew\u00fcrztraminer. Comme nous le faisons avec la plupart des raisins et des jus fra\u00eechement press\u00e9s en Alsace, les raisins ont \u00e9t\u00e9 press\u00e9s pendant la nuit, et le jus a \u00e9t\u00e9 laiss\u00e9 pour l&#8217;oxydation et le d\u00e9but de la fermentation dans [&hellip;]<\/p>\n","protected":false},"featured_media":0,"template":"","meta":[],"product_cat":[3740],"product_tag":[],"acf":[],"yoast_head":"<!-- This site is optimized with the Yoast SEO plugin v19.3 - https:\/\/yoast.com\/wordpress\/plugins\/seo\/ -->\n<title>PALPITE UN PEU COMME UN COEUR SAUVAGE - Mes Vendanges<\/title>\n<meta name=\"robots\" content=\"index, follow, max-snippet:-1, max-image-preview:large, max-video-preview:-1\" \/>\n<link rel=\"canonical\" href=\"https:\/\/www.mesvendanges.com\/en\/shop\/wines\/palpite-un-peu-comme-un-coeur-sauvage-anders-frederik-steen-2017-50cl\/\" \/>\n<meta property=\"og:locale\" content=\"en_US\" \/>\n<meta property=\"og:type\" content=\"article\" \/>\n<meta property=\"og:title\" content=\"PALPITE UN PEU COMME UN COEUR SAUVAGE - Mes Vendanges\" \/>\n<meta property=\"og:description\" content=\"Vins issus du domaine du Bannwarth \u00e0 Obermorschwihr &#8220;Un assemblage de Pinot Noir et de Gew\u00fcrztraminer. Comme nous le faisons avec la plupart des raisins et des jus fra\u00eechement press\u00e9s en Alsace, les raisins ont \u00e9t\u00e9 press\u00e9s pendant la nuit, et le jus a \u00e9t\u00e9 laiss\u00e9 pour l&#8217;oxydation et le d\u00e9but de la fermentation dans [&hellip;]\" \/>\n<meta property=\"og:url\" content=\"https:\/\/www.mesvendanges.com\/en\/shop\/wines\/palpite-un-peu-comme-un-coeur-sauvage-anders-frederik-steen-2017-50cl\/\" \/>\n<meta property=\"og:site_name\" content=\"Mes Vendanges\" \/>\n<meta property=\"article:modified_time\" content=\"2026-01-14T14:05:23+00:00\" \/>\n<meta name=\"twitter:card\" content=\"summary_large_image\" \/>\n<meta name=\"twitter:label1\" content=\"Est. reading time\" \/>\n\t<meta name=\"twitter:data1\" content=\"1 minute\" \/>\n<script type=\"application\/ld+json\" class=\"yoast-schema-graph\">{\"@context\":\"https:\/\/schema.org\",\"@graph\":[{\"@type\":\"Organization\",\"@id\":\"https:\/\/www.mesvendanges.com\/en\/#organization\",\"name\":\"Mes Vendanges\",\"url\":\"https:\/\/www.mesvendanges.com\/en\/\",\"sameAs\":[],\"logo\":{\"@type\":\"ImageObject\",\"inLanguage\":\"fr-FR\",\"@id\":\"https:\/\/www.mesvendanges.com\/en\/#\/schema\/logo\/image\/\",\"url\":\"https:\/\/www.mesvendanges.com\/wp-content\/uploads\/2022\/02\/logo-mesvendanges.jpg\",\"contentUrl\":\"https:\/\/www.mesvendanges.com\/wp-content\/uploads\/2022\/02\/logo-mesvendanges.jpg\",\"width\":851,\"height\":260,\"caption\":\"Mes Vendanges\"},\"image\":{\"@id\":\"https:\/\/www.mesvendanges.com\/en\/#\/schema\/logo\/image\/\"}},{\"@type\":\"WebSite\",\"@id\":\"https:\/\/www.mesvendanges.com\/en\/#website\",\"url\":\"https:\/\/www.mesvendanges.com\/en\/\",\"name\":\"Mes Vendanges\",\"description\":\"Des journ\u00e9es enti\u00e8res dans les vignes\",\"publisher\":{\"@id\":\"https:\/\/www.mesvendanges.com\/en\/#organization\"},\"potentialAction\":[{\"@type\":\"SearchAction\",\"target\":{\"@type\":\"EntryPoint\",\"urlTemplate\":\"https:\/\/www.mesvendanges.com\/en\/?s={search_term_string}\"},\"query-input\":\"required name=search_term_string\"}],\"inLanguage\":\"fr-FR\"},{\"@type\":\"WebPage\",\"@id\":\"https:\/\/www.mesvendanges.com\/en\/shop\/wines\/palpite-un-peu-comme-un-coeur-sauvage-anders-frederik-steen-2017-50cl\/\",\"url\":\"https:\/\/www.mesvendanges.com\/en\/shop\/wines\/palpite-un-peu-comme-un-coeur-sauvage-anders-frederik-steen-2017-50cl\/\",\"name\":\"PALPITE UN PEU COMME UN COEUR SAUVAGE - Mes Vendanges\",\"isPartOf\":{\"@id\":\"https:\/\/www.mesvendanges.com\/en\/#website\"},\"datePublished\":\"2024-12-17T14:36:59+00:00\",\"dateModified\":\"2026-01-14T14:05:23+00:00\",\"breadcrumb\":{\"@id\":\"https:\/\/www.mesvendanges.com\/en\/shop\/wines\/palpite-un-peu-comme-un-coeur-sauvage-anders-frederik-steen-2017-50cl\/#breadcrumb\"},\"inLanguage\":\"fr-FR\",\"potentialAction\":[{\"@type\":\"ReadAction\",\"target\":[\"https:\/\/www.mesvendanges.com\/en\/shop\/wines\/palpite-un-peu-comme-un-coeur-sauvage-anders-frederik-steen-2017-50cl\/\"]}]},{\"@type\":\"BreadcrumbList\",\"@id\":\"https:\/\/www.mesvendanges.com\/en\/shop\/wines\/palpite-un-peu-comme-un-coeur-sauvage-anders-frederik-steen-2017-50cl\/#breadcrumb\",\"itemListElement\":[{\"@type\":\"ListItem\",\"position\":1,\"name\":\"Home\",\"item\":\"https:\/\/www.mesvendanges.com\/en\/\"},{\"@type\":\"ListItem\",\"position\":2,\"name\":\"Shop\",\"item\":\"https:\/\/www.mesvendanges.com\/en\/shop\/\"},{\"@type\":\"ListItem\",\"position\":3,\"name\":\"PALPITE UN PEU COMME UN COEUR SAUVAGE\"}]}]}<\/script>\n<!-- \/ Yoast SEO plugin. -->","yoast_head_json":{"title":"PALPITE UN PEU COMME UN COEUR SAUVAGE - Mes Vendanges","robots":{"index":"index","follow":"follow","max-snippet":"max-snippet:-1","max-image-preview":"max-image-preview:large","max-video-preview":"max-video-preview:-1"},"canonical":"https:\/\/www.mesvendanges.com\/en\/shop\/wines\/palpite-un-peu-comme-un-coeur-sauvage-anders-frederik-steen-2017-50cl\/","og_locale":"en_US","og_type":"article","og_title":"PALPITE UN PEU COMME UN COEUR SAUVAGE - Mes Vendanges","og_description":"Vins issus du domaine du Bannwarth \u00e0 Obermorschwihr &#8220;Un assemblage de Pinot Noir et de Gew\u00fcrztraminer. Comme nous le faisons avec la plupart des raisins et des jus fra\u00eechement press\u00e9s en Alsace, les raisins ont \u00e9t\u00e9 press\u00e9s pendant la nuit, et le jus a \u00e9t\u00e9 laiss\u00e9 pour l&#8217;oxydation et le d\u00e9but de la fermentation dans [&hellip;]","og_url":"https:\/\/www.mesvendanges.com\/en\/shop\/wines\/palpite-un-peu-comme-un-coeur-sauvage-anders-frederik-steen-2017-50cl\/","og_site_name":"Mes Vendanges","article_modified_time":"2026-01-14T14:05:23+00:00","twitter_card":"summary_large_image","twitter_misc":{"Est. reading time":"1 minute"},"schema":{"@context":"https:\/\/schema.org","@graph":[{"@type":"Organization","@id":"https:\/\/www.mesvendanges.com\/en\/#organization","name":"Mes Vendanges","url":"https:\/\/www.mesvendanges.com\/en\/","sameAs":[],"logo":{"@type":"ImageObject","inLanguage":"fr-FR","@id":"https:\/\/www.mesvendanges.com\/en\/#\/schema\/logo\/image\/","url":"https:\/\/www.mesvendanges.com\/wp-content\/uploads\/2022\/02\/logo-mesvendanges.jpg","contentUrl":"https:\/\/www.mesvendanges.com\/wp-content\/uploads\/2022\/02\/logo-mesvendanges.jpg","width":851,"height":260,"caption":"Mes Vendanges"},"image":{"@id":"https:\/\/www.mesvendanges.com\/en\/#\/schema\/logo\/image\/"}},{"@type":"WebSite","@id":"https:\/\/www.mesvendanges.com\/en\/#website","url":"https:\/\/www.mesvendanges.com\/en\/","name":"Mes Vendanges","description":"Des journ\u00e9es enti\u00e8res dans les vignes","publisher":{"@id":"https:\/\/www.mesvendanges.com\/en\/#organization"},"potentialAction":[{"@type":"SearchAction","target":{"@type":"EntryPoint","urlTemplate":"https:\/\/www.mesvendanges.com\/en\/?s={search_term_string}"},"query-input":"required name=search_term_string"}],"inLanguage":"fr-FR"},{"@type":"WebPage","@id":"https:\/\/www.mesvendanges.com\/en\/shop\/wines\/palpite-un-peu-comme-un-coeur-sauvage-anders-frederik-steen-2017-50cl\/","url":"https:\/\/www.mesvendanges.com\/en\/shop\/wines\/palpite-un-peu-comme-un-coeur-sauvage-anders-frederik-steen-2017-50cl\/","name":"PALPITE UN PEU COMME UN COEUR SAUVAGE - Mes Vendanges","isPartOf":{"@id":"https:\/\/www.mesvendanges.com\/en\/#website"},"datePublished":"2024-12-17T14:36:59+00:00","dateModified":"2026-01-14T14:05:23+00:00","breadcrumb":{"@id":"https:\/\/www.mesvendanges.com\/en\/shop\/wines\/palpite-un-peu-comme-un-coeur-sauvage-anders-frederik-steen-2017-50cl\/#breadcrumb"},"inLanguage":"fr-FR","potentialAction":[{"@type":"ReadAction","target":["https:\/\/www.mesvendanges.com\/en\/shop\/wines\/palpite-un-peu-comme-un-coeur-sauvage-anders-frederik-steen-2017-50cl\/"]}]},{"@type":"BreadcrumbList","@id":"https:\/\/www.mesvendanges.com\/en\/shop\/wines\/palpite-un-peu-comme-un-coeur-sauvage-anders-frederik-steen-2017-50cl\/#breadcrumb","itemListElement":[{"@type":"ListItem","position":1,"name":"Home","item":"https:\/\/www.mesvendanges.com\/en\/"},{"@type":"ListItem","position":2,"name":"Shop","item":"https:\/\/www.mesvendanges.com\/en\/shop\/"},{"@type":"ListItem","position":3,"name":"PALPITE UN PEU COMME UN COEUR SAUVAGE"}]}]}},"_links":{"self":[{"href":"https:\/\/www.mesvendanges.com\/en\/wp-json\/wp\/v2\/product\/82461"}],"collection":[{"href":"https:\/\/www.mesvendanges.com\/en\/wp-json\/wp\/v2\/product"}],"about":[{"href":"https:\/\/www.mesvendanges.com\/en\/wp-json\/wp\/v2\/types\/product"}],"wp:attachment":[{"href":"https:\/\/www.mesvendanges.com\/en\/wp-json\/wp\/v2\/media?parent=82461"}],"wp:term":[{"taxonomy":"product_cat","embeddable":true,"href":"https:\/\/www.mesvendanges.com\/en\/wp-json\/wp\/v2\/product_cat?post=82461"},{"taxonomy":"product_tag","embeddable":true,"href":"https:\/\/www.mesvendanges.com\/en\/wp-json\/wp\/v2\/product_tag?post=82461"}],"curies":[{"name":"wp","href":"https:\/\/api.w.org\/{rel}","templated":true}]}}