{"id":82728,"date":"2024-12-28T18:56:57","date_gmt":"2024-12-28T17:56:57","guid":{"rendered":"https:\/\/www.mesvendanges.com\/shop\/uncategorized\/chardonnay-la-brive-maison-bonnard-2023-75cl\/"},"modified":"2025-12-30T09:35:59","modified_gmt":"2025-12-30T08:35:59","slug":"chardonnay-la-brive-maison-bonnard-2023-75cl","status":"publish","type":"product","link":"https:\/\/www.mesvendanges.com\/en\/shop\/wines\/chardonnay-la-brive-maison-bonnard-2023-75cl\/","title":{"rendered":"CHARDONNAY LA BRIVE"},"content":{"rendered":"<p>Chardonnay issus des sols argilo-calcaire des derniers versants du<br \/>\nvillage de Crept. Fermentation alcoolique et \u00e9levage en cuve inox.<br \/>\nLa Brive est caract\u00e9ris\u00e9e par sa vivacit\u00e9, sa min\u00e9ralit\u00e9.<br \/>\nSa bouche d\u00e9veloppe le craquant du chardonnay, entre fleurs et fruits<br \/>\nblancs. En final, on retrouve quelques jolies notes d\u2019agrumes.<\/p>\n","protected":false},"excerpt":{"rendered":"<p>Chardonnay issus des sols argilo-calcaire des derniers versants du village de Crept. Fermentation alcoolique et \u00e9levage en cuve inox. La Brive est caract\u00e9ris\u00e9e par sa vivacit\u00e9, sa min\u00e9ralit\u00e9. Sa bouche d\u00e9veloppe le craquant du chardonnay, entre fleurs et fruits blancs. En final, on retrouve quelques jolies notes d\u2019agrumes.<\/p>\n","protected":false},"featured_media":82723,"template":"","meta":[],"product_cat":[3740],"product_tag":[],"acf":[],"yoast_head":"<!-- This site is optimized with the Yoast SEO plugin v19.3 - https:\/\/yoast.com\/wordpress\/plugins\/seo\/ -->\n<title>CHARDONNAY LA BRIVE - Mes Vendanges<\/title>\n<meta name=\"robots\" content=\"index, follow, max-snippet:-1, max-image-preview:large, max-video-preview:-1\" \/>\n<link rel=\"canonical\" href=\"https:\/\/www.mesvendanges.com\/en\/shop\/wines\/chardonnay-la-brive-maison-bonnard-2023-75cl\/\" \/>\n<meta property=\"og:locale\" content=\"en_US\" \/>\n<meta property=\"og:type\" content=\"article\" \/>\n<meta property=\"og:title\" content=\"CHARDONNAY LA BRIVE - Mes Vendanges\" \/>\n<meta property=\"og:description\" content=\"Chardonnay issus des sols argilo-calcaire des derniers versants du village de Crept. Fermentation alcoolique et \u00e9levage en cuve inox. La Brive est caract\u00e9ris\u00e9e par sa vivacit\u00e9, sa min\u00e9ralit\u00e9. Sa bouche d\u00e9veloppe le craquant du chardonnay, entre fleurs et fruits blancs. En final, on retrouve quelques jolies notes d\u2019agrumes.\" \/>\n<meta property=\"og:url\" content=\"https:\/\/www.mesvendanges.com\/en\/shop\/wines\/chardonnay-la-brive-maison-bonnard-2023-75cl\/\" \/>\n<meta property=\"og:site_name\" content=\"Mes Vendanges\" \/>\n<meta property=\"article:modified_time\" content=\"2025-12-30T08:35:59+00:00\" \/>\n<meta property=\"og:image\" content=\"https:\/\/www.mesvendanges.com\/wp-content\/uploads\/2024\/12\/maison-bonnard-la-brive-chardonnay-png.png\" \/>\n\t<meta property=\"og:image:width\" content=\"403\" \/>\n\t<meta property=\"og:image:height\" content=\"1500\" \/>\n\t<meta property=\"og:image:type\" content=\"image\/png\" \/>\n<meta name=\"twitter:card\" content=\"summary_large_image\" \/>\n<script type=\"application\/ld+json\" class=\"yoast-schema-graph\">{\"@context\":\"https:\/\/schema.org\",\"@graph\":[{\"@type\":\"Organization\",\"@id\":\"https:\/\/www.mesvendanges.com\/en\/#organization\",\"name\":\"Mes Vendanges\",\"url\":\"https:\/\/www.mesvendanges.com\/en\/\",\"sameAs\":[],\"logo\":{\"@type\":\"ImageObject\",\"inLanguage\":\"fr-FR\",\"@id\":\"https:\/\/www.mesvendanges.com\/en\/#\/schema\/logo\/image\/\",\"url\":\"https:\/\/www.mesvendanges.com\/wp-content\/uploads\/2022\/02\/logo-mesvendanges.jpg\",\"contentUrl\":\"https:\/\/www.mesvendanges.com\/wp-content\/uploads\/2022\/02\/logo-mesvendanges.jpg\",\"width\":851,\"height\":260,\"caption\":\"Mes Vendanges\"},\"image\":{\"@id\":\"https:\/\/www.mesvendanges.com\/en\/#\/schema\/logo\/image\/\"}},{\"@type\":\"WebSite\",\"@id\":\"https:\/\/www.mesvendanges.com\/en\/#website\",\"url\":\"https:\/\/www.mesvendanges.com\/en\/\",\"name\":\"Mes Vendanges\",\"description\":\"Des journ\u00e9es enti\u00e8res dans les vignes\",\"publisher\":{\"@id\":\"https:\/\/www.mesvendanges.com\/en\/#organization\"},\"potentialAction\":[{\"@type\":\"SearchAction\",\"target\":{\"@type\":\"EntryPoint\",\"urlTemplate\":\"https:\/\/www.mesvendanges.com\/en\/?s={search_term_string}\"},\"query-input\":\"required name=search_term_string\"}],\"inLanguage\":\"fr-FR\"},{\"@type\":\"ImageObject\",\"inLanguage\":\"fr-FR\",\"@id\":\"https:\/\/www.mesvendanges.com\/en\/shop\/wines\/chardonnay-la-brive-maison-bonnard-2023-75cl\/#primaryimage\",\"url\":\"https:\/\/www.mesvendanges.com\/wp-content\/uploads\/2024\/12\/maison-bonnard-la-brive-chardonnay-png.png\",\"contentUrl\":\"https:\/\/www.mesvendanges.com\/wp-content\/uploads\/2024\/12\/maison-bonnard-la-brive-chardonnay-png.png\",\"width\":403,\"height\":1500},{\"@type\":\"WebPage\",\"@id\":\"https:\/\/www.mesvendanges.com\/en\/shop\/wines\/chardonnay-la-brive-maison-bonnard-2023-75cl\/\",\"url\":\"https:\/\/www.mesvendanges.com\/en\/shop\/wines\/chardonnay-la-brive-maison-bonnard-2023-75cl\/\",\"name\":\"CHARDONNAY LA BRIVE - Mes Vendanges\",\"isPartOf\":{\"@id\":\"https:\/\/www.mesvendanges.com\/en\/#website\"},\"primaryImageOfPage\":{\"@id\":\"https:\/\/www.mesvendanges.com\/en\/shop\/wines\/chardonnay-la-brive-maison-bonnard-2023-75cl\/#primaryimage\"},\"datePublished\":\"2024-12-28T17:56:57+00:00\",\"dateModified\":\"2025-12-30T08:35:59+00:00\",\"breadcrumb\":{\"@id\":\"https:\/\/www.mesvendanges.com\/en\/shop\/wines\/chardonnay-la-brive-maison-bonnard-2023-75cl\/#breadcrumb\"},\"inLanguage\":\"fr-FR\",\"potentialAction\":[{\"@type\":\"ReadAction\",\"target\":[\"https:\/\/www.mesvendanges.com\/en\/shop\/wines\/chardonnay-la-brive-maison-bonnard-2023-75cl\/\"]}]},{\"@type\":\"BreadcrumbList\",\"@id\":\"https:\/\/www.mesvendanges.com\/en\/shop\/wines\/chardonnay-la-brive-maison-bonnard-2023-75cl\/#breadcrumb\",\"itemListElement\":[{\"@type\":\"ListItem\",\"position\":1,\"name\":\"Home\",\"item\":\"https:\/\/www.mesvendanges.com\/en\/\"},{\"@type\":\"ListItem\",\"position\":2,\"name\":\"Shop\",\"item\":\"https:\/\/www.mesvendanges.com\/en\/shop\/\"},{\"@type\":\"ListItem\",\"position\":3,\"name\":\"CHARDONNAY LA BRIVE\"}]}]}<\/script>\n<!-- \/ Yoast SEO plugin. -->","yoast_head_json":{"title":"CHARDONNAY LA BRIVE - Mes Vendanges","robots":{"index":"index","follow":"follow","max-snippet":"max-snippet:-1","max-image-preview":"max-image-preview:large","max-video-preview":"max-video-preview:-1"},"canonical":"https:\/\/www.mesvendanges.com\/en\/shop\/wines\/chardonnay-la-brive-maison-bonnard-2023-75cl\/","og_locale":"en_US","og_type":"article","og_title":"CHARDONNAY LA BRIVE - Mes Vendanges","og_description":"Chardonnay issus des sols argilo-calcaire des derniers versants du village de Crept. Fermentation alcoolique et \u00e9levage en cuve inox. La Brive est caract\u00e9ris\u00e9e par sa vivacit\u00e9, sa min\u00e9ralit\u00e9. Sa bouche d\u00e9veloppe le craquant du chardonnay, entre fleurs et fruits blancs. En final, on retrouve quelques jolies notes d\u2019agrumes.","og_url":"https:\/\/www.mesvendanges.com\/en\/shop\/wines\/chardonnay-la-brive-maison-bonnard-2023-75cl\/","og_site_name":"Mes Vendanges","article_modified_time":"2025-12-30T08:35:59+00:00","og_image":[{"width":403,"height":1500,"url":"https:\/\/www.mesvendanges.com\/wp-content\/uploads\/2024\/12\/maison-bonnard-la-brive-chardonnay-png.png","type":"image\/png"}],"twitter_card":"summary_large_image","schema":{"@context":"https:\/\/schema.org","@graph":[{"@type":"Organization","@id":"https:\/\/www.mesvendanges.com\/en\/#organization","name":"Mes Vendanges","url":"https:\/\/www.mesvendanges.com\/en\/","sameAs":[],"logo":{"@type":"ImageObject","inLanguage":"fr-FR","@id":"https:\/\/www.mesvendanges.com\/en\/#\/schema\/logo\/image\/","url":"https:\/\/www.mesvendanges.com\/wp-content\/uploads\/2022\/02\/logo-mesvendanges.jpg","contentUrl":"https:\/\/www.mesvendanges.com\/wp-content\/uploads\/2022\/02\/logo-mesvendanges.jpg","width":851,"height":260,"caption":"Mes Vendanges"},"image":{"@id":"https:\/\/www.mesvendanges.com\/en\/#\/schema\/logo\/image\/"}},{"@type":"WebSite","@id":"https:\/\/www.mesvendanges.com\/en\/#website","url":"https:\/\/www.mesvendanges.com\/en\/","name":"Mes Vendanges","description":"Des journ\u00e9es enti\u00e8res dans les vignes","publisher":{"@id":"https:\/\/www.mesvendanges.com\/en\/#organization"},"potentialAction":[{"@type":"SearchAction","target":{"@type":"EntryPoint","urlTemplate":"https:\/\/www.mesvendanges.com\/en\/?s={search_term_string}"},"query-input":"required name=search_term_string"}],"inLanguage":"fr-FR"},{"@type":"ImageObject","inLanguage":"fr-FR","@id":"https:\/\/www.mesvendanges.com\/en\/shop\/wines\/chardonnay-la-brive-maison-bonnard-2023-75cl\/#primaryimage","url":"https:\/\/www.mesvendanges.com\/wp-content\/uploads\/2024\/12\/maison-bonnard-la-brive-chardonnay-png.png","contentUrl":"https:\/\/www.mesvendanges.com\/wp-content\/uploads\/2024\/12\/maison-bonnard-la-brive-chardonnay-png.png","width":403,"height":1500},{"@type":"WebPage","@id":"https:\/\/www.mesvendanges.com\/en\/shop\/wines\/chardonnay-la-brive-maison-bonnard-2023-75cl\/","url":"https:\/\/www.mesvendanges.com\/en\/shop\/wines\/chardonnay-la-brive-maison-bonnard-2023-75cl\/","name":"CHARDONNAY LA BRIVE - Mes Vendanges","isPartOf":{"@id":"https:\/\/www.mesvendanges.com\/en\/#website"},"primaryImageOfPage":{"@id":"https:\/\/www.mesvendanges.com\/en\/shop\/wines\/chardonnay-la-brive-maison-bonnard-2023-75cl\/#primaryimage"},"datePublished":"2024-12-28T17:56:57+00:00","dateModified":"2025-12-30T08:35:59+00:00","breadcrumb":{"@id":"https:\/\/www.mesvendanges.com\/en\/shop\/wines\/chardonnay-la-brive-maison-bonnard-2023-75cl\/#breadcrumb"},"inLanguage":"fr-FR","potentialAction":[{"@type":"ReadAction","target":["https:\/\/www.mesvendanges.com\/en\/shop\/wines\/chardonnay-la-brive-maison-bonnard-2023-75cl\/"]}]},{"@type":"BreadcrumbList","@id":"https:\/\/www.mesvendanges.com\/en\/shop\/wines\/chardonnay-la-brive-maison-bonnard-2023-75cl\/#breadcrumb","itemListElement":[{"@type":"ListItem","position":1,"name":"Home","item":"https:\/\/www.mesvendanges.com\/en\/"},{"@type":"ListItem","position":2,"name":"Shop","item":"https:\/\/www.mesvendanges.com\/en\/shop\/"},{"@type":"ListItem","position":3,"name":"CHARDONNAY LA BRIVE"}]}]}},"_links":{"self":[{"href":"https:\/\/www.mesvendanges.com\/en\/wp-json\/wp\/v2\/product\/82728"}],"collection":[{"href":"https:\/\/www.mesvendanges.com\/en\/wp-json\/wp\/v2\/product"}],"about":[{"href":"https:\/\/www.mesvendanges.com\/en\/wp-json\/wp\/v2\/types\/product"}],"wp:featuredmedia":[{"embeddable":true,"href":"https:\/\/www.mesvendanges.com\/en\/wp-json\/wp\/v2\/media\/82723"}],"wp:attachment":[{"href":"https:\/\/www.mesvendanges.com\/en\/wp-json\/wp\/v2\/media?parent=82728"}],"wp:term":[{"taxonomy":"product_cat","embeddable":true,"href":"https:\/\/www.mesvendanges.com\/en\/wp-json\/wp\/v2\/product_cat?post=82728"},{"taxonomy":"product_tag","embeddable":true,"href":"https:\/\/www.mesvendanges.com\/en\/wp-json\/wp\/v2\/product_tag?post=82728"}],"curies":[{"name":"wp","href":"https:\/\/api.w.org\/{rel}","templated":true}]}}