{"id":82764,"date":"2024-12-29T12:20:15","date_gmt":"2024-12-29T11:20:15","guid":{"rendered":"https:\/\/www.mesvendanges.com\/shop\/uncategorized\/montagnieu-methode-traditionnelle-maison-bonnard-2020-75cl\/"},"modified":"2025-09-04T09:24:15","modified_gmt":"2025-09-04T07:24:15","slug":"montagnieu-methode-traditionnelle-maison-bonnard-2020-75cl","status":"publish","type":"product","link":"https:\/\/www.mesvendanges.com\/en\/shop\/wines\/montagnieu-methode-traditionnelle-maison-bonnard-2020-75cl\/","title":{"rendered":"MONTAGNIEU &#8211; METHODE TRADITIONNELLE"},"content":{"rendered":"<p>Vin blanc p\u00e9tillant \u00e9labor\u00e9 selon la m\u00e9thode traditionnelle et vieilli<br \/>\ndans nos caves pendant trois ans.<br \/>\nBlanc de blancs, le Montagnieu est compos\u00e9 de 95% de Chardonnay et<br \/>\n5% d\u2019Altesse.<br \/>\nUn nez floral, l\u00e9g\u00e8rement brioch\u00e9. Une bulle fine, une belle acidit\u00e9 qui<br \/>\napporte de la tension aux ar\u00f4mes de fruits, fleurs et min\u00e9ralit\u00e9.<\/p>\n","protected":false},"excerpt":{"rendered":"<p>Vin blanc p\u00e9tillant \u00e9labor\u00e9 selon la m\u00e9thode traditionnelle et vieilli dans nos caves pendant trois ans. Blanc de blancs, le Montagnieu est compos\u00e9 de 95% de Chardonnay et 5% d\u2019Altesse. Un nez floral, l\u00e9g\u00e8rement brioch\u00e9. Une bulle fine, une belle acidit\u00e9 qui apporte de la tension aux ar\u00f4mes de fruits, fleurs et min\u00e9ralit\u00e9.<\/p>\n","protected":false},"featured_media":87493,"template":"","meta":[],"product_cat":[3740],"product_tag":[],"acf":[],"yoast_head":"<!-- This site is optimized with the Yoast SEO plugin v19.3 - https:\/\/yoast.com\/wordpress\/plugins\/seo\/ -->\n<title>MONTAGNIEU - METHODE TRADITIONNELLE - Mes Vendanges<\/title>\n<meta name=\"robots\" content=\"index, follow, max-snippet:-1, max-image-preview:large, max-video-preview:-1\" \/>\n<link rel=\"canonical\" href=\"https:\/\/www.mesvendanges.com\/en\/shop\/wines\/montagnieu-methode-traditionnelle-maison-bonnard-2020-75cl\/\" \/>\n<meta property=\"og:locale\" content=\"en_US\" \/>\n<meta property=\"og:type\" content=\"article\" \/>\n<meta property=\"og:title\" content=\"MONTAGNIEU - METHODE TRADITIONNELLE - Mes Vendanges\" \/>\n<meta property=\"og:description\" content=\"Vin blanc p\u00e9tillant \u00e9labor\u00e9 selon la m\u00e9thode traditionnelle et vieilli dans nos caves pendant trois ans. Blanc de blancs, le Montagnieu est compos\u00e9 de 95% de Chardonnay et 5% d\u2019Altesse. Un nez floral, l\u00e9g\u00e8rement brioch\u00e9. Une bulle fine, une belle acidit\u00e9 qui apporte de la tension aux ar\u00f4mes de fruits, fleurs et min\u00e9ralit\u00e9.\" \/>\n<meta property=\"og:url\" content=\"https:\/\/www.mesvendanges.com\/en\/shop\/wines\/montagnieu-methode-traditionnelle-maison-bonnard-2020-75cl\/\" \/>\n<meta property=\"og:site_name\" content=\"Mes Vendanges\" \/>\n<meta property=\"article:modified_time\" content=\"2025-09-04T07:24:15+00:00\" \/>\n<meta property=\"og:image\" content=\"https:\/\/www.mesvendanges.com\/wp-content\/uploads\/2025\/05\/maison-bonnard-montagnieu-methode-traditionelle-blanc-de-blancs.png\" \/>\n\t<meta property=\"og:image:width\" content=\"403\" \/>\n\t<meta property=\"og:image:height\" content=\"1500\" \/>\n\t<meta property=\"og:image:type\" content=\"image\/png\" \/>\n<meta name=\"twitter:card\" content=\"summary_large_image\" \/>\n<script type=\"application\/ld+json\" class=\"yoast-schema-graph\">{\"@context\":\"https:\/\/schema.org\",\"@graph\":[{\"@type\":\"Organization\",\"@id\":\"https:\/\/www.mesvendanges.com\/en\/#organization\",\"name\":\"Mes Vendanges\",\"url\":\"https:\/\/www.mesvendanges.com\/en\/\",\"sameAs\":[],\"logo\":{\"@type\":\"ImageObject\",\"inLanguage\":\"fr-FR\",\"@id\":\"https:\/\/www.mesvendanges.com\/en\/#\/schema\/logo\/image\/\",\"url\":\"https:\/\/www.mesvendanges.com\/wp-content\/uploads\/2022\/02\/logo-mesvendanges.jpg\",\"contentUrl\":\"https:\/\/www.mesvendanges.com\/wp-content\/uploads\/2022\/02\/logo-mesvendanges.jpg\",\"width\":851,\"height\":260,\"caption\":\"Mes Vendanges\"},\"image\":{\"@id\":\"https:\/\/www.mesvendanges.com\/en\/#\/schema\/logo\/image\/\"}},{\"@type\":\"WebSite\",\"@id\":\"https:\/\/www.mesvendanges.com\/en\/#website\",\"url\":\"https:\/\/www.mesvendanges.com\/en\/\",\"name\":\"Mes Vendanges\",\"description\":\"Des journ\u00e9es enti\u00e8res dans les vignes\",\"publisher\":{\"@id\":\"https:\/\/www.mesvendanges.com\/en\/#organization\"},\"potentialAction\":[{\"@type\":\"SearchAction\",\"target\":{\"@type\":\"EntryPoint\",\"urlTemplate\":\"https:\/\/www.mesvendanges.com\/en\/?s={search_term_string}\"},\"query-input\":\"required name=search_term_string\"}],\"inLanguage\":\"fr-FR\"},{\"@type\":\"ImageObject\",\"inLanguage\":\"fr-FR\",\"@id\":\"https:\/\/www.mesvendanges.com\/en\/shop\/wines\/montagnieu-methode-traditionnelle-maison-bonnard-2020-75cl\/#primaryimage\",\"url\":\"https:\/\/www.mesvendanges.com\/wp-content\/uploads\/2025\/05\/maison-bonnard-montagnieu-methode-traditionelle-blanc-de-blancs.png\",\"contentUrl\":\"https:\/\/www.mesvendanges.com\/wp-content\/uploads\/2025\/05\/maison-bonnard-montagnieu-methode-traditionelle-blanc-de-blancs.png\",\"width\":403,\"height\":1500},{\"@type\":\"WebPage\",\"@id\":\"https:\/\/www.mesvendanges.com\/en\/shop\/wines\/montagnieu-methode-traditionnelle-maison-bonnard-2020-75cl\/\",\"url\":\"https:\/\/www.mesvendanges.com\/en\/shop\/wines\/montagnieu-methode-traditionnelle-maison-bonnard-2020-75cl\/\",\"name\":\"MONTAGNIEU - METHODE TRADITIONNELLE - Mes Vendanges\",\"isPartOf\":{\"@id\":\"https:\/\/www.mesvendanges.com\/en\/#website\"},\"primaryImageOfPage\":{\"@id\":\"https:\/\/www.mesvendanges.com\/en\/shop\/wines\/montagnieu-methode-traditionnelle-maison-bonnard-2020-75cl\/#primaryimage\"},\"datePublished\":\"2024-12-29T11:20:15+00:00\",\"dateModified\":\"2025-09-04T07:24:15+00:00\",\"breadcrumb\":{\"@id\":\"https:\/\/www.mesvendanges.com\/en\/shop\/wines\/montagnieu-methode-traditionnelle-maison-bonnard-2020-75cl\/#breadcrumb\"},\"inLanguage\":\"fr-FR\",\"potentialAction\":[{\"@type\":\"ReadAction\",\"target\":[\"https:\/\/www.mesvendanges.com\/en\/shop\/wines\/montagnieu-methode-traditionnelle-maison-bonnard-2020-75cl\/\"]}]},{\"@type\":\"BreadcrumbList\",\"@id\":\"https:\/\/www.mesvendanges.com\/en\/shop\/wines\/montagnieu-methode-traditionnelle-maison-bonnard-2020-75cl\/#breadcrumb\",\"itemListElement\":[{\"@type\":\"ListItem\",\"position\":1,\"name\":\"Home\",\"item\":\"https:\/\/www.mesvendanges.com\/en\/\"},{\"@type\":\"ListItem\",\"position\":2,\"name\":\"Shop\",\"item\":\"https:\/\/www.mesvendanges.com\/en\/shop\/\"},{\"@type\":\"ListItem\",\"position\":3,\"name\":\"MONTAGNIEU &#8211; METHODE TRADITIONNELLE\"}]}]}<\/script>\n<!-- \/ Yoast SEO plugin. -->","yoast_head_json":{"title":"MONTAGNIEU - METHODE TRADITIONNELLE - Mes Vendanges","robots":{"index":"index","follow":"follow","max-snippet":"max-snippet:-1","max-image-preview":"max-image-preview:large","max-video-preview":"max-video-preview:-1"},"canonical":"https:\/\/www.mesvendanges.com\/en\/shop\/wines\/montagnieu-methode-traditionnelle-maison-bonnard-2020-75cl\/","og_locale":"en_US","og_type":"article","og_title":"MONTAGNIEU - METHODE TRADITIONNELLE - Mes Vendanges","og_description":"Vin blanc p\u00e9tillant \u00e9labor\u00e9 selon la m\u00e9thode traditionnelle et vieilli dans nos caves pendant trois ans. Blanc de blancs, le Montagnieu est compos\u00e9 de 95% de Chardonnay et 5% d\u2019Altesse. Un nez floral, l\u00e9g\u00e8rement brioch\u00e9. Une bulle fine, une belle acidit\u00e9 qui apporte de la tension aux ar\u00f4mes de fruits, fleurs et min\u00e9ralit\u00e9.","og_url":"https:\/\/www.mesvendanges.com\/en\/shop\/wines\/montagnieu-methode-traditionnelle-maison-bonnard-2020-75cl\/","og_site_name":"Mes Vendanges","article_modified_time":"2025-09-04T07:24:15+00:00","og_image":[{"width":403,"height":1500,"url":"https:\/\/www.mesvendanges.com\/wp-content\/uploads\/2025\/05\/maison-bonnard-montagnieu-methode-traditionelle-blanc-de-blancs.png","type":"image\/png"}],"twitter_card":"summary_large_image","schema":{"@context":"https:\/\/schema.org","@graph":[{"@type":"Organization","@id":"https:\/\/www.mesvendanges.com\/en\/#organization","name":"Mes Vendanges","url":"https:\/\/www.mesvendanges.com\/en\/","sameAs":[],"logo":{"@type":"ImageObject","inLanguage":"fr-FR","@id":"https:\/\/www.mesvendanges.com\/en\/#\/schema\/logo\/image\/","url":"https:\/\/www.mesvendanges.com\/wp-content\/uploads\/2022\/02\/logo-mesvendanges.jpg","contentUrl":"https:\/\/www.mesvendanges.com\/wp-content\/uploads\/2022\/02\/logo-mesvendanges.jpg","width":851,"height":260,"caption":"Mes Vendanges"},"image":{"@id":"https:\/\/www.mesvendanges.com\/en\/#\/schema\/logo\/image\/"}},{"@type":"WebSite","@id":"https:\/\/www.mesvendanges.com\/en\/#website","url":"https:\/\/www.mesvendanges.com\/en\/","name":"Mes Vendanges","description":"Des journ\u00e9es enti\u00e8res dans les vignes","publisher":{"@id":"https:\/\/www.mesvendanges.com\/en\/#organization"},"potentialAction":[{"@type":"SearchAction","target":{"@type":"EntryPoint","urlTemplate":"https:\/\/www.mesvendanges.com\/en\/?s={search_term_string}"},"query-input":"required name=search_term_string"}],"inLanguage":"fr-FR"},{"@type":"ImageObject","inLanguage":"fr-FR","@id":"https:\/\/www.mesvendanges.com\/en\/shop\/wines\/montagnieu-methode-traditionnelle-maison-bonnard-2020-75cl\/#primaryimage","url":"https:\/\/www.mesvendanges.com\/wp-content\/uploads\/2025\/05\/maison-bonnard-montagnieu-methode-traditionelle-blanc-de-blancs.png","contentUrl":"https:\/\/www.mesvendanges.com\/wp-content\/uploads\/2025\/05\/maison-bonnard-montagnieu-methode-traditionelle-blanc-de-blancs.png","width":403,"height":1500},{"@type":"WebPage","@id":"https:\/\/www.mesvendanges.com\/en\/shop\/wines\/montagnieu-methode-traditionnelle-maison-bonnard-2020-75cl\/","url":"https:\/\/www.mesvendanges.com\/en\/shop\/wines\/montagnieu-methode-traditionnelle-maison-bonnard-2020-75cl\/","name":"MONTAGNIEU - METHODE TRADITIONNELLE - Mes Vendanges","isPartOf":{"@id":"https:\/\/www.mesvendanges.com\/en\/#website"},"primaryImageOfPage":{"@id":"https:\/\/www.mesvendanges.com\/en\/shop\/wines\/montagnieu-methode-traditionnelle-maison-bonnard-2020-75cl\/#primaryimage"},"datePublished":"2024-12-29T11:20:15+00:00","dateModified":"2025-09-04T07:24:15+00:00","breadcrumb":{"@id":"https:\/\/www.mesvendanges.com\/en\/shop\/wines\/montagnieu-methode-traditionnelle-maison-bonnard-2020-75cl\/#breadcrumb"},"inLanguage":"fr-FR","potentialAction":[{"@type":"ReadAction","target":["https:\/\/www.mesvendanges.com\/en\/shop\/wines\/montagnieu-methode-traditionnelle-maison-bonnard-2020-75cl\/"]}]},{"@type":"BreadcrumbList","@id":"https:\/\/www.mesvendanges.com\/en\/shop\/wines\/montagnieu-methode-traditionnelle-maison-bonnard-2020-75cl\/#breadcrumb","itemListElement":[{"@type":"ListItem","position":1,"name":"Home","item":"https:\/\/www.mesvendanges.com\/en\/"},{"@type":"ListItem","position":2,"name":"Shop","item":"https:\/\/www.mesvendanges.com\/en\/shop\/"},{"@type":"ListItem","position":3,"name":"MONTAGNIEU &#8211; METHODE TRADITIONNELLE"}]}]}},"_links":{"self":[{"href":"https:\/\/www.mesvendanges.com\/en\/wp-json\/wp\/v2\/product\/82764"}],"collection":[{"href":"https:\/\/www.mesvendanges.com\/en\/wp-json\/wp\/v2\/product"}],"about":[{"href":"https:\/\/www.mesvendanges.com\/en\/wp-json\/wp\/v2\/types\/product"}],"wp:featuredmedia":[{"embeddable":true,"href":"https:\/\/www.mesvendanges.com\/en\/wp-json\/wp\/v2\/media\/87493"}],"wp:attachment":[{"href":"https:\/\/www.mesvendanges.com\/en\/wp-json\/wp\/v2\/media?parent=82764"}],"wp:term":[{"taxonomy":"product_cat","embeddable":true,"href":"https:\/\/www.mesvendanges.com\/en\/wp-json\/wp\/v2\/product_cat?post=82764"},{"taxonomy":"product_tag","embeddable":true,"href":"https:\/\/www.mesvendanges.com\/en\/wp-json\/wp\/v2\/product_tag?post=82764"}],"curies":[{"name":"wp","href":"https:\/\/api.w.org\/{rel}","templated":true}]}}