{"id":82783,"date":"2024-12-31T10:31:16","date_gmt":"2024-12-31T09:31:16","guid":{"rendered":"https:\/\/www.mesvendanges.com\/shop\/uncategorized\/gueuze-lambic-mai-2024-cantillon-75cl\/"},"modified":"2026-03-10T11:10:40","modified_gmt":"2026-03-10T10:10:40","slug":"gueuze-lambic-cantillon-2024-75cl","status":"publish","type":"product","link":"https:\/\/www.mesvendanges.com\/en\/shop\/wines\/gueuze-lambic-cantillon-2024-75cl\/","title":{"rendered":"GUEUZE LAMBIC"},"content":{"rendered":"<p>Mise en bouteille  Mai 2024<\/p>\n<p>Au 18\u00e8me si\u00e8cle, un moine b\u00e9n\u00e9dictin, Dom Perignon, d\u00e9couvre la champagnisation en assemblant diff\u00e9rents vins blancs non effervescents. Un si\u00e8cle plus tard, un brasseur braban\u00e7on m\u00e9lange plusieurs lambics et provoque une seconde fermentation en bouteille. La Gueuze est n\u00e9e. Jusqu&#8217;au 19e si\u00e8cle les bruxellois et les braban\u00e7ons buvaient essentiellement deux bi\u00e8res, le lambic et le faro. L&#8217;apparition de la bouteille en verre et l&#8217;apport de Dom Perignon vont r\u00e9volutionner le petit monde des brasseurs bruxellois. La Gueuze devint alors la bi\u00e8re symbole de Bruxelles. Le Lambic, base de la fabrication de la Gueuze, est une bi\u00e8re de fermentation spontan\u00e9e. Toutes les bi\u00e8res pr\u00e9par\u00e9es \u00e0 base de Lambic sont naturellement acides, mais certaines verront leur acidit\u00e9, leur amertume et leur moelleux accentu\u00e9s par rapport \u00e0 d&#8217;autres. La Gueuze est le fruit d&#8217;un m\u00e9lange complexe de ces lambics de go\u00fbts et d&#8217;\u00e2ges diff\u00e9rents. Conserv\u00e9s en f\u00fbts de ch\u00eane, les Lambics de la Brasserie Cantillon sont appel\u00e9s &#8220;jeunes&#8221; apr\u00e8s un an de vieillissement et atteignent leur pleine maturit\u00e9 apr\u00e8s trois ans. Les jeunes bi\u00e8res contiennent les sucres naturels n\u00e9cessaires \u00e0 la seconde fermentation en bouteille. Les bi\u00e8res de trois ans apportent quant \u00e0 elles leur bouquet et leur finesse. Mais le r\u00f4le le plus important pour le brasseur est gustatif. Il faudra go\u00fbter une dizaine de Lambics provenant de tonneaux diff\u00e9rents pour finalement en s\u00e9lectionner cinq ou six qui produiront une Gueuze 100% Lambic qui pr\u00e9sentera le caract\u00e8re original des bi\u00e8res de la Brasserie Cantillon. Les bouteilles sont bouch\u00e9es par un bouchon en li\u00e8ge naturel surmont\u00e9 d&#8217;un bouchon-couronne. Dispos\u00e9es horizontalement en cave, elles y resteront en moyenne un an afin de permettre la transformation des sucres en gaz carbonique (seconde fermentation en bouteilles). La saturation de la bi\u00e8re se fait lentement et naturellement. Lorsque le Lambic devient p\u00e9tillant, il porte le nom de Gueuze. Ce fleuron de la Brasserie Cantillon quitte alors les caves de la brasserie pour celles des amateurs de gueuze traditionnelle. Chaque cuve d&#8217;assemblage donnera naissance \u00e0 une Gueuze diff\u00e9rente. Les \u00e9l\u00e9ments naturels dont dispose la Brasserie Cantillon ne permettent pas la fabrication d&#8217;un produit &#8220;standard&#8221;. Cette bi\u00e8re unique par sa conception et son go\u00fbt l&#8217;est aussi pour sa long\u00e9vit\u00e9. Une Gueuze Cantillon peut vieillir dans une bonne cave plus de 20 ans et toujours pr\u00e9senter au consommateur des ar\u00f4mes et des go\u00fbts d&#8217;une fra\u00eecheur exceptionnelle.<\/p>\n","protected":false},"excerpt":{"rendered":"<p>Mise en bouteille Mai 2024 Au 18\u00e8me si\u00e8cle, un moine b\u00e9n\u00e9dictin, Dom Perignon, d\u00e9couvre la champagnisation en assemblant diff\u00e9rents vins blancs non effervescents. Un si\u00e8cle plus tard, un brasseur braban\u00e7on m\u00e9lange plusieurs lambics et provoque une seconde fermentation en bouteille. La Gueuze est n\u00e9e. Jusqu&#8217;au 19e si\u00e8cle les bruxellois et les braban\u00e7ons buvaient essentiellement deux [&hellip;]<\/p>\n","protected":false},"featured_media":88602,"template":"","meta":[],"product_cat":[3740],"product_tag":[],"acf":[],"yoast_head":"<!-- This site is optimized with the Yoast SEO plugin v19.3 - https:\/\/yoast.com\/wordpress\/plugins\/seo\/ -->\n<title>GUEUZE LAMBIC - Mes Vendanges<\/title>\n<meta name=\"robots\" content=\"index, follow, max-snippet:-1, max-image-preview:large, max-video-preview:-1\" \/>\n<link rel=\"canonical\" href=\"https:\/\/www.mesvendanges.com\/en\/shop\/wines\/gueuze-lambic-cantillon-2024-75cl\/\" \/>\n<meta property=\"og:locale\" content=\"en_US\" \/>\n<meta property=\"og:type\" content=\"article\" \/>\n<meta property=\"og:title\" content=\"GUEUZE LAMBIC - Mes Vendanges\" \/>\n<meta property=\"og:description\" content=\"Mise en bouteille Mai 2024 Au 18\u00e8me si\u00e8cle, un moine b\u00e9n\u00e9dictin, Dom Perignon, d\u00e9couvre la champagnisation en assemblant diff\u00e9rents vins blancs non effervescents. Un si\u00e8cle plus tard, un brasseur braban\u00e7on m\u00e9lange plusieurs lambics et provoque une seconde fermentation en bouteille. La Gueuze est n\u00e9e. Jusqu&#8217;au 19e si\u00e8cle les bruxellois et les braban\u00e7ons buvaient essentiellement deux [&hellip;]\" \/>\n<meta property=\"og:url\" content=\"https:\/\/www.mesvendanges.com\/en\/shop\/wines\/gueuze-lambic-cantillon-2024-75cl\/\" \/>\n<meta property=\"og:site_name\" content=\"Mes Vendanges\" \/>\n<meta property=\"article:modified_time\" content=\"2026-03-10T10:10:40+00:00\" \/>\n<meta property=\"og:image\" content=\"https:\/\/www.mesvendanges.com\/wp-content\/uploads\/2025\/06\/cantillon-gueuze-lambic-biere-lambic-nm-75cl-effervescent-png.png\" \/>\n\t<meta property=\"og:image:width\" content=\"409\" \/>\n\t<meta property=\"og:image:height\" content=\"1500\" \/>\n\t<meta property=\"og:image:type\" content=\"image\/png\" \/>\n<meta name=\"twitter:card\" content=\"summary_large_image\" \/>\n<meta name=\"twitter:label1\" content=\"Est. reading time\" \/>\n\t<meta name=\"twitter:data1\" content=\"2 minutes\" \/>\n<script type=\"application\/ld+json\" class=\"yoast-schema-graph\">{\"@context\":\"https:\/\/schema.org\",\"@graph\":[{\"@type\":\"Organization\",\"@id\":\"https:\/\/www.mesvendanges.com\/en\/#organization\",\"name\":\"Mes Vendanges\",\"url\":\"https:\/\/www.mesvendanges.com\/en\/\",\"sameAs\":[],\"logo\":{\"@type\":\"ImageObject\",\"inLanguage\":\"fr-FR\",\"@id\":\"https:\/\/www.mesvendanges.com\/en\/#\/schema\/logo\/image\/\",\"url\":\"https:\/\/www.mesvendanges.com\/wp-content\/uploads\/2022\/02\/logo-mesvendanges.jpg\",\"contentUrl\":\"https:\/\/www.mesvendanges.com\/wp-content\/uploads\/2022\/02\/logo-mesvendanges.jpg\",\"width\":851,\"height\":260,\"caption\":\"Mes Vendanges\"},\"image\":{\"@id\":\"https:\/\/www.mesvendanges.com\/en\/#\/schema\/logo\/image\/\"}},{\"@type\":\"WebSite\",\"@id\":\"https:\/\/www.mesvendanges.com\/en\/#website\",\"url\":\"https:\/\/www.mesvendanges.com\/en\/\",\"name\":\"Mes Vendanges\",\"description\":\"Des journ\u00e9es enti\u00e8res dans les vignes\",\"publisher\":{\"@id\":\"https:\/\/www.mesvendanges.com\/en\/#organization\"},\"potentialAction\":[{\"@type\":\"SearchAction\",\"target\":{\"@type\":\"EntryPoint\",\"urlTemplate\":\"https:\/\/www.mesvendanges.com\/en\/?s={search_term_string}\"},\"query-input\":\"required name=search_term_string\"}],\"inLanguage\":\"fr-FR\"},{\"@type\":\"ImageObject\",\"inLanguage\":\"fr-FR\",\"@id\":\"https:\/\/www.mesvendanges.com\/en\/shop\/wines\/gueuze-lambic-cantillon-2024-75cl\/#primaryimage\",\"url\":\"https:\/\/www.mesvendanges.com\/wp-content\/uploads\/2025\/06\/cantillon-gueuze-lambic-biere-lambic-nm-75cl-effervescent-png.png\",\"contentUrl\":\"https:\/\/www.mesvendanges.com\/wp-content\/uploads\/2025\/06\/cantillon-gueuze-lambic-biere-lambic-nm-75cl-effervescent-png.png\",\"width\":409,\"height\":1500},{\"@type\":\"WebPage\",\"@id\":\"https:\/\/www.mesvendanges.com\/en\/shop\/wines\/gueuze-lambic-cantillon-2024-75cl\/\",\"url\":\"https:\/\/www.mesvendanges.com\/en\/shop\/wines\/gueuze-lambic-cantillon-2024-75cl\/\",\"name\":\"GUEUZE LAMBIC - Mes Vendanges\",\"isPartOf\":{\"@id\":\"https:\/\/www.mesvendanges.com\/en\/#website\"},\"primaryImageOfPage\":{\"@id\":\"https:\/\/www.mesvendanges.com\/en\/shop\/wines\/gueuze-lambic-cantillon-2024-75cl\/#primaryimage\"},\"datePublished\":\"2024-12-31T09:31:16+00:00\",\"dateModified\":\"2026-03-10T10:10:40+00:00\",\"breadcrumb\":{\"@id\":\"https:\/\/www.mesvendanges.com\/en\/shop\/wines\/gueuze-lambic-cantillon-2024-75cl\/#breadcrumb\"},\"inLanguage\":\"fr-FR\",\"potentialAction\":[{\"@type\":\"ReadAction\",\"target\":[\"https:\/\/www.mesvendanges.com\/en\/shop\/wines\/gueuze-lambic-cantillon-2024-75cl\/\"]}]},{\"@type\":\"BreadcrumbList\",\"@id\":\"https:\/\/www.mesvendanges.com\/en\/shop\/wines\/gueuze-lambic-cantillon-2024-75cl\/#breadcrumb\",\"itemListElement\":[{\"@type\":\"ListItem\",\"position\":1,\"name\":\"Home\",\"item\":\"https:\/\/www.mesvendanges.com\/en\/\"},{\"@type\":\"ListItem\",\"position\":2,\"name\":\"Shop\",\"item\":\"https:\/\/www.mesvendanges.com\/en\/shop\/\"},{\"@type\":\"ListItem\",\"position\":3,\"name\":\"GUEUZE LAMBIC\"}]}]}<\/script>\n<!-- \/ Yoast SEO plugin. -->","yoast_head_json":{"title":"GUEUZE LAMBIC - Mes Vendanges","robots":{"index":"index","follow":"follow","max-snippet":"max-snippet:-1","max-image-preview":"max-image-preview:large","max-video-preview":"max-video-preview:-1"},"canonical":"https:\/\/www.mesvendanges.com\/en\/shop\/wines\/gueuze-lambic-cantillon-2024-75cl\/","og_locale":"en_US","og_type":"article","og_title":"GUEUZE LAMBIC - Mes Vendanges","og_description":"Mise en bouteille Mai 2024 Au 18\u00e8me si\u00e8cle, un moine b\u00e9n\u00e9dictin, Dom Perignon, d\u00e9couvre la champagnisation en assemblant diff\u00e9rents vins blancs non effervescents. Un si\u00e8cle plus tard, un brasseur braban\u00e7on m\u00e9lange plusieurs lambics et provoque une seconde fermentation en bouteille. La Gueuze est n\u00e9e. Jusqu&#8217;au 19e si\u00e8cle les bruxellois et les braban\u00e7ons buvaient essentiellement deux [&hellip;]","og_url":"https:\/\/www.mesvendanges.com\/en\/shop\/wines\/gueuze-lambic-cantillon-2024-75cl\/","og_site_name":"Mes Vendanges","article_modified_time":"2026-03-10T10:10:40+00:00","og_image":[{"width":409,"height":1500,"url":"https:\/\/www.mesvendanges.com\/wp-content\/uploads\/2025\/06\/cantillon-gueuze-lambic-biere-lambic-nm-75cl-effervescent-png.png","type":"image\/png"}],"twitter_card":"summary_large_image","twitter_misc":{"Est. reading time":"2 minutes"},"schema":{"@context":"https:\/\/schema.org","@graph":[{"@type":"Organization","@id":"https:\/\/www.mesvendanges.com\/en\/#organization","name":"Mes Vendanges","url":"https:\/\/www.mesvendanges.com\/en\/","sameAs":[],"logo":{"@type":"ImageObject","inLanguage":"fr-FR","@id":"https:\/\/www.mesvendanges.com\/en\/#\/schema\/logo\/image\/","url":"https:\/\/www.mesvendanges.com\/wp-content\/uploads\/2022\/02\/logo-mesvendanges.jpg","contentUrl":"https:\/\/www.mesvendanges.com\/wp-content\/uploads\/2022\/02\/logo-mesvendanges.jpg","width":851,"height":260,"caption":"Mes Vendanges"},"image":{"@id":"https:\/\/www.mesvendanges.com\/en\/#\/schema\/logo\/image\/"}},{"@type":"WebSite","@id":"https:\/\/www.mesvendanges.com\/en\/#website","url":"https:\/\/www.mesvendanges.com\/en\/","name":"Mes Vendanges","description":"Des journ\u00e9es enti\u00e8res dans les vignes","publisher":{"@id":"https:\/\/www.mesvendanges.com\/en\/#organization"},"potentialAction":[{"@type":"SearchAction","target":{"@type":"EntryPoint","urlTemplate":"https:\/\/www.mesvendanges.com\/en\/?s={search_term_string}"},"query-input":"required name=search_term_string"}],"inLanguage":"fr-FR"},{"@type":"ImageObject","inLanguage":"fr-FR","@id":"https:\/\/www.mesvendanges.com\/en\/shop\/wines\/gueuze-lambic-cantillon-2024-75cl\/#primaryimage","url":"https:\/\/www.mesvendanges.com\/wp-content\/uploads\/2025\/06\/cantillon-gueuze-lambic-biere-lambic-nm-75cl-effervescent-png.png","contentUrl":"https:\/\/www.mesvendanges.com\/wp-content\/uploads\/2025\/06\/cantillon-gueuze-lambic-biere-lambic-nm-75cl-effervescent-png.png","width":409,"height":1500},{"@type":"WebPage","@id":"https:\/\/www.mesvendanges.com\/en\/shop\/wines\/gueuze-lambic-cantillon-2024-75cl\/","url":"https:\/\/www.mesvendanges.com\/en\/shop\/wines\/gueuze-lambic-cantillon-2024-75cl\/","name":"GUEUZE LAMBIC - Mes Vendanges","isPartOf":{"@id":"https:\/\/www.mesvendanges.com\/en\/#website"},"primaryImageOfPage":{"@id":"https:\/\/www.mesvendanges.com\/en\/shop\/wines\/gueuze-lambic-cantillon-2024-75cl\/#primaryimage"},"datePublished":"2024-12-31T09:31:16+00:00","dateModified":"2026-03-10T10:10:40+00:00","breadcrumb":{"@id":"https:\/\/www.mesvendanges.com\/en\/shop\/wines\/gueuze-lambic-cantillon-2024-75cl\/#breadcrumb"},"inLanguage":"fr-FR","potentialAction":[{"@type":"ReadAction","target":["https:\/\/www.mesvendanges.com\/en\/shop\/wines\/gueuze-lambic-cantillon-2024-75cl\/"]}]},{"@type":"BreadcrumbList","@id":"https:\/\/www.mesvendanges.com\/en\/shop\/wines\/gueuze-lambic-cantillon-2024-75cl\/#breadcrumb","itemListElement":[{"@type":"ListItem","position":1,"name":"Home","item":"https:\/\/www.mesvendanges.com\/en\/"},{"@type":"ListItem","position":2,"name":"Shop","item":"https:\/\/www.mesvendanges.com\/en\/shop\/"},{"@type":"ListItem","position":3,"name":"GUEUZE LAMBIC"}]}]}},"_links":{"self":[{"href":"https:\/\/www.mesvendanges.com\/en\/wp-json\/wp\/v2\/product\/82783"}],"collection":[{"href":"https:\/\/www.mesvendanges.com\/en\/wp-json\/wp\/v2\/product"}],"about":[{"href":"https:\/\/www.mesvendanges.com\/en\/wp-json\/wp\/v2\/types\/product"}],"wp:featuredmedia":[{"embeddable":true,"href":"https:\/\/www.mesvendanges.com\/en\/wp-json\/wp\/v2\/media\/88602"}],"wp:attachment":[{"href":"https:\/\/www.mesvendanges.com\/en\/wp-json\/wp\/v2\/media?parent=82783"}],"wp:term":[{"taxonomy":"product_cat","embeddable":true,"href":"https:\/\/www.mesvendanges.com\/en\/wp-json\/wp\/v2\/product_cat?post=82783"},{"taxonomy":"product_tag","embeddable":true,"href":"https:\/\/www.mesvendanges.com\/en\/wp-json\/wp\/v2\/product_tag?post=82783"}],"curies":[{"name":"wp","href":"https:\/\/api.w.org\/{rel}","templated":true}]}}