{"id":82872,"date":"2025-01-10T16:48:47","date_gmt":"2025-01-10T15:48:47","guid":{"rendered":"https:\/\/www.mesvendanges.com\/shop\/uncategorized\/riesling-oberhauser-brucke-auslese-goldkapsel-donnhoff-1991-75cl\/"},"modified":"2025-05-01T15:28:17","modified_gmt":"2025-05-01T13:28:17","slug":"riesling-oberhauser-brucke-auslese-goldkapsel-donnhoff-1991-75cl","status":"publish","type":"product","link":"https:\/\/www.mesvendanges.com\/en\/shop\/wines\/riesling-oberhauser-brucke-auslese-goldkapsel-donnhoff-1991-75cl\/","title":{"rendered":"RIESLING OBERHAUSER BRUCKE AUSLESE GOLDKAPSEL"},"content":{"rendered":"<p>Le Oberh\u00e4user Br\u00fccke est un monopole du domaine D\u00f6nnhoff. Cette parcelle de 1.1 hectare est reconnue comme cru du fait de son caract\u00e8re unique. C&#8217;est un petit vignoble sis en face du pont Luitpold qui m\u00e8ne \u00e0 Oberh\u00e4user. Les vignes y sont parfaitement prot\u00e9g\u00e9es, ce qui permet une floraison pr\u00e9coce, une longue p\u00e9riode de v\u00e9g\u00e9tation et donc une maturation tardive et lente. La pr\u00e9sence du bras de la rivi\u00e8re conduit tout naturellement les raisins \u00e0 botrytiser et le sol de schistes gris couvert de loess limoneux apporte le n\u00e9cessaire en eau tout au long de la maturation. Le sous-sol est constitu\u00e9 de roches anciennes qui apportent une forte min\u00e9ralit\u00e9 au vin, ainsi que beaucoup de fra\u00eecheur. Gr\u00e2ce \u00e0 ce terroir unique, le domaine produit presque chaque ann\u00e9e de grands liquoreux ainsi que des vins de glace sur cette parcelle. Le Oberh\u00e4user Br\u00fccke Auslese Goldkapsel est un superbe moelleux. Nez d&#8217;une puret\u00e9 cristaline, tr\u00e8s complexe et profond, la bouche est cisel\u00e9e, longue, parfaitement \u00e9quilibr\u00e9, avec ce dialogue permanent entre douceur et min\u00e9ralit\u00e9. Riesling moelleux riche 8.5% Vignes de 25-35 ans d&#8217;age Vendanges manuelles &#8211; rendements 45hl\/ha Fermentations et \u00e9levage en cuve inox.<\/p>\n","protected":false},"excerpt":{"rendered":"<p>Le Oberh\u00e4user Br\u00fccke est un monopole du domaine D\u00f6nnhoff. Cette parcelle de 1.1 hectare est reconnue comme cru du fait de son caract\u00e8re unique. C&#8217;est un petit vignoble sis en face du pont Luitpold qui m\u00e8ne \u00e0 Oberh\u00e4user. Les vignes y sont parfaitement prot\u00e9g\u00e9es, ce qui permet une floraison pr\u00e9coce, une longue p\u00e9riode de v\u00e9g\u00e9tation [&hellip;]<\/p>\n","protected":false},"featured_media":0,"template":"","meta":[],"product_cat":[3740],"product_tag":[],"acf":[],"yoast_head":"<!-- This site is optimized with the Yoast SEO plugin v19.3 - https:\/\/yoast.com\/wordpress\/plugins\/seo\/ -->\n<title>RIESLING OBERHAUSER BRUCKE AUSLESE GOLDKAPSEL - Mes Vendanges<\/title>\n<meta name=\"robots\" content=\"index, follow, max-snippet:-1, max-image-preview:large, max-video-preview:-1\" \/>\n<link rel=\"canonical\" href=\"https:\/\/www.mesvendanges.com\/en\/shop\/wines\/riesling-oberhauser-brucke-auslese-goldkapsel-donnhoff-1991-75cl\/\" \/>\n<meta property=\"og:locale\" content=\"en_US\" \/>\n<meta property=\"og:type\" content=\"article\" \/>\n<meta property=\"og:title\" content=\"RIESLING OBERHAUSER BRUCKE AUSLESE GOLDKAPSEL - Mes Vendanges\" \/>\n<meta property=\"og:description\" content=\"Le Oberh\u00e4user Br\u00fccke est un monopole du domaine D\u00f6nnhoff. Cette parcelle de 1.1 hectare est reconnue comme cru du fait de son caract\u00e8re unique. C&#8217;est un petit vignoble sis en face du pont Luitpold qui m\u00e8ne \u00e0 Oberh\u00e4user. Les vignes y sont parfaitement prot\u00e9g\u00e9es, ce qui permet une floraison pr\u00e9coce, une longue p\u00e9riode de v\u00e9g\u00e9tation [&hellip;]\" \/>\n<meta property=\"og:url\" content=\"https:\/\/www.mesvendanges.com\/en\/shop\/wines\/riesling-oberhauser-brucke-auslese-goldkapsel-donnhoff-1991-75cl\/\" \/>\n<meta property=\"og:site_name\" content=\"Mes Vendanges\" \/>\n<meta property=\"article:modified_time\" content=\"2025-05-01T13:28:17+00:00\" \/>\n<meta name=\"twitter:card\" content=\"summary_large_image\" \/>\n<meta name=\"twitter:label1\" content=\"Est. reading time\" \/>\n\t<meta name=\"twitter:data1\" content=\"1 minute\" \/>\n<script type=\"application\/ld+json\" class=\"yoast-schema-graph\">{\"@context\":\"https:\/\/schema.org\",\"@graph\":[{\"@type\":\"Organization\",\"@id\":\"https:\/\/www.mesvendanges.com\/en\/#organization\",\"name\":\"Mes Vendanges\",\"url\":\"https:\/\/www.mesvendanges.com\/en\/\",\"sameAs\":[],\"logo\":{\"@type\":\"ImageObject\",\"inLanguage\":\"fr-FR\",\"@id\":\"https:\/\/www.mesvendanges.com\/en\/#\/schema\/logo\/image\/\",\"url\":\"https:\/\/www.mesvendanges.com\/wp-content\/uploads\/2022\/02\/logo-mesvendanges.jpg\",\"contentUrl\":\"https:\/\/www.mesvendanges.com\/wp-content\/uploads\/2022\/02\/logo-mesvendanges.jpg\",\"width\":851,\"height\":260,\"caption\":\"Mes Vendanges\"},\"image\":{\"@id\":\"https:\/\/www.mesvendanges.com\/en\/#\/schema\/logo\/image\/\"}},{\"@type\":\"WebSite\",\"@id\":\"https:\/\/www.mesvendanges.com\/en\/#website\",\"url\":\"https:\/\/www.mesvendanges.com\/en\/\",\"name\":\"Mes Vendanges\",\"description\":\"Des journ\u00e9es enti\u00e8res dans les vignes\",\"publisher\":{\"@id\":\"https:\/\/www.mesvendanges.com\/en\/#organization\"},\"potentialAction\":[{\"@type\":\"SearchAction\",\"target\":{\"@type\":\"EntryPoint\",\"urlTemplate\":\"https:\/\/www.mesvendanges.com\/en\/?s={search_term_string}\"},\"query-input\":\"required name=search_term_string\"}],\"inLanguage\":\"fr-FR\"},{\"@type\":\"WebPage\",\"@id\":\"https:\/\/www.mesvendanges.com\/en\/shop\/wines\/riesling-oberhauser-brucke-auslese-goldkapsel-donnhoff-1991-75cl\/\",\"url\":\"https:\/\/www.mesvendanges.com\/en\/shop\/wines\/riesling-oberhauser-brucke-auslese-goldkapsel-donnhoff-1991-75cl\/\",\"name\":\"RIESLING OBERHAUSER BRUCKE AUSLESE GOLDKAPSEL - Mes Vendanges\",\"isPartOf\":{\"@id\":\"https:\/\/www.mesvendanges.com\/en\/#website\"},\"datePublished\":\"2025-01-10T15:48:47+00:00\",\"dateModified\":\"2025-05-01T13:28:17+00:00\",\"breadcrumb\":{\"@id\":\"https:\/\/www.mesvendanges.com\/en\/shop\/wines\/riesling-oberhauser-brucke-auslese-goldkapsel-donnhoff-1991-75cl\/#breadcrumb\"},\"inLanguage\":\"fr-FR\",\"potentialAction\":[{\"@type\":\"ReadAction\",\"target\":[\"https:\/\/www.mesvendanges.com\/en\/shop\/wines\/riesling-oberhauser-brucke-auslese-goldkapsel-donnhoff-1991-75cl\/\"]}]},{\"@type\":\"BreadcrumbList\",\"@id\":\"https:\/\/www.mesvendanges.com\/en\/shop\/wines\/riesling-oberhauser-brucke-auslese-goldkapsel-donnhoff-1991-75cl\/#breadcrumb\",\"itemListElement\":[{\"@type\":\"ListItem\",\"position\":1,\"name\":\"Home\",\"item\":\"https:\/\/www.mesvendanges.com\/en\/\"},{\"@type\":\"ListItem\",\"position\":2,\"name\":\"Shop\",\"item\":\"https:\/\/www.mesvendanges.com\/en\/shop\/\"},{\"@type\":\"ListItem\",\"position\":3,\"name\":\"RIESLING OBERHAUSER BRUCKE AUSLESE GOLDKAPSEL\"}]}]}<\/script>\n<!-- \/ Yoast SEO plugin. -->","yoast_head_json":{"title":"RIESLING OBERHAUSER BRUCKE AUSLESE GOLDKAPSEL - Mes Vendanges","robots":{"index":"index","follow":"follow","max-snippet":"max-snippet:-1","max-image-preview":"max-image-preview:large","max-video-preview":"max-video-preview:-1"},"canonical":"https:\/\/www.mesvendanges.com\/en\/shop\/wines\/riesling-oberhauser-brucke-auslese-goldkapsel-donnhoff-1991-75cl\/","og_locale":"en_US","og_type":"article","og_title":"RIESLING OBERHAUSER BRUCKE AUSLESE GOLDKAPSEL - Mes Vendanges","og_description":"Le Oberh\u00e4user Br\u00fccke est un monopole du domaine D\u00f6nnhoff. Cette parcelle de 1.1 hectare est reconnue comme cru du fait de son caract\u00e8re unique. C&#8217;est un petit vignoble sis en face du pont Luitpold qui m\u00e8ne \u00e0 Oberh\u00e4user. Les vignes y sont parfaitement prot\u00e9g\u00e9es, ce qui permet une floraison pr\u00e9coce, une longue p\u00e9riode de v\u00e9g\u00e9tation [&hellip;]","og_url":"https:\/\/www.mesvendanges.com\/en\/shop\/wines\/riesling-oberhauser-brucke-auslese-goldkapsel-donnhoff-1991-75cl\/","og_site_name":"Mes Vendanges","article_modified_time":"2025-05-01T13:28:17+00:00","twitter_card":"summary_large_image","twitter_misc":{"Est. reading time":"1 minute"},"schema":{"@context":"https:\/\/schema.org","@graph":[{"@type":"Organization","@id":"https:\/\/www.mesvendanges.com\/en\/#organization","name":"Mes Vendanges","url":"https:\/\/www.mesvendanges.com\/en\/","sameAs":[],"logo":{"@type":"ImageObject","inLanguage":"fr-FR","@id":"https:\/\/www.mesvendanges.com\/en\/#\/schema\/logo\/image\/","url":"https:\/\/www.mesvendanges.com\/wp-content\/uploads\/2022\/02\/logo-mesvendanges.jpg","contentUrl":"https:\/\/www.mesvendanges.com\/wp-content\/uploads\/2022\/02\/logo-mesvendanges.jpg","width":851,"height":260,"caption":"Mes Vendanges"},"image":{"@id":"https:\/\/www.mesvendanges.com\/en\/#\/schema\/logo\/image\/"}},{"@type":"WebSite","@id":"https:\/\/www.mesvendanges.com\/en\/#website","url":"https:\/\/www.mesvendanges.com\/en\/","name":"Mes Vendanges","description":"Des journ\u00e9es enti\u00e8res dans les vignes","publisher":{"@id":"https:\/\/www.mesvendanges.com\/en\/#organization"},"potentialAction":[{"@type":"SearchAction","target":{"@type":"EntryPoint","urlTemplate":"https:\/\/www.mesvendanges.com\/en\/?s={search_term_string}"},"query-input":"required name=search_term_string"}],"inLanguage":"fr-FR"},{"@type":"WebPage","@id":"https:\/\/www.mesvendanges.com\/en\/shop\/wines\/riesling-oberhauser-brucke-auslese-goldkapsel-donnhoff-1991-75cl\/","url":"https:\/\/www.mesvendanges.com\/en\/shop\/wines\/riesling-oberhauser-brucke-auslese-goldkapsel-donnhoff-1991-75cl\/","name":"RIESLING OBERHAUSER BRUCKE AUSLESE GOLDKAPSEL - Mes Vendanges","isPartOf":{"@id":"https:\/\/www.mesvendanges.com\/en\/#website"},"datePublished":"2025-01-10T15:48:47+00:00","dateModified":"2025-05-01T13:28:17+00:00","breadcrumb":{"@id":"https:\/\/www.mesvendanges.com\/en\/shop\/wines\/riesling-oberhauser-brucke-auslese-goldkapsel-donnhoff-1991-75cl\/#breadcrumb"},"inLanguage":"fr-FR","potentialAction":[{"@type":"ReadAction","target":["https:\/\/www.mesvendanges.com\/en\/shop\/wines\/riesling-oberhauser-brucke-auslese-goldkapsel-donnhoff-1991-75cl\/"]}]},{"@type":"BreadcrumbList","@id":"https:\/\/www.mesvendanges.com\/en\/shop\/wines\/riesling-oberhauser-brucke-auslese-goldkapsel-donnhoff-1991-75cl\/#breadcrumb","itemListElement":[{"@type":"ListItem","position":1,"name":"Home","item":"https:\/\/www.mesvendanges.com\/en\/"},{"@type":"ListItem","position":2,"name":"Shop","item":"https:\/\/www.mesvendanges.com\/en\/shop\/"},{"@type":"ListItem","position":3,"name":"RIESLING OBERHAUSER BRUCKE AUSLESE GOLDKAPSEL"}]}]}},"_links":{"self":[{"href":"https:\/\/www.mesvendanges.com\/en\/wp-json\/wp\/v2\/product\/82872"}],"collection":[{"href":"https:\/\/www.mesvendanges.com\/en\/wp-json\/wp\/v2\/product"}],"about":[{"href":"https:\/\/www.mesvendanges.com\/en\/wp-json\/wp\/v2\/types\/product"}],"wp:attachment":[{"href":"https:\/\/www.mesvendanges.com\/en\/wp-json\/wp\/v2\/media?parent=82872"}],"wp:term":[{"taxonomy":"product_cat","embeddable":true,"href":"https:\/\/www.mesvendanges.com\/en\/wp-json\/wp\/v2\/product_cat?post=82872"},{"taxonomy":"product_tag","embeddable":true,"href":"https:\/\/www.mesvendanges.com\/en\/wp-json\/wp\/v2\/product_tag?post=82872"}],"curies":[{"name":"wp","href":"https:\/\/api.w.org\/{rel}","templated":true}]}}