{"id":84995,"date":"2025-02-27T12:30:21","date_gmt":"2025-02-27T11:30:21","guid":{"rendered":"https:\/\/www.mesvendanges.com\/shop\/uncategorized\/fenugrec-de-lyonne-epices-shira-50gr\/"},"modified":"2025-12-18T14:44:14","modified_gmt":"2025-12-18T13:44:14","slug":"fenugrec-de-lyonne-epices-shira-50gr","status":"publish","type":"product","link":"https:\/\/www.mesvendanges.com\/en\/shop\/groceries-and-accessories\/fenugrec-de-lyonne-epices-shira-50gr\/","title":{"rendered":"FENUGREC DE L&#8217;YONNE"},"content":{"rendered":"<p>Le fenugrec biologique de Shira est bien fran\u00e7ais, il nous vient de l&#8217;Yonne, et &#8211; particularit\u00e9 rare &#8211; il est cueilli \u00e0 pleine maturit\u00e9. Cela lui conf\u00e8re une odeur tr\u00e8s puissante et sucr\u00e9e, rappelant le sirop d\u2019\u00e9rable et\u2026 le cube Maggi ! Au go\u00fbt, le fenugrec a une amertume semblable \u00e0 celle d\u2019un p\u00e9pin de citron. Il perd une partie de son amertume apr\u00e8s avoir \u00e9t\u00e9 grill\u00e9 quelques instants \u00e0 la po\u00eale et d\u00e9veloppe des saveurs de poivron et de s\u00e9same.<\/p>\n<p>Cette \u00e9pice est largement utilis\u00e9e au Moyen-Orient, dans la cuisine indienne et tout particuli\u00e8rement en Inde du Nord. Il sert \u00e0 faire le hilb\u00e9, cette d\u00e9licieuse sauce y\u00e9m\u00e9nite, facile \u00e0 r\u00e9aliser. C\u2019est un ingr\u00e9dient important des p\u00e2tes ferment\u00e9es : les fameux dosas indiens ou encore les c\u00e9l\u00e8bres ingeeras \u00e9thiopiennes.<\/p>\n<p>En Europe, on le retrouve souvent dans les condiments comme les pickles maison et les cornichons. Il aromatise le pain, le fromage ou encore les l\u00e9gumineuses. Il parfume les salades et ses graines germ\u00e9es sont excellentes.<\/p>\n<p>Son ar\u00f4me intense en fait un ingr\u00e9dient de premier ordre dans la cuisine v\u00e9g\u00e9tarienne.<\/p>\n<p>Il est conseill\u00e9 d\u2019utiliser le fenugrec avec parcimonie et de torr\u00e9fier les graines pour en diminuer l\u2019amertume.<\/p>\n","protected":false},"excerpt":{"rendered":"<p>Le fenugrec biologique de Shira est bien fran\u00e7ais, il nous vient de l&#8217;Yonne, et &#8211; particularit\u00e9 rare &#8211; il est cueilli \u00e0 pleine maturit\u00e9. Cela lui conf\u00e8re une odeur tr\u00e8s puissante et sucr\u00e9e, rappelant le sirop d\u2019\u00e9rable et\u2026 le cube Maggi ! Au go\u00fbt, le fenugrec a une amertume semblable \u00e0 celle d\u2019un p\u00e9pin de [&hellip;]<\/p>\n","protected":false},"featured_media":0,"template":"","meta":[],"product_cat":[3741],"product_tag":[],"acf":[],"yoast_head":"<!-- This site is optimized with the Yoast SEO plugin v19.3 - https:\/\/yoast.com\/wordpress\/plugins\/seo\/ -->\n<title>FENUGREC DE L&#039;YONNE - Mes Vendanges<\/title>\n<meta name=\"robots\" content=\"index, follow, max-snippet:-1, max-image-preview:large, max-video-preview:-1\" \/>\n<link rel=\"canonical\" href=\"https:\/\/www.mesvendanges.com\/en\/shop\/groceries-and-accessories\/fenugrec-de-lyonne-epices-shira-50gr\/\" \/>\n<meta property=\"og:locale\" content=\"en_US\" \/>\n<meta property=\"og:type\" content=\"article\" \/>\n<meta property=\"og:title\" content=\"FENUGREC DE L&#039;YONNE - Mes Vendanges\" \/>\n<meta property=\"og:description\" content=\"Le fenugrec biologique de Shira est bien fran\u00e7ais, il nous vient de l&#8217;Yonne, et &#8211; particularit\u00e9 rare &#8211; il est cueilli \u00e0 pleine maturit\u00e9. Cela lui conf\u00e8re une odeur tr\u00e8s puissante et sucr\u00e9e, rappelant le sirop d\u2019\u00e9rable et\u2026 le cube Maggi ! Au go\u00fbt, le fenugrec a une amertume semblable \u00e0 celle d\u2019un p\u00e9pin de [&hellip;]\" \/>\n<meta property=\"og:url\" content=\"https:\/\/www.mesvendanges.com\/en\/shop\/groceries-and-accessories\/fenugrec-de-lyonne-epices-shira-50gr\/\" \/>\n<meta property=\"og:site_name\" content=\"Mes Vendanges\" \/>\n<meta property=\"article:modified_time\" content=\"2025-12-18T13:44:14+00:00\" \/>\n<meta name=\"twitter:card\" content=\"summary_large_image\" \/>\n<meta name=\"twitter:label1\" content=\"Est. reading time\" \/>\n\t<meta name=\"twitter:data1\" content=\"1 minute\" \/>\n<script type=\"application\/ld+json\" class=\"yoast-schema-graph\">{\"@context\":\"https:\/\/schema.org\",\"@graph\":[{\"@type\":\"Organization\",\"@id\":\"https:\/\/www.mesvendanges.com\/en\/#organization\",\"name\":\"Mes Vendanges\",\"url\":\"https:\/\/www.mesvendanges.com\/en\/\",\"sameAs\":[],\"logo\":{\"@type\":\"ImageObject\",\"inLanguage\":\"fr-FR\",\"@id\":\"https:\/\/www.mesvendanges.com\/en\/#\/schema\/logo\/image\/\",\"url\":\"https:\/\/www.mesvendanges.com\/wp-content\/uploads\/2022\/02\/logo-mesvendanges.jpg\",\"contentUrl\":\"https:\/\/www.mesvendanges.com\/wp-content\/uploads\/2022\/02\/logo-mesvendanges.jpg\",\"width\":851,\"height\":260,\"caption\":\"Mes Vendanges\"},\"image\":{\"@id\":\"https:\/\/www.mesvendanges.com\/en\/#\/schema\/logo\/image\/\"}},{\"@type\":\"WebSite\",\"@id\":\"https:\/\/www.mesvendanges.com\/en\/#website\",\"url\":\"https:\/\/www.mesvendanges.com\/en\/\",\"name\":\"Mes Vendanges\",\"description\":\"Des journ\u00e9es enti\u00e8res dans les vignes\",\"publisher\":{\"@id\":\"https:\/\/www.mesvendanges.com\/en\/#organization\"},\"potentialAction\":[{\"@type\":\"SearchAction\",\"target\":{\"@type\":\"EntryPoint\",\"urlTemplate\":\"https:\/\/www.mesvendanges.com\/en\/?s={search_term_string}\"},\"query-input\":\"required name=search_term_string\"}],\"inLanguage\":\"fr-FR\"},{\"@type\":\"WebPage\",\"@id\":\"https:\/\/www.mesvendanges.com\/en\/shop\/groceries-and-accessories\/fenugrec-de-lyonne-epices-shira-50gr\/\",\"url\":\"https:\/\/www.mesvendanges.com\/en\/shop\/groceries-and-accessories\/fenugrec-de-lyonne-epices-shira-50gr\/\",\"name\":\"FENUGREC DE L'YONNE - Mes Vendanges\",\"isPartOf\":{\"@id\":\"https:\/\/www.mesvendanges.com\/en\/#website\"},\"datePublished\":\"2025-02-27T11:30:21+00:00\",\"dateModified\":\"2025-12-18T13:44:14+00:00\",\"breadcrumb\":{\"@id\":\"https:\/\/www.mesvendanges.com\/en\/shop\/groceries-and-accessories\/fenugrec-de-lyonne-epices-shira-50gr\/#breadcrumb\"},\"inLanguage\":\"fr-FR\",\"potentialAction\":[{\"@type\":\"ReadAction\",\"target\":[\"https:\/\/www.mesvendanges.com\/en\/shop\/groceries-and-accessories\/fenugrec-de-lyonne-epices-shira-50gr\/\"]}]},{\"@type\":\"BreadcrumbList\",\"@id\":\"https:\/\/www.mesvendanges.com\/en\/shop\/groceries-and-accessories\/fenugrec-de-lyonne-epices-shira-50gr\/#breadcrumb\",\"itemListElement\":[{\"@type\":\"ListItem\",\"position\":1,\"name\":\"Home\",\"item\":\"https:\/\/www.mesvendanges.com\/en\/\"},{\"@type\":\"ListItem\",\"position\":2,\"name\":\"Shop\",\"item\":\"https:\/\/www.mesvendanges.com\/en\/shop\/\"},{\"@type\":\"ListItem\",\"position\":3,\"name\":\"FENUGREC DE L&#8217;YONNE\"}]}]}<\/script>\n<!-- \/ Yoast SEO plugin. -->","yoast_head_json":{"title":"FENUGREC DE L'YONNE - Mes Vendanges","robots":{"index":"index","follow":"follow","max-snippet":"max-snippet:-1","max-image-preview":"max-image-preview:large","max-video-preview":"max-video-preview:-1"},"canonical":"https:\/\/www.mesvendanges.com\/en\/shop\/groceries-and-accessories\/fenugrec-de-lyonne-epices-shira-50gr\/","og_locale":"en_US","og_type":"article","og_title":"FENUGREC DE L'YONNE - Mes Vendanges","og_description":"Le fenugrec biologique de Shira est bien fran\u00e7ais, il nous vient de l&#8217;Yonne, et &#8211; particularit\u00e9 rare &#8211; il est cueilli \u00e0 pleine maturit\u00e9. Cela lui conf\u00e8re une odeur tr\u00e8s puissante et sucr\u00e9e, rappelant le sirop d\u2019\u00e9rable et\u2026 le cube Maggi ! Au go\u00fbt, le fenugrec a une amertume semblable \u00e0 celle d\u2019un p\u00e9pin de [&hellip;]","og_url":"https:\/\/www.mesvendanges.com\/en\/shop\/groceries-and-accessories\/fenugrec-de-lyonne-epices-shira-50gr\/","og_site_name":"Mes Vendanges","article_modified_time":"2025-12-18T13:44:14+00:00","twitter_card":"summary_large_image","twitter_misc":{"Est. reading time":"1 minute"},"schema":{"@context":"https:\/\/schema.org","@graph":[{"@type":"Organization","@id":"https:\/\/www.mesvendanges.com\/en\/#organization","name":"Mes Vendanges","url":"https:\/\/www.mesvendanges.com\/en\/","sameAs":[],"logo":{"@type":"ImageObject","inLanguage":"fr-FR","@id":"https:\/\/www.mesvendanges.com\/en\/#\/schema\/logo\/image\/","url":"https:\/\/www.mesvendanges.com\/wp-content\/uploads\/2022\/02\/logo-mesvendanges.jpg","contentUrl":"https:\/\/www.mesvendanges.com\/wp-content\/uploads\/2022\/02\/logo-mesvendanges.jpg","width":851,"height":260,"caption":"Mes Vendanges"},"image":{"@id":"https:\/\/www.mesvendanges.com\/en\/#\/schema\/logo\/image\/"}},{"@type":"WebSite","@id":"https:\/\/www.mesvendanges.com\/en\/#website","url":"https:\/\/www.mesvendanges.com\/en\/","name":"Mes Vendanges","description":"Des journ\u00e9es enti\u00e8res dans les vignes","publisher":{"@id":"https:\/\/www.mesvendanges.com\/en\/#organization"},"potentialAction":[{"@type":"SearchAction","target":{"@type":"EntryPoint","urlTemplate":"https:\/\/www.mesvendanges.com\/en\/?s={search_term_string}"},"query-input":"required name=search_term_string"}],"inLanguage":"fr-FR"},{"@type":"WebPage","@id":"https:\/\/www.mesvendanges.com\/en\/shop\/groceries-and-accessories\/fenugrec-de-lyonne-epices-shira-50gr\/","url":"https:\/\/www.mesvendanges.com\/en\/shop\/groceries-and-accessories\/fenugrec-de-lyonne-epices-shira-50gr\/","name":"FENUGREC DE L'YONNE - Mes Vendanges","isPartOf":{"@id":"https:\/\/www.mesvendanges.com\/en\/#website"},"datePublished":"2025-02-27T11:30:21+00:00","dateModified":"2025-12-18T13:44:14+00:00","breadcrumb":{"@id":"https:\/\/www.mesvendanges.com\/en\/shop\/groceries-and-accessories\/fenugrec-de-lyonne-epices-shira-50gr\/#breadcrumb"},"inLanguage":"fr-FR","potentialAction":[{"@type":"ReadAction","target":["https:\/\/www.mesvendanges.com\/en\/shop\/groceries-and-accessories\/fenugrec-de-lyonne-epices-shira-50gr\/"]}]},{"@type":"BreadcrumbList","@id":"https:\/\/www.mesvendanges.com\/en\/shop\/groceries-and-accessories\/fenugrec-de-lyonne-epices-shira-50gr\/#breadcrumb","itemListElement":[{"@type":"ListItem","position":1,"name":"Home","item":"https:\/\/www.mesvendanges.com\/en\/"},{"@type":"ListItem","position":2,"name":"Shop","item":"https:\/\/www.mesvendanges.com\/en\/shop\/"},{"@type":"ListItem","position":3,"name":"FENUGREC DE L&#8217;YONNE"}]}]}},"_links":{"self":[{"href":"https:\/\/www.mesvendanges.com\/en\/wp-json\/wp\/v2\/product\/84995"}],"collection":[{"href":"https:\/\/www.mesvendanges.com\/en\/wp-json\/wp\/v2\/product"}],"about":[{"href":"https:\/\/www.mesvendanges.com\/en\/wp-json\/wp\/v2\/types\/product"}],"wp:attachment":[{"href":"https:\/\/www.mesvendanges.com\/en\/wp-json\/wp\/v2\/media?parent=84995"}],"wp:term":[{"taxonomy":"product_cat","embeddable":true,"href":"https:\/\/www.mesvendanges.com\/en\/wp-json\/wp\/v2\/product_cat?post=84995"},{"taxonomy":"product_tag","embeddable":true,"href":"https:\/\/www.mesvendanges.com\/en\/wp-json\/wp\/v2\/product_tag?post=84995"}],"curies":[{"name":"wp","href":"https:\/\/api.w.org\/{rel}","templated":true}]}}