{"id":85414,"date":"2025-04-03T12:02:59","date_gmt":"2025-04-03T10:02:59","guid":{"rendered":"https:\/\/www.mesvendanges.com\/shop\/uncategorized\/dole-de-la-liaudisaz-chappaz-marie-therese-2023-75cl\/"},"modified":"2025-05-05T15:30:27","modified_gmt":"2025-05-05T13:30:27","slug":"dole-de-la-liaudisaz-chappaz-marie-therese-2023-75cl","status":"publish","type":"product","link":"https:\/\/www.mesvendanges.com\/en\/shop\/wines\/dole-de-la-liaudisaz-chappaz-marie-therese-2023-75cl\/","title":{"rendered":"DOLE DE LA LIAUDISAZ"},"content":{"rendered":"<p>pinot noir et gamay sont \u00e9grapp\u00e9s \u00e0 100% pour produire cette D\u00f4le qui sera ensuite \u00e9lev\u00e9e en cuve b\u00e9ton pendant 8 mois. Assembl\u00e9s d\u00e8s la cuvaison, les deux c\u00e9pages sont ensuite travaill\u00e9s comme les parcellaires de nos grandes cuv\u00e9es de pinot avec pigeages et remontages quotidiens. Le nez est d\u2019embl\u00e9e marqu\u00e9 par la pr\u00e9sence de fruits noirs tels que la groseille ou encore la cerise noire ; s\u2019invitent ensuite de l\u00e9g\u00e8res notes d\u2019\u00e9pices douces et de menthol. La bouche est solaire et souple. C\u2019est un vin gourmand \u00e0 d\u00e9guster d\u00e8s \u00e0 pr\u00e9sent mais il saura aussi tenir toutes ses promesses sur les ann\u00e9es \u00e0 venir.<\/p>\n","protected":false},"excerpt":{"rendered":"<p>pinot noir et gamay sont \u00e9grapp\u00e9s \u00e0 100% pour produire cette D\u00f4le qui sera ensuite \u00e9lev\u00e9e en cuve b\u00e9ton pendant 8 mois. Assembl\u00e9s d\u00e8s la cuvaison, les deux c\u00e9pages sont ensuite travaill\u00e9s comme les parcellaires de nos grandes cuv\u00e9es de pinot avec pigeages et remontages quotidiens. Le nez est d\u2019embl\u00e9e marqu\u00e9 par la pr\u00e9sence de [&hellip;]<\/p>\n","protected":false},"featured_media":86582,"template":"","meta":[],"product_cat":[3740],"product_tag":[],"acf":[],"yoast_head":"<!-- This site is optimized with the Yoast SEO plugin v19.3 - https:\/\/yoast.com\/wordpress\/plugins\/seo\/ -->\n<title>DOLE DE LA LIAUDISAZ - Mes Vendanges<\/title>\n<meta name=\"robots\" content=\"index, follow, max-snippet:-1, max-image-preview:large, max-video-preview:-1\" \/>\n<link rel=\"canonical\" href=\"https:\/\/www.mesvendanges.com\/en\/shop\/wines\/dole-de-la-liaudisaz-chappaz-marie-therese-2023-75cl\/\" \/>\n<meta property=\"og:locale\" content=\"en_US\" \/>\n<meta property=\"og:type\" content=\"article\" \/>\n<meta property=\"og:title\" content=\"DOLE DE LA LIAUDISAZ - Mes Vendanges\" \/>\n<meta property=\"og:description\" content=\"pinot noir et gamay sont \u00e9grapp\u00e9s \u00e0 100% pour produire cette D\u00f4le qui sera ensuite \u00e9lev\u00e9e en cuve b\u00e9ton pendant 8 mois. Assembl\u00e9s d\u00e8s la cuvaison, les deux c\u00e9pages sont ensuite travaill\u00e9s comme les parcellaires de nos grandes cuv\u00e9es de pinot avec pigeages et remontages quotidiens. Le nez est d\u2019embl\u00e9e marqu\u00e9 par la pr\u00e9sence de [&hellip;]\" \/>\n<meta property=\"og:url\" content=\"https:\/\/www.mesvendanges.com\/en\/shop\/wines\/dole-de-la-liaudisaz-chappaz-marie-therese-2023-75cl\/\" \/>\n<meta property=\"og:site_name\" content=\"Mes Vendanges\" \/>\n<meta property=\"article:modified_time\" content=\"2025-05-05T13:30:27+00:00\" \/>\n<meta property=\"og:image\" content=\"https:\/\/www.mesvendanges.com\/wp-content\/uploads\/2025\/05\/marie-therese-chappaz-dole-de-la-liaudisaz-2023-png.png\" \/>\n\t<meta property=\"og:image:width\" content=\"415\" \/>\n\t<meta property=\"og:image:height\" content=\"1500\" \/>\n\t<meta property=\"og:image:type\" content=\"image\/png\" \/>\n<meta name=\"twitter:card\" content=\"summary_large_image\" \/>\n<meta name=\"twitter:label1\" content=\"Est. reading time\" \/>\n\t<meta name=\"twitter:data1\" content=\"1 minute\" \/>\n<script type=\"application\/ld+json\" class=\"yoast-schema-graph\">{\"@context\":\"https:\/\/schema.org\",\"@graph\":[{\"@type\":\"Organization\",\"@id\":\"https:\/\/www.mesvendanges.com\/en\/#organization\",\"name\":\"Mes Vendanges\",\"url\":\"https:\/\/www.mesvendanges.com\/en\/\",\"sameAs\":[],\"logo\":{\"@type\":\"ImageObject\",\"inLanguage\":\"fr-FR\",\"@id\":\"https:\/\/www.mesvendanges.com\/en\/#\/schema\/logo\/image\/\",\"url\":\"https:\/\/www.mesvendanges.com\/wp-content\/uploads\/2022\/02\/logo-mesvendanges.jpg\",\"contentUrl\":\"https:\/\/www.mesvendanges.com\/wp-content\/uploads\/2022\/02\/logo-mesvendanges.jpg\",\"width\":851,\"height\":260,\"caption\":\"Mes Vendanges\"},\"image\":{\"@id\":\"https:\/\/www.mesvendanges.com\/en\/#\/schema\/logo\/image\/\"}},{\"@type\":\"WebSite\",\"@id\":\"https:\/\/www.mesvendanges.com\/en\/#website\",\"url\":\"https:\/\/www.mesvendanges.com\/en\/\",\"name\":\"Mes Vendanges\",\"description\":\"Des journ\u00e9es enti\u00e8res dans les vignes\",\"publisher\":{\"@id\":\"https:\/\/www.mesvendanges.com\/en\/#organization\"},\"potentialAction\":[{\"@type\":\"SearchAction\",\"target\":{\"@type\":\"EntryPoint\",\"urlTemplate\":\"https:\/\/www.mesvendanges.com\/en\/?s={search_term_string}\"},\"query-input\":\"required name=search_term_string\"}],\"inLanguage\":\"fr-FR\"},{\"@type\":\"ImageObject\",\"inLanguage\":\"fr-FR\",\"@id\":\"https:\/\/www.mesvendanges.com\/en\/shop\/wines\/dole-de-la-liaudisaz-chappaz-marie-therese-2023-75cl\/#primaryimage\",\"url\":\"https:\/\/www.mesvendanges.com\/wp-content\/uploads\/2025\/05\/marie-therese-chappaz-dole-de-la-liaudisaz-2023-png.png\",\"contentUrl\":\"https:\/\/www.mesvendanges.com\/wp-content\/uploads\/2025\/05\/marie-therese-chappaz-dole-de-la-liaudisaz-2023-png.png\",\"width\":415,\"height\":1500},{\"@type\":\"WebPage\",\"@id\":\"https:\/\/www.mesvendanges.com\/en\/shop\/wines\/dole-de-la-liaudisaz-chappaz-marie-therese-2023-75cl\/\",\"url\":\"https:\/\/www.mesvendanges.com\/en\/shop\/wines\/dole-de-la-liaudisaz-chappaz-marie-therese-2023-75cl\/\",\"name\":\"DOLE DE LA LIAUDISAZ - Mes Vendanges\",\"isPartOf\":{\"@id\":\"https:\/\/www.mesvendanges.com\/en\/#website\"},\"primaryImageOfPage\":{\"@id\":\"https:\/\/www.mesvendanges.com\/en\/shop\/wines\/dole-de-la-liaudisaz-chappaz-marie-therese-2023-75cl\/#primaryimage\"},\"datePublished\":\"2025-04-03T10:02:59+00:00\",\"dateModified\":\"2025-05-05T13:30:27+00:00\",\"breadcrumb\":{\"@id\":\"https:\/\/www.mesvendanges.com\/en\/shop\/wines\/dole-de-la-liaudisaz-chappaz-marie-therese-2023-75cl\/#breadcrumb\"},\"inLanguage\":\"fr-FR\",\"potentialAction\":[{\"@type\":\"ReadAction\",\"target\":[\"https:\/\/www.mesvendanges.com\/en\/shop\/wines\/dole-de-la-liaudisaz-chappaz-marie-therese-2023-75cl\/\"]}]},{\"@type\":\"BreadcrumbList\",\"@id\":\"https:\/\/www.mesvendanges.com\/en\/shop\/wines\/dole-de-la-liaudisaz-chappaz-marie-therese-2023-75cl\/#breadcrumb\",\"itemListElement\":[{\"@type\":\"ListItem\",\"position\":1,\"name\":\"Home\",\"item\":\"https:\/\/www.mesvendanges.com\/en\/\"},{\"@type\":\"ListItem\",\"position\":2,\"name\":\"Shop\",\"item\":\"https:\/\/www.mesvendanges.com\/en\/shop\/\"},{\"@type\":\"ListItem\",\"position\":3,\"name\":\"DOLE DE LA LIAUDISAZ\"}]}]}<\/script>\n<!-- \/ Yoast SEO plugin. -->","yoast_head_json":{"title":"DOLE DE LA LIAUDISAZ - Mes Vendanges","robots":{"index":"index","follow":"follow","max-snippet":"max-snippet:-1","max-image-preview":"max-image-preview:large","max-video-preview":"max-video-preview:-1"},"canonical":"https:\/\/www.mesvendanges.com\/en\/shop\/wines\/dole-de-la-liaudisaz-chappaz-marie-therese-2023-75cl\/","og_locale":"en_US","og_type":"article","og_title":"DOLE DE LA LIAUDISAZ - Mes Vendanges","og_description":"pinot noir et gamay sont \u00e9grapp\u00e9s \u00e0 100% pour produire cette D\u00f4le qui sera ensuite \u00e9lev\u00e9e en cuve b\u00e9ton pendant 8 mois. Assembl\u00e9s d\u00e8s la cuvaison, les deux c\u00e9pages sont ensuite travaill\u00e9s comme les parcellaires de nos grandes cuv\u00e9es de pinot avec pigeages et remontages quotidiens. Le nez est d\u2019embl\u00e9e marqu\u00e9 par la pr\u00e9sence de [&hellip;]","og_url":"https:\/\/www.mesvendanges.com\/en\/shop\/wines\/dole-de-la-liaudisaz-chappaz-marie-therese-2023-75cl\/","og_site_name":"Mes Vendanges","article_modified_time":"2025-05-05T13:30:27+00:00","og_image":[{"width":415,"height":1500,"url":"https:\/\/www.mesvendanges.com\/wp-content\/uploads\/2025\/05\/marie-therese-chappaz-dole-de-la-liaudisaz-2023-png.png","type":"image\/png"}],"twitter_card":"summary_large_image","twitter_misc":{"Est. reading time":"1 minute"},"schema":{"@context":"https:\/\/schema.org","@graph":[{"@type":"Organization","@id":"https:\/\/www.mesvendanges.com\/en\/#organization","name":"Mes Vendanges","url":"https:\/\/www.mesvendanges.com\/en\/","sameAs":[],"logo":{"@type":"ImageObject","inLanguage":"fr-FR","@id":"https:\/\/www.mesvendanges.com\/en\/#\/schema\/logo\/image\/","url":"https:\/\/www.mesvendanges.com\/wp-content\/uploads\/2022\/02\/logo-mesvendanges.jpg","contentUrl":"https:\/\/www.mesvendanges.com\/wp-content\/uploads\/2022\/02\/logo-mesvendanges.jpg","width":851,"height":260,"caption":"Mes Vendanges"},"image":{"@id":"https:\/\/www.mesvendanges.com\/en\/#\/schema\/logo\/image\/"}},{"@type":"WebSite","@id":"https:\/\/www.mesvendanges.com\/en\/#website","url":"https:\/\/www.mesvendanges.com\/en\/","name":"Mes Vendanges","description":"Des journ\u00e9es enti\u00e8res dans les vignes","publisher":{"@id":"https:\/\/www.mesvendanges.com\/en\/#organization"},"potentialAction":[{"@type":"SearchAction","target":{"@type":"EntryPoint","urlTemplate":"https:\/\/www.mesvendanges.com\/en\/?s={search_term_string}"},"query-input":"required name=search_term_string"}],"inLanguage":"fr-FR"},{"@type":"ImageObject","inLanguage":"fr-FR","@id":"https:\/\/www.mesvendanges.com\/en\/shop\/wines\/dole-de-la-liaudisaz-chappaz-marie-therese-2023-75cl\/#primaryimage","url":"https:\/\/www.mesvendanges.com\/wp-content\/uploads\/2025\/05\/marie-therese-chappaz-dole-de-la-liaudisaz-2023-png.png","contentUrl":"https:\/\/www.mesvendanges.com\/wp-content\/uploads\/2025\/05\/marie-therese-chappaz-dole-de-la-liaudisaz-2023-png.png","width":415,"height":1500},{"@type":"WebPage","@id":"https:\/\/www.mesvendanges.com\/en\/shop\/wines\/dole-de-la-liaudisaz-chappaz-marie-therese-2023-75cl\/","url":"https:\/\/www.mesvendanges.com\/en\/shop\/wines\/dole-de-la-liaudisaz-chappaz-marie-therese-2023-75cl\/","name":"DOLE DE LA LIAUDISAZ - Mes Vendanges","isPartOf":{"@id":"https:\/\/www.mesvendanges.com\/en\/#website"},"primaryImageOfPage":{"@id":"https:\/\/www.mesvendanges.com\/en\/shop\/wines\/dole-de-la-liaudisaz-chappaz-marie-therese-2023-75cl\/#primaryimage"},"datePublished":"2025-04-03T10:02:59+00:00","dateModified":"2025-05-05T13:30:27+00:00","breadcrumb":{"@id":"https:\/\/www.mesvendanges.com\/en\/shop\/wines\/dole-de-la-liaudisaz-chappaz-marie-therese-2023-75cl\/#breadcrumb"},"inLanguage":"fr-FR","potentialAction":[{"@type":"ReadAction","target":["https:\/\/www.mesvendanges.com\/en\/shop\/wines\/dole-de-la-liaudisaz-chappaz-marie-therese-2023-75cl\/"]}]},{"@type":"BreadcrumbList","@id":"https:\/\/www.mesvendanges.com\/en\/shop\/wines\/dole-de-la-liaudisaz-chappaz-marie-therese-2023-75cl\/#breadcrumb","itemListElement":[{"@type":"ListItem","position":1,"name":"Home","item":"https:\/\/www.mesvendanges.com\/en\/"},{"@type":"ListItem","position":2,"name":"Shop","item":"https:\/\/www.mesvendanges.com\/en\/shop\/"},{"@type":"ListItem","position":3,"name":"DOLE DE LA LIAUDISAZ"}]}]}},"_links":{"self":[{"href":"https:\/\/www.mesvendanges.com\/en\/wp-json\/wp\/v2\/product\/85414"}],"collection":[{"href":"https:\/\/www.mesvendanges.com\/en\/wp-json\/wp\/v2\/product"}],"about":[{"href":"https:\/\/www.mesvendanges.com\/en\/wp-json\/wp\/v2\/types\/product"}],"wp:featuredmedia":[{"embeddable":true,"href":"https:\/\/www.mesvendanges.com\/en\/wp-json\/wp\/v2\/media\/86582"}],"wp:attachment":[{"href":"https:\/\/www.mesvendanges.com\/en\/wp-json\/wp\/v2\/media?parent=85414"}],"wp:term":[{"taxonomy":"product_cat","embeddable":true,"href":"https:\/\/www.mesvendanges.com\/en\/wp-json\/wp\/v2\/product_cat?post=85414"},{"taxonomy":"product_tag","embeddable":true,"href":"https:\/\/www.mesvendanges.com\/en\/wp-json\/wp\/v2\/product_tag?post=85414"}],"curies":[{"name":"wp","href":"https:\/\/api.w.org\/{rel}","templated":true}]}}