{"id":85990,"date":"2025-04-14T16:56:14","date_gmt":"2025-04-14T14:56:14","guid":{"rendered":"https:\/\/www.mesvendanges.com\/shop\/uncategorized\/lulu-lucien-magnum-domaine-tempier-2022-150cl\/"},"modified":"2025-12-30T16:33:04","modified_gmt":"2025-12-30T15:33:04","slug":"lulu-lucien-magnum-domaine-tempier-2022-150cl","status":"publish","type":"product","link":"https:\/\/www.mesvendanges.com\/en\/shop\/wines\/lulu-lucien-magnum-domaine-tempier-2022-150cl\/","title":{"rendered":"LULU &#038; LUCIEN MAGNUM"},"content":{"rendered":"<p>La cuv\u00e9e classique rouge est la porte d&#8217;entr\u00e9e du domaine. On y retrouve la fougue, le fruit\u00e9 et la finesse des vins du domaine Tempier. Un \u00e9levage de 18 mois en foudre apporte du volume et un grain de vin unique, v\u00e9ritable signature du domaine Peyraud<\/p>\n","protected":false},"excerpt":{"rendered":"<p>La cuv\u00e9e classique rouge est la porte d&#8217;entr\u00e9e du domaine. On y retrouve la fougue, le fruit\u00e9 et la finesse des vins du domaine Tempier. Un \u00e9levage de 18 mois en foudre apporte du volume et un grain de vin unique, v\u00e9ritable signature du domaine Peyraud<\/p>\n","protected":false},"featured_media":86005,"template":"","meta":[],"product_cat":[3740],"product_tag":[],"acf":[],"yoast_head":"<!-- This site is optimized with the Yoast SEO plugin v19.3 - https:\/\/yoast.com\/wordpress\/plugins\/seo\/ -->\n<title>LULU &amp; LUCIEN MAGNUM - Mes Vendanges<\/title>\n<meta name=\"robots\" content=\"index, follow, max-snippet:-1, max-image-preview:large, max-video-preview:-1\" \/>\n<link rel=\"canonical\" href=\"https:\/\/www.mesvendanges.com\/en\/shop\/wines\/lulu-lucien-magnum-domaine-tempier-2022-150cl\/\" \/>\n<meta property=\"og:locale\" content=\"en_US\" \/>\n<meta property=\"og:type\" content=\"article\" \/>\n<meta property=\"og:title\" content=\"LULU &amp; LUCIEN MAGNUM - Mes Vendanges\" \/>\n<meta property=\"og:description\" content=\"La cuv\u00e9e classique rouge est la porte d&#8217;entr\u00e9e du domaine. On y retrouve la fougue, le fruit\u00e9 et la finesse des vins du domaine Tempier. Un \u00e9levage de 18 mois en foudre apporte du volume et un grain de vin unique, v\u00e9ritable signature du domaine Peyraud\" \/>\n<meta property=\"og:url\" content=\"https:\/\/www.mesvendanges.com\/en\/shop\/wines\/lulu-lucien-magnum-domaine-tempier-2022-150cl\/\" \/>\n<meta property=\"og:site_name\" content=\"Mes Vendanges\" \/>\n<meta property=\"article:modified_time\" content=\"2025-12-30T15:33:04+00:00\" \/>\n<meta property=\"og:image\" content=\"https:\/\/www.mesvendanges.com\/wp-content\/uploads\/2025\/04\/domaine-tempier-bandol-rouge-lulu-et-lucien-2022-magnum-png.png\" \/>\n\t<meta property=\"og:image:width\" content=\"488\" \/>\n\t<meta property=\"og:image:height\" content=\"1500\" \/>\n\t<meta property=\"og:image:type\" content=\"image\/png\" \/>\n<meta name=\"twitter:card\" content=\"summary_large_image\" \/>\n<script type=\"application\/ld+json\" class=\"yoast-schema-graph\">{\"@context\":\"https:\/\/schema.org\",\"@graph\":[{\"@type\":\"Organization\",\"@id\":\"https:\/\/www.mesvendanges.com\/en\/#organization\",\"name\":\"Mes Vendanges\",\"url\":\"https:\/\/www.mesvendanges.com\/en\/\",\"sameAs\":[],\"logo\":{\"@type\":\"ImageObject\",\"inLanguage\":\"fr-FR\",\"@id\":\"https:\/\/www.mesvendanges.com\/en\/#\/schema\/logo\/image\/\",\"url\":\"https:\/\/www.mesvendanges.com\/wp-content\/uploads\/2022\/02\/logo-mesvendanges.jpg\",\"contentUrl\":\"https:\/\/www.mesvendanges.com\/wp-content\/uploads\/2022\/02\/logo-mesvendanges.jpg\",\"width\":851,\"height\":260,\"caption\":\"Mes Vendanges\"},\"image\":{\"@id\":\"https:\/\/www.mesvendanges.com\/en\/#\/schema\/logo\/image\/\"}},{\"@type\":\"WebSite\",\"@id\":\"https:\/\/www.mesvendanges.com\/en\/#website\",\"url\":\"https:\/\/www.mesvendanges.com\/en\/\",\"name\":\"Mes Vendanges\",\"description\":\"Des journ\u00e9es enti\u00e8res dans les vignes\",\"publisher\":{\"@id\":\"https:\/\/www.mesvendanges.com\/en\/#organization\"},\"potentialAction\":[{\"@type\":\"SearchAction\",\"target\":{\"@type\":\"EntryPoint\",\"urlTemplate\":\"https:\/\/www.mesvendanges.com\/en\/?s={search_term_string}\"},\"query-input\":\"required name=search_term_string\"}],\"inLanguage\":\"fr-FR\"},{\"@type\":\"ImageObject\",\"inLanguage\":\"fr-FR\",\"@id\":\"https:\/\/www.mesvendanges.com\/en\/shop\/wines\/lulu-lucien-magnum-domaine-tempier-2022-150cl\/#primaryimage\",\"url\":\"https:\/\/www.mesvendanges.com\/wp-content\/uploads\/2025\/04\/domaine-tempier-bandol-rouge-lulu-et-lucien-2022-magnum-png.png\",\"contentUrl\":\"https:\/\/www.mesvendanges.com\/wp-content\/uploads\/2025\/04\/domaine-tempier-bandol-rouge-lulu-et-lucien-2022-magnum-png.png\",\"width\":488,\"height\":1500},{\"@type\":\"WebPage\",\"@id\":\"https:\/\/www.mesvendanges.com\/en\/shop\/wines\/lulu-lucien-magnum-domaine-tempier-2022-150cl\/\",\"url\":\"https:\/\/www.mesvendanges.com\/en\/shop\/wines\/lulu-lucien-magnum-domaine-tempier-2022-150cl\/\",\"name\":\"LULU & LUCIEN MAGNUM - Mes Vendanges\",\"isPartOf\":{\"@id\":\"https:\/\/www.mesvendanges.com\/en\/#website\"},\"primaryImageOfPage\":{\"@id\":\"https:\/\/www.mesvendanges.com\/en\/shop\/wines\/lulu-lucien-magnum-domaine-tempier-2022-150cl\/#primaryimage\"},\"datePublished\":\"2025-04-14T14:56:14+00:00\",\"dateModified\":\"2025-12-30T15:33:04+00:00\",\"breadcrumb\":{\"@id\":\"https:\/\/www.mesvendanges.com\/en\/shop\/wines\/lulu-lucien-magnum-domaine-tempier-2022-150cl\/#breadcrumb\"},\"inLanguage\":\"fr-FR\",\"potentialAction\":[{\"@type\":\"ReadAction\",\"target\":[\"https:\/\/www.mesvendanges.com\/en\/shop\/wines\/lulu-lucien-magnum-domaine-tempier-2022-150cl\/\"]}]},{\"@type\":\"BreadcrumbList\",\"@id\":\"https:\/\/www.mesvendanges.com\/en\/shop\/wines\/lulu-lucien-magnum-domaine-tempier-2022-150cl\/#breadcrumb\",\"itemListElement\":[{\"@type\":\"ListItem\",\"position\":1,\"name\":\"Home\",\"item\":\"https:\/\/www.mesvendanges.com\/en\/\"},{\"@type\":\"ListItem\",\"position\":2,\"name\":\"Shop\",\"item\":\"https:\/\/www.mesvendanges.com\/en\/shop\/\"},{\"@type\":\"ListItem\",\"position\":3,\"name\":\"LULU &#038; LUCIEN MAGNUM\"}]}]}<\/script>\n<!-- \/ Yoast SEO plugin. -->","yoast_head_json":{"title":"LULU & LUCIEN MAGNUM - Mes Vendanges","robots":{"index":"index","follow":"follow","max-snippet":"max-snippet:-1","max-image-preview":"max-image-preview:large","max-video-preview":"max-video-preview:-1"},"canonical":"https:\/\/www.mesvendanges.com\/en\/shop\/wines\/lulu-lucien-magnum-domaine-tempier-2022-150cl\/","og_locale":"en_US","og_type":"article","og_title":"LULU & LUCIEN MAGNUM - Mes Vendanges","og_description":"La cuv\u00e9e classique rouge est la porte d&#8217;entr\u00e9e du domaine. On y retrouve la fougue, le fruit\u00e9 et la finesse des vins du domaine Tempier. Un \u00e9levage de 18 mois en foudre apporte du volume et un grain de vin unique, v\u00e9ritable signature du domaine Peyraud","og_url":"https:\/\/www.mesvendanges.com\/en\/shop\/wines\/lulu-lucien-magnum-domaine-tempier-2022-150cl\/","og_site_name":"Mes Vendanges","article_modified_time":"2025-12-30T15:33:04+00:00","og_image":[{"width":488,"height":1500,"url":"https:\/\/www.mesvendanges.com\/wp-content\/uploads\/2025\/04\/domaine-tempier-bandol-rouge-lulu-et-lucien-2022-magnum-png.png","type":"image\/png"}],"twitter_card":"summary_large_image","schema":{"@context":"https:\/\/schema.org","@graph":[{"@type":"Organization","@id":"https:\/\/www.mesvendanges.com\/en\/#organization","name":"Mes Vendanges","url":"https:\/\/www.mesvendanges.com\/en\/","sameAs":[],"logo":{"@type":"ImageObject","inLanguage":"fr-FR","@id":"https:\/\/www.mesvendanges.com\/en\/#\/schema\/logo\/image\/","url":"https:\/\/www.mesvendanges.com\/wp-content\/uploads\/2022\/02\/logo-mesvendanges.jpg","contentUrl":"https:\/\/www.mesvendanges.com\/wp-content\/uploads\/2022\/02\/logo-mesvendanges.jpg","width":851,"height":260,"caption":"Mes Vendanges"},"image":{"@id":"https:\/\/www.mesvendanges.com\/en\/#\/schema\/logo\/image\/"}},{"@type":"WebSite","@id":"https:\/\/www.mesvendanges.com\/en\/#website","url":"https:\/\/www.mesvendanges.com\/en\/","name":"Mes Vendanges","description":"Des journ\u00e9es enti\u00e8res dans les vignes","publisher":{"@id":"https:\/\/www.mesvendanges.com\/en\/#organization"},"potentialAction":[{"@type":"SearchAction","target":{"@type":"EntryPoint","urlTemplate":"https:\/\/www.mesvendanges.com\/en\/?s={search_term_string}"},"query-input":"required name=search_term_string"}],"inLanguage":"fr-FR"},{"@type":"ImageObject","inLanguage":"fr-FR","@id":"https:\/\/www.mesvendanges.com\/en\/shop\/wines\/lulu-lucien-magnum-domaine-tempier-2022-150cl\/#primaryimage","url":"https:\/\/www.mesvendanges.com\/wp-content\/uploads\/2025\/04\/domaine-tempier-bandol-rouge-lulu-et-lucien-2022-magnum-png.png","contentUrl":"https:\/\/www.mesvendanges.com\/wp-content\/uploads\/2025\/04\/domaine-tempier-bandol-rouge-lulu-et-lucien-2022-magnum-png.png","width":488,"height":1500},{"@type":"WebPage","@id":"https:\/\/www.mesvendanges.com\/en\/shop\/wines\/lulu-lucien-magnum-domaine-tempier-2022-150cl\/","url":"https:\/\/www.mesvendanges.com\/en\/shop\/wines\/lulu-lucien-magnum-domaine-tempier-2022-150cl\/","name":"LULU & LUCIEN MAGNUM - Mes Vendanges","isPartOf":{"@id":"https:\/\/www.mesvendanges.com\/en\/#website"},"primaryImageOfPage":{"@id":"https:\/\/www.mesvendanges.com\/en\/shop\/wines\/lulu-lucien-magnum-domaine-tempier-2022-150cl\/#primaryimage"},"datePublished":"2025-04-14T14:56:14+00:00","dateModified":"2025-12-30T15:33:04+00:00","breadcrumb":{"@id":"https:\/\/www.mesvendanges.com\/en\/shop\/wines\/lulu-lucien-magnum-domaine-tempier-2022-150cl\/#breadcrumb"},"inLanguage":"fr-FR","potentialAction":[{"@type":"ReadAction","target":["https:\/\/www.mesvendanges.com\/en\/shop\/wines\/lulu-lucien-magnum-domaine-tempier-2022-150cl\/"]}]},{"@type":"BreadcrumbList","@id":"https:\/\/www.mesvendanges.com\/en\/shop\/wines\/lulu-lucien-magnum-domaine-tempier-2022-150cl\/#breadcrumb","itemListElement":[{"@type":"ListItem","position":1,"name":"Home","item":"https:\/\/www.mesvendanges.com\/en\/"},{"@type":"ListItem","position":2,"name":"Shop","item":"https:\/\/www.mesvendanges.com\/en\/shop\/"},{"@type":"ListItem","position":3,"name":"LULU &#038; LUCIEN MAGNUM"}]}]}},"_links":{"self":[{"href":"https:\/\/www.mesvendanges.com\/en\/wp-json\/wp\/v2\/product\/85990"}],"collection":[{"href":"https:\/\/www.mesvendanges.com\/en\/wp-json\/wp\/v2\/product"}],"about":[{"href":"https:\/\/www.mesvendanges.com\/en\/wp-json\/wp\/v2\/types\/product"}],"wp:featuredmedia":[{"embeddable":true,"href":"https:\/\/www.mesvendanges.com\/en\/wp-json\/wp\/v2\/media\/86005"}],"wp:attachment":[{"href":"https:\/\/www.mesvendanges.com\/en\/wp-json\/wp\/v2\/media?parent=85990"}],"wp:term":[{"taxonomy":"product_cat","embeddable":true,"href":"https:\/\/www.mesvendanges.com\/en\/wp-json\/wp\/v2\/product_cat?post=85990"},{"taxonomy":"product_tag","embeddable":true,"href":"https:\/\/www.mesvendanges.com\/en\/wp-json\/wp\/v2\/product_tag?post=85990"}],"curies":[{"name":"wp","href":"https:\/\/api.w.org\/{rel}","templated":true}]}}