{"id":88514,"date":"2025-06-15T08:46:50","date_gmt":"2025-06-15T06:46:50","guid":{"rendered":"https:\/\/www.mesvendanges.com\/shop\/uncategorized\/saint-lamvinus-cantillon-2024-75cl\/"},"modified":"2026-03-10T11:10:47","modified_gmt":"2026-03-10T10:10:47","slug":"saint-lamvinus-cantillon-2024-75cl","status":"publish","type":"product","link":"https:\/\/www.mesvendanges.com\/en\/shop\/wines\/saint-lamvinus-cantillon-2024-75cl\/","title":{"rendered":"SAINT-LAMVINUS"},"content":{"rendered":"<p>Le commentaire de la Brasserie : Tout le monde conna\u00eet nos relations privil\u00e9gi\u00e9es avec quelques vignerons libournais et plus pr\u00e9cis\u00e9ment Saint-Emilion et Pomerol. Comme nous, ces hommes travaillent dans le respect des traditions et fermentent noblement leurs vins. Respect donc des fermentations mais aussi respect du terroir et du mill\u00e9sime. Nos atomes crochus ont donn\u00e9 naissance \u00e0 un produit ne trahissant ni leur vin, ni notre bi\u00e8re: le Saint-Lamvinus. Les raisins, merlots et cabernet-francs, mac\u00e8rent en barriques bordelaises dans du Lambic de 2 \u00e0 3 ans. La mise en bouteille se fait sans assemblage. Le prise de mousse est assur\u00e9e par ajout de liqueur d&#8217;exp\u00e9dition. Le Saint-Lamvinus Cantillon est un produit rare et est uniquement disponible en bouteilles de 75 cl<\/p>\n","protected":false},"excerpt":{"rendered":"<p>Le commentaire de la Brasserie : Tout le monde conna\u00eet nos relations privil\u00e9gi\u00e9es avec quelques vignerons libournais et plus pr\u00e9cis\u00e9ment Saint-Emilion et Pomerol. Comme nous, ces hommes travaillent dans le respect des traditions et fermentent noblement leurs vins. Respect donc des fermentations mais aussi respect du terroir et du mill\u00e9sime. Nos atomes crochus ont donn\u00e9 [&hellip;]<\/p>\n","protected":false},"featured_media":88569,"template":"","meta":[],"product_cat":[3740],"product_tag":[],"acf":[],"yoast_head":"<!-- This site is optimized with the Yoast SEO plugin v19.3 - https:\/\/yoast.com\/wordpress\/plugins\/seo\/ -->\n<title>SAINT-LAMVINUS - Mes Vendanges<\/title>\n<meta name=\"robots\" content=\"index, follow, max-snippet:-1, max-image-preview:large, max-video-preview:-1\" \/>\n<link rel=\"canonical\" href=\"https:\/\/www.mesvendanges.com\/en\/shop\/wines\/saint-lamvinus-cantillon-2024-75cl\/\" \/>\n<meta property=\"og:locale\" content=\"en_US\" \/>\n<meta property=\"og:type\" content=\"article\" \/>\n<meta property=\"og:title\" content=\"SAINT-LAMVINUS - Mes Vendanges\" \/>\n<meta property=\"og:description\" content=\"Le commentaire de la Brasserie : Tout le monde conna\u00eet nos relations privil\u00e9gi\u00e9es avec quelques vignerons libournais et plus pr\u00e9cis\u00e9ment Saint-Emilion et Pomerol. Comme nous, ces hommes travaillent dans le respect des traditions et fermentent noblement leurs vins. Respect donc des fermentations mais aussi respect du terroir et du mill\u00e9sime. Nos atomes crochus ont donn\u00e9 [&hellip;]\" \/>\n<meta property=\"og:url\" content=\"https:\/\/www.mesvendanges.com\/en\/shop\/wines\/saint-lamvinus-cantillon-2024-75cl\/\" \/>\n<meta property=\"og:site_name\" content=\"Mes Vendanges\" \/>\n<meta property=\"article:modified_time\" content=\"2026-03-10T10:10:47+00:00\" \/>\n<meta property=\"og:image\" content=\"https:\/\/www.mesvendanges.com\/wp-content\/uploads\/2025\/06\/cantillon-saint-lamvinus-biere-lambic-png.png\" \/>\n\t<meta property=\"og:image:width\" content=\"470\" \/>\n\t<meta property=\"og:image:height\" content=\"1500\" \/>\n\t<meta property=\"og:image:type\" content=\"image\/png\" \/>\n<meta name=\"twitter:card\" content=\"summary_large_image\" \/>\n<meta name=\"twitter:label1\" content=\"Est. reading time\" \/>\n\t<meta name=\"twitter:data1\" content=\"1 minute\" \/>\n<script type=\"application\/ld+json\" class=\"yoast-schema-graph\">{\"@context\":\"https:\/\/schema.org\",\"@graph\":[{\"@type\":\"Organization\",\"@id\":\"https:\/\/www.mesvendanges.com\/en\/#organization\",\"name\":\"Mes Vendanges\",\"url\":\"https:\/\/www.mesvendanges.com\/en\/\",\"sameAs\":[],\"logo\":{\"@type\":\"ImageObject\",\"inLanguage\":\"fr-FR\",\"@id\":\"https:\/\/www.mesvendanges.com\/en\/#\/schema\/logo\/image\/\",\"url\":\"https:\/\/www.mesvendanges.com\/wp-content\/uploads\/2022\/02\/logo-mesvendanges.jpg\",\"contentUrl\":\"https:\/\/www.mesvendanges.com\/wp-content\/uploads\/2022\/02\/logo-mesvendanges.jpg\",\"width\":851,\"height\":260,\"caption\":\"Mes Vendanges\"},\"image\":{\"@id\":\"https:\/\/www.mesvendanges.com\/en\/#\/schema\/logo\/image\/\"}},{\"@type\":\"WebSite\",\"@id\":\"https:\/\/www.mesvendanges.com\/en\/#website\",\"url\":\"https:\/\/www.mesvendanges.com\/en\/\",\"name\":\"Mes Vendanges\",\"description\":\"Des journ\u00e9es enti\u00e8res dans les vignes\",\"publisher\":{\"@id\":\"https:\/\/www.mesvendanges.com\/en\/#organization\"},\"potentialAction\":[{\"@type\":\"SearchAction\",\"target\":{\"@type\":\"EntryPoint\",\"urlTemplate\":\"https:\/\/www.mesvendanges.com\/en\/?s={search_term_string}\"},\"query-input\":\"required name=search_term_string\"}],\"inLanguage\":\"fr-FR\"},{\"@type\":\"ImageObject\",\"inLanguage\":\"fr-FR\",\"@id\":\"https:\/\/www.mesvendanges.com\/en\/shop\/wines\/saint-lamvinus-cantillon-2024-75cl\/#primaryimage\",\"url\":\"https:\/\/www.mesvendanges.com\/wp-content\/uploads\/2025\/06\/cantillon-saint-lamvinus-biere-lambic-png.png\",\"contentUrl\":\"https:\/\/www.mesvendanges.com\/wp-content\/uploads\/2025\/06\/cantillon-saint-lamvinus-biere-lambic-png.png\",\"width\":470,\"height\":1500},{\"@type\":\"WebPage\",\"@id\":\"https:\/\/www.mesvendanges.com\/en\/shop\/wines\/saint-lamvinus-cantillon-2024-75cl\/\",\"url\":\"https:\/\/www.mesvendanges.com\/en\/shop\/wines\/saint-lamvinus-cantillon-2024-75cl\/\",\"name\":\"SAINT-LAMVINUS - Mes Vendanges\",\"isPartOf\":{\"@id\":\"https:\/\/www.mesvendanges.com\/en\/#website\"},\"primaryImageOfPage\":{\"@id\":\"https:\/\/www.mesvendanges.com\/en\/shop\/wines\/saint-lamvinus-cantillon-2024-75cl\/#primaryimage\"},\"datePublished\":\"2025-06-15T06:46:50+00:00\",\"dateModified\":\"2026-03-10T10:10:47+00:00\",\"breadcrumb\":{\"@id\":\"https:\/\/www.mesvendanges.com\/en\/shop\/wines\/saint-lamvinus-cantillon-2024-75cl\/#breadcrumb\"},\"inLanguage\":\"fr-FR\",\"potentialAction\":[{\"@type\":\"ReadAction\",\"target\":[\"https:\/\/www.mesvendanges.com\/en\/shop\/wines\/saint-lamvinus-cantillon-2024-75cl\/\"]}]},{\"@type\":\"BreadcrumbList\",\"@id\":\"https:\/\/www.mesvendanges.com\/en\/shop\/wines\/saint-lamvinus-cantillon-2024-75cl\/#breadcrumb\",\"itemListElement\":[{\"@type\":\"ListItem\",\"position\":1,\"name\":\"Home\",\"item\":\"https:\/\/www.mesvendanges.com\/en\/\"},{\"@type\":\"ListItem\",\"position\":2,\"name\":\"Shop\",\"item\":\"https:\/\/www.mesvendanges.com\/en\/shop\/\"},{\"@type\":\"ListItem\",\"position\":3,\"name\":\"SAINT-LAMVINUS\"}]}]}<\/script>\n<!-- \/ Yoast SEO plugin. -->","yoast_head_json":{"title":"SAINT-LAMVINUS - Mes Vendanges","robots":{"index":"index","follow":"follow","max-snippet":"max-snippet:-1","max-image-preview":"max-image-preview:large","max-video-preview":"max-video-preview:-1"},"canonical":"https:\/\/www.mesvendanges.com\/en\/shop\/wines\/saint-lamvinus-cantillon-2024-75cl\/","og_locale":"en_US","og_type":"article","og_title":"SAINT-LAMVINUS - Mes Vendanges","og_description":"Le commentaire de la Brasserie : Tout le monde conna\u00eet nos relations privil\u00e9gi\u00e9es avec quelques vignerons libournais et plus pr\u00e9cis\u00e9ment Saint-Emilion et Pomerol. Comme nous, ces hommes travaillent dans le respect des traditions et fermentent noblement leurs vins. Respect donc des fermentations mais aussi respect du terroir et du mill\u00e9sime. Nos atomes crochus ont donn\u00e9 [&hellip;]","og_url":"https:\/\/www.mesvendanges.com\/en\/shop\/wines\/saint-lamvinus-cantillon-2024-75cl\/","og_site_name":"Mes Vendanges","article_modified_time":"2026-03-10T10:10:47+00:00","og_image":[{"width":470,"height":1500,"url":"https:\/\/www.mesvendanges.com\/wp-content\/uploads\/2025\/06\/cantillon-saint-lamvinus-biere-lambic-png.png","type":"image\/png"}],"twitter_card":"summary_large_image","twitter_misc":{"Est. reading time":"1 minute"},"schema":{"@context":"https:\/\/schema.org","@graph":[{"@type":"Organization","@id":"https:\/\/www.mesvendanges.com\/en\/#organization","name":"Mes Vendanges","url":"https:\/\/www.mesvendanges.com\/en\/","sameAs":[],"logo":{"@type":"ImageObject","inLanguage":"fr-FR","@id":"https:\/\/www.mesvendanges.com\/en\/#\/schema\/logo\/image\/","url":"https:\/\/www.mesvendanges.com\/wp-content\/uploads\/2022\/02\/logo-mesvendanges.jpg","contentUrl":"https:\/\/www.mesvendanges.com\/wp-content\/uploads\/2022\/02\/logo-mesvendanges.jpg","width":851,"height":260,"caption":"Mes Vendanges"},"image":{"@id":"https:\/\/www.mesvendanges.com\/en\/#\/schema\/logo\/image\/"}},{"@type":"WebSite","@id":"https:\/\/www.mesvendanges.com\/en\/#website","url":"https:\/\/www.mesvendanges.com\/en\/","name":"Mes Vendanges","description":"Des journ\u00e9es enti\u00e8res dans les vignes","publisher":{"@id":"https:\/\/www.mesvendanges.com\/en\/#organization"},"potentialAction":[{"@type":"SearchAction","target":{"@type":"EntryPoint","urlTemplate":"https:\/\/www.mesvendanges.com\/en\/?s={search_term_string}"},"query-input":"required name=search_term_string"}],"inLanguage":"fr-FR"},{"@type":"ImageObject","inLanguage":"fr-FR","@id":"https:\/\/www.mesvendanges.com\/en\/shop\/wines\/saint-lamvinus-cantillon-2024-75cl\/#primaryimage","url":"https:\/\/www.mesvendanges.com\/wp-content\/uploads\/2025\/06\/cantillon-saint-lamvinus-biere-lambic-png.png","contentUrl":"https:\/\/www.mesvendanges.com\/wp-content\/uploads\/2025\/06\/cantillon-saint-lamvinus-biere-lambic-png.png","width":470,"height":1500},{"@type":"WebPage","@id":"https:\/\/www.mesvendanges.com\/en\/shop\/wines\/saint-lamvinus-cantillon-2024-75cl\/","url":"https:\/\/www.mesvendanges.com\/en\/shop\/wines\/saint-lamvinus-cantillon-2024-75cl\/","name":"SAINT-LAMVINUS - Mes Vendanges","isPartOf":{"@id":"https:\/\/www.mesvendanges.com\/en\/#website"},"primaryImageOfPage":{"@id":"https:\/\/www.mesvendanges.com\/en\/shop\/wines\/saint-lamvinus-cantillon-2024-75cl\/#primaryimage"},"datePublished":"2025-06-15T06:46:50+00:00","dateModified":"2026-03-10T10:10:47+00:00","breadcrumb":{"@id":"https:\/\/www.mesvendanges.com\/en\/shop\/wines\/saint-lamvinus-cantillon-2024-75cl\/#breadcrumb"},"inLanguage":"fr-FR","potentialAction":[{"@type":"ReadAction","target":["https:\/\/www.mesvendanges.com\/en\/shop\/wines\/saint-lamvinus-cantillon-2024-75cl\/"]}]},{"@type":"BreadcrumbList","@id":"https:\/\/www.mesvendanges.com\/en\/shop\/wines\/saint-lamvinus-cantillon-2024-75cl\/#breadcrumb","itemListElement":[{"@type":"ListItem","position":1,"name":"Home","item":"https:\/\/www.mesvendanges.com\/en\/"},{"@type":"ListItem","position":2,"name":"Shop","item":"https:\/\/www.mesvendanges.com\/en\/shop\/"},{"@type":"ListItem","position":3,"name":"SAINT-LAMVINUS"}]}]}},"_links":{"self":[{"href":"https:\/\/www.mesvendanges.com\/en\/wp-json\/wp\/v2\/product\/88514"}],"collection":[{"href":"https:\/\/www.mesvendanges.com\/en\/wp-json\/wp\/v2\/product"}],"about":[{"href":"https:\/\/www.mesvendanges.com\/en\/wp-json\/wp\/v2\/types\/product"}],"wp:featuredmedia":[{"embeddable":true,"href":"https:\/\/www.mesvendanges.com\/en\/wp-json\/wp\/v2\/media\/88569"}],"wp:attachment":[{"href":"https:\/\/www.mesvendanges.com\/en\/wp-json\/wp\/v2\/media?parent=88514"}],"wp:term":[{"taxonomy":"product_cat","embeddable":true,"href":"https:\/\/www.mesvendanges.com\/en\/wp-json\/wp\/v2\/product_cat?post=88514"},{"taxonomy":"product_tag","embeddable":true,"href":"https:\/\/www.mesvendanges.com\/en\/wp-json\/wp\/v2\/product_tag?post=88514"}],"curies":[{"name":"wp","href":"https:\/\/api.w.org\/{rel}","templated":true}]}}