{"id":88568,"date":"2025-06-24T14:39:20","date_gmt":"2025-06-24T12:39:20","guid":{"rendered":"https:\/\/www.mesvendanges.com\/shop\/uncategorized\/rose-de-gambrinus-framboise-cantillon-2025-75cl\/"},"modified":"2026-03-30T14:45:08","modified_gmt":"2026-03-30T12:45:08","slug":"rose-de-gambrinus-framboise-cantillon-2025-75cl","status":"publish","type":"product","link":"https:\/\/www.mesvendanges.com\/en\/shop\/wines\/rose-de-gambrinus-framboise-cantillon-2025-75cl\/","title":{"rendered":"ROSE DE GAMBRINUS (FRAMBOISE)"},"content":{"rendered":"<p>Si l&#8217;on peut certifier que la Kriek existe d\u00e9j\u00e0 au 19\u00e9me si\u00e8cle, il est plus difficile de dater l&#8217;apparition de la Framboise-Lambic sur les tables des estaminets bruxellois. Le d\u00e9but du 20\u00e9me si\u00e8cle peut \u00eatre avanc\u00e9 sans risque de se tromper. En effet, Paul Cantillon mentionne \u00e0 l&#8217;inventaire de 1909-1910 un nombre plus \u00e9lev\u00e9 de bouteilles de Framboises que de Kriek. Les bi\u00e8res \u00e0 fruit disparaissent des stocks pendant la guerre 1914-1918. Si la Kriek est \u00e0 nouveau produite r\u00e9guli\u00e8rement \u00e0 partir de 1922, la Framboise quant \u00e0 elle refait une br\u00e8ve apparition dans les ann\u00e9es trente et dispara\u00eet ensuite des inventaires. Laissons le brasseur nous en dire un peu plus: En 1973, un ami, Willy Gigounon, d\u00e9pose sans crier gare 150 kg de framboises en raviers. La production de cette bi\u00e8re red\u00e9marre donc 40 ans plus tard. Je pr\u00e9parais une cuve de framboises. La bi\u00e8re qui jaillissait de la petite ouverture du centre de la douve \u00e9tait superbe. &#8220;Couleur pelure d&#8217;oignon&#8221;, me disait une voix dans le dos. C&#8217;\u00e9tait Raymond Coumans. Il admirait le jeu des couleurs du Lambic \u00e0 la framboise sur le cuivre rouge des seaux destin\u00e9s \u00e0 vider les tonnes. A cette \u00e9poque (1986), le terme &#8220;Framboise-Lambic&#8221; \u00e9tait d\u00e9j\u00e0 synonyme de bi\u00e8re sucr\u00e9e et aromatis\u00e9e. C&#8217;eut \u00e9t\u00e9 bien de d\u00e9marquer notre bi\u00e8re des &#8220;Framboises&#8221; en g\u00e9n\u00e9ral. &#8220;C&#8217;est un ros\u00e9&#8221;, me dit Raymond, &#8220;non pas de Bacchus mais de Gambrinus&#8221;. Quel beau bapt\u00eame ! Le proc\u00e9d\u00e9 d&#8217;\u00e9laboration est identique \u00e0 celui de la Kriek. Tout comme pour de la Kriek, le Ros\u00e9 de Gambrinus pr\u00e9sentera un maximum de &#8220;fruit\u00e9&#8221; si on le d\u00e9guste jeune. L&#8217;\u00e2ge permet au Lambic de pleinement s&#8217;exprimer et ce au d\u00e9triment du fruit. <\/p>\n","protected":false},"excerpt":{"rendered":"<p>Si l&#8217;on peut certifier que la Kriek existe d\u00e9j\u00e0 au 19\u00e9me si\u00e8cle, il est plus difficile de dater l&#8217;apparition de la Framboise-Lambic sur les tables des estaminets bruxellois. Le d\u00e9but du 20\u00e9me si\u00e8cle peut \u00eatre avanc\u00e9 sans risque de se tromper. En effet, Paul Cantillon mentionne \u00e0 l&#8217;inventaire de 1909-1910 un nombre plus \u00e9lev\u00e9 de [&hellip;]<\/p>\n","protected":false},"featured_media":88579,"template":"","meta":[],"product_cat":[3740],"product_tag":[],"acf":[],"yoast_head":"<!-- This site is optimized with the Yoast SEO plugin v19.3 - https:\/\/yoast.com\/wordpress\/plugins\/seo\/ -->\n<title>ROSE DE GAMBRINUS (FRAMBOISE) - Mes Vendanges<\/title>\n<meta name=\"robots\" content=\"index, follow, max-snippet:-1, max-image-preview:large, max-video-preview:-1\" \/>\n<link rel=\"canonical\" href=\"https:\/\/www.mesvendanges.com\/en\/shop\/wines\/rose-de-gambrinus-framboise-cantillon-2025-75cl\/\" \/>\n<meta property=\"og:locale\" content=\"en_US\" \/>\n<meta property=\"og:type\" content=\"article\" \/>\n<meta property=\"og:title\" content=\"ROSE DE GAMBRINUS (FRAMBOISE) - Mes Vendanges\" \/>\n<meta property=\"og:description\" content=\"Si l&#8217;on peut certifier que la Kriek existe d\u00e9j\u00e0 au 19\u00e9me si\u00e8cle, il est plus difficile de dater l&#8217;apparition de la Framboise-Lambic sur les tables des estaminets bruxellois. Le d\u00e9but du 20\u00e9me si\u00e8cle peut \u00eatre avanc\u00e9 sans risque de se tromper. En effet, Paul Cantillon mentionne \u00e0 l&#8217;inventaire de 1909-1910 un nombre plus \u00e9lev\u00e9 de [&hellip;]\" \/>\n<meta property=\"og:url\" content=\"https:\/\/www.mesvendanges.com\/en\/shop\/wines\/rose-de-gambrinus-framboise-cantillon-2025-75cl\/\" \/>\n<meta property=\"og:site_name\" content=\"Mes Vendanges\" \/>\n<meta property=\"article:modified_time\" content=\"2026-03-30T12:45:08+00:00\" \/>\n<meta property=\"og:image\" content=\"https:\/\/www.mesvendanges.com\/wp-content\/uploads\/2025\/06\/cantillon-rose-de-gambrinus-framboise-biere-lambic-nm-75cl-effervescent-png.png\" \/>\n\t<meta property=\"og:image:width\" content=\"406\" \/>\n\t<meta property=\"og:image:height\" content=\"1500\" \/>\n\t<meta property=\"og:image:type\" content=\"image\/png\" \/>\n<meta name=\"twitter:card\" content=\"summary_large_image\" \/>\n<meta name=\"twitter:label1\" content=\"Est. reading time\" \/>\n\t<meta name=\"twitter:data1\" content=\"1 minute\" \/>\n<script type=\"application\/ld+json\" class=\"yoast-schema-graph\">{\"@context\":\"https:\/\/schema.org\",\"@graph\":[{\"@type\":\"Organization\",\"@id\":\"https:\/\/www.mesvendanges.com\/en\/#organization\",\"name\":\"Mes Vendanges\",\"url\":\"https:\/\/www.mesvendanges.com\/en\/\",\"sameAs\":[],\"logo\":{\"@type\":\"ImageObject\",\"inLanguage\":\"fr-FR\",\"@id\":\"https:\/\/www.mesvendanges.com\/en\/#\/schema\/logo\/image\/\",\"url\":\"https:\/\/www.mesvendanges.com\/wp-content\/uploads\/2022\/02\/logo-mesvendanges.jpg\",\"contentUrl\":\"https:\/\/www.mesvendanges.com\/wp-content\/uploads\/2022\/02\/logo-mesvendanges.jpg\",\"width\":851,\"height\":260,\"caption\":\"Mes Vendanges\"},\"image\":{\"@id\":\"https:\/\/www.mesvendanges.com\/en\/#\/schema\/logo\/image\/\"}},{\"@type\":\"WebSite\",\"@id\":\"https:\/\/www.mesvendanges.com\/en\/#website\",\"url\":\"https:\/\/www.mesvendanges.com\/en\/\",\"name\":\"Mes Vendanges\",\"description\":\"Des journ\u00e9es enti\u00e8res dans les vignes\",\"publisher\":{\"@id\":\"https:\/\/www.mesvendanges.com\/en\/#organization\"},\"potentialAction\":[{\"@type\":\"SearchAction\",\"target\":{\"@type\":\"EntryPoint\",\"urlTemplate\":\"https:\/\/www.mesvendanges.com\/en\/?s={search_term_string}\"},\"query-input\":\"required name=search_term_string\"}],\"inLanguage\":\"fr-FR\"},{\"@type\":\"ImageObject\",\"inLanguage\":\"fr-FR\",\"@id\":\"https:\/\/www.mesvendanges.com\/en\/shop\/wines\/rose-de-gambrinus-framboise-cantillon-2025-75cl\/#primaryimage\",\"url\":\"https:\/\/www.mesvendanges.com\/wp-content\/uploads\/2025\/06\/cantillon-rose-de-gambrinus-framboise-biere-lambic-nm-75cl-effervescent-png.png\",\"contentUrl\":\"https:\/\/www.mesvendanges.com\/wp-content\/uploads\/2025\/06\/cantillon-rose-de-gambrinus-framboise-biere-lambic-nm-75cl-effervescent-png.png\",\"width\":406,\"height\":1500},{\"@type\":\"WebPage\",\"@id\":\"https:\/\/www.mesvendanges.com\/en\/shop\/wines\/rose-de-gambrinus-framboise-cantillon-2025-75cl\/\",\"url\":\"https:\/\/www.mesvendanges.com\/en\/shop\/wines\/rose-de-gambrinus-framboise-cantillon-2025-75cl\/\",\"name\":\"ROSE DE GAMBRINUS (FRAMBOISE) - Mes Vendanges\",\"isPartOf\":{\"@id\":\"https:\/\/www.mesvendanges.com\/en\/#website\"},\"primaryImageOfPage\":{\"@id\":\"https:\/\/www.mesvendanges.com\/en\/shop\/wines\/rose-de-gambrinus-framboise-cantillon-2025-75cl\/#primaryimage\"},\"datePublished\":\"2025-06-24T12:39:20+00:00\",\"dateModified\":\"2026-03-30T12:45:08+00:00\",\"breadcrumb\":{\"@id\":\"https:\/\/www.mesvendanges.com\/en\/shop\/wines\/rose-de-gambrinus-framboise-cantillon-2025-75cl\/#breadcrumb\"},\"inLanguage\":\"fr-FR\",\"potentialAction\":[{\"@type\":\"ReadAction\",\"target\":[\"https:\/\/www.mesvendanges.com\/en\/shop\/wines\/rose-de-gambrinus-framboise-cantillon-2025-75cl\/\"]}]},{\"@type\":\"BreadcrumbList\",\"@id\":\"https:\/\/www.mesvendanges.com\/en\/shop\/wines\/rose-de-gambrinus-framboise-cantillon-2025-75cl\/#breadcrumb\",\"itemListElement\":[{\"@type\":\"ListItem\",\"position\":1,\"name\":\"Home\",\"item\":\"https:\/\/www.mesvendanges.com\/en\/\"},{\"@type\":\"ListItem\",\"position\":2,\"name\":\"Shop\",\"item\":\"https:\/\/www.mesvendanges.com\/en\/shop\/\"},{\"@type\":\"ListItem\",\"position\":3,\"name\":\"ROSE DE GAMBRINUS (FRAMBOISE)\"}]}]}<\/script>\n<!-- \/ Yoast SEO plugin. -->","yoast_head_json":{"title":"ROSE DE GAMBRINUS (FRAMBOISE) - Mes Vendanges","robots":{"index":"index","follow":"follow","max-snippet":"max-snippet:-1","max-image-preview":"max-image-preview:large","max-video-preview":"max-video-preview:-1"},"canonical":"https:\/\/www.mesvendanges.com\/en\/shop\/wines\/rose-de-gambrinus-framboise-cantillon-2025-75cl\/","og_locale":"en_US","og_type":"article","og_title":"ROSE DE GAMBRINUS (FRAMBOISE) - Mes Vendanges","og_description":"Si l&#8217;on peut certifier que la Kriek existe d\u00e9j\u00e0 au 19\u00e9me si\u00e8cle, il est plus difficile de dater l&#8217;apparition de la Framboise-Lambic sur les tables des estaminets bruxellois. Le d\u00e9but du 20\u00e9me si\u00e8cle peut \u00eatre avanc\u00e9 sans risque de se tromper. En effet, Paul Cantillon mentionne \u00e0 l&#8217;inventaire de 1909-1910 un nombre plus \u00e9lev\u00e9 de [&hellip;]","og_url":"https:\/\/www.mesvendanges.com\/en\/shop\/wines\/rose-de-gambrinus-framboise-cantillon-2025-75cl\/","og_site_name":"Mes Vendanges","article_modified_time":"2026-03-30T12:45:08+00:00","og_image":[{"width":406,"height":1500,"url":"https:\/\/www.mesvendanges.com\/wp-content\/uploads\/2025\/06\/cantillon-rose-de-gambrinus-framboise-biere-lambic-nm-75cl-effervescent-png.png","type":"image\/png"}],"twitter_card":"summary_large_image","twitter_misc":{"Est. reading time":"1 minute"},"schema":{"@context":"https:\/\/schema.org","@graph":[{"@type":"Organization","@id":"https:\/\/www.mesvendanges.com\/en\/#organization","name":"Mes Vendanges","url":"https:\/\/www.mesvendanges.com\/en\/","sameAs":[],"logo":{"@type":"ImageObject","inLanguage":"fr-FR","@id":"https:\/\/www.mesvendanges.com\/en\/#\/schema\/logo\/image\/","url":"https:\/\/www.mesvendanges.com\/wp-content\/uploads\/2022\/02\/logo-mesvendanges.jpg","contentUrl":"https:\/\/www.mesvendanges.com\/wp-content\/uploads\/2022\/02\/logo-mesvendanges.jpg","width":851,"height":260,"caption":"Mes Vendanges"},"image":{"@id":"https:\/\/www.mesvendanges.com\/en\/#\/schema\/logo\/image\/"}},{"@type":"WebSite","@id":"https:\/\/www.mesvendanges.com\/en\/#website","url":"https:\/\/www.mesvendanges.com\/en\/","name":"Mes Vendanges","description":"Des journ\u00e9es enti\u00e8res dans les vignes","publisher":{"@id":"https:\/\/www.mesvendanges.com\/en\/#organization"},"potentialAction":[{"@type":"SearchAction","target":{"@type":"EntryPoint","urlTemplate":"https:\/\/www.mesvendanges.com\/en\/?s={search_term_string}"},"query-input":"required name=search_term_string"}],"inLanguage":"fr-FR"},{"@type":"ImageObject","inLanguage":"fr-FR","@id":"https:\/\/www.mesvendanges.com\/en\/shop\/wines\/rose-de-gambrinus-framboise-cantillon-2025-75cl\/#primaryimage","url":"https:\/\/www.mesvendanges.com\/wp-content\/uploads\/2025\/06\/cantillon-rose-de-gambrinus-framboise-biere-lambic-nm-75cl-effervescent-png.png","contentUrl":"https:\/\/www.mesvendanges.com\/wp-content\/uploads\/2025\/06\/cantillon-rose-de-gambrinus-framboise-biere-lambic-nm-75cl-effervescent-png.png","width":406,"height":1500},{"@type":"WebPage","@id":"https:\/\/www.mesvendanges.com\/en\/shop\/wines\/rose-de-gambrinus-framboise-cantillon-2025-75cl\/","url":"https:\/\/www.mesvendanges.com\/en\/shop\/wines\/rose-de-gambrinus-framboise-cantillon-2025-75cl\/","name":"ROSE DE GAMBRINUS (FRAMBOISE) - Mes Vendanges","isPartOf":{"@id":"https:\/\/www.mesvendanges.com\/en\/#website"},"primaryImageOfPage":{"@id":"https:\/\/www.mesvendanges.com\/en\/shop\/wines\/rose-de-gambrinus-framboise-cantillon-2025-75cl\/#primaryimage"},"datePublished":"2025-06-24T12:39:20+00:00","dateModified":"2026-03-30T12:45:08+00:00","breadcrumb":{"@id":"https:\/\/www.mesvendanges.com\/en\/shop\/wines\/rose-de-gambrinus-framboise-cantillon-2025-75cl\/#breadcrumb"},"inLanguage":"fr-FR","potentialAction":[{"@type":"ReadAction","target":["https:\/\/www.mesvendanges.com\/en\/shop\/wines\/rose-de-gambrinus-framboise-cantillon-2025-75cl\/"]}]},{"@type":"BreadcrumbList","@id":"https:\/\/www.mesvendanges.com\/en\/shop\/wines\/rose-de-gambrinus-framboise-cantillon-2025-75cl\/#breadcrumb","itemListElement":[{"@type":"ListItem","position":1,"name":"Home","item":"https:\/\/www.mesvendanges.com\/en\/"},{"@type":"ListItem","position":2,"name":"Shop","item":"https:\/\/www.mesvendanges.com\/en\/shop\/"},{"@type":"ListItem","position":3,"name":"ROSE DE GAMBRINUS (FRAMBOISE)"}]}]}},"_links":{"self":[{"href":"https:\/\/www.mesvendanges.com\/en\/wp-json\/wp\/v2\/product\/88568"}],"collection":[{"href":"https:\/\/www.mesvendanges.com\/en\/wp-json\/wp\/v2\/product"}],"about":[{"href":"https:\/\/www.mesvendanges.com\/en\/wp-json\/wp\/v2\/types\/product"}],"wp:featuredmedia":[{"embeddable":true,"href":"https:\/\/www.mesvendanges.com\/en\/wp-json\/wp\/v2\/media\/88579"}],"wp:attachment":[{"href":"https:\/\/www.mesvendanges.com\/en\/wp-json\/wp\/v2\/media?parent=88568"}],"wp:term":[{"taxonomy":"product_cat","embeddable":true,"href":"https:\/\/www.mesvendanges.com\/en\/wp-json\/wp\/v2\/product_cat?post=88568"},{"taxonomy":"product_tag","embeddable":true,"href":"https:\/\/www.mesvendanges.com\/en\/wp-json\/wp\/v2\/product_tag?post=88568"}],"curies":[{"name":"wp","href":"https:\/\/api.w.org\/{rel}","templated":true}]}}