{"id":88711,"date":"2025-07-22T15:11:34","date_gmt":"2025-07-22T13:11:34","guid":{"rendered":"https:\/\/www.mesvendanges.com\/shop\/uncategorized\/clos-de-lozangere-jean-baptiste-hardy-2023\/"},"modified":"2025-11-21T14:05:38","modified_gmt":"2025-11-21T13:05:38","slug":"clos-de-lozangere-jean-baptiste-hardy-2023-75cl","status":"publish","type":"product","link":"https:\/\/www.mesvendanges.com\/en\/shop\/wines\/clos-de-lozangere-jean-baptiste-hardy-2023-75cl\/","title":{"rendered":"CLOS DE LOZANGERE"},"content":{"rendered":"<p>Le Clos des Lozang\u00e8re de Jean-Baptiste Hardy est issue de s\u00e9l\u00e9ctions massales de melon de bourgogne, plant\u00e9es en 1950. Les sols sont compos\u00e9s de limon sableux sur sous-sol de gabbro. La parcelle est expos\u00e9e au sud.<br \/>\nApr\u00e8s la vendange le vin est vinifi\u00e9 12 mois sur lies avec ses propres levures, en f\u00fbts de 450 litres et en b\u00e9ton. Affinage en cuve souterraine verr\u00e9e pendant 6 mois. Pas de collage ni de filtration.<\/p>\n<p>On retrouve ici tout le talent de Jean-Baptiste, beaucoup de corps, de volume, pour cette cuv\u00e9e tra\u00e7ante. <\/p>\n","protected":false},"excerpt":{"rendered":"<p>Le Clos des Lozang\u00e8re de Jean-Baptiste Hardy est issue de s\u00e9l\u00e9ctions massales de melon de bourgogne, plant\u00e9es en 1950. Les sols sont compos\u00e9s de limon sableux sur sous-sol de gabbro. La parcelle est expos\u00e9e au sud. Apr\u00e8s la vendange le vin est vinifi\u00e9 12 mois sur lies avec ses propres levures, en f\u00fbts de 450 [&hellip;]<\/p>\n","protected":false},"featured_media":88720,"template":"","meta":[],"product_cat":[3740],"product_tag":[],"acf":[],"yoast_head":"<!-- This site is optimized with the Yoast SEO plugin v19.3 - https:\/\/yoast.com\/wordpress\/plugins\/seo\/ -->\n<title>CLOS DE LOZANGERE - Mes Vendanges<\/title>\n<meta name=\"robots\" content=\"index, follow, max-snippet:-1, max-image-preview:large, max-video-preview:-1\" \/>\n<link rel=\"canonical\" href=\"https:\/\/www.mesvendanges.com\/en\/shop\/wines\/clos-de-lozangere-jean-baptiste-hardy-2023-75cl\/\" \/>\n<meta property=\"og:locale\" content=\"en_US\" \/>\n<meta property=\"og:type\" content=\"article\" \/>\n<meta property=\"og:title\" content=\"CLOS DE LOZANGERE - Mes Vendanges\" \/>\n<meta property=\"og:description\" content=\"Le Clos des Lozang\u00e8re de Jean-Baptiste Hardy est issue de s\u00e9l\u00e9ctions massales de melon de bourgogne, plant\u00e9es en 1950. Les sols sont compos\u00e9s de limon sableux sur sous-sol de gabbro. La parcelle est expos\u00e9e au sud. Apr\u00e8s la vendange le vin est vinifi\u00e9 12 mois sur lies avec ses propres levures, en f\u00fbts de 450 [&hellip;]\" \/>\n<meta property=\"og:url\" content=\"https:\/\/www.mesvendanges.com\/en\/shop\/wines\/clos-de-lozangere-jean-baptiste-hardy-2023-75cl\/\" \/>\n<meta property=\"og:site_name\" content=\"Mes Vendanges\" \/>\n<meta property=\"article:modified_time\" content=\"2025-11-21T13:05:38+00:00\" \/>\n<meta property=\"og:image\" content=\"https:\/\/www.mesvendanges.com\/wp-content\/uploads\/2025\/07\/jean-baptiste-hardy-muscadet-clos-lozangere-2022-png.png\" \/>\n\t<meta property=\"og:image:width\" content=\"410\" \/>\n\t<meta property=\"og:image:height\" content=\"1500\" \/>\n\t<meta property=\"og:image:type\" content=\"image\/png\" \/>\n<meta name=\"twitter:card\" content=\"summary_large_image\" \/>\n<script type=\"application\/ld+json\" class=\"yoast-schema-graph\">{\"@context\":\"https:\/\/schema.org\",\"@graph\":[{\"@type\":\"Organization\",\"@id\":\"https:\/\/www.mesvendanges.com\/en\/#organization\",\"name\":\"Mes Vendanges\",\"url\":\"https:\/\/www.mesvendanges.com\/en\/\",\"sameAs\":[],\"logo\":{\"@type\":\"ImageObject\",\"inLanguage\":\"fr-FR\",\"@id\":\"https:\/\/www.mesvendanges.com\/en\/#\/schema\/logo\/image\/\",\"url\":\"https:\/\/www.mesvendanges.com\/wp-content\/uploads\/2022\/02\/logo-mesvendanges.jpg\",\"contentUrl\":\"https:\/\/www.mesvendanges.com\/wp-content\/uploads\/2022\/02\/logo-mesvendanges.jpg\",\"width\":851,\"height\":260,\"caption\":\"Mes Vendanges\"},\"image\":{\"@id\":\"https:\/\/www.mesvendanges.com\/en\/#\/schema\/logo\/image\/\"}},{\"@type\":\"WebSite\",\"@id\":\"https:\/\/www.mesvendanges.com\/en\/#website\",\"url\":\"https:\/\/www.mesvendanges.com\/en\/\",\"name\":\"Mes Vendanges\",\"description\":\"Des journ\u00e9es enti\u00e8res dans les vignes\",\"publisher\":{\"@id\":\"https:\/\/www.mesvendanges.com\/en\/#organization\"},\"potentialAction\":[{\"@type\":\"SearchAction\",\"target\":{\"@type\":\"EntryPoint\",\"urlTemplate\":\"https:\/\/www.mesvendanges.com\/en\/?s={search_term_string}\"},\"query-input\":\"required name=search_term_string\"}],\"inLanguage\":\"fr-FR\"},{\"@type\":\"ImageObject\",\"inLanguage\":\"fr-FR\",\"@id\":\"https:\/\/www.mesvendanges.com\/en\/shop\/wines\/clos-de-lozangere-jean-baptiste-hardy-2023-75cl\/#primaryimage\",\"url\":\"https:\/\/www.mesvendanges.com\/wp-content\/uploads\/2025\/07\/jean-baptiste-hardy-muscadet-clos-lozangere-2022-png.png\",\"contentUrl\":\"https:\/\/www.mesvendanges.com\/wp-content\/uploads\/2025\/07\/jean-baptiste-hardy-muscadet-clos-lozangere-2022-png.png\",\"width\":410,\"height\":1500},{\"@type\":\"WebPage\",\"@id\":\"https:\/\/www.mesvendanges.com\/en\/shop\/wines\/clos-de-lozangere-jean-baptiste-hardy-2023-75cl\/\",\"url\":\"https:\/\/www.mesvendanges.com\/en\/shop\/wines\/clos-de-lozangere-jean-baptiste-hardy-2023-75cl\/\",\"name\":\"CLOS DE LOZANGERE - Mes Vendanges\",\"isPartOf\":{\"@id\":\"https:\/\/www.mesvendanges.com\/en\/#website\"},\"primaryImageOfPage\":{\"@id\":\"https:\/\/www.mesvendanges.com\/en\/shop\/wines\/clos-de-lozangere-jean-baptiste-hardy-2023-75cl\/#primaryimage\"},\"datePublished\":\"2025-07-22T13:11:34+00:00\",\"dateModified\":\"2025-11-21T13:05:38+00:00\",\"breadcrumb\":{\"@id\":\"https:\/\/www.mesvendanges.com\/en\/shop\/wines\/clos-de-lozangere-jean-baptiste-hardy-2023-75cl\/#breadcrumb\"},\"inLanguage\":\"fr-FR\",\"potentialAction\":[{\"@type\":\"ReadAction\",\"target\":[\"https:\/\/www.mesvendanges.com\/en\/shop\/wines\/clos-de-lozangere-jean-baptiste-hardy-2023-75cl\/\"]}]},{\"@type\":\"BreadcrumbList\",\"@id\":\"https:\/\/www.mesvendanges.com\/en\/shop\/wines\/clos-de-lozangere-jean-baptiste-hardy-2023-75cl\/#breadcrumb\",\"itemListElement\":[{\"@type\":\"ListItem\",\"position\":1,\"name\":\"Home\",\"item\":\"https:\/\/www.mesvendanges.com\/en\/\"},{\"@type\":\"ListItem\",\"position\":2,\"name\":\"Shop\",\"item\":\"https:\/\/www.mesvendanges.com\/en\/shop\/\"},{\"@type\":\"ListItem\",\"position\":3,\"name\":\"CLOS DE LOZANGERE\"}]}]}<\/script>\n<!-- \/ Yoast SEO plugin. -->","yoast_head_json":{"title":"CLOS DE LOZANGERE - Mes Vendanges","robots":{"index":"index","follow":"follow","max-snippet":"max-snippet:-1","max-image-preview":"max-image-preview:large","max-video-preview":"max-video-preview:-1"},"canonical":"https:\/\/www.mesvendanges.com\/en\/shop\/wines\/clos-de-lozangere-jean-baptiste-hardy-2023-75cl\/","og_locale":"en_US","og_type":"article","og_title":"CLOS DE LOZANGERE - Mes Vendanges","og_description":"Le Clos des Lozang\u00e8re de Jean-Baptiste Hardy est issue de s\u00e9l\u00e9ctions massales de melon de bourgogne, plant\u00e9es en 1950. Les sols sont compos\u00e9s de limon sableux sur sous-sol de gabbro. La parcelle est expos\u00e9e au sud. Apr\u00e8s la vendange le vin est vinifi\u00e9 12 mois sur lies avec ses propres levures, en f\u00fbts de 450 [&hellip;]","og_url":"https:\/\/www.mesvendanges.com\/en\/shop\/wines\/clos-de-lozangere-jean-baptiste-hardy-2023-75cl\/","og_site_name":"Mes Vendanges","article_modified_time":"2025-11-21T13:05:38+00:00","og_image":[{"width":410,"height":1500,"url":"https:\/\/www.mesvendanges.com\/wp-content\/uploads\/2025\/07\/jean-baptiste-hardy-muscadet-clos-lozangere-2022-png.png","type":"image\/png"}],"twitter_card":"summary_large_image","schema":{"@context":"https:\/\/schema.org","@graph":[{"@type":"Organization","@id":"https:\/\/www.mesvendanges.com\/en\/#organization","name":"Mes Vendanges","url":"https:\/\/www.mesvendanges.com\/en\/","sameAs":[],"logo":{"@type":"ImageObject","inLanguage":"fr-FR","@id":"https:\/\/www.mesvendanges.com\/en\/#\/schema\/logo\/image\/","url":"https:\/\/www.mesvendanges.com\/wp-content\/uploads\/2022\/02\/logo-mesvendanges.jpg","contentUrl":"https:\/\/www.mesvendanges.com\/wp-content\/uploads\/2022\/02\/logo-mesvendanges.jpg","width":851,"height":260,"caption":"Mes Vendanges"},"image":{"@id":"https:\/\/www.mesvendanges.com\/en\/#\/schema\/logo\/image\/"}},{"@type":"WebSite","@id":"https:\/\/www.mesvendanges.com\/en\/#website","url":"https:\/\/www.mesvendanges.com\/en\/","name":"Mes Vendanges","description":"Des journ\u00e9es enti\u00e8res dans les vignes","publisher":{"@id":"https:\/\/www.mesvendanges.com\/en\/#organization"},"potentialAction":[{"@type":"SearchAction","target":{"@type":"EntryPoint","urlTemplate":"https:\/\/www.mesvendanges.com\/en\/?s={search_term_string}"},"query-input":"required name=search_term_string"}],"inLanguage":"fr-FR"},{"@type":"ImageObject","inLanguage":"fr-FR","@id":"https:\/\/www.mesvendanges.com\/en\/shop\/wines\/clos-de-lozangere-jean-baptiste-hardy-2023-75cl\/#primaryimage","url":"https:\/\/www.mesvendanges.com\/wp-content\/uploads\/2025\/07\/jean-baptiste-hardy-muscadet-clos-lozangere-2022-png.png","contentUrl":"https:\/\/www.mesvendanges.com\/wp-content\/uploads\/2025\/07\/jean-baptiste-hardy-muscadet-clos-lozangere-2022-png.png","width":410,"height":1500},{"@type":"WebPage","@id":"https:\/\/www.mesvendanges.com\/en\/shop\/wines\/clos-de-lozangere-jean-baptiste-hardy-2023-75cl\/","url":"https:\/\/www.mesvendanges.com\/en\/shop\/wines\/clos-de-lozangere-jean-baptiste-hardy-2023-75cl\/","name":"CLOS DE LOZANGERE - Mes Vendanges","isPartOf":{"@id":"https:\/\/www.mesvendanges.com\/en\/#website"},"primaryImageOfPage":{"@id":"https:\/\/www.mesvendanges.com\/en\/shop\/wines\/clos-de-lozangere-jean-baptiste-hardy-2023-75cl\/#primaryimage"},"datePublished":"2025-07-22T13:11:34+00:00","dateModified":"2025-11-21T13:05:38+00:00","breadcrumb":{"@id":"https:\/\/www.mesvendanges.com\/en\/shop\/wines\/clos-de-lozangere-jean-baptiste-hardy-2023-75cl\/#breadcrumb"},"inLanguage":"fr-FR","potentialAction":[{"@type":"ReadAction","target":["https:\/\/www.mesvendanges.com\/en\/shop\/wines\/clos-de-lozangere-jean-baptiste-hardy-2023-75cl\/"]}]},{"@type":"BreadcrumbList","@id":"https:\/\/www.mesvendanges.com\/en\/shop\/wines\/clos-de-lozangere-jean-baptiste-hardy-2023-75cl\/#breadcrumb","itemListElement":[{"@type":"ListItem","position":1,"name":"Home","item":"https:\/\/www.mesvendanges.com\/en\/"},{"@type":"ListItem","position":2,"name":"Shop","item":"https:\/\/www.mesvendanges.com\/en\/shop\/"},{"@type":"ListItem","position":3,"name":"CLOS DE LOZANGERE"}]}]}},"_links":{"self":[{"href":"https:\/\/www.mesvendanges.com\/en\/wp-json\/wp\/v2\/product\/88711"}],"collection":[{"href":"https:\/\/www.mesvendanges.com\/en\/wp-json\/wp\/v2\/product"}],"about":[{"href":"https:\/\/www.mesvendanges.com\/en\/wp-json\/wp\/v2\/types\/product"}],"wp:featuredmedia":[{"embeddable":true,"href":"https:\/\/www.mesvendanges.com\/en\/wp-json\/wp\/v2\/media\/88720"}],"wp:attachment":[{"href":"https:\/\/www.mesvendanges.com\/en\/wp-json\/wp\/v2\/media?parent=88711"}],"wp:term":[{"taxonomy":"product_cat","embeddable":true,"href":"https:\/\/www.mesvendanges.com\/en\/wp-json\/wp\/v2\/product_cat?post=88711"},{"taxonomy":"product_tag","embeddable":true,"href":"https:\/\/www.mesvendanges.com\/en\/wp-json\/wp\/v2\/product_tag?post=88711"}],"curies":[{"name":"wp","href":"https:\/\/api.w.org\/{rel}","templated":true}]}}