{"id":89088,"date":"2025-08-27T16:33:03","date_gmt":"2025-08-27T14:33:03","guid":{"rendered":"https:\/\/www.mesvendanges.com\/shop\/uncategorized\/santa-margherita-sm-vino-di-contrada-arianna-occhipinti-2023-75cl\/"},"modified":"2025-08-28T16:19:43","modified_gmt":"2025-08-28T14:19:43","slug":"santa-margherita-sm-vino-di-contrada-arianna-occhipinti-2023-75cl","status":"publish","type":"product","link":"https:\/\/www.mesvendanges.com\/en\/shop\/wines\/santa-margherita-sm-vino-di-contrada-arianna-occhipinti-2023-75cl\/","title":{"rendered":"SANTA MARGHERITA SM VINO DI CONTRADA"},"content":{"rendered":"<p>Santa Margherita est un magnifique terroir \u00e0 490 m\u00e8tres d&#8217;altitude, avec un sol complexe qui se partage sur la c\u00f4te sud avec une pr\u00e9dominance de calcaires sableux, et sur la c\u00f4te nord plus marqu\u00e9e par la pr\u00e9sence de craie. Cette complexit\u00e9 des sols am\u00e8ne un superbe \u00e9quilibre, entre richesse en extrait sec, grande salinit\u00e9, acidit\u00e9 \u00e9lanc\u00e9e. Grand grand blanc m\u00e9dit\u00e9ran\u00e9en.\t<\/p>\n<p>La vendange est connait une courte mac\u00e9ration de 48h avant d&#8217;\u00eatre \u00e9lev\u00e9 12 mois en foudres autrichiens. 2021 est le deuxi\u00e8me mill\u00e9sime.<\/p>\n","protected":false},"excerpt":{"rendered":"<p>Santa Margherita est un magnifique terroir \u00e0 490 m\u00e8tres d&#8217;altitude, avec un sol complexe qui se partage sur la c\u00f4te sud avec une pr\u00e9dominance de calcaires sableux, et sur la c\u00f4te nord plus marqu\u00e9e par la pr\u00e9sence de craie. Cette complexit\u00e9 des sols am\u00e8ne un superbe \u00e9quilibre, entre richesse en extrait sec, grande salinit\u00e9, acidit\u00e9 [&hellip;]<\/p>\n","protected":false},"featured_media":89113,"template":"","meta":[],"product_cat":[3740],"product_tag":[],"acf":[],"yoast_head":"<!-- This site is optimized with the Yoast SEO plugin v19.3 - https:\/\/yoast.com\/wordpress\/plugins\/seo\/ -->\n<title>SANTA MARGHERITA SM VINO DI CONTRADA - Mes Vendanges<\/title>\n<meta name=\"robots\" content=\"index, follow, max-snippet:-1, max-image-preview:large, max-video-preview:-1\" \/>\n<link rel=\"canonical\" href=\"https:\/\/www.mesvendanges.com\/en\/shop\/wines\/santa-margherita-sm-vino-di-contrada-arianna-occhipinti-2023-75cl\/\" \/>\n<meta property=\"og:locale\" content=\"en_US\" \/>\n<meta property=\"og:type\" content=\"article\" \/>\n<meta property=\"og:title\" content=\"SANTA MARGHERITA SM VINO DI CONTRADA - Mes Vendanges\" \/>\n<meta property=\"og:description\" content=\"Santa Margherita est un magnifique terroir \u00e0 490 m\u00e8tres d&#8217;altitude, avec un sol complexe qui se partage sur la c\u00f4te sud avec une pr\u00e9dominance de calcaires sableux, et sur la c\u00f4te nord plus marqu\u00e9e par la pr\u00e9sence de craie. Cette complexit\u00e9 des sols am\u00e8ne un superbe \u00e9quilibre, entre richesse en extrait sec, grande salinit\u00e9, acidit\u00e9 [&hellip;]\" \/>\n<meta property=\"og:url\" content=\"https:\/\/www.mesvendanges.com\/en\/shop\/wines\/santa-margherita-sm-vino-di-contrada-arianna-occhipinti-2023-75cl\/\" \/>\n<meta property=\"og:site_name\" content=\"Mes Vendanges\" \/>\n<meta property=\"article:modified_time\" content=\"2025-08-28T14:19:43+00:00\" \/>\n<meta property=\"og:image\" content=\"https:\/\/www.mesvendanges.com\/wp-content\/uploads\/2025\/08\/arianna-occhipinti-vino-di-contrada-sm-san-margharita-2023-png.png\" \/>\n\t<meta property=\"og:image:width\" content=\"424\" \/>\n\t<meta property=\"og:image:height\" content=\"1500\" \/>\n\t<meta property=\"og:image:type\" content=\"image\/png\" \/>\n<meta name=\"twitter:card\" content=\"summary_large_image\" \/>\n<script type=\"application\/ld+json\" class=\"yoast-schema-graph\">{\"@context\":\"https:\/\/schema.org\",\"@graph\":[{\"@type\":\"Organization\",\"@id\":\"https:\/\/www.mesvendanges.com\/en\/#organization\",\"name\":\"Mes Vendanges\",\"url\":\"https:\/\/www.mesvendanges.com\/en\/\",\"sameAs\":[],\"logo\":{\"@type\":\"ImageObject\",\"inLanguage\":\"fr-FR\",\"@id\":\"https:\/\/www.mesvendanges.com\/en\/#\/schema\/logo\/image\/\",\"url\":\"https:\/\/www.mesvendanges.com\/wp-content\/uploads\/2022\/02\/logo-mesvendanges.jpg\",\"contentUrl\":\"https:\/\/www.mesvendanges.com\/wp-content\/uploads\/2022\/02\/logo-mesvendanges.jpg\",\"width\":851,\"height\":260,\"caption\":\"Mes Vendanges\"},\"image\":{\"@id\":\"https:\/\/www.mesvendanges.com\/en\/#\/schema\/logo\/image\/\"}},{\"@type\":\"WebSite\",\"@id\":\"https:\/\/www.mesvendanges.com\/en\/#website\",\"url\":\"https:\/\/www.mesvendanges.com\/en\/\",\"name\":\"Mes Vendanges\",\"description\":\"Des journ\u00e9es enti\u00e8res dans les vignes\",\"publisher\":{\"@id\":\"https:\/\/www.mesvendanges.com\/en\/#organization\"},\"potentialAction\":[{\"@type\":\"SearchAction\",\"target\":{\"@type\":\"EntryPoint\",\"urlTemplate\":\"https:\/\/www.mesvendanges.com\/en\/?s={search_term_string}\"},\"query-input\":\"required name=search_term_string\"}],\"inLanguage\":\"fr-FR\"},{\"@type\":\"ImageObject\",\"inLanguage\":\"fr-FR\",\"@id\":\"https:\/\/www.mesvendanges.com\/en\/shop\/wines\/santa-margherita-sm-vino-di-contrada-arianna-occhipinti-2023-75cl\/#primaryimage\",\"url\":\"https:\/\/www.mesvendanges.com\/wp-content\/uploads\/2025\/08\/arianna-occhipinti-vino-di-contrada-sm-san-margharita-2023-png.png\",\"contentUrl\":\"https:\/\/www.mesvendanges.com\/wp-content\/uploads\/2025\/08\/arianna-occhipinti-vino-di-contrada-sm-san-margharita-2023-png.png\",\"width\":424,\"height\":1500},{\"@type\":\"WebPage\",\"@id\":\"https:\/\/www.mesvendanges.com\/en\/shop\/wines\/santa-margherita-sm-vino-di-contrada-arianna-occhipinti-2023-75cl\/\",\"url\":\"https:\/\/www.mesvendanges.com\/en\/shop\/wines\/santa-margherita-sm-vino-di-contrada-arianna-occhipinti-2023-75cl\/\",\"name\":\"SANTA MARGHERITA SM VINO DI CONTRADA - Mes Vendanges\",\"isPartOf\":{\"@id\":\"https:\/\/www.mesvendanges.com\/en\/#website\"},\"primaryImageOfPage\":{\"@id\":\"https:\/\/www.mesvendanges.com\/en\/shop\/wines\/santa-margherita-sm-vino-di-contrada-arianna-occhipinti-2023-75cl\/#primaryimage\"},\"datePublished\":\"2025-08-27T14:33:03+00:00\",\"dateModified\":\"2025-08-28T14:19:43+00:00\",\"breadcrumb\":{\"@id\":\"https:\/\/www.mesvendanges.com\/en\/shop\/wines\/santa-margherita-sm-vino-di-contrada-arianna-occhipinti-2023-75cl\/#breadcrumb\"},\"inLanguage\":\"fr-FR\",\"potentialAction\":[{\"@type\":\"ReadAction\",\"target\":[\"https:\/\/www.mesvendanges.com\/en\/shop\/wines\/santa-margherita-sm-vino-di-contrada-arianna-occhipinti-2023-75cl\/\"]}]},{\"@type\":\"BreadcrumbList\",\"@id\":\"https:\/\/www.mesvendanges.com\/en\/shop\/wines\/santa-margherita-sm-vino-di-contrada-arianna-occhipinti-2023-75cl\/#breadcrumb\",\"itemListElement\":[{\"@type\":\"ListItem\",\"position\":1,\"name\":\"Home\",\"item\":\"https:\/\/www.mesvendanges.com\/en\/\"},{\"@type\":\"ListItem\",\"position\":2,\"name\":\"Shop\",\"item\":\"https:\/\/www.mesvendanges.com\/en\/shop\/\"},{\"@type\":\"ListItem\",\"position\":3,\"name\":\"SANTA MARGHERITA SM VINO DI CONTRADA\"}]}]}<\/script>\n<!-- \/ Yoast SEO plugin. -->","yoast_head_json":{"title":"SANTA MARGHERITA SM VINO DI CONTRADA - Mes Vendanges","robots":{"index":"index","follow":"follow","max-snippet":"max-snippet:-1","max-image-preview":"max-image-preview:large","max-video-preview":"max-video-preview:-1"},"canonical":"https:\/\/www.mesvendanges.com\/en\/shop\/wines\/santa-margherita-sm-vino-di-contrada-arianna-occhipinti-2023-75cl\/","og_locale":"en_US","og_type":"article","og_title":"SANTA MARGHERITA SM VINO DI CONTRADA - Mes Vendanges","og_description":"Santa Margherita est un magnifique terroir \u00e0 490 m\u00e8tres d&#8217;altitude, avec un sol complexe qui se partage sur la c\u00f4te sud avec une pr\u00e9dominance de calcaires sableux, et sur la c\u00f4te nord plus marqu\u00e9e par la pr\u00e9sence de craie. Cette complexit\u00e9 des sols am\u00e8ne un superbe \u00e9quilibre, entre richesse en extrait sec, grande salinit\u00e9, acidit\u00e9 [&hellip;]","og_url":"https:\/\/www.mesvendanges.com\/en\/shop\/wines\/santa-margherita-sm-vino-di-contrada-arianna-occhipinti-2023-75cl\/","og_site_name":"Mes Vendanges","article_modified_time":"2025-08-28T14:19:43+00:00","og_image":[{"width":424,"height":1500,"url":"https:\/\/www.mesvendanges.com\/wp-content\/uploads\/2025\/08\/arianna-occhipinti-vino-di-contrada-sm-san-margharita-2023-png.png","type":"image\/png"}],"twitter_card":"summary_large_image","schema":{"@context":"https:\/\/schema.org","@graph":[{"@type":"Organization","@id":"https:\/\/www.mesvendanges.com\/en\/#organization","name":"Mes Vendanges","url":"https:\/\/www.mesvendanges.com\/en\/","sameAs":[],"logo":{"@type":"ImageObject","inLanguage":"fr-FR","@id":"https:\/\/www.mesvendanges.com\/en\/#\/schema\/logo\/image\/","url":"https:\/\/www.mesvendanges.com\/wp-content\/uploads\/2022\/02\/logo-mesvendanges.jpg","contentUrl":"https:\/\/www.mesvendanges.com\/wp-content\/uploads\/2022\/02\/logo-mesvendanges.jpg","width":851,"height":260,"caption":"Mes Vendanges"},"image":{"@id":"https:\/\/www.mesvendanges.com\/en\/#\/schema\/logo\/image\/"}},{"@type":"WebSite","@id":"https:\/\/www.mesvendanges.com\/en\/#website","url":"https:\/\/www.mesvendanges.com\/en\/","name":"Mes Vendanges","description":"Des journ\u00e9es enti\u00e8res dans les vignes","publisher":{"@id":"https:\/\/www.mesvendanges.com\/en\/#organization"},"potentialAction":[{"@type":"SearchAction","target":{"@type":"EntryPoint","urlTemplate":"https:\/\/www.mesvendanges.com\/en\/?s={search_term_string}"},"query-input":"required name=search_term_string"}],"inLanguage":"fr-FR"},{"@type":"ImageObject","inLanguage":"fr-FR","@id":"https:\/\/www.mesvendanges.com\/en\/shop\/wines\/santa-margherita-sm-vino-di-contrada-arianna-occhipinti-2023-75cl\/#primaryimage","url":"https:\/\/www.mesvendanges.com\/wp-content\/uploads\/2025\/08\/arianna-occhipinti-vino-di-contrada-sm-san-margharita-2023-png.png","contentUrl":"https:\/\/www.mesvendanges.com\/wp-content\/uploads\/2025\/08\/arianna-occhipinti-vino-di-contrada-sm-san-margharita-2023-png.png","width":424,"height":1500},{"@type":"WebPage","@id":"https:\/\/www.mesvendanges.com\/en\/shop\/wines\/santa-margherita-sm-vino-di-contrada-arianna-occhipinti-2023-75cl\/","url":"https:\/\/www.mesvendanges.com\/en\/shop\/wines\/santa-margherita-sm-vino-di-contrada-arianna-occhipinti-2023-75cl\/","name":"SANTA MARGHERITA SM VINO DI CONTRADA - Mes Vendanges","isPartOf":{"@id":"https:\/\/www.mesvendanges.com\/en\/#website"},"primaryImageOfPage":{"@id":"https:\/\/www.mesvendanges.com\/en\/shop\/wines\/santa-margherita-sm-vino-di-contrada-arianna-occhipinti-2023-75cl\/#primaryimage"},"datePublished":"2025-08-27T14:33:03+00:00","dateModified":"2025-08-28T14:19:43+00:00","breadcrumb":{"@id":"https:\/\/www.mesvendanges.com\/en\/shop\/wines\/santa-margherita-sm-vino-di-contrada-arianna-occhipinti-2023-75cl\/#breadcrumb"},"inLanguage":"fr-FR","potentialAction":[{"@type":"ReadAction","target":["https:\/\/www.mesvendanges.com\/en\/shop\/wines\/santa-margherita-sm-vino-di-contrada-arianna-occhipinti-2023-75cl\/"]}]},{"@type":"BreadcrumbList","@id":"https:\/\/www.mesvendanges.com\/en\/shop\/wines\/santa-margherita-sm-vino-di-contrada-arianna-occhipinti-2023-75cl\/#breadcrumb","itemListElement":[{"@type":"ListItem","position":1,"name":"Home","item":"https:\/\/www.mesvendanges.com\/en\/"},{"@type":"ListItem","position":2,"name":"Shop","item":"https:\/\/www.mesvendanges.com\/en\/shop\/"},{"@type":"ListItem","position":3,"name":"SANTA MARGHERITA SM VINO DI CONTRADA"}]}]}},"_links":{"self":[{"href":"https:\/\/www.mesvendanges.com\/en\/wp-json\/wp\/v2\/product\/89088"}],"collection":[{"href":"https:\/\/www.mesvendanges.com\/en\/wp-json\/wp\/v2\/product"}],"about":[{"href":"https:\/\/www.mesvendanges.com\/en\/wp-json\/wp\/v2\/types\/product"}],"wp:featuredmedia":[{"embeddable":true,"href":"https:\/\/www.mesvendanges.com\/en\/wp-json\/wp\/v2\/media\/89113"}],"wp:attachment":[{"href":"https:\/\/www.mesvendanges.com\/en\/wp-json\/wp\/v2\/media?parent=89088"}],"wp:term":[{"taxonomy":"product_cat","embeddable":true,"href":"https:\/\/www.mesvendanges.com\/en\/wp-json\/wp\/v2\/product_cat?post=89088"},{"taxonomy":"product_tag","embeddable":true,"href":"https:\/\/www.mesvendanges.com\/en\/wp-json\/wp\/v2\/product_tag?post=89088"}],"curies":[{"name":"wp","href":"https:\/\/api.w.org\/{rel}","templated":true}]}}