{"id":89094,"date":"2025-08-27T16:40:55","date_gmt":"2025-08-27T14:40:55","guid":{"rendered":"https:\/\/www.mesvendanges.com\/shop\/uncategorized\/huile-dolive-de-sicile-gheta-arianna-occhipinti-2024-50cl\/"},"modified":"2026-03-03T12:27:15","modified_gmt":"2026-03-03T11:27:15","slug":"huile-dolive-de-sicile-gheta-arianna-occhipinti-2024-50cl","status":"publish","type":"product","link":"https:\/\/www.mesvendanges.com\/en\/shop\/groceries-and-accessories\/huile-dolive-de-sicile-gheta-arianna-occhipinti-2024-50cl\/","title":{"rendered":"HUILE D&#8217;OLIVE DE SICILE GHETA"},"content":{"rendered":"<p>L&#8217;huile d&#8217;olive Gheta est issue de la vari\u00e9t\u00e9 d&#8217;olive Nocellara del Bellice, provenant d&#8217;une oliveraie situ\u00e9e sur les coteaux de Chiaramonte Gulfi, \u00e0 230 m\u00e8tres d&#8217;altitude. Les oliviers de 80 \u00e0 100 ans y sont plant\u00e9s \u00e0 120 pieds\/ hectares et taill\u00e9s en ombrelle. La r\u00e9colte a lieu en novembre, \u00e0 la main. Les olives sont ensuite press\u00e9es \u00e0 froid et l&#8217;huile mise \u00e0 d\u00e9canter en cuve inox. Cette huile pr\u00e9sente un aspect velout\u00e9, avec un bel \u00e9clat or vert, son parfum est intense, tr\u00e8s frais. C&#8217;est une huile parfaite pour les assaisonnements, ou pour saisir en douceur les aliments.<\/p>\n","protected":false},"excerpt":{"rendered":"<p>L&#8217;huile d&#8217;olive Gheta est issue de la vari\u00e9t\u00e9 d&#8217;olive Nocellara del Bellice, provenant d&#8217;une oliveraie situ\u00e9e sur les coteaux de Chiaramonte Gulfi, \u00e0 230 m\u00e8tres d&#8217;altitude. Les oliviers de 80 \u00e0 100 ans y sont plant\u00e9s \u00e0 120 pieds\/ hectares et taill\u00e9s en ombrelle. La r\u00e9colte a lieu en novembre, \u00e0 la main. Les olives [&hellip;]<\/p>\n","protected":false},"featured_media":25416,"template":"","meta":[],"product_cat":[3741],"product_tag":[],"acf":[],"yoast_head":"<!-- This site is optimized with the Yoast SEO plugin v19.3 - https:\/\/yoast.com\/wordpress\/plugins\/seo\/ -->\n<title>HUILE D&#039;OLIVE DE SICILE GHETA - Mes Vendanges<\/title>\n<meta name=\"robots\" content=\"index, follow, max-snippet:-1, max-image-preview:large, max-video-preview:-1\" \/>\n<link rel=\"canonical\" href=\"https:\/\/www.mesvendanges.com\/en\/shop\/groceries-and-accessories\/huile-dolive-de-sicile-gheta-arianna-occhipinti-2024-50cl\/\" \/>\n<meta property=\"og:locale\" content=\"en_US\" \/>\n<meta property=\"og:type\" content=\"article\" \/>\n<meta property=\"og:title\" content=\"HUILE D&#039;OLIVE DE SICILE GHETA - Mes Vendanges\" \/>\n<meta property=\"og:description\" content=\"L&#8217;huile d&#8217;olive Gheta est issue de la vari\u00e9t\u00e9 d&#8217;olive Nocellara del Bellice, provenant d&#8217;une oliveraie situ\u00e9e sur les coteaux de Chiaramonte Gulfi, \u00e0 230 m\u00e8tres d&#8217;altitude. Les oliviers de 80 \u00e0 100 ans y sont plant\u00e9s \u00e0 120 pieds\/ hectares et taill\u00e9s en ombrelle. La r\u00e9colte a lieu en novembre, \u00e0 la main. Les olives [&hellip;]\" \/>\n<meta property=\"og:url\" content=\"https:\/\/www.mesvendanges.com\/en\/shop\/groceries-and-accessories\/huile-dolive-de-sicile-gheta-arianna-occhipinti-2024-50cl\/\" \/>\n<meta property=\"og:site_name\" content=\"Mes Vendanges\" \/>\n<meta property=\"article:modified_time\" content=\"2026-03-03T11:27:15+00:00\" \/>\n<meta property=\"og:image\" content=\"https:\/\/www.mesvendanges.com\/wp-content\/uploads\/2022\/07\/occhipinti-huile-dolive-de-sicile-gheta-png.png\" \/>\n\t<meta property=\"og:image:width\" content=\"422\" \/>\n\t<meta property=\"og:image:height\" content=\"1500\" \/>\n\t<meta property=\"og:image:type\" content=\"image\/png\" \/>\n<meta name=\"twitter:card\" content=\"summary_large_image\" \/>\n<meta name=\"twitter:label1\" content=\"Est. reading time\" \/>\n\t<meta name=\"twitter:data1\" content=\"1 minute\" \/>\n<script type=\"application\/ld+json\" class=\"yoast-schema-graph\">{\"@context\":\"https:\/\/schema.org\",\"@graph\":[{\"@type\":\"Organization\",\"@id\":\"https:\/\/www.mesvendanges.com\/en\/#organization\",\"name\":\"Mes Vendanges\",\"url\":\"https:\/\/www.mesvendanges.com\/en\/\",\"sameAs\":[],\"logo\":{\"@type\":\"ImageObject\",\"inLanguage\":\"fr-FR\",\"@id\":\"https:\/\/www.mesvendanges.com\/en\/#\/schema\/logo\/image\/\",\"url\":\"https:\/\/www.mesvendanges.com\/wp-content\/uploads\/2022\/02\/logo-mesvendanges.jpg\",\"contentUrl\":\"https:\/\/www.mesvendanges.com\/wp-content\/uploads\/2022\/02\/logo-mesvendanges.jpg\",\"width\":851,\"height\":260,\"caption\":\"Mes Vendanges\"},\"image\":{\"@id\":\"https:\/\/www.mesvendanges.com\/en\/#\/schema\/logo\/image\/\"}},{\"@type\":\"WebSite\",\"@id\":\"https:\/\/www.mesvendanges.com\/en\/#website\",\"url\":\"https:\/\/www.mesvendanges.com\/en\/\",\"name\":\"Mes Vendanges\",\"description\":\"Des journ\u00e9es enti\u00e8res dans les vignes\",\"publisher\":{\"@id\":\"https:\/\/www.mesvendanges.com\/en\/#organization\"},\"potentialAction\":[{\"@type\":\"SearchAction\",\"target\":{\"@type\":\"EntryPoint\",\"urlTemplate\":\"https:\/\/www.mesvendanges.com\/en\/?s={search_term_string}\"},\"query-input\":\"required name=search_term_string\"}],\"inLanguage\":\"fr-FR\"},{\"@type\":\"ImageObject\",\"inLanguage\":\"fr-FR\",\"@id\":\"https:\/\/www.mesvendanges.com\/en\/shop\/groceries-and-accessories\/huile-dolive-de-sicile-gheta-arianna-occhipinti-2024-50cl\/#primaryimage\",\"url\":\"https:\/\/www.mesvendanges.com\/wp-content\/uploads\/2022\/07\/occhipinti-huile-dolive-de-sicile-gheta-png.png\",\"contentUrl\":\"https:\/\/www.mesvendanges.com\/wp-content\/uploads\/2022\/07\/occhipinti-huile-dolive-de-sicile-gheta-png.png\",\"width\":422,\"height\":1500},{\"@type\":\"WebPage\",\"@id\":\"https:\/\/www.mesvendanges.com\/en\/shop\/groceries-and-accessories\/huile-dolive-de-sicile-gheta-arianna-occhipinti-2024-50cl\/\",\"url\":\"https:\/\/www.mesvendanges.com\/en\/shop\/groceries-and-accessories\/huile-dolive-de-sicile-gheta-arianna-occhipinti-2024-50cl\/\",\"name\":\"HUILE D'OLIVE DE SICILE GHETA - Mes Vendanges\",\"isPartOf\":{\"@id\":\"https:\/\/www.mesvendanges.com\/en\/#website\"},\"primaryImageOfPage\":{\"@id\":\"https:\/\/www.mesvendanges.com\/en\/shop\/groceries-and-accessories\/huile-dolive-de-sicile-gheta-arianna-occhipinti-2024-50cl\/#primaryimage\"},\"datePublished\":\"2025-08-27T14:40:55+00:00\",\"dateModified\":\"2026-03-03T11:27:15+00:00\",\"breadcrumb\":{\"@id\":\"https:\/\/www.mesvendanges.com\/en\/shop\/groceries-and-accessories\/huile-dolive-de-sicile-gheta-arianna-occhipinti-2024-50cl\/#breadcrumb\"},\"inLanguage\":\"fr-FR\",\"potentialAction\":[{\"@type\":\"ReadAction\",\"target\":[\"https:\/\/www.mesvendanges.com\/en\/shop\/groceries-and-accessories\/huile-dolive-de-sicile-gheta-arianna-occhipinti-2024-50cl\/\"]}]},{\"@type\":\"BreadcrumbList\",\"@id\":\"https:\/\/www.mesvendanges.com\/en\/shop\/groceries-and-accessories\/huile-dolive-de-sicile-gheta-arianna-occhipinti-2024-50cl\/#breadcrumb\",\"itemListElement\":[{\"@type\":\"ListItem\",\"position\":1,\"name\":\"Home\",\"item\":\"https:\/\/www.mesvendanges.com\/en\/\"},{\"@type\":\"ListItem\",\"position\":2,\"name\":\"Shop\",\"item\":\"https:\/\/www.mesvendanges.com\/en\/shop\/\"},{\"@type\":\"ListItem\",\"position\":3,\"name\":\"HUILE D&#8217;OLIVE DE SICILE GHETA\"}]}]}<\/script>\n<!-- \/ Yoast SEO plugin. -->","yoast_head_json":{"title":"HUILE D'OLIVE DE SICILE GHETA - Mes Vendanges","robots":{"index":"index","follow":"follow","max-snippet":"max-snippet:-1","max-image-preview":"max-image-preview:large","max-video-preview":"max-video-preview:-1"},"canonical":"https:\/\/www.mesvendanges.com\/en\/shop\/groceries-and-accessories\/huile-dolive-de-sicile-gheta-arianna-occhipinti-2024-50cl\/","og_locale":"en_US","og_type":"article","og_title":"HUILE D'OLIVE DE SICILE GHETA - Mes Vendanges","og_description":"L&#8217;huile d&#8217;olive Gheta est issue de la vari\u00e9t\u00e9 d&#8217;olive Nocellara del Bellice, provenant d&#8217;une oliveraie situ\u00e9e sur les coteaux de Chiaramonte Gulfi, \u00e0 230 m\u00e8tres d&#8217;altitude. Les oliviers de 80 \u00e0 100 ans y sont plant\u00e9s \u00e0 120 pieds\/ hectares et taill\u00e9s en ombrelle. La r\u00e9colte a lieu en novembre, \u00e0 la main. Les olives [&hellip;]","og_url":"https:\/\/www.mesvendanges.com\/en\/shop\/groceries-and-accessories\/huile-dolive-de-sicile-gheta-arianna-occhipinti-2024-50cl\/","og_site_name":"Mes Vendanges","article_modified_time":"2026-03-03T11:27:15+00:00","og_image":[{"width":422,"height":1500,"url":"https:\/\/www.mesvendanges.com\/wp-content\/uploads\/2022\/07\/occhipinti-huile-dolive-de-sicile-gheta-png.png","type":"image\/png"}],"twitter_card":"summary_large_image","twitter_misc":{"Est. reading time":"1 minute"},"schema":{"@context":"https:\/\/schema.org","@graph":[{"@type":"Organization","@id":"https:\/\/www.mesvendanges.com\/en\/#organization","name":"Mes Vendanges","url":"https:\/\/www.mesvendanges.com\/en\/","sameAs":[],"logo":{"@type":"ImageObject","inLanguage":"fr-FR","@id":"https:\/\/www.mesvendanges.com\/en\/#\/schema\/logo\/image\/","url":"https:\/\/www.mesvendanges.com\/wp-content\/uploads\/2022\/02\/logo-mesvendanges.jpg","contentUrl":"https:\/\/www.mesvendanges.com\/wp-content\/uploads\/2022\/02\/logo-mesvendanges.jpg","width":851,"height":260,"caption":"Mes Vendanges"},"image":{"@id":"https:\/\/www.mesvendanges.com\/en\/#\/schema\/logo\/image\/"}},{"@type":"WebSite","@id":"https:\/\/www.mesvendanges.com\/en\/#website","url":"https:\/\/www.mesvendanges.com\/en\/","name":"Mes Vendanges","description":"Des journ\u00e9es enti\u00e8res dans les vignes","publisher":{"@id":"https:\/\/www.mesvendanges.com\/en\/#organization"},"potentialAction":[{"@type":"SearchAction","target":{"@type":"EntryPoint","urlTemplate":"https:\/\/www.mesvendanges.com\/en\/?s={search_term_string}"},"query-input":"required name=search_term_string"}],"inLanguage":"fr-FR"},{"@type":"ImageObject","inLanguage":"fr-FR","@id":"https:\/\/www.mesvendanges.com\/en\/shop\/groceries-and-accessories\/huile-dolive-de-sicile-gheta-arianna-occhipinti-2024-50cl\/#primaryimage","url":"https:\/\/www.mesvendanges.com\/wp-content\/uploads\/2022\/07\/occhipinti-huile-dolive-de-sicile-gheta-png.png","contentUrl":"https:\/\/www.mesvendanges.com\/wp-content\/uploads\/2022\/07\/occhipinti-huile-dolive-de-sicile-gheta-png.png","width":422,"height":1500},{"@type":"WebPage","@id":"https:\/\/www.mesvendanges.com\/en\/shop\/groceries-and-accessories\/huile-dolive-de-sicile-gheta-arianna-occhipinti-2024-50cl\/","url":"https:\/\/www.mesvendanges.com\/en\/shop\/groceries-and-accessories\/huile-dolive-de-sicile-gheta-arianna-occhipinti-2024-50cl\/","name":"HUILE D'OLIVE DE SICILE GHETA - Mes Vendanges","isPartOf":{"@id":"https:\/\/www.mesvendanges.com\/en\/#website"},"primaryImageOfPage":{"@id":"https:\/\/www.mesvendanges.com\/en\/shop\/groceries-and-accessories\/huile-dolive-de-sicile-gheta-arianna-occhipinti-2024-50cl\/#primaryimage"},"datePublished":"2025-08-27T14:40:55+00:00","dateModified":"2026-03-03T11:27:15+00:00","breadcrumb":{"@id":"https:\/\/www.mesvendanges.com\/en\/shop\/groceries-and-accessories\/huile-dolive-de-sicile-gheta-arianna-occhipinti-2024-50cl\/#breadcrumb"},"inLanguage":"fr-FR","potentialAction":[{"@type":"ReadAction","target":["https:\/\/www.mesvendanges.com\/en\/shop\/groceries-and-accessories\/huile-dolive-de-sicile-gheta-arianna-occhipinti-2024-50cl\/"]}]},{"@type":"BreadcrumbList","@id":"https:\/\/www.mesvendanges.com\/en\/shop\/groceries-and-accessories\/huile-dolive-de-sicile-gheta-arianna-occhipinti-2024-50cl\/#breadcrumb","itemListElement":[{"@type":"ListItem","position":1,"name":"Home","item":"https:\/\/www.mesvendanges.com\/en\/"},{"@type":"ListItem","position":2,"name":"Shop","item":"https:\/\/www.mesvendanges.com\/en\/shop\/"},{"@type":"ListItem","position":3,"name":"HUILE D&#8217;OLIVE DE SICILE GHETA"}]}]}},"_links":{"self":[{"href":"https:\/\/www.mesvendanges.com\/en\/wp-json\/wp\/v2\/product\/89094"}],"collection":[{"href":"https:\/\/www.mesvendanges.com\/en\/wp-json\/wp\/v2\/product"}],"about":[{"href":"https:\/\/www.mesvendanges.com\/en\/wp-json\/wp\/v2\/types\/product"}],"wp:featuredmedia":[{"embeddable":true,"href":"https:\/\/www.mesvendanges.com\/en\/wp-json\/wp\/v2\/media\/25416"}],"wp:attachment":[{"href":"https:\/\/www.mesvendanges.com\/en\/wp-json\/wp\/v2\/media?parent=89094"}],"wp:term":[{"taxonomy":"product_cat","embeddable":true,"href":"https:\/\/www.mesvendanges.com\/en\/wp-json\/wp\/v2\/product_cat?post=89094"},{"taxonomy":"product_tag","embeddable":true,"href":"https:\/\/www.mesvendanges.com\/en\/wp-json\/wp\/v2\/product_tag?post=89094"}],"curies":[{"name":"wp","href":"https:\/\/api.w.org\/{rel}","templated":true}]}}