{"id":89348,"date":"2025-10-01T17:47:48","date_gmt":"2025-10-01T15:47:48","guid":{"rendered":"https:\/\/www.mesvendanges.com\/shop\/uncategorized\/il-frappato-arianna-occhipinti-2023-75cl\/"},"modified":"2026-03-09T17:06:26","modified_gmt":"2026-03-09T16:06:26","slug":"il-frappato-arianna-occhipinti-2023-75cl","status":"publish","type":"product","link":"https:\/\/www.mesvendanges.com\/en\/shop\/wines\/il-frappato-arianna-occhipinti-2023-75cl\/","title":{"rendered":"IL FRAPPATO"},"content":{"rendered":"<p>Quel beau vin que ce Frappato. Un vin qui pourrait presque nous venir de bourgogne, tant sa constuction se fait autour du d\u00e9li\u00e9 du fruit, de la finesse des ar\u00f4mes de petits fruits rouges du volume sph\u00e9rique de la bouche. Une petite touche d&#8217;un noble v\u00e9g\u00e9tal (ronce, feuille de tabac,&nbsp;poivres) vient complexifier un ensemble d&#8217;une grande buvabilit\u00e9, au toucher de bouche remarquable et si vivant. Viva Sicilia<br \/>\nIl Frappato est issu d&#8217;un c\u00e9page local qui porte le m\u00eame nom: le Frappato. Les vignes sont ag\u00e9es de 40 ans, implant\u00e9es sur un sol de sables rouges et de craie. La vendange est mise \u00e0 fermenter pendant 30 jours puis les jus sont \u00e9lev\u00e9s 14 mois dans des foudres slov\u00e8nes de 25hl.<\/p>\n","protected":false},"excerpt":{"rendered":"<p>Quel beau vin que ce Frappato. Un vin qui pourrait presque nous venir de bourgogne, tant sa constuction se fait autour du d\u00e9li\u00e9 du fruit, de la finesse des ar\u00f4mes de petits fruits rouges du volume sph\u00e9rique de la bouche. Une petite touche d&#8217;un noble v\u00e9g\u00e9tal (ronce, feuille de tabac,&nbsp;poivres) vient complexifier un ensemble d&#8217;une [&hellip;]<\/p>\n","protected":false},"featured_media":89345,"template":"","meta":[],"product_cat":[3740],"product_tag":[],"acf":[],"yoast_head":"<!-- This site is optimized with the Yoast SEO plugin v19.3 - https:\/\/yoast.com\/wordpress\/plugins\/seo\/ -->\n<title>IL FRAPPATO - Mes Vendanges<\/title>\n<meta name=\"robots\" content=\"index, follow, max-snippet:-1, max-image-preview:large, max-video-preview:-1\" \/>\n<link rel=\"canonical\" href=\"https:\/\/www.mesvendanges.com\/en\/shop\/wines\/il-frappato-arianna-occhipinti-2023-75cl\/\" \/>\n<meta property=\"og:locale\" content=\"en_US\" \/>\n<meta property=\"og:type\" content=\"article\" \/>\n<meta property=\"og:title\" content=\"IL FRAPPATO - Mes Vendanges\" \/>\n<meta property=\"og:description\" content=\"Quel beau vin que ce Frappato. Un vin qui pourrait presque nous venir de bourgogne, tant sa constuction se fait autour du d\u00e9li\u00e9 du fruit, de la finesse des ar\u00f4mes de petits fruits rouges du volume sph\u00e9rique de la bouche. Une petite touche d&#8217;un noble v\u00e9g\u00e9tal (ronce, feuille de tabac,&nbsp;poivres) vient complexifier un ensemble d&#8217;une [&hellip;]\" \/>\n<meta property=\"og:url\" content=\"https:\/\/www.mesvendanges.com\/en\/shop\/wines\/il-frappato-arianna-occhipinti-2023-75cl\/\" \/>\n<meta property=\"og:site_name\" content=\"Mes Vendanges\" \/>\n<meta property=\"article:modified_time\" content=\"2026-03-09T16:06:26+00:00\" \/>\n<meta property=\"og:image\" content=\"https:\/\/www.mesvendanges.com\/wp-content\/uploads\/2025\/10\/arianna-occhipinti-il-frappato-2023-png.png\" \/>\n\t<meta property=\"og:image:width\" content=\"469\" \/>\n\t<meta property=\"og:image:height\" content=\"1500\" \/>\n\t<meta property=\"og:image:type\" content=\"image\/png\" \/>\n<meta name=\"twitter:card\" content=\"summary_large_image\" \/>\n<meta name=\"twitter:label1\" content=\"Est. reading time\" \/>\n\t<meta name=\"twitter:data1\" content=\"1 minute\" \/>\n<script type=\"application\/ld+json\" class=\"yoast-schema-graph\">{\"@context\":\"https:\/\/schema.org\",\"@graph\":[{\"@type\":\"Organization\",\"@id\":\"https:\/\/www.mesvendanges.com\/en\/#organization\",\"name\":\"Mes Vendanges\",\"url\":\"https:\/\/www.mesvendanges.com\/en\/\",\"sameAs\":[],\"logo\":{\"@type\":\"ImageObject\",\"inLanguage\":\"fr-FR\",\"@id\":\"https:\/\/www.mesvendanges.com\/en\/#\/schema\/logo\/image\/\",\"url\":\"https:\/\/www.mesvendanges.com\/wp-content\/uploads\/2022\/02\/logo-mesvendanges.jpg\",\"contentUrl\":\"https:\/\/www.mesvendanges.com\/wp-content\/uploads\/2022\/02\/logo-mesvendanges.jpg\",\"width\":851,\"height\":260,\"caption\":\"Mes Vendanges\"},\"image\":{\"@id\":\"https:\/\/www.mesvendanges.com\/en\/#\/schema\/logo\/image\/\"}},{\"@type\":\"WebSite\",\"@id\":\"https:\/\/www.mesvendanges.com\/en\/#website\",\"url\":\"https:\/\/www.mesvendanges.com\/en\/\",\"name\":\"Mes Vendanges\",\"description\":\"Des journ\u00e9es enti\u00e8res dans les vignes\",\"publisher\":{\"@id\":\"https:\/\/www.mesvendanges.com\/en\/#organization\"},\"potentialAction\":[{\"@type\":\"SearchAction\",\"target\":{\"@type\":\"EntryPoint\",\"urlTemplate\":\"https:\/\/www.mesvendanges.com\/en\/?s={search_term_string}\"},\"query-input\":\"required name=search_term_string\"}],\"inLanguage\":\"fr-FR\"},{\"@type\":\"ImageObject\",\"inLanguage\":\"fr-FR\",\"@id\":\"https:\/\/www.mesvendanges.com\/en\/shop\/wines\/il-frappato-arianna-occhipinti-2023-75cl\/#primaryimage\",\"url\":\"https:\/\/www.mesvendanges.com\/wp-content\/uploads\/2025\/10\/arianna-occhipinti-il-frappato-2023-png.png\",\"contentUrl\":\"https:\/\/www.mesvendanges.com\/wp-content\/uploads\/2025\/10\/arianna-occhipinti-il-frappato-2023-png.png\",\"width\":469,\"height\":1500},{\"@type\":\"WebPage\",\"@id\":\"https:\/\/www.mesvendanges.com\/en\/shop\/wines\/il-frappato-arianna-occhipinti-2023-75cl\/\",\"url\":\"https:\/\/www.mesvendanges.com\/en\/shop\/wines\/il-frappato-arianna-occhipinti-2023-75cl\/\",\"name\":\"IL FRAPPATO - Mes Vendanges\",\"isPartOf\":{\"@id\":\"https:\/\/www.mesvendanges.com\/en\/#website\"},\"primaryImageOfPage\":{\"@id\":\"https:\/\/www.mesvendanges.com\/en\/shop\/wines\/il-frappato-arianna-occhipinti-2023-75cl\/#primaryimage\"},\"datePublished\":\"2025-10-01T15:47:48+00:00\",\"dateModified\":\"2026-03-09T16:06:26+00:00\",\"breadcrumb\":{\"@id\":\"https:\/\/www.mesvendanges.com\/en\/shop\/wines\/il-frappato-arianna-occhipinti-2023-75cl\/#breadcrumb\"},\"inLanguage\":\"fr-FR\",\"potentialAction\":[{\"@type\":\"ReadAction\",\"target\":[\"https:\/\/www.mesvendanges.com\/en\/shop\/wines\/il-frappato-arianna-occhipinti-2023-75cl\/\"]}]},{\"@type\":\"BreadcrumbList\",\"@id\":\"https:\/\/www.mesvendanges.com\/en\/shop\/wines\/il-frappato-arianna-occhipinti-2023-75cl\/#breadcrumb\",\"itemListElement\":[{\"@type\":\"ListItem\",\"position\":1,\"name\":\"Home\",\"item\":\"https:\/\/www.mesvendanges.com\/en\/\"},{\"@type\":\"ListItem\",\"position\":2,\"name\":\"Shop\",\"item\":\"https:\/\/www.mesvendanges.com\/en\/shop\/\"},{\"@type\":\"ListItem\",\"position\":3,\"name\":\"IL FRAPPATO\"}]}]}<\/script>\n<!-- \/ Yoast SEO plugin. -->","yoast_head_json":{"title":"IL FRAPPATO - Mes Vendanges","robots":{"index":"index","follow":"follow","max-snippet":"max-snippet:-1","max-image-preview":"max-image-preview:large","max-video-preview":"max-video-preview:-1"},"canonical":"https:\/\/www.mesvendanges.com\/en\/shop\/wines\/il-frappato-arianna-occhipinti-2023-75cl\/","og_locale":"en_US","og_type":"article","og_title":"IL FRAPPATO - Mes Vendanges","og_description":"Quel beau vin que ce Frappato. Un vin qui pourrait presque nous venir de bourgogne, tant sa constuction se fait autour du d\u00e9li\u00e9 du fruit, de la finesse des ar\u00f4mes de petits fruits rouges du volume sph\u00e9rique de la bouche. Une petite touche d&#8217;un noble v\u00e9g\u00e9tal (ronce, feuille de tabac,&nbsp;poivres) vient complexifier un ensemble d&#8217;une [&hellip;]","og_url":"https:\/\/www.mesvendanges.com\/en\/shop\/wines\/il-frappato-arianna-occhipinti-2023-75cl\/","og_site_name":"Mes Vendanges","article_modified_time":"2026-03-09T16:06:26+00:00","og_image":[{"width":469,"height":1500,"url":"https:\/\/www.mesvendanges.com\/wp-content\/uploads\/2025\/10\/arianna-occhipinti-il-frappato-2023-png.png","type":"image\/png"}],"twitter_card":"summary_large_image","twitter_misc":{"Est. reading time":"1 minute"},"schema":{"@context":"https:\/\/schema.org","@graph":[{"@type":"Organization","@id":"https:\/\/www.mesvendanges.com\/en\/#organization","name":"Mes Vendanges","url":"https:\/\/www.mesvendanges.com\/en\/","sameAs":[],"logo":{"@type":"ImageObject","inLanguage":"fr-FR","@id":"https:\/\/www.mesvendanges.com\/en\/#\/schema\/logo\/image\/","url":"https:\/\/www.mesvendanges.com\/wp-content\/uploads\/2022\/02\/logo-mesvendanges.jpg","contentUrl":"https:\/\/www.mesvendanges.com\/wp-content\/uploads\/2022\/02\/logo-mesvendanges.jpg","width":851,"height":260,"caption":"Mes Vendanges"},"image":{"@id":"https:\/\/www.mesvendanges.com\/en\/#\/schema\/logo\/image\/"}},{"@type":"WebSite","@id":"https:\/\/www.mesvendanges.com\/en\/#website","url":"https:\/\/www.mesvendanges.com\/en\/","name":"Mes Vendanges","description":"Des journ\u00e9es enti\u00e8res dans les vignes","publisher":{"@id":"https:\/\/www.mesvendanges.com\/en\/#organization"},"potentialAction":[{"@type":"SearchAction","target":{"@type":"EntryPoint","urlTemplate":"https:\/\/www.mesvendanges.com\/en\/?s={search_term_string}"},"query-input":"required name=search_term_string"}],"inLanguage":"fr-FR"},{"@type":"ImageObject","inLanguage":"fr-FR","@id":"https:\/\/www.mesvendanges.com\/en\/shop\/wines\/il-frappato-arianna-occhipinti-2023-75cl\/#primaryimage","url":"https:\/\/www.mesvendanges.com\/wp-content\/uploads\/2025\/10\/arianna-occhipinti-il-frappato-2023-png.png","contentUrl":"https:\/\/www.mesvendanges.com\/wp-content\/uploads\/2025\/10\/arianna-occhipinti-il-frappato-2023-png.png","width":469,"height":1500},{"@type":"WebPage","@id":"https:\/\/www.mesvendanges.com\/en\/shop\/wines\/il-frappato-arianna-occhipinti-2023-75cl\/","url":"https:\/\/www.mesvendanges.com\/en\/shop\/wines\/il-frappato-arianna-occhipinti-2023-75cl\/","name":"IL FRAPPATO - Mes Vendanges","isPartOf":{"@id":"https:\/\/www.mesvendanges.com\/en\/#website"},"primaryImageOfPage":{"@id":"https:\/\/www.mesvendanges.com\/en\/shop\/wines\/il-frappato-arianna-occhipinti-2023-75cl\/#primaryimage"},"datePublished":"2025-10-01T15:47:48+00:00","dateModified":"2026-03-09T16:06:26+00:00","breadcrumb":{"@id":"https:\/\/www.mesvendanges.com\/en\/shop\/wines\/il-frappato-arianna-occhipinti-2023-75cl\/#breadcrumb"},"inLanguage":"fr-FR","potentialAction":[{"@type":"ReadAction","target":["https:\/\/www.mesvendanges.com\/en\/shop\/wines\/il-frappato-arianna-occhipinti-2023-75cl\/"]}]},{"@type":"BreadcrumbList","@id":"https:\/\/www.mesvendanges.com\/en\/shop\/wines\/il-frappato-arianna-occhipinti-2023-75cl\/#breadcrumb","itemListElement":[{"@type":"ListItem","position":1,"name":"Home","item":"https:\/\/www.mesvendanges.com\/en\/"},{"@type":"ListItem","position":2,"name":"Shop","item":"https:\/\/www.mesvendanges.com\/en\/shop\/"},{"@type":"ListItem","position":3,"name":"IL FRAPPATO"}]}]}},"_links":{"self":[{"href":"https:\/\/www.mesvendanges.com\/en\/wp-json\/wp\/v2\/product\/89348"}],"collection":[{"href":"https:\/\/www.mesvendanges.com\/en\/wp-json\/wp\/v2\/product"}],"about":[{"href":"https:\/\/www.mesvendanges.com\/en\/wp-json\/wp\/v2\/types\/product"}],"wp:featuredmedia":[{"embeddable":true,"href":"https:\/\/www.mesvendanges.com\/en\/wp-json\/wp\/v2\/media\/89345"}],"wp:attachment":[{"href":"https:\/\/www.mesvendanges.com\/en\/wp-json\/wp\/v2\/media?parent=89348"}],"wp:term":[{"taxonomy":"product_cat","embeddable":true,"href":"https:\/\/www.mesvendanges.com\/en\/wp-json\/wp\/v2\/product_cat?post=89348"},{"taxonomy":"product_tag","embeddable":true,"href":"https:\/\/www.mesvendanges.com\/en\/wp-json\/wp\/v2\/product_tag?post=89348"}],"curies":[{"name":"wp","href":"https:\/\/api.w.org\/{rel}","templated":true}]}}