{"id":89356,"date":"2025-10-01T17:53:02","date_gmt":"2025-10-01T15:53:02","guid":{"rendered":"https:\/\/www.mesvendanges.com\/shop\/uncategorized\/sp-68-arianna-occhipinti-2024-75cl\/"},"modified":"2025-11-25T16:00:07","modified_gmt":"2025-11-25T15:00:07","slug":"sp-68-arianna-occhipinti-2024-75cl","status":"publish","type":"product","link":"https:\/\/www.mesvendanges.com\/en\/shop\/wines\/sp-68-arianna-occhipinti-2024-75cl\/","title":{"rendered":"SP 68"},"content":{"rendered":"<p>SP 68 est le nom de la route qui fait le tour de la Sicile, au bord de laquelle se trouve le domaine Occhipinti. Ce nom \u00e9voque bien entendu la Route 66, Jack K\u00e9rouac et les Clochards C\u00e9lestes. Un vin libre, vivant, plein de r\u00e9verie&#8230; Un vin qui signe parfaitement le style du domaine : du volume , du fruit, beaucoup de jus mais toujours de la fraicheur, de la d\u00e9licatesse, beaucoup de sapidite. Des vins qu&#8217;on a au premier abord du mal \u00e0 situer en Sicile tant cette \u00eele nous donne \u00e0 immaginer des vins tanniques, alcooleux en lieu et place de ce vin a\u00e9rien, frais et gourmand ! Bravo Arianna!<br \/>\nCe vin est issu de vignes d&#8217;une quinzaine d&#8217;ann\u00e9es. La vendange est mise \u00e0 fermenter pendant quinze jours, puis les jus sont \u00e9lev\u00e9s 6 mois en cuve b\u00e9ton<\/p>\n","protected":false},"excerpt":{"rendered":"<p>SP 68 est le nom de la route qui fait le tour de la Sicile, au bord de laquelle se trouve le domaine Occhipinti. Ce nom \u00e9voque bien entendu la Route 66, Jack K\u00e9rouac et les Clochards C\u00e9lestes. Un vin libre, vivant, plein de r\u00e9verie&#8230; Un vin qui signe parfaitement le style du domaine : [&hellip;]<\/p>\n","protected":false},"featured_media":89353,"template":"","meta":[],"product_cat":[3740],"product_tag":[],"acf":[],"yoast_head":"<!-- This site is optimized with the Yoast SEO plugin v19.3 - https:\/\/yoast.com\/wordpress\/plugins\/seo\/ -->\n<title>SP 68 - Mes Vendanges<\/title>\n<meta name=\"robots\" content=\"index, follow, max-snippet:-1, max-image-preview:large, max-video-preview:-1\" \/>\n<link rel=\"canonical\" href=\"https:\/\/www.mesvendanges.com\/en\/shop\/wines\/sp-68-arianna-occhipinti-2024-75cl\/\" \/>\n<meta property=\"og:locale\" content=\"en_US\" \/>\n<meta property=\"og:type\" content=\"article\" \/>\n<meta property=\"og:title\" content=\"SP 68 - Mes Vendanges\" \/>\n<meta property=\"og:description\" content=\"SP 68 est le nom de la route qui fait le tour de la Sicile, au bord de laquelle se trouve le domaine Occhipinti. Ce nom \u00e9voque bien entendu la Route 66, Jack K\u00e9rouac et les Clochards C\u00e9lestes. Un vin libre, vivant, plein de r\u00e9verie&#8230; Un vin qui signe parfaitement le style du domaine : [&hellip;]\" \/>\n<meta property=\"og:url\" content=\"https:\/\/www.mesvendanges.com\/en\/shop\/wines\/sp-68-arianna-occhipinti-2024-75cl\/\" \/>\n<meta property=\"og:site_name\" content=\"Mes Vendanges\" \/>\n<meta property=\"article:modified_time\" content=\"2025-11-25T15:00:07+00:00\" \/>\n<meta property=\"og:image\" content=\"https:\/\/www.mesvendanges.com\/wp-content\/uploads\/2025\/10\/arianna-occhipinti-sp68-rosso-2024-png.png\" \/>\n\t<meta property=\"og:image:width\" content=\"425\" \/>\n\t<meta property=\"og:image:height\" content=\"1500\" \/>\n\t<meta property=\"og:image:type\" content=\"image\/png\" \/>\n<meta name=\"twitter:card\" content=\"summary_large_image\" \/>\n<meta name=\"twitter:label1\" content=\"Est. reading time\" \/>\n\t<meta name=\"twitter:data1\" content=\"1 minute\" \/>\n<script type=\"application\/ld+json\" class=\"yoast-schema-graph\">{\"@context\":\"https:\/\/schema.org\",\"@graph\":[{\"@type\":\"Organization\",\"@id\":\"https:\/\/www.mesvendanges.com\/en\/#organization\",\"name\":\"Mes Vendanges\",\"url\":\"https:\/\/www.mesvendanges.com\/en\/\",\"sameAs\":[],\"logo\":{\"@type\":\"ImageObject\",\"inLanguage\":\"fr-FR\",\"@id\":\"https:\/\/www.mesvendanges.com\/en\/#\/schema\/logo\/image\/\",\"url\":\"https:\/\/www.mesvendanges.com\/wp-content\/uploads\/2022\/02\/logo-mesvendanges.jpg\",\"contentUrl\":\"https:\/\/www.mesvendanges.com\/wp-content\/uploads\/2022\/02\/logo-mesvendanges.jpg\",\"width\":851,\"height\":260,\"caption\":\"Mes Vendanges\"},\"image\":{\"@id\":\"https:\/\/www.mesvendanges.com\/en\/#\/schema\/logo\/image\/\"}},{\"@type\":\"WebSite\",\"@id\":\"https:\/\/www.mesvendanges.com\/en\/#website\",\"url\":\"https:\/\/www.mesvendanges.com\/en\/\",\"name\":\"Mes Vendanges\",\"description\":\"Des journ\u00e9es enti\u00e8res dans les vignes\",\"publisher\":{\"@id\":\"https:\/\/www.mesvendanges.com\/en\/#organization\"},\"potentialAction\":[{\"@type\":\"SearchAction\",\"target\":{\"@type\":\"EntryPoint\",\"urlTemplate\":\"https:\/\/www.mesvendanges.com\/en\/?s={search_term_string}\"},\"query-input\":\"required name=search_term_string\"}],\"inLanguage\":\"fr-FR\"},{\"@type\":\"ImageObject\",\"inLanguage\":\"fr-FR\",\"@id\":\"https:\/\/www.mesvendanges.com\/en\/shop\/wines\/sp-68-arianna-occhipinti-2024-75cl\/#primaryimage\",\"url\":\"https:\/\/www.mesvendanges.com\/wp-content\/uploads\/2025\/10\/arianna-occhipinti-sp68-rosso-2024-png.png\",\"contentUrl\":\"https:\/\/www.mesvendanges.com\/wp-content\/uploads\/2025\/10\/arianna-occhipinti-sp68-rosso-2024-png.png\",\"width\":425,\"height\":1500},{\"@type\":\"WebPage\",\"@id\":\"https:\/\/www.mesvendanges.com\/en\/shop\/wines\/sp-68-arianna-occhipinti-2024-75cl\/\",\"url\":\"https:\/\/www.mesvendanges.com\/en\/shop\/wines\/sp-68-arianna-occhipinti-2024-75cl\/\",\"name\":\"SP 68 - Mes Vendanges\",\"isPartOf\":{\"@id\":\"https:\/\/www.mesvendanges.com\/en\/#website\"},\"primaryImageOfPage\":{\"@id\":\"https:\/\/www.mesvendanges.com\/en\/shop\/wines\/sp-68-arianna-occhipinti-2024-75cl\/#primaryimage\"},\"datePublished\":\"2025-10-01T15:53:02+00:00\",\"dateModified\":\"2025-11-25T15:00:07+00:00\",\"breadcrumb\":{\"@id\":\"https:\/\/www.mesvendanges.com\/en\/shop\/wines\/sp-68-arianna-occhipinti-2024-75cl\/#breadcrumb\"},\"inLanguage\":\"fr-FR\",\"potentialAction\":[{\"@type\":\"ReadAction\",\"target\":[\"https:\/\/www.mesvendanges.com\/en\/shop\/wines\/sp-68-arianna-occhipinti-2024-75cl\/\"]}]},{\"@type\":\"BreadcrumbList\",\"@id\":\"https:\/\/www.mesvendanges.com\/en\/shop\/wines\/sp-68-arianna-occhipinti-2024-75cl\/#breadcrumb\",\"itemListElement\":[{\"@type\":\"ListItem\",\"position\":1,\"name\":\"Home\",\"item\":\"https:\/\/www.mesvendanges.com\/en\/\"},{\"@type\":\"ListItem\",\"position\":2,\"name\":\"Shop\",\"item\":\"https:\/\/www.mesvendanges.com\/en\/shop\/\"},{\"@type\":\"ListItem\",\"position\":3,\"name\":\"SP 68\"}]}]}<\/script>\n<!-- \/ Yoast SEO plugin. -->","yoast_head_json":{"title":"SP 68 - Mes Vendanges","robots":{"index":"index","follow":"follow","max-snippet":"max-snippet:-1","max-image-preview":"max-image-preview:large","max-video-preview":"max-video-preview:-1"},"canonical":"https:\/\/www.mesvendanges.com\/en\/shop\/wines\/sp-68-arianna-occhipinti-2024-75cl\/","og_locale":"en_US","og_type":"article","og_title":"SP 68 - Mes Vendanges","og_description":"SP 68 est le nom de la route qui fait le tour de la Sicile, au bord de laquelle se trouve le domaine Occhipinti. Ce nom \u00e9voque bien entendu la Route 66, Jack K\u00e9rouac et les Clochards C\u00e9lestes. Un vin libre, vivant, plein de r\u00e9verie&#8230; Un vin qui signe parfaitement le style du domaine : [&hellip;]","og_url":"https:\/\/www.mesvendanges.com\/en\/shop\/wines\/sp-68-arianna-occhipinti-2024-75cl\/","og_site_name":"Mes Vendanges","article_modified_time":"2025-11-25T15:00:07+00:00","og_image":[{"width":425,"height":1500,"url":"https:\/\/www.mesvendanges.com\/wp-content\/uploads\/2025\/10\/arianna-occhipinti-sp68-rosso-2024-png.png","type":"image\/png"}],"twitter_card":"summary_large_image","twitter_misc":{"Est. reading time":"1 minute"},"schema":{"@context":"https:\/\/schema.org","@graph":[{"@type":"Organization","@id":"https:\/\/www.mesvendanges.com\/en\/#organization","name":"Mes Vendanges","url":"https:\/\/www.mesvendanges.com\/en\/","sameAs":[],"logo":{"@type":"ImageObject","inLanguage":"fr-FR","@id":"https:\/\/www.mesvendanges.com\/en\/#\/schema\/logo\/image\/","url":"https:\/\/www.mesvendanges.com\/wp-content\/uploads\/2022\/02\/logo-mesvendanges.jpg","contentUrl":"https:\/\/www.mesvendanges.com\/wp-content\/uploads\/2022\/02\/logo-mesvendanges.jpg","width":851,"height":260,"caption":"Mes Vendanges"},"image":{"@id":"https:\/\/www.mesvendanges.com\/en\/#\/schema\/logo\/image\/"}},{"@type":"WebSite","@id":"https:\/\/www.mesvendanges.com\/en\/#website","url":"https:\/\/www.mesvendanges.com\/en\/","name":"Mes Vendanges","description":"Des journ\u00e9es enti\u00e8res dans les vignes","publisher":{"@id":"https:\/\/www.mesvendanges.com\/en\/#organization"},"potentialAction":[{"@type":"SearchAction","target":{"@type":"EntryPoint","urlTemplate":"https:\/\/www.mesvendanges.com\/en\/?s={search_term_string}"},"query-input":"required name=search_term_string"}],"inLanguage":"fr-FR"},{"@type":"ImageObject","inLanguage":"fr-FR","@id":"https:\/\/www.mesvendanges.com\/en\/shop\/wines\/sp-68-arianna-occhipinti-2024-75cl\/#primaryimage","url":"https:\/\/www.mesvendanges.com\/wp-content\/uploads\/2025\/10\/arianna-occhipinti-sp68-rosso-2024-png.png","contentUrl":"https:\/\/www.mesvendanges.com\/wp-content\/uploads\/2025\/10\/arianna-occhipinti-sp68-rosso-2024-png.png","width":425,"height":1500},{"@type":"WebPage","@id":"https:\/\/www.mesvendanges.com\/en\/shop\/wines\/sp-68-arianna-occhipinti-2024-75cl\/","url":"https:\/\/www.mesvendanges.com\/en\/shop\/wines\/sp-68-arianna-occhipinti-2024-75cl\/","name":"SP 68 - Mes Vendanges","isPartOf":{"@id":"https:\/\/www.mesvendanges.com\/en\/#website"},"primaryImageOfPage":{"@id":"https:\/\/www.mesvendanges.com\/en\/shop\/wines\/sp-68-arianna-occhipinti-2024-75cl\/#primaryimage"},"datePublished":"2025-10-01T15:53:02+00:00","dateModified":"2025-11-25T15:00:07+00:00","breadcrumb":{"@id":"https:\/\/www.mesvendanges.com\/en\/shop\/wines\/sp-68-arianna-occhipinti-2024-75cl\/#breadcrumb"},"inLanguage":"fr-FR","potentialAction":[{"@type":"ReadAction","target":["https:\/\/www.mesvendanges.com\/en\/shop\/wines\/sp-68-arianna-occhipinti-2024-75cl\/"]}]},{"@type":"BreadcrumbList","@id":"https:\/\/www.mesvendanges.com\/en\/shop\/wines\/sp-68-arianna-occhipinti-2024-75cl\/#breadcrumb","itemListElement":[{"@type":"ListItem","position":1,"name":"Home","item":"https:\/\/www.mesvendanges.com\/en\/"},{"@type":"ListItem","position":2,"name":"Shop","item":"https:\/\/www.mesvendanges.com\/en\/shop\/"},{"@type":"ListItem","position":3,"name":"SP 68"}]}]}},"_links":{"self":[{"href":"https:\/\/www.mesvendanges.com\/en\/wp-json\/wp\/v2\/product\/89356"}],"collection":[{"href":"https:\/\/www.mesvendanges.com\/en\/wp-json\/wp\/v2\/product"}],"about":[{"href":"https:\/\/www.mesvendanges.com\/en\/wp-json\/wp\/v2\/types\/product"}],"wp:featuredmedia":[{"embeddable":true,"href":"https:\/\/www.mesvendanges.com\/en\/wp-json\/wp\/v2\/media\/89353"}],"wp:attachment":[{"href":"https:\/\/www.mesvendanges.com\/en\/wp-json\/wp\/v2\/media?parent=89356"}],"wp:term":[{"taxonomy":"product_cat","embeddable":true,"href":"https:\/\/www.mesvendanges.com\/en\/wp-json\/wp\/v2\/product_cat?post=89356"},{"taxonomy":"product_tag","embeddable":true,"href":"https:\/\/www.mesvendanges.com\/en\/wp-json\/wp\/v2\/product_tag?post=89356"}],"curies":[{"name":"wp","href":"https:\/\/api.w.org\/{rel}","templated":true}]}}