{"id":89381,"date":"2025-10-06T14:41:31","date_gmt":"2025-10-06T12:41:31","guid":{"rendered":"https:\/\/www.mesvendanges.com\/shop\/uncategorized\/life-is-like-a-box-of-chocolats-brasserie-mosaique-75cl\/"},"modified":"2026-01-06T17:25:31","modified_gmt":"2026-01-06T16:25:31","slug":"life-is-like-a-box-of-chocolats-brasserie-mosaique-75cl","status":"publish","type":"product","link":"https:\/\/www.mesvendanges.com\/en\/shop\/wines\/life-is-like-a-box-of-chocolats-brasserie-mosaique-75cl\/","title":{"rendered":"LIFE IS LIKE A BOX OF CHOCOLATS"},"content":{"rendered":"<p>Bi\u00e8re d&#8217;introduction de la Brasserie Mosaique. Pleine de fraicheur, elle r\u00e9jouit par sa finesse et sa digestibilit\u00e9. Bi\u00e8re avec peu d&#8217;amer, construite sur la min\u00e9ralit\u00e9 et l&#8217;acidit\u00e9. De tr\u00e8s belles notes de framboises, voire de fraises, avec une touche florale a\u00e9rienne.<\/p>\n<p>Ingr\u00e9dients (Bio) : Eau de source, Malts : pils, bl\u00e9, melanoide, avoine, seigle,<br \/>\nHoublon : Hallertau Hersbrucker (Noble allemand), Levures : fleur de p\u00eacher, groseille maquereau, tronc de bouleau.<br \/>\n\u00c9levage : Amphore terre cuite, f\u00fbt de ch\u00eane neuf.<br \/>\n8 mois de fermentation + 12 mois de fermentation<br \/>\nen bouteille (2\u00e8me fermentation).<\/p>\n","protected":false},"excerpt":{"rendered":"<p>Bi\u00e8re d&#8217;introduction de la Brasserie Mosaique. Pleine de fraicheur, elle r\u00e9jouit par sa finesse et sa digestibilit\u00e9. Bi\u00e8re avec peu d&#8217;amer, construite sur la min\u00e9ralit\u00e9 et l&#8217;acidit\u00e9. De tr\u00e8s belles notes de framboises, voire de fraises, avec une touche florale a\u00e9rienne. Ingr\u00e9dients (Bio) : Eau de source, Malts : pils, bl\u00e9, melanoide, avoine, seigle, Houblon [&hellip;]<\/p>\n","protected":false},"featured_media":89529,"template":"","meta":[],"product_cat":[3740],"product_tag":[],"acf":[],"yoast_head":"<!-- This site is optimized with the Yoast SEO plugin v19.3 - https:\/\/yoast.com\/wordpress\/plugins\/seo\/ -->\n<title>LIFE IS LIKE A BOX OF CHOCOLATS - Mes Vendanges<\/title>\n<meta name=\"robots\" content=\"index, follow, max-snippet:-1, max-image-preview:large, max-video-preview:-1\" \/>\n<link rel=\"canonical\" href=\"https:\/\/www.mesvendanges.com\/en\/shop\/wines\/life-is-like-a-box-of-chocolats-brasserie-mosaique-75cl\/\" \/>\n<meta property=\"og:locale\" content=\"en_US\" \/>\n<meta property=\"og:type\" content=\"article\" \/>\n<meta property=\"og:title\" content=\"LIFE IS LIKE A BOX OF CHOCOLATS - Mes Vendanges\" \/>\n<meta property=\"og:description\" content=\"Bi\u00e8re d&#8217;introduction de la Brasserie Mosaique. Pleine de fraicheur, elle r\u00e9jouit par sa finesse et sa digestibilit\u00e9. Bi\u00e8re avec peu d&#8217;amer, construite sur la min\u00e9ralit\u00e9 et l&#8217;acidit\u00e9. De tr\u00e8s belles notes de framboises, voire de fraises, avec une touche florale a\u00e9rienne. Ingr\u00e9dients (Bio) : Eau de source, Malts : pils, bl\u00e9, melanoide, avoine, seigle, Houblon [&hellip;]\" \/>\n<meta property=\"og:url\" content=\"https:\/\/www.mesvendanges.com\/en\/shop\/wines\/life-is-like-a-box-of-chocolats-brasserie-mosaique-75cl\/\" \/>\n<meta property=\"og:site_name\" content=\"Mes Vendanges\" \/>\n<meta property=\"article:modified_time\" content=\"2026-01-06T16:25:31+00:00\" \/>\n<meta property=\"og:image\" content=\"https:\/\/www.mesvendanges.com\/wp-content\/uploads\/2025\/10\/brasserie-mosaique-life-is-like-a-box-of-chocolats-png.png\" \/>\n\t<meta property=\"og:image:width\" content=\"480\" \/>\n\t<meta property=\"og:image:height\" content=\"1500\" \/>\n\t<meta property=\"og:image:type\" content=\"image\/png\" \/>\n<meta name=\"twitter:card\" content=\"summary_large_image\" \/>\n<script type=\"application\/ld+json\" class=\"yoast-schema-graph\">{\"@context\":\"https:\/\/schema.org\",\"@graph\":[{\"@type\":\"Organization\",\"@id\":\"https:\/\/www.mesvendanges.com\/en\/#organization\",\"name\":\"Mes Vendanges\",\"url\":\"https:\/\/www.mesvendanges.com\/en\/\",\"sameAs\":[],\"logo\":{\"@type\":\"ImageObject\",\"inLanguage\":\"fr-FR\",\"@id\":\"https:\/\/www.mesvendanges.com\/en\/#\/schema\/logo\/image\/\",\"url\":\"https:\/\/www.mesvendanges.com\/wp-content\/uploads\/2022\/02\/logo-mesvendanges.jpg\",\"contentUrl\":\"https:\/\/www.mesvendanges.com\/wp-content\/uploads\/2022\/02\/logo-mesvendanges.jpg\",\"width\":851,\"height\":260,\"caption\":\"Mes Vendanges\"},\"image\":{\"@id\":\"https:\/\/www.mesvendanges.com\/en\/#\/schema\/logo\/image\/\"}},{\"@type\":\"WebSite\",\"@id\":\"https:\/\/www.mesvendanges.com\/en\/#website\",\"url\":\"https:\/\/www.mesvendanges.com\/en\/\",\"name\":\"Mes Vendanges\",\"description\":\"Des journ\u00e9es enti\u00e8res dans les vignes\",\"publisher\":{\"@id\":\"https:\/\/www.mesvendanges.com\/en\/#organization\"},\"potentialAction\":[{\"@type\":\"SearchAction\",\"target\":{\"@type\":\"EntryPoint\",\"urlTemplate\":\"https:\/\/www.mesvendanges.com\/en\/?s={search_term_string}\"},\"query-input\":\"required name=search_term_string\"}],\"inLanguage\":\"fr-FR\"},{\"@type\":\"ImageObject\",\"inLanguage\":\"fr-FR\",\"@id\":\"https:\/\/www.mesvendanges.com\/en\/shop\/wines\/life-is-like-a-box-of-chocolats-brasserie-mosaique-75cl\/#primaryimage\",\"url\":\"https:\/\/www.mesvendanges.com\/wp-content\/uploads\/2025\/10\/brasserie-mosaique-life-is-like-a-box-of-chocolats-png.png\",\"contentUrl\":\"https:\/\/www.mesvendanges.com\/wp-content\/uploads\/2025\/10\/brasserie-mosaique-life-is-like-a-box-of-chocolats-png.png\",\"width\":480,\"height\":1500},{\"@type\":\"WebPage\",\"@id\":\"https:\/\/www.mesvendanges.com\/en\/shop\/wines\/life-is-like-a-box-of-chocolats-brasserie-mosaique-75cl\/\",\"url\":\"https:\/\/www.mesvendanges.com\/en\/shop\/wines\/life-is-like-a-box-of-chocolats-brasserie-mosaique-75cl\/\",\"name\":\"LIFE IS LIKE A BOX OF CHOCOLATS - Mes Vendanges\",\"isPartOf\":{\"@id\":\"https:\/\/www.mesvendanges.com\/en\/#website\"},\"primaryImageOfPage\":{\"@id\":\"https:\/\/www.mesvendanges.com\/en\/shop\/wines\/life-is-like-a-box-of-chocolats-brasserie-mosaique-75cl\/#primaryimage\"},\"datePublished\":\"2025-10-06T12:41:31+00:00\",\"dateModified\":\"2026-01-06T16:25:31+00:00\",\"breadcrumb\":{\"@id\":\"https:\/\/www.mesvendanges.com\/en\/shop\/wines\/life-is-like-a-box-of-chocolats-brasserie-mosaique-75cl\/#breadcrumb\"},\"inLanguage\":\"fr-FR\",\"potentialAction\":[{\"@type\":\"ReadAction\",\"target\":[\"https:\/\/www.mesvendanges.com\/en\/shop\/wines\/life-is-like-a-box-of-chocolats-brasserie-mosaique-75cl\/\"]}]},{\"@type\":\"BreadcrumbList\",\"@id\":\"https:\/\/www.mesvendanges.com\/en\/shop\/wines\/life-is-like-a-box-of-chocolats-brasserie-mosaique-75cl\/#breadcrumb\",\"itemListElement\":[{\"@type\":\"ListItem\",\"position\":1,\"name\":\"Home\",\"item\":\"https:\/\/www.mesvendanges.com\/en\/\"},{\"@type\":\"ListItem\",\"position\":2,\"name\":\"Shop\",\"item\":\"https:\/\/www.mesvendanges.com\/en\/shop\/\"},{\"@type\":\"ListItem\",\"position\":3,\"name\":\"LIFE IS LIKE A BOX OF CHOCOLATS\"}]}]}<\/script>\n<!-- \/ Yoast SEO plugin. -->","yoast_head_json":{"title":"LIFE IS LIKE A BOX OF CHOCOLATS - Mes Vendanges","robots":{"index":"index","follow":"follow","max-snippet":"max-snippet:-1","max-image-preview":"max-image-preview:large","max-video-preview":"max-video-preview:-1"},"canonical":"https:\/\/www.mesvendanges.com\/en\/shop\/wines\/life-is-like-a-box-of-chocolats-brasserie-mosaique-75cl\/","og_locale":"en_US","og_type":"article","og_title":"LIFE IS LIKE A BOX OF CHOCOLATS - Mes Vendanges","og_description":"Bi\u00e8re d&#8217;introduction de la Brasserie Mosaique. Pleine de fraicheur, elle r\u00e9jouit par sa finesse et sa digestibilit\u00e9. Bi\u00e8re avec peu d&#8217;amer, construite sur la min\u00e9ralit\u00e9 et l&#8217;acidit\u00e9. De tr\u00e8s belles notes de framboises, voire de fraises, avec une touche florale a\u00e9rienne. Ingr\u00e9dients (Bio) : Eau de source, Malts : pils, bl\u00e9, melanoide, avoine, seigle, Houblon [&hellip;]","og_url":"https:\/\/www.mesvendanges.com\/en\/shop\/wines\/life-is-like-a-box-of-chocolats-brasserie-mosaique-75cl\/","og_site_name":"Mes Vendanges","article_modified_time":"2026-01-06T16:25:31+00:00","og_image":[{"width":480,"height":1500,"url":"https:\/\/www.mesvendanges.com\/wp-content\/uploads\/2025\/10\/brasserie-mosaique-life-is-like-a-box-of-chocolats-png.png","type":"image\/png"}],"twitter_card":"summary_large_image","schema":{"@context":"https:\/\/schema.org","@graph":[{"@type":"Organization","@id":"https:\/\/www.mesvendanges.com\/en\/#organization","name":"Mes Vendanges","url":"https:\/\/www.mesvendanges.com\/en\/","sameAs":[],"logo":{"@type":"ImageObject","inLanguage":"fr-FR","@id":"https:\/\/www.mesvendanges.com\/en\/#\/schema\/logo\/image\/","url":"https:\/\/www.mesvendanges.com\/wp-content\/uploads\/2022\/02\/logo-mesvendanges.jpg","contentUrl":"https:\/\/www.mesvendanges.com\/wp-content\/uploads\/2022\/02\/logo-mesvendanges.jpg","width":851,"height":260,"caption":"Mes Vendanges"},"image":{"@id":"https:\/\/www.mesvendanges.com\/en\/#\/schema\/logo\/image\/"}},{"@type":"WebSite","@id":"https:\/\/www.mesvendanges.com\/en\/#website","url":"https:\/\/www.mesvendanges.com\/en\/","name":"Mes Vendanges","description":"Des journ\u00e9es enti\u00e8res dans les vignes","publisher":{"@id":"https:\/\/www.mesvendanges.com\/en\/#organization"},"potentialAction":[{"@type":"SearchAction","target":{"@type":"EntryPoint","urlTemplate":"https:\/\/www.mesvendanges.com\/en\/?s={search_term_string}"},"query-input":"required name=search_term_string"}],"inLanguage":"fr-FR"},{"@type":"ImageObject","inLanguage":"fr-FR","@id":"https:\/\/www.mesvendanges.com\/en\/shop\/wines\/life-is-like-a-box-of-chocolats-brasserie-mosaique-75cl\/#primaryimage","url":"https:\/\/www.mesvendanges.com\/wp-content\/uploads\/2025\/10\/brasserie-mosaique-life-is-like-a-box-of-chocolats-png.png","contentUrl":"https:\/\/www.mesvendanges.com\/wp-content\/uploads\/2025\/10\/brasserie-mosaique-life-is-like-a-box-of-chocolats-png.png","width":480,"height":1500},{"@type":"WebPage","@id":"https:\/\/www.mesvendanges.com\/en\/shop\/wines\/life-is-like-a-box-of-chocolats-brasserie-mosaique-75cl\/","url":"https:\/\/www.mesvendanges.com\/en\/shop\/wines\/life-is-like-a-box-of-chocolats-brasserie-mosaique-75cl\/","name":"LIFE IS LIKE A BOX OF CHOCOLATS - Mes Vendanges","isPartOf":{"@id":"https:\/\/www.mesvendanges.com\/en\/#website"},"primaryImageOfPage":{"@id":"https:\/\/www.mesvendanges.com\/en\/shop\/wines\/life-is-like-a-box-of-chocolats-brasserie-mosaique-75cl\/#primaryimage"},"datePublished":"2025-10-06T12:41:31+00:00","dateModified":"2026-01-06T16:25:31+00:00","breadcrumb":{"@id":"https:\/\/www.mesvendanges.com\/en\/shop\/wines\/life-is-like-a-box-of-chocolats-brasserie-mosaique-75cl\/#breadcrumb"},"inLanguage":"fr-FR","potentialAction":[{"@type":"ReadAction","target":["https:\/\/www.mesvendanges.com\/en\/shop\/wines\/life-is-like-a-box-of-chocolats-brasserie-mosaique-75cl\/"]}]},{"@type":"BreadcrumbList","@id":"https:\/\/www.mesvendanges.com\/en\/shop\/wines\/life-is-like-a-box-of-chocolats-brasserie-mosaique-75cl\/#breadcrumb","itemListElement":[{"@type":"ListItem","position":1,"name":"Home","item":"https:\/\/www.mesvendanges.com\/en\/"},{"@type":"ListItem","position":2,"name":"Shop","item":"https:\/\/www.mesvendanges.com\/en\/shop\/"},{"@type":"ListItem","position":3,"name":"LIFE IS LIKE A BOX OF CHOCOLATS"}]}]}},"_links":{"self":[{"href":"https:\/\/www.mesvendanges.com\/en\/wp-json\/wp\/v2\/product\/89381"}],"collection":[{"href":"https:\/\/www.mesvendanges.com\/en\/wp-json\/wp\/v2\/product"}],"about":[{"href":"https:\/\/www.mesvendanges.com\/en\/wp-json\/wp\/v2\/types\/product"}],"wp:featuredmedia":[{"embeddable":true,"href":"https:\/\/www.mesvendanges.com\/en\/wp-json\/wp\/v2\/media\/89529"}],"wp:attachment":[{"href":"https:\/\/www.mesvendanges.com\/en\/wp-json\/wp\/v2\/media?parent=89381"}],"wp:term":[{"taxonomy":"product_cat","embeddable":true,"href":"https:\/\/www.mesvendanges.com\/en\/wp-json\/wp\/v2\/product_cat?post=89381"},{"taxonomy":"product_tag","embeddable":true,"href":"https:\/\/www.mesvendanges.com\/en\/wp-json\/wp\/v2\/product_tag?post=89381"}],"curies":[{"name":"wp","href":"https:\/\/api.w.org\/{rel}","templated":true}]}}