{"id":89938,"date":"2025-12-11T18:25:56","date_gmt":"2025-12-11T17:25:56","guid":{"rendered":"https:\/\/www.mesvendanges.com\/shop\/uncategorized\/blanc-de-noirs-degorgement-10-2025-magnum-lahaye-champagne-benoit-150cl\/"},"modified":"2025-12-13T16:53:03","modified_gmt":"2025-12-13T15:53:03","slug":"blanc-de-noirs-degorgement-10-2025-magnum-lahaye-champagne-benoit-150cl","status":"publish","type":"product","link":"https:\/\/www.mesvendanges.com\/en\/shop\/wines\/blanc-de-noirs-degorgement-10-2025-magnum-lahaye-champagne-benoit-150cl\/","title":{"rendered":"BLANC DE NOIRS (d\u00e9gorgement 10\/2025) MAGNUM"},"content":{"rendered":"<p>La cuv\u00e9e Blanc de Noirs de Benoit Layahe est issue uniquement de pinots noirs du grand cru Bouzy. Elevage en cuve et en fut pour moiti\u00e9e, c&#8217;est un champagne tr\u00e9s fruit\u00e9, avec une tr\u00e9s belle complexit\u00e9 ar\u00f4matique. Un champagne plein, dont l&#8217;am\u00e9nit\u00e9 nous permet de l&#8217;envisager tout aussi bien \u00e0 l&#8217;ap\u00e9ritif que sur un repas. <\/p>\n","protected":false},"excerpt":{"rendered":"<p>La cuv\u00e9e Blanc de Noirs de Benoit Layahe est issue uniquement de pinots noirs du grand cru Bouzy. Elevage en cuve et en fut pour moiti\u00e9e, c&#8217;est un champagne tr\u00e9s fruit\u00e9, avec une tr\u00e9s belle complexit\u00e9 ar\u00f4matique. Un champagne plein, dont l&#8217;am\u00e9nit\u00e9 nous permet de l&#8217;envisager tout aussi bien \u00e0 l&#8217;ap\u00e9ritif que sur un repas.<\/p>\n","protected":false},"featured_media":82701,"template":"","meta":[],"product_cat":[3740],"product_tag":[],"acf":[],"yoast_head":"<!-- This site is optimized with the Yoast SEO plugin v19.3 - https:\/\/yoast.com\/wordpress\/plugins\/seo\/ -->\n<title>BLANC DE NOIRS (d\u00e9gorgement 10\/2025) MAGNUM - Mes Vendanges<\/title>\n<meta name=\"robots\" content=\"index, follow, max-snippet:-1, max-image-preview:large, max-video-preview:-1\" \/>\n<link rel=\"canonical\" href=\"https:\/\/www.mesvendanges.com\/en\/shop\/wines\/blanc-de-noirs-degorgement-10-2025-magnum-lahaye-champagne-benoit-150cl\/\" \/>\n<meta property=\"og:locale\" content=\"en_US\" \/>\n<meta property=\"og:type\" content=\"article\" \/>\n<meta property=\"og:title\" content=\"BLANC DE NOIRS (d\u00e9gorgement 10\/2025) MAGNUM - Mes Vendanges\" \/>\n<meta property=\"og:description\" content=\"La cuv\u00e9e Blanc de Noirs de Benoit Layahe est issue uniquement de pinots noirs du grand cru Bouzy. Elevage en cuve et en fut pour moiti\u00e9e, c&#8217;est un champagne tr\u00e9s fruit\u00e9, avec une tr\u00e9s belle complexit\u00e9 ar\u00f4matique. Un champagne plein, dont l&#8217;am\u00e9nit\u00e9 nous permet de l&#8217;envisager tout aussi bien \u00e0 l&#8217;ap\u00e9ritif que sur un repas.\" \/>\n<meta property=\"og:url\" content=\"https:\/\/www.mesvendanges.com\/en\/shop\/wines\/blanc-de-noirs-degorgement-10-2025-magnum-lahaye-champagne-benoit-150cl\/\" \/>\n<meta property=\"og:site_name\" content=\"Mes Vendanges\" \/>\n<meta property=\"article:modified_time\" content=\"2025-12-13T15:53:03+00:00\" \/>\n<meta property=\"og:image\" content=\"https:\/\/www.mesvendanges.com\/wp-content\/uploads\/2024\/12\/lahaye-blanc-de-noirs-magnum-champagne-png.png\" \/>\n\t<meta property=\"og:image:width\" content=\"441\" \/>\n\t<meta property=\"og:image:height\" content=\"1500\" \/>\n\t<meta property=\"og:image:type\" content=\"image\/png\" \/>\n<meta name=\"twitter:card\" content=\"summary_large_image\" \/>\n<script type=\"application\/ld+json\" class=\"yoast-schema-graph\">{\"@context\":\"https:\/\/schema.org\",\"@graph\":[{\"@type\":\"Organization\",\"@id\":\"https:\/\/www.mesvendanges.com\/en\/#organization\",\"name\":\"Mes Vendanges\",\"url\":\"https:\/\/www.mesvendanges.com\/en\/\",\"sameAs\":[],\"logo\":{\"@type\":\"ImageObject\",\"inLanguage\":\"fr-FR\",\"@id\":\"https:\/\/www.mesvendanges.com\/en\/#\/schema\/logo\/image\/\",\"url\":\"https:\/\/www.mesvendanges.com\/wp-content\/uploads\/2022\/02\/logo-mesvendanges.jpg\",\"contentUrl\":\"https:\/\/www.mesvendanges.com\/wp-content\/uploads\/2022\/02\/logo-mesvendanges.jpg\",\"width\":851,\"height\":260,\"caption\":\"Mes Vendanges\"},\"image\":{\"@id\":\"https:\/\/www.mesvendanges.com\/en\/#\/schema\/logo\/image\/\"}},{\"@type\":\"WebSite\",\"@id\":\"https:\/\/www.mesvendanges.com\/en\/#website\",\"url\":\"https:\/\/www.mesvendanges.com\/en\/\",\"name\":\"Mes Vendanges\",\"description\":\"Des journ\u00e9es enti\u00e8res dans les vignes\",\"publisher\":{\"@id\":\"https:\/\/www.mesvendanges.com\/en\/#organization\"},\"potentialAction\":[{\"@type\":\"SearchAction\",\"target\":{\"@type\":\"EntryPoint\",\"urlTemplate\":\"https:\/\/www.mesvendanges.com\/en\/?s={search_term_string}\"},\"query-input\":\"required name=search_term_string\"}],\"inLanguage\":\"fr-FR\"},{\"@type\":\"ImageObject\",\"inLanguage\":\"fr-FR\",\"@id\":\"https:\/\/www.mesvendanges.com\/en\/shop\/wines\/blanc-de-noirs-degorgement-10-2025-magnum-lahaye-champagne-benoit-150cl\/#primaryimage\",\"url\":\"https:\/\/www.mesvendanges.com\/wp-content\/uploads\/2024\/12\/lahaye-blanc-de-noirs-magnum-champagne-png.png\",\"contentUrl\":\"https:\/\/www.mesvendanges.com\/wp-content\/uploads\/2024\/12\/lahaye-blanc-de-noirs-magnum-champagne-png.png\",\"width\":441,\"height\":1500},{\"@type\":\"WebPage\",\"@id\":\"https:\/\/www.mesvendanges.com\/en\/shop\/wines\/blanc-de-noirs-degorgement-10-2025-magnum-lahaye-champagne-benoit-150cl\/\",\"url\":\"https:\/\/www.mesvendanges.com\/en\/shop\/wines\/blanc-de-noirs-degorgement-10-2025-magnum-lahaye-champagne-benoit-150cl\/\",\"name\":\"BLANC DE NOIRS (d\u00e9gorgement 10\/2025) MAGNUM - Mes Vendanges\",\"isPartOf\":{\"@id\":\"https:\/\/www.mesvendanges.com\/en\/#website\"},\"primaryImageOfPage\":{\"@id\":\"https:\/\/www.mesvendanges.com\/en\/shop\/wines\/blanc-de-noirs-degorgement-10-2025-magnum-lahaye-champagne-benoit-150cl\/#primaryimage\"},\"datePublished\":\"2025-12-11T17:25:56+00:00\",\"dateModified\":\"2025-12-13T15:53:03+00:00\",\"breadcrumb\":{\"@id\":\"https:\/\/www.mesvendanges.com\/en\/shop\/wines\/blanc-de-noirs-degorgement-10-2025-magnum-lahaye-champagne-benoit-150cl\/#breadcrumb\"},\"inLanguage\":\"fr-FR\",\"potentialAction\":[{\"@type\":\"ReadAction\",\"target\":[\"https:\/\/www.mesvendanges.com\/en\/shop\/wines\/blanc-de-noirs-degorgement-10-2025-magnum-lahaye-champagne-benoit-150cl\/\"]}]},{\"@type\":\"BreadcrumbList\",\"@id\":\"https:\/\/www.mesvendanges.com\/en\/shop\/wines\/blanc-de-noirs-degorgement-10-2025-magnum-lahaye-champagne-benoit-150cl\/#breadcrumb\",\"itemListElement\":[{\"@type\":\"ListItem\",\"position\":1,\"name\":\"Home\",\"item\":\"https:\/\/www.mesvendanges.com\/en\/\"},{\"@type\":\"ListItem\",\"position\":2,\"name\":\"Shop\",\"item\":\"https:\/\/www.mesvendanges.com\/en\/shop\/\"},{\"@type\":\"ListItem\",\"position\":3,\"name\":\"BLANC DE NOIRS (d\u00e9gorgement 10\/2025) MAGNUM\"}]}]}<\/script>\n<!-- \/ Yoast SEO plugin. -->","yoast_head_json":{"title":"BLANC DE NOIRS (d\u00e9gorgement 10\/2025) MAGNUM - Mes Vendanges","robots":{"index":"index","follow":"follow","max-snippet":"max-snippet:-1","max-image-preview":"max-image-preview:large","max-video-preview":"max-video-preview:-1"},"canonical":"https:\/\/www.mesvendanges.com\/en\/shop\/wines\/blanc-de-noirs-degorgement-10-2025-magnum-lahaye-champagne-benoit-150cl\/","og_locale":"en_US","og_type":"article","og_title":"BLANC DE NOIRS (d\u00e9gorgement 10\/2025) MAGNUM - Mes Vendanges","og_description":"La cuv\u00e9e Blanc de Noirs de Benoit Layahe est issue uniquement de pinots noirs du grand cru Bouzy. Elevage en cuve et en fut pour moiti\u00e9e, c&#8217;est un champagne tr\u00e9s fruit\u00e9, avec une tr\u00e9s belle complexit\u00e9 ar\u00f4matique. Un champagne plein, dont l&#8217;am\u00e9nit\u00e9 nous permet de l&#8217;envisager tout aussi bien \u00e0 l&#8217;ap\u00e9ritif que sur un repas.","og_url":"https:\/\/www.mesvendanges.com\/en\/shop\/wines\/blanc-de-noirs-degorgement-10-2025-magnum-lahaye-champagne-benoit-150cl\/","og_site_name":"Mes Vendanges","article_modified_time":"2025-12-13T15:53:03+00:00","og_image":[{"width":441,"height":1500,"url":"https:\/\/www.mesvendanges.com\/wp-content\/uploads\/2024\/12\/lahaye-blanc-de-noirs-magnum-champagne-png.png","type":"image\/png"}],"twitter_card":"summary_large_image","schema":{"@context":"https:\/\/schema.org","@graph":[{"@type":"Organization","@id":"https:\/\/www.mesvendanges.com\/en\/#organization","name":"Mes Vendanges","url":"https:\/\/www.mesvendanges.com\/en\/","sameAs":[],"logo":{"@type":"ImageObject","inLanguage":"fr-FR","@id":"https:\/\/www.mesvendanges.com\/en\/#\/schema\/logo\/image\/","url":"https:\/\/www.mesvendanges.com\/wp-content\/uploads\/2022\/02\/logo-mesvendanges.jpg","contentUrl":"https:\/\/www.mesvendanges.com\/wp-content\/uploads\/2022\/02\/logo-mesvendanges.jpg","width":851,"height":260,"caption":"Mes Vendanges"},"image":{"@id":"https:\/\/www.mesvendanges.com\/en\/#\/schema\/logo\/image\/"}},{"@type":"WebSite","@id":"https:\/\/www.mesvendanges.com\/en\/#website","url":"https:\/\/www.mesvendanges.com\/en\/","name":"Mes Vendanges","description":"Des journ\u00e9es enti\u00e8res dans les vignes","publisher":{"@id":"https:\/\/www.mesvendanges.com\/en\/#organization"},"potentialAction":[{"@type":"SearchAction","target":{"@type":"EntryPoint","urlTemplate":"https:\/\/www.mesvendanges.com\/en\/?s={search_term_string}"},"query-input":"required name=search_term_string"}],"inLanguage":"fr-FR"},{"@type":"ImageObject","inLanguage":"fr-FR","@id":"https:\/\/www.mesvendanges.com\/en\/shop\/wines\/blanc-de-noirs-degorgement-10-2025-magnum-lahaye-champagne-benoit-150cl\/#primaryimage","url":"https:\/\/www.mesvendanges.com\/wp-content\/uploads\/2024\/12\/lahaye-blanc-de-noirs-magnum-champagne-png.png","contentUrl":"https:\/\/www.mesvendanges.com\/wp-content\/uploads\/2024\/12\/lahaye-blanc-de-noirs-magnum-champagne-png.png","width":441,"height":1500},{"@type":"WebPage","@id":"https:\/\/www.mesvendanges.com\/en\/shop\/wines\/blanc-de-noirs-degorgement-10-2025-magnum-lahaye-champagne-benoit-150cl\/","url":"https:\/\/www.mesvendanges.com\/en\/shop\/wines\/blanc-de-noirs-degorgement-10-2025-magnum-lahaye-champagne-benoit-150cl\/","name":"BLANC DE NOIRS (d\u00e9gorgement 10\/2025) MAGNUM - Mes Vendanges","isPartOf":{"@id":"https:\/\/www.mesvendanges.com\/en\/#website"},"primaryImageOfPage":{"@id":"https:\/\/www.mesvendanges.com\/en\/shop\/wines\/blanc-de-noirs-degorgement-10-2025-magnum-lahaye-champagne-benoit-150cl\/#primaryimage"},"datePublished":"2025-12-11T17:25:56+00:00","dateModified":"2025-12-13T15:53:03+00:00","breadcrumb":{"@id":"https:\/\/www.mesvendanges.com\/en\/shop\/wines\/blanc-de-noirs-degorgement-10-2025-magnum-lahaye-champagne-benoit-150cl\/#breadcrumb"},"inLanguage":"fr-FR","potentialAction":[{"@type":"ReadAction","target":["https:\/\/www.mesvendanges.com\/en\/shop\/wines\/blanc-de-noirs-degorgement-10-2025-magnum-lahaye-champagne-benoit-150cl\/"]}]},{"@type":"BreadcrumbList","@id":"https:\/\/www.mesvendanges.com\/en\/shop\/wines\/blanc-de-noirs-degorgement-10-2025-magnum-lahaye-champagne-benoit-150cl\/#breadcrumb","itemListElement":[{"@type":"ListItem","position":1,"name":"Home","item":"https:\/\/www.mesvendanges.com\/en\/"},{"@type":"ListItem","position":2,"name":"Shop","item":"https:\/\/www.mesvendanges.com\/en\/shop\/"},{"@type":"ListItem","position":3,"name":"BLANC DE NOIRS (d\u00e9gorgement 10\/2025) MAGNUM"}]}]}},"_links":{"self":[{"href":"https:\/\/www.mesvendanges.com\/en\/wp-json\/wp\/v2\/product\/89938"}],"collection":[{"href":"https:\/\/www.mesvendanges.com\/en\/wp-json\/wp\/v2\/product"}],"about":[{"href":"https:\/\/www.mesvendanges.com\/en\/wp-json\/wp\/v2\/types\/product"}],"wp:featuredmedia":[{"embeddable":true,"href":"https:\/\/www.mesvendanges.com\/en\/wp-json\/wp\/v2\/media\/82701"}],"wp:attachment":[{"href":"https:\/\/www.mesvendanges.com\/en\/wp-json\/wp\/v2\/media?parent=89938"}],"wp:term":[{"taxonomy":"product_cat","embeddable":true,"href":"https:\/\/www.mesvendanges.com\/en\/wp-json\/wp\/v2\/product_cat?post=89938"},{"taxonomy":"product_tag","embeddable":true,"href":"https:\/\/www.mesvendanges.com\/en\/wp-json\/wp\/v2\/product_tag?post=89938"}],"curies":[{"name":"wp","href":"https:\/\/api.w.org\/{rel}","templated":true}]}}