{"id":89970,"date":"2025-12-12T11:08:47","date_gmt":"2025-12-12T10:08:47","guid":{"rendered":"https:\/\/www.mesvendanges.com\/shop\/uncategorized\/poivre-a-queue-cubebe-de-java-epices-shira\/"},"modified":"2026-03-04T11:02:04","modified_gmt":"2026-03-04T10:02:04","slug":"poivre-a-queue-cubebe-de-java-epices-shira-45gr","status":"publish","type":"product","link":"https:\/\/www.mesvendanges.com\/en\/shop\/groceries-and-accessories\/poivre-a-queue-cubebe-de-java-epices-shira-45gr\/","title":{"rendered":"POIVRE A QUEUE CUBEBE DE JAVA"},"content":{"rendered":"<p>\u00ab Saveur poivr\u00e9e et menthol\u00e9e, le cub\u00e8be est aussi appel\u00e9 &#8220;poivre \u00e0 queue&#8221; \u00bb<\/p>\n<p>Le poivre cub\u00e8be biologique pousse dans un lieu sauvage, au centre de l\u2019\u00eele de Java. Son parfum l\u00e9g\u00e8rement menthol\u00e9 et sucr\u00e9. Une fois \u00e9cras\u00e9, ce sont des effluves d\u2019eucalyptus, de bergamote et de lavande qui nous parviennent. En bouche, ces saveurs laissent rapidement place \u00e0 une chaleur soutenue pour se terminer sur une l\u00e9g\u00e8re amertume. Ces petites baies noires, aussi appel\u00e9es poivre \u00e0 queue, poussent sur des lianes de quelques m\u00e8tres de haut mais qui, \u00e0 l\u2019\u00e9tat sauvage atteignent 20 m\u00e8tres.<\/p>\n<p>Ce poivre cub\u00e8be est cultiv\u00e9 au sein d\u2019une coop\u00e9rative perdue au centre de l\u2019\u00eele, l\u00e0 o\u00f9 la nature y est la plus profonde et la plus sauvage.<\/p>\n<p>Elle regroupe de tout petits producteurs et quelques cueilleurs qui r\u00e9coltent le cub\u00e8be durant les mois d\u2019\u00e9t\u00e9, en juillet et ao\u00fbt, lorsque les baies sont encore vertes, juste avant d\u2019arriver \u00e0 maturit\u00e9. Pour r\u00e9ussir \u00e0 les atteindre, ils doivent monter \u00e0 une vingtaine de m\u00e8tres de hauteur.<br \/>\nUne fois la cueillette finie, les baies sont ensuite mises \u00e0 s\u00e9cher au soleil, puis tri\u00e9es.<\/p>\n<p>Le poivre cub\u00e8be est un poivre tr\u00e8s diff\u00e9rent du poivre \u00ab classique \u00bb et ne peut le remplacer tant il est particulier et intense.<\/p>\n<p>Il se marie tr\u00e8s bien avec des \u0153ufs (poch\u00e9s), du fromage de ch\u00e8vre frais et du fromage blanc. On l\u2019adore dans les currys, les chutneys et la cuisine asiatique. On profite de sa fra\u00eecheur pour la marier avec des agrumes et du melon frais. Il peut \u00eatre un bel atout dans les desserts fruit\u00e9s comme les tartes, les compotes et les confitures.<\/p>\n<p>Le poivre cub\u00e8be s\u2019utilise avec parcimonie et peut \u00eatre m\u00e9lang\u00e9 \u00e0 du poivre classique dans le moulin. \u00c0 moudre le plus tard possible\u2026 id\u00e9alement avant de manger.<\/p>\n","protected":false},"excerpt":{"rendered":"<p>\u00ab Saveur poivr\u00e9e et menthol\u00e9e, le cub\u00e8be est aussi appel\u00e9 &#8220;poivre \u00e0 queue&#8221; \u00bb Le poivre cub\u00e8be biologique pousse dans un lieu sauvage, au centre de l\u2019\u00eele de Java. Son parfum l\u00e9g\u00e8rement menthol\u00e9 et sucr\u00e9. Une fois \u00e9cras\u00e9, ce sont des effluves d\u2019eucalyptus, de bergamote et de lavande qui nous parviennent. En bouche, ces saveurs [&hellip;]<\/p>\n","protected":false},"featured_media":89978,"template":"","meta":[],"product_cat":[3741],"product_tag":[],"acf":[],"yoast_head":"<!-- This site is optimized with the Yoast SEO plugin v19.3 - https:\/\/yoast.com\/wordpress\/plugins\/seo\/ -->\n<title>POIVRE A QUEUE CUBEBE DE JAVA - Mes Vendanges<\/title>\n<meta name=\"robots\" content=\"index, follow, max-snippet:-1, max-image-preview:large, max-video-preview:-1\" \/>\n<link rel=\"canonical\" href=\"https:\/\/www.mesvendanges.com\/en\/shop\/groceries-and-accessories\/poivre-a-queue-cubebe-de-java-epices-shira-45gr\/\" \/>\n<meta property=\"og:locale\" content=\"en_US\" \/>\n<meta property=\"og:type\" content=\"article\" \/>\n<meta property=\"og:title\" content=\"POIVRE A QUEUE CUBEBE DE JAVA - Mes Vendanges\" \/>\n<meta property=\"og:description\" content=\"\u00ab Saveur poivr\u00e9e et menthol\u00e9e, le cub\u00e8be est aussi appel\u00e9 &#8220;poivre \u00e0 queue&#8221; \u00bb Le poivre cub\u00e8be biologique pousse dans un lieu sauvage, au centre de l\u2019\u00eele de Java. Son parfum l\u00e9g\u00e8rement menthol\u00e9 et sucr\u00e9. Une fois \u00e9cras\u00e9, ce sont des effluves d\u2019eucalyptus, de bergamote et de lavande qui nous parviennent. En bouche, ces saveurs [&hellip;]\" \/>\n<meta property=\"og:url\" content=\"https:\/\/www.mesvendanges.com\/en\/shop\/groceries-and-accessories\/poivre-a-queue-cubebe-de-java-epices-shira-45gr\/\" \/>\n<meta property=\"og:site_name\" content=\"Mes Vendanges\" \/>\n<meta property=\"article:modified_time\" content=\"2026-03-04T10:02:04+00:00\" \/>\n<meta name=\"twitter:card\" content=\"summary_large_image\" \/>\n<meta name=\"twitter:label1\" content=\"Est. reading time\" \/>\n\t<meta name=\"twitter:data1\" content=\"2 minutes\" \/>\n<script type=\"application\/ld+json\" class=\"yoast-schema-graph\">{\"@context\":\"https:\/\/schema.org\",\"@graph\":[{\"@type\":\"Organization\",\"@id\":\"https:\/\/www.mesvendanges.com\/en\/#organization\",\"name\":\"Mes Vendanges\",\"url\":\"https:\/\/www.mesvendanges.com\/en\/\",\"sameAs\":[],\"logo\":{\"@type\":\"ImageObject\",\"inLanguage\":\"fr-FR\",\"@id\":\"https:\/\/www.mesvendanges.com\/en\/#\/schema\/logo\/image\/\",\"url\":\"https:\/\/www.mesvendanges.com\/wp-content\/uploads\/2022\/02\/logo-mesvendanges.jpg\",\"contentUrl\":\"https:\/\/www.mesvendanges.com\/wp-content\/uploads\/2022\/02\/logo-mesvendanges.jpg\",\"width\":851,\"height\":260,\"caption\":\"Mes Vendanges\"},\"image\":{\"@id\":\"https:\/\/www.mesvendanges.com\/en\/#\/schema\/logo\/image\/\"}},{\"@type\":\"WebSite\",\"@id\":\"https:\/\/www.mesvendanges.com\/en\/#website\",\"url\":\"https:\/\/www.mesvendanges.com\/en\/\",\"name\":\"Mes Vendanges\",\"description\":\"Des journ\u00e9es enti\u00e8res dans les vignes\",\"publisher\":{\"@id\":\"https:\/\/www.mesvendanges.com\/en\/#organization\"},\"potentialAction\":[{\"@type\":\"SearchAction\",\"target\":{\"@type\":\"EntryPoint\",\"urlTemplate\":\"https:\/\/www.mesvendanges.com\/en\/?s={search_term_string}\"},\"query-input\":\"required name=search_term_string\"}],\"inLanguage\":\"fr-FR\"},{\"@type\":\"ImageObject\",\"inLanguage\":\"fr-FR\",\"@id\":\"https:\/\/www.mesvendanges.com\/en\/shop\/groceries-and-accessories\/poivre-a-queue-cubebe-de-java-epices-shira-45gr\/#primaryimage\",\"url\":\"https:\/\/www.mesvendanges.com\/wp-content\/uploads\/2025\/12\/shira-poivre-cubebe-jpg.jpg\",\"contentUrl\":\"https:\/\/www.mesvendanges.com\/wp-content\/uploads\/2025\/12\/shira-poivre-cubebe-jpg.jpg\",\"width\":1040,\"height\":1040},{\"@type\":\"WebPage\",\"@id\":\"https:\/\/www.mesvendanges.com\/en\/shop\/groceries-and-accessories\/poivre-a-queue-cubebe-de-java-epices-shira-45gr\/\",\"url\":\"https:\/\/www.mesvendanges.com\/en\/shop\/groceries-and-accessories\/poivre-a-queue-cubebe-de-java-epices-shira-45gr\/\",\"name\":\"POIVRE A QUEUE CUBEBE DE JAVA - Mes Vendanges\",\"isPartOf\":{\"@id\":\"https:\/\/www.mesvendanges.com\/en\/#website\"},\"primaryImageOfPage\":{\"@id\":\"https:\/\/www.mesvendanges.com\/en\/shop\/groceries-and-accessories\/poivre-a-queue-cubebe-de-java-epices-shira-45gr\/#primaryimage\"},\"datePublished\":\"2025-12-12T10:08:47+00:00\",\"dateModified\":\"2026-03-04T10:02:04+00:00\",\"breadcrumb\":{\"@id\":\"https:\/\/www.mesvendanges.com\/en\/shop\/groceries-and-accessories\/poivre-a-queue-cubebe-de-java-epices-shira-45gr\/#breadcrumb\"},\"inLanguage\":\"fr-FR\",\"potentialAction\":[{\"@type\":\"ReadAction\",\"target\":[\"https:\/\/www.mesvendanges.com\/en\/shop\/groceries-and-accessories\/poivre-a-queue-cubebe-de-java-epices-shira-45gr\/\"]}]},{\"@type\":\"BreadcrumbList\",\"@id\":\"https:\/\/www.mesvendanges.com\/en\/shop\/groceries-and-accessories\/poivre-a-queue-cubebe-de-java-epices-shira-45gr\/#breadcrumb\",\"itemListElement\":[{\"@type\":\"ListItem\",\"position\":1,\"name\":\"Home\",\"item\":\"https:\/\/www.mesvendanges.com\/en\/\"},{\"@type\":\"ListItem\",\"position\":2,\"name\":\"Shop\",\"item\":\"https:\/\/www.mesvendanges.com\/en\/shop\/\"},{\"@type\":\"ListItem\",\"position\":3,\"name\":\"POIVRE A QUEUE CUBEBE DE JAVA\"}]}]}<\/script>\n<!-- \/ Yoast SEO plugin. -->","yoast_head_json":{"title":"POIVRE A QUEUE CUBEBE DE JAVA - Mes Vendanges","robots":{"index":"index","follow":"follow","max-snippet":"max-snippet:-1","max-image-preview":"max-image-preview:large","max-video-preview":"max-video-preview:-1"},"canonical":"https:\/\/www.mesvendanges.com\/en\/shop\/groceries-and-accessories\/poivre-a-queue-cubebe-de-java-epices-shira-45gr\/","og_locale":"en_US","og_type":"article","og_title":"POIVRE A QUEUE CUBEBE DE JAVA - Mes Vendanges","og_description":"\u00ab Saveur poivr\u00e9e et menthol\u00e9e, le cub\u00e8be est aussi appel\u00e9 &#8220;poivre \u00e0 queue&#8221; \u00bb Le poivre cub\u00e8be biologique pousse dans un lieu sauvage, au centre de l\u2019\u00eele de Java. Son parfum l\u00e9g\u00e8rement menthol\u00e9 et sucr\u00e9. Une fois \u00e9cras\u00e9, ce sont des effluves d\u2019eucalyptus, de bergamote et de lavande qui nous parviennent. En bouche, ces saveurs [&hellip;]","og_url":"https:\/\/www.mesvendanges.com\/en\/shop\/groceries-and-accessories\/poivre-a-queue-cubebe-de-java-epices-shira-45gr\/","og_site_name":"Mes Vendanges","article_modified_time":"2026-03-04T10:02:04+00:00","twitter_card":"summary_large_image","twitter_misc":{"Est. reading time":"2 minutes"},"schema":{"@context":"https:\/\/schema.org","@graph":[{"@type":"Organization","@id":"https:\/\/www.mesvendanges.com\/en\/#organization","name":"Mes Vendanges","url":"https:\/\/www.mesvendanges.com\/en\/","sameAs":[],"logo":{"@type":"ImageObject","inLanguage":"fr-FR","@id":"https:\/\/www.mesvendanges.com\/en\/#\/schema\/logo\/image\/","url":"https:\/\/www.mesvendanges.com\/wp-content\/uploads\/2022\/02\/logo-mesvendanges.jpg","contentUrl":"https:\/\/www.mesvendanges.com\/wp-content\/uploads\/2022\/02\/logo-mesvendanges.jpg","width":851,"height":260,"caption":"Mes Vendanges"},"image":{"@id":"https:\/\/www.mesvendanges.com\/en\/#\/schema\/logo\/image\/"}},{"@type":"WebSite","@id":"https:\/\/www.mesvendanges.com\/en\/#website","url":"https:\/\/www.mesvendanges.com\/en\/","name":"Mes Vendanges","description":"Des journ\u00e9es enti\u00e8res dans les vignes","publisher":{"@id":"https:\/\/www.mesvendanges.com\/en\/#organization"},"potentialAction":[{"@type":"SearchAction","target":{"@type":"EntryPoint","urlTemplate":"https:\/\/www.mesvendanges.com\/en\/?s={search_term_string}"},"query-input":"required name=search_term_string"}],"inLanguage":"fr-FR"},{"@type":"ImageObject","inLanguage":"fr-FR","@id":"https:\/\/www.mesvendanges.com\/en\/shop\/groceries-and-accessories\/poivre-a-queue-cubebe-de-java-epices-shira-45gr\/#primaryimage","url":"https:\/\/www.mesvendanges.com\/wp-content\/uploads\/2025\/12\/shira-poivre-cubebe-jpg.jpg","contentUrl":"https:\/\/www.mesvendanges.com\/wp-content\/uploads\/2025\/12\/shira-poivre-cubebe-jpg.jpg","width":1040,"height":1040},{"@type":"WebPage","@id":"https:\/\/www.mesvendanges.com\/en\/shop\/groceries-and-accessories\/poivre-a-queue-cubebe-de-java-epices-shira-45gr\/","url":"https:\/\/www.mesvendanges.com\/en\/shop\/groceries-and-accessories\/poivre-a-queue-cubebe-de-java-epices-shira-45gr\/","name":"POIVRE A QUEUE CUBEBE DE JAVA - Mes Vendanges","isPartOf":{"@id":"https:\/\/www.mesvendanges.com\/en\/#website"},"primaryImageOfPage":{"@id":"https:\/\/www.mesvendanges.com\/en\/shop\/groceries-and-accessories\/poivre-a-queue-cubebe-de-java-epices-shira-45gr\/#primaryimage"},"datePublished":"2025-12-12T10:08:47+00:00","dateModified":"2026-03-04T10:02:04+00:00","breadcrumb":{"@id":"https:\/\/www.mesvendanges.com\/en\/shop\/groceries-and-accessories\/poivre-a-queue-cubebe-de-java-epices-shira-45gr\/#breadcrumb"},"inLanguage":"fr-FR","potentialAction":[{"@type":"ReadAction","target":["https:\/\/www.mesvendanges.com\/en\/shop\/groceries-and-accessories\/poivre-a-queue-cubebe-de-java-epices-shira-45gr\/"]}]},{"@type":"BreadcrumbList","@id":"https:\/\/www.mesvendanges.com\/en\/shop\/groceries-and-accessories\/poivre-a-queue-cubebe-de-java-epices-shira-45gr\/#breadcrumb","itemListElement":[{"@type":"ListItem","position":1,"name":"Home","item":"https:\/\/www.mesvendanges.com\/en\/"},{"@type":"ListItem","position":2,"name":"Shop","item":"https:\/\/www.mesvendanges.com\/en\/shop\/"},{"@type":"ListItem","position":3,"name":"POIVRE A QUEUE CUBEBE DE JAVA"}]}]}},"_links":{"self":[{"href":"https:\/\/www.mesvendanges.com\/en\/wp-json\/wp\/v2\/product\/89970"}],"collection":[{"href":"https:\/\/www.mesvendanges.com\/en\/wp-json\/wp\/v2\/product"}],"about":[{"href":"https:\/\/www.mesvendanges.com\/en\/wp-json\/wp\/v2\/types\/product"}],"wp:featuredmedia":[{"embeddable":true,"href":"https:\/\/www.mesvendanges.com\/en\/wp-json\/wp\/v2\/media\/89978"}],"wp:attachment":[{"href":"https:\/\/www.mesvendanges.com\/en\/wp-json\/wp\/v2\/media?parent=89970"}],"wp:term":[{"taxonomy":"product_cat","embeddable":true,"href":"https:\/\/www.mesvendanges.com\/en\/wp-json\/wp\/v2\/product_cat?post=89970"},{"taxonomy":"product_tag","embeddable":true,"href":"https:\/\/www.mesvendanges.com\/en\/wp-json\/wp\/v2\/product_tag?post=89970"}],"curies":[{"name":"wp","href":"https:\/\/api.w.org\/{rel}","templated":true}]}}