{"id":90903,"date":"2026-04-21T16:31:43","date_gmt":"2026-04-21T14:31:43","guid":{"rendered":"https:\/\/www.mesvendanges.com\/shop\/uncategorized\/la-grande-jasse-livresse-de-la-comete-2024-75cl\/"},"modified":"2026-04-21T16:37:02","modified_gmt":"2026-04-21T14:37:02","slug":"la-grande-jasse-livresse-de-la-comete-2024-75cl","status":"publish","type":"product","link":"https:\/\/www.mesvendanges.com\/en\/shop\/wines\/la-grande-jasse-livresse-de-la-comete-2024-75cl\/","title":{"rendered":"LA GRANDE JASSE"},"content":{"rendered":"<p>de tr\u00e8s beaux grenaches et cinsaults du Ventoux composent cette d\u00e9licieuse Grande Jasse. Beaucoup de rafinement et de pr\u00e9cision dans le touch\u00e9 de bouche. Un vin qui ne renie pas ses orgines sudistes, avec cet \u00e9clat des alcools sup\u00e9rieurs qui portent la bouche et la d\u00e9lie ! Une r\u00e9ussite<\/p>\n","protected":false},"excerpt":{"rendered":"<p>de tr\u00e8s beaux grenaches et cinsaults du Ventoux composent cette d\u00e9licieuse Grande Jasse. Beaucoup de rafinement et de pr\u00e9cision dans le touch\u00e9 de bouche. Un vin qui ne renie pas ses orgines sudistes, avec cet \u00e9clat des alcools sup\u00e9rieurs qui portent la bouche et la d\u00e9lie ! Une r\u00e9ussite<\/p>\n","protected":false},"featured_media":0,"template":"","meta":[],"product_cat":[3740],"product_tag":[],"acf":[],"yoast_head":"<!-- This site is optimized with the Yoast SEO plugin v19.3 - https:\/\/yoast.com\/wordpress\/plugins\/seo\/ -->\n<title>LA GRANDE JASSE - Mes Vendanges<\/title>\n<meta name=\"robots\" content=\"index, follow, max-snippet:-1, max-image-preview:large, max-video-preview:-1\" \/>\n<link rel=\"canonical\" href=\"https:\/\/www.mesvendanges.com\/en\/shop\/wines\/la-grande-jasse-livresse-de-la-comete-2024-75cl\/\" \/>\n<meta property=\"og:locale\" content=\"en_US\" \/>\n<meta property=\"og:type\" content=\"article\" \/>\n<meta property=\"og:title\" content=\"LA GRANDE JASSE - Mes Vendanges\" \/>\n<meta property=\"og:description\" content=\"de tr\u00e8s beaux grenaches et cinsaults du Ventoux composent cette d\u00e9licieuse Grande Jasse. Beaucoup de rafinement et de pr\u00e9cision dans le touch\u00e9 de bouche. Un vin qui ne renie pas ses orgines sudistes, avec cet \u00e9clat des alcools sup\u00e9rieurs qui portent la bouche et la d\u00e9lie ! Une r\u00e9ussite\" \/>\n<meta property=\"og:url\" content=\"https:\/\/www.mesvendanges.com\/en\/shop\/wines\/la-grande-jasse-livresse-de-la-comete-2024-75cl\/\" \/>\n<meta property=\"og:site_name\" content=\"Mes Vendanges\" \/>\n<meta property=\"article:modified_time\" content=\"2026-04-21T14:37:02+00:00\" \/>\n<meta name=\"twitter:card\" content=\"summary_large_image\" \/>\n<script type=\"application\/ld+json\" class=\"yoast-schema-graph\">{\"@context\":\"https:\/\/schema.org\",\"@graph\":[{\"@type\":\"Organization\",\"@id\":\"https:\/\/www.mesvendanges.com\/en\/#organization\",\"name\":\"Mes Vendanges\",\"url\":\"https:\/\/www.mesvendanges.com\/en\/\",\"sameAs\":[],\"logo\":{\"@type\":\"ImageObject\",\"inLanguage\":\"fr-FR\",\"@id\":\"https:\/\/www.mesvendanges.com\/en\/#\/schema\/logo\/image\/\",\"url\":\"https:\/\/www.mesvendanges.com\/wp-content\/uploads\/2022\/02\/logo-mesvendanges.jpg\",\"contentUrl\":\"https:\/\/www.mesvendanges.com\/wp-content\/uploads\/2022\/02\/logo-mesvendanges.jpg\",\"width\":851,\"height\":260,\"caption\":\"Mes Vendanges\"},\"image\":{\"@id\":\"https:\/\/www.mesvendanges.com\/en\/#\/schema\/logo\/image\/\"}},{\"@type\":\"WebSite\",\"@id\":\"https:\/\/www.mesvendanges.com\/en\/#website\",\"url\":\"https:\/\/www.mesvendanges.com\/en\/\",\"name\":\"Mes Vendanges\",\"description\":\"Des journ\u00e9es enti\u00e8res dans les vignes\",\"publisher\":{\"@id\":\"https:\/\/www.mesvendanges.com\/en\/#organization\"},\"potentialAction\":[{\"@type\":\"SearchAction\",\"target\":{\"@type\":\"EntryPoint\",\"urlTemplate\":\"https:\/\/www.mesvendanges.com\/en\/?s={search_term_string}\"},\"query-input\":\"required name=search_term_string\"}],\"inLanguage\":\"fr-FR\"},{\"@type\":\"WebPage\",\"@id\":\"https:\/\/www.mesvendanges.com\/en\/shop\/wines\/la-grande-jasse-livresse-de-la-comete-2024-75cl\/\",\"url\":\"https:\/\/www.mesvendanges.com\/en\/shop\/wines\/la-grande-jasse-livresse-de-la-comete-2024-75cl\/\",\"name\":\"LA GRANDE JASSE - Mes Vendanges\",\"isPartOf\":{\"@id\":\"https:\/\/www.mesvendanges.com\/en\/#website\"},\"datePublished\":\"2026-04-21T14:31:43+00:00\",\"dateModified\":\"2026-04-21T14:37:02+00:00\",\"breadcrumb\":{\"@id\":\"https:\/\/www.mesvendanges.com\/en\/shop\/wines\/la-grande-jasse-livresse-de-la-comete-2024-75cl\/#breadcrumb\"},\"inLanguage\":\"fr-FR\",\"potentialAction\":[{\"@type\":\"ReadAction\",\"target\":[\"https:\/\/www.mesvendanges.com\/en\/shop\/wines\/la-grande-jasse-livresse-de-la-comete-2024-75cl\/\"]}]},{\"@type\":\"BreadcrumbList\",\"@id\":\"https:\/\/www.mesvendanges.com\/en\/shop\/wines\/la-grande-jasse-livresse-de-la-comete-2024-75cl\/#breadcrumb\",\"itemListElement\":[{\"@type\":\"ListItem\",\"position\":1,\"name\":\"Home\",\"item\":\"https:\/\/www.mesvendanges.com\/en\/\"},{\"@type\":\"ListItem\",\"position\":2,\"name\":\"Shop\",\"item\":\"https:\/\/www.mesvendanges.com\/en\/shop\/\"},{\"@type\":\"ListItem\",\"position\":3,\"name\":\"LA GRANDE JASSE\"}]}]}<\/script>\n<!-- \/ Yoast SEO plugin. -->","yoast_head_json":{"title":"LA GRANDE JASSE - Mes Vendanges","robots":{"index":"index","follow":"follow","max-snippet":"max-snippet:-1","max-image-preview":"max-image-preview:large","max-video-preview":"max-video-preview:-1"},"canonical":"https:\/\/www.mesvendanges.com\/en\/shop\/wines\/la-grande-jasse-livresse-de-la-comete-2024-75cl\/","og_locale":"en_US","og_type":"article","og_title":"LA GRANDE JASSE - Mes Vendanges","og_description":"de tr\u00e8s beaux grenaches et cinsaults du Ventoux composent cette d\u00e9licieuse Grande Jasse. Beaucoup de rafinement et de pr\u00e9cision dans le touch\u00e9 de bouche. Un vin qui ne renie pas ses orgines sudistes, avec cet \u00e9clat des alcools sup\u00e9rieurs qui portent la bouche et la d\u00e9lie ! Une r\u00e9ussite","og_url":"https:\/\/www.mesvendanges.com\/en\/shop\/wines\/la-grande-jasse-livresse-de-la-comete-2024-75cl\/","og_site_name":"Mes Vendanges","article_modified_time":"2026-04-21T14:37:02+00:00","twitter_card":"summary_large_image","schema":{"@context":"https:\/\/schema.org","@graph":[{"@type":"Organization","@id":"https:\/\/www.mesvendanges.com\/en\/#organization","name":"Mes Vendanges","url":"https:\/\/www.mesvendanges.com\/en\/","sameAs":[],"logo":{"@type":"ImageObject","inLanguage":"fr-FR","@id":"https:\/\/www.mesvendanges.com\/en\/#\/schema\/logo\/image\/","url":"https:\/\/www.mesvendanges.com\/wp-content\/uploads\/2022\/02\/logo-mesvendanges.jpg","contentUrl":"https:\/\/www.mesvendanges.com\/wp-content\/uploads\/2022\/02\/logo-mesvendanges.jpg","width":851,"height":260,"caption":"Mes Vendanges"},"image":{"@id":"https:\/\/www.mesvendanges.com\/en\/#\/schema\/logo\/image\/"}},{"@type":"WebSite","@id":"https:\/\/www.mesvendanges.com\/en\/#website","url":"https:\/\/www.mesvendanges.com\/en\/","name":"Mes Vendanges","description":"Des journ\u00e9es enti\u00e8res dans les vignes","publisher":{"@id":"https:\/\/www.mesvendanges.com\/en\/#organization"},"potentialAction":[{"@type":"SearchAction","target":{"@type":"EntryPoint","urlTemplate":"https:\/\/www.mesvendanges.com\/en\/?s={search_term_string}"},"query-input":"required name=search_term_string"}],"inLanguage":"fr-FR"},{"@type":"WebPage","@id":"https:\/\/www.mesvendanges.com\/en\/shop\/wines\/la-grande-jasse-livresse-de-la-comete-2024-75cl\/","url":"https:\/\/www.mesvendanges.com\/en\/shop\/wines\/la-grande-jasse-livresse-de-la-comete-2024-75cl\/","name":"LA GRANDE JASSE - Mes Vendanges","isPartOf":{"@id":"https:\/\/www.mesvendanges.com\/en\/#website"},"datePublished":"2026-04-21T14:31:43+00:00","dateModified":"2026-04-21T14:37:02+00:00","breadcrumb":{"@id":"https:\/\/www.mesvendanges.com\/en\/shop\/wines\/la-grande-jasse-livresse-de-la-comete-2024-75cl\/#breadcrumb"},"inLanguage":"fr-FR","potentialAction":[{"@type":"ReadAction","target":["https:\/\/www.mesvendanges.com\/en\/shop\/wines\/la-grande-jasse-livresse-de-la-comete-2024-75cl\/"]}]},{"@type":"BreadcrumbList","@id":"https:\/\/www.mesvendanges.com\/en\/shop\/wines\/la-grande-jasse-livresse-de-la-comete-2024-75cl\/#breadcrumb","itemListElement":[{"@type":"ListItem","position":1,"name":"Home","item":"https:\/\/www.mesvendanges.com\/en\/"},{"@type":"ListItem","position":2,"name":"Shop","item":"https:\/\/www.mesvendanges.com\/en\/shop\/"},{"@type":"ListItem","position":3,"name":"LA GRANDE JASSE"}]}]}},"_links":{"self":[{"href":"https:\/\/www.mesvendanges.com\/en\/wp-json\/wp\/v2\/product\/90903"}],"collection":[{"href":"https:\/\/www.mesvendanges.com\/en\/wp-json\/wp\/v2\/product"}],"about":[{"href":"https:\/\/www.mesvendanges.com\/en\/wp-json\/wp\/v2\/types\/product"}],"wp:attachment":[{"href":"https:\/\/www.mesvendanges.com\/en\/wp-json\/wp\/v2\/media?parent=90903"}],"wp:term":[{"taxonomy":"product_cat","embeddable":true,"href":"https:\/\/www.mesvendanges.com\/en\/wp-json\/wp\/v2\/product_cat?post=90903"},{"taxonomy":"product_tag","embeddable":true,"href":"https:\/\/www.mesvendanges.com\/en\/wp-json\/wp\/v2\/product_tag?post=90903"}],"curies":[{"name":"wp","href":"https:\/\/api.w.org\/{rel}","templated":true}]}}