{"id":90977,"date":"2026-04-25T07:46:46","date_gmt":"2026-04-25T05:46:46","guid":{"rendered":"https:\/\/www.mesvendanges.com\/shop\/uncategorized\/assemblage-blanc-chappaz-marie-therese-75cl\/"},"modified":"2026-04-25T15:20:25","modified_gmt":"2026-04-25T13:20:25","slug":"assemblage-blanc-chappaz-marie-therese-2024-75cl","status":"publish","type":"product","link":"https:\/\/www.mesvendanges.com\/en\/shop\/wines\/assemblage-blanc-chappaz-marie-therese-2024-75cl\/","title":{"rendered":"ASSEMBLAGE BLANC"},"content":{"rendered":"<p>cette cuv\u00e9e d\u2019assemblage blanc qui b\u00e9n\u00e9ficie d\u2019un \u00e9levage en f\u00fbt et oeuf b\u00e9ton de 12 mois est une cr\u00e9ation nouvelle chaque ann\u00e9e par les c\u00e9pages qui la constituent. Le mill\u00e9sime 2024 est un trio compos\u00e9 de petite arvine, de sylvaner et de marsanne compl\u00e9t\u00e9 des c\u00e9pages rares que sont la diole et la r\u00e8ze. Sols de granit et cailloutis calcaires sur Fully et Chamoson.<br \/>\nL&#8217;Assemblage est toujours un vin complexe, reflet du mill\u00e9sime est de l&#8217;univers sensoriel de Marie-Th\u00e9r\u00e8se Chappaz. La petite arvine porte la tension, la longueur et le salin, la marsanne ouvre l&#8217;horizon par sa texture large. Le sylvaner, la diole et la r\u00e8ze viennent, par petites touches complexifier l&#8217;ensemble, apportant d\u00e9tails et saveurs uniques. Grand vin du Valais sur ce beau mill\u00e9sime 2024.<\/p>\n","protected":false},"excerpt":{"rendered":"<p>cette cuv\u00e9e d\u2019assemblage blanc qui b\u00e9n\u00e9ficie d\u2019un \u00e9levage en f\u00fbt et oeuf b\u00e9ton de 12 mois est une cr\u00e9ation nouvelle chaque ann\u00e9e par les c\u00e9pages qui la constituent. Le mill\u00e9sime 2024 est un trio compos\u00e9 de petite arvine, de sylvaner et de marsanne compl\u00e9t\u00e9 des c\u00e9pages rares que sont la diole et la r\u00e8ze. Sols [&hellip;]<\/p>\n","protected":false},"featured_media":91013,"template":"","meta":[],"product_cat":[3740],"product_tag":[],"acf":[],"yoast_head":"<!-- This site is optimized with the Yoast SEO plugin v19.3 - https:\/\/yoast.com\/wordpress\/plugins\/seo\/ -->\n<title>ASSEMBLAGE BLANC - Mes Vendanges<\/title>\n<meta name=\"robots\" content=\"index, follow, max-snippet:-1, max-image-preview:large, max-video-preview:-1\" \/>\n<link rel=\"canonical\" href=\"https:\/\/www.mesvendanges.com\/en\/shop\/wines\/assemblage-blanc-chappaz-marie-therese-2024-75cl\/\" \/>\n<meta property=\"og:locale\" content=\"en_US\" \/>\n<meta property=\"og:type\" content=\"article\" \/>\n<meta property=\"og:title\" content=\"ASSEMBLAGE BLANC - Mes Vendanges\" \/>\n<meta property=\"og:description\" content=\"cette cuv\u00e9e d\u2019assemblage blanc qui b\u00e9n\u00e9ficie d\u2019un \u00e9levage en f\u00fbt et oeuf b\u00e9ton de 12 mois est une cr\u00e9ation nouvelle chaque ann\u00e9e par les c\u00e9pages qui la constituent. Le mill\u00e9sime 2024 est un trio compos\u00e9 de petite arvine, de sylvaner et de marsanne compl\u00e9t\u00e9 des c\u00e9pages rares que sont la diole et la r\u00e8ze. Sols [&hellip;]\" \/>\n<meta property=\"og:url\" content=\"https:\/\/www.mesvendanges.com\/en\/shop\/wines\/assemblage-blanc-chappaz-marie-therese-2024-75cl\/\" \/>\n<meta property=\"og:site_name\" content=\"Mes Vendanges\" \/>\n<meta property=\"article:modified_time\" content=\"2026-04-25T13:20:25+00:00\" \/>\n<meta name=\"twitter:card\" content=\"summary_large_image\" \/>\n<meta name=\"twitter:label1\" content=\"Est. reading time\" \/>\n\t<meta name=\"twitter:data1\" content=\"1 minute\" \/>\n<script type=\"application\/ld+json\" class=\"yoast-schema-graph\">{\"@context\":\"https:\/\/schema.org\",\"@graph\":[{\"@type\":\"Organization\",\"@id\":\"https:\/\/www.mesvendanges.com\/en\/#organization\",\"name\":\"Mes Vendanges\",\"url\":\"https:\/\/www.mesvendanges.com\/en\/\",\"sameAs\":[],\"logo\":{\"@type\":\"ImageObject\",\"inLanguage\":\"fr-FR\",\"@id\":\"https:\/\/www.mesvendanges.com\/en\/#\/schema\/logo\/image\/\",\"url\":\"https:\/\/www.mesvendanges.com\/wp-content\/uploads\/2022\/02\/logo-mesvendanges.jpg\",\"contentUrl\":\"https:\/\/www.mesvendanges.com\/wp-content\/uploads\/2022\/02\/logo-mesvendanges.jpg\",\"width\":851,\"height\":260,\"caption\":\"Mes Vendanges\"},\"image\":{\"@id\":\"https:\/\/www.mesvendanges.com\/en\/#\/schema\/logo\/image\/\"}},{\"@type\":\"WebSite\",\"@id\":\"https:\/\/www.mesvendanges.com\/en\/#website\",\"url\":\"https:\/\/www.mesvendanges.com\/en\/\",\"name\":\"Mes Vendanges\",\"description\":\"Des journ\u00e9es enti\u00e8res dans les vignes\",\"publisher\":{\"@id\":\"https:\/\/www.mesvendanges.com\/en\/#organization\"},\"potentialAction\":[{\"@type\":\"SearchAction\",\"target\":{\"@type\":\"EntryPoint\",\"urlTemplate\":\"https:\/\/www.mesvendanges.com\/en\/?s={search_term_string}\"},\"query-input\":\"required name=search_term_string\"}],\"inLanguage\":\"fr-FR\"},{\"@type\":\"ImageObject\",\"inLanguage\":\"fr-FR\",\"@id\":\"https:\/\/www.mesvendanges.com\/en\/shop\/wines\/assemblage-blanc-chappaz-marie-therese-2024-75cl\/#primaryimage\",\"url\":\"https:\/\/www.mesvendanges.com\/wp-content\/uploads\/2026\/04\/marie-therese-chappaz-assemblage-blanc-2024-png.png\",\"contentUrl\":\"https:\/\/www.mesvendanges.com\/wp-content\/uploads\/2026\/04\/marie-therese-chappaz-assemblage-blanc-2024-png.png\",\"width\":435,\"height\":1500},{\"@type\":\"WebPage\",\"@id\":\"https:\/\/www.mesvendanges.com\/en\/shop\/wines\/assemblage-blanc-chappaz-marie-therese-2024-75cl\/\",\"url\":\"https:\/\/www.mesvendanges.com\/en\/shop\/wines\/assemblage-blanc-chappaz-marie-therese-2024-75cl\/\",\"name\":\"ASSEMBLAGE BLANC - Mes Vendanges\",\"isPartOf\":{\"@id\":\"https:\/\/www.mesvendanges.com\/en\/#website\"},\"primaryImageOfPage\":{\"@id\":\"https:\/\/www.mesvendanges.com\/en\/shop\/wines\/assemblage-blanc-chappaz-marie-therese-2024-75cl\/#primaryimage\"},\"datePublished\":\"2026-04-25T05:46:46+00:00\",\"dateModified\":\"2026-04-25T13:20:25+00:00\",\"breadcrumb\":{\"@id\":\"https:\/\/www.mesvendanges.com\/en\/shop\/wines\/assemblage-blanc-chappaz-marie-therese-2024-75cl\/#breadcrumb\"},\"inLanguage\":\"fr-FR\",\"potentialAction\":[{\"@type\":\"ReadAction\",\"target\":[\"https:\/\/www.mesvendanges.com\/en\/shop\/wines\/assemblage-blanc-chappaz-marie-therese-2024-75cl\/\"]}]},{\"@type\":\"BreadcrumbList\",\"@id\":\"https:\/\/www.mesvendanges.com\/en\/shop\/wines\/assemblage-blanc-chappaz-marie-therese-2024-75cl\/#breadcrumb\",\"itemListElement\":[{\"@type\":\"ListItem\",\"position\":1,\"name\":\"Home\",\"item\":\"https:\/\/www.mesvendanges.com\/en\/\"},{\"@type\":\"ListItem\",\"position\":2,\"name\":\"Shop\",\"item\":\"https:\/\/www.mesvendanges.com\/en\/shop\/\"},{\"@type\":\"ListItem\",\"position\":3,\"name\":\"ASSEMBLAGE BLANC\"}]}]}<\/script>\n<!-- \/ Yoast SEO plugin. -->","yoast_head_json":{"title":"ASSEMBLAGE BLANC - Mes Vendanges","robots":{"index":"index","follow":"follow","max-snippet":"max-snippet:-1","max-image-preview":"max-image-preview:large","max-video-preview":"max-video-preview:-1"},"canonical":"https:\/\/www.mesvendanges.com\/en\/shop\/wines\/assemblage-blanc-chappaz-marie-therese-2024-75cl\/","og_locale":"en_US","og_type":"article","og_title":"ASSEMBLAGE BLANC - Mes Vendanges","og_description":"cette cuv\u00e9e d\u2019assemblage blanc qui b\u00e9n\u00e9ficie d\u2019un \u00e9levage en f\u00fbt et oeuf b\u00e9ton de 12 mois est une cr\u00e9ation nouvelle chaque ann\u00e9e par les c\u00e9pages qui la constituent. Le mill\u00e9sime 2024 est un trio compos\u00e9 de petite arvine, de sylvaner et de marsanne compl\u00e9t\u00e9 des c\u00e9pages rares que sont la diole et la r\u00e8ze. Sols [&hellip;]","og_url":"https:\/\/www.mesvendanges.com\/en\/shop\/wines\/assemblage-blanc-chappaz-marie-therese-2024-75cl\/","og_site_name":"Mes Vendanges","article_modified_time":"2026-04-25T13:20:25+00:00","twitter_card":"summary_large_image","twitter_misc":{"Est. reading time":"1 minute"},"schema":{"@context":"https:\/\/schema.org","@graph":[{"@type":"Organization","@id":"https:\/\/www.mesvendanges.com\/en\/#organization","name":"Mes Vendanges","url":"https:\/\/www.mesvendanges.com\/en\/","sameAs":[],"logo":{"@type":"ImageObject","inLanguage":"fr-FR","@id":"https:\/\/www.mesvendanges.com\/en\/#\/schema\/logo\/image\/","url":"https:\/\/www.mesvendanges.com\/wp-content\/uploads\/2022\/02\/logo-mesvendanges.jpg","contentUrl":"https:\/\/www.mesvendanges.com\/wp-content\/uploads\/2022\/02\/logo-mesvendanges.jpg","width":851,"height":260,"caption":"Mes Vendanges"},"image":{"@id":"https:\/\/www.mesvendanges.com\/en\/#\/schema\/logo\/image\/"}},{"@type":"WebSite","@id":"https:\/\/www.mesvendanges.com\/en\/#website","url":"https:\/\/www.mesvendanges.com\/en\/","name":"Mes Vendanges","description":"Des journ\u00e9es enti\u00e8res dans les vignes","publisher":{"@id":"https:\/\/www.mesvendanges.com\/en\/#organization"},"potentialAction":[{"@type":"SearchAction","target":{"@type":"EntryPoint","urlTemplate":"https:\/\/www.mesvendanges.com\/en\/?s={search_term_string}"},"query-input":"required name=search_term_string"}],"inLanguage":"fr-FR"},{"@type":"ImageObject","inLanguage":"fr-FR","@id":"https:\/\/www.mesvendanges.com\/en\/shop\/wines\/assemblage-blanc-chappaz-marie-therese-2024-75cl\/#primaryimage","url":"https:\/\/www.mesvendanges.com\/wp-content\/uploads\/2026\/04\/marie-therese-chappaz-assemblage-blanc-2024-png.png","contentUrl":"https:\/\/www.mesvendanges.com\/wp-content\/uploads\/2026\/04\/marie-therese-chappaz-assemblage-blanc-2024-png.png","width":435,"height":1500},{"@type":"WebPage","@id":"https:\/\/www.mesvendanges.com\/en\/shop\/wines\/assemblage-blanc-chappaz-marie-therese-2024-75cl\/","url":"https:\/\/www.mesvendanges.com\/en\/shop\/wines\/assemblage-blanc-chappaz-marie-therese-2024-75cl\/","name":"ASSEMBLAGE BLANC - Mes Vendanges","isPartOf":{"@id":"https:\/\/www.mesvendanges.com\/en\/#website"},"primaryImageOfPage":{"@id":"https:\/\/www.mesvendanges.com\/en\/shop\/wines\/assemblage-blanc-chappaz-marie-therese-2024-75cl\/#primaryimage"},"datePublished":"2026-04-25T05:46:46+00:00","dateModified":"2026-04-25T13:20:25+00:00","breadcrumb":{"@id":"https:\/\/www.mesvendanges.com\/en\/shop\/wines\/assemblage-blanc-chappaz-marie-therese-2024-75cl\/#breadcrumb"},"inLanguage":"fr-FR","potentialAction":[{"@type":"ReadAction","target":["https:\/\/www.mesvendanges.com\/en\/shop\/wines\/assemblage-blanc-chappaz-marie-therese-2024-75cl\/"]}]},{"@type":"BreadcrumbList","@id":"https:\/\/www.mesvendanges.com\/en\/shop\/wines\/assemblage-blanc-chappaz-marie-therese-2024-75cl\/#breadcrumb","itemListElement":[{"@type":"ListItem","position":1,"name":"Home","item":"https:\/\/www.mesvendanges.com\/en\/"},{"@type":"ListItem","position":2,"name":"Shop","item":"https:\/\/www.mesvendanges.com\/en\/shop\/"},{"@type":"ListItem","position":3,"name":"ASSEMBLAGE BLANC"}]}]}},"_links":{"self":[{"href":"https:\/\/www.mesvendanges.com\/en\/wp-json\/wp\/v2\/product\/90977"}],"collection":[{"href":"https:\/\/www.mesvendanges.com\/en\/wp-json\/wp\/v2\/product"}],"about":[{"href":"https:\/\/www.mesvendanges.com\/en\/wp-json\/wp\/v2\/types\/product"}],"wp:featuredmedia":[{"embeddable":true,"href":"https:\/\/www.mesvendanges.com\/en\/wp-json\/wp\/v2\/media\/91013"}],"wp:attachment":[{"href":"https:\/\/www.mesvendanges.com\/en\/wp-json\/wp\/v2\/media?parent=90977"}],"wp:term":[{"taxonomy":"product_cat","embeddable":true,"href":"https:\/\/www.mesvendanges.com\/en\/wp-json\/wp\/v2\/product_cat?post=90977"},{"taxonomy":"product_tag","embeddable":true,"href":"https:\/\/www.mesvendanges.com\/en\/wp-json\/wp\/v2\/product_tag?post=90977"}],"curies":[{"name":"wp","href":"https:\/\/api.w.org\/{rel}","templated":true}]}}