{"id":91007,"date":"2026-04-25T10:45:32","date_gmt":"2026-04-25T08:45:32","guid":{"rendered":"https:\/\/www.mesvendanges.com\/shop\/uncategorized\/grain-mariage-chappaz-marie-therese-2024-75cl\/"},"modified":"2026-04-26T12:51:25","modified_gmt":"2026-04-26T10:51:25","slug":"grain-mariage-chappaz-marie-therese-2024-75cl","status":"publish","type":"product","link":"https:\/\/www.mesvendanges.com\/en\/shop\/wines\/grain-mariage-chappaz-marie-therese-2024-75cl\/","title":{"rendered":"GRAIN MARIAGE"},"content":{"rendered":"<p>Le Grain Mariage est un assemblage de Cornalin et d&#8217;Humagne rouge, c\u00e9pages embl\u00e9matiques du Valais. Terroir calcaire de Leyton. Elevage 12 mois en f\u00fbt<br \/>\nTr\u00e8s belle texture, vin de s\u00e8ve, port\u00e9 par ces expressions, ces personnalit\u00e9s uniques du cornalin et de l&#8217;humagne rouge<\/p>\n","protected":false},"excerpt":{"rendered":"<p>Le Grain Mariage est un assemblage de Cornalin et d&#8217;Humagne rouge, c\u00e9pages embl\u00e9matiques du Valais. Terroir calcaire de Leyton. Elevage 12 mois en f\u00fbt Tr\u00e8s belle texture, vin de s\u00e8ve, port\u00e9 par ces expressions, ces personnalit\u00e9s uniques du cornalin et de l&#8217;humagne rouge<\/p>\n","protected":false},"featured_media":91025,"template":"","meta":[],"product_cat":[3740],"product_tag":[],"acf":[],"yoast_head":"<!-- This site is optimized with the Yoast SEO plugin v19.3 - https:\/\/yoast.com\/wordpress\/plugins\/seo\/ -->\n<title>GRAIN MARIAGE - Mes Vendanges<\/title>\n<meta name=\"robots\" content=\"index, follow, max-snippet:-1, max-image-preview:large, max-video-preview:-1\" \/>\n<link rel=\"canonical\" href=\"https:\/\/www.mesvendanges.com\/en\/shop\/wines\/grain-mariage-chappaz-marie-therese-2024-75cl\/\" \/>\n<meta property=\"og:locale\" content=\"en_US\" \/>\n<meta property=\"og:type\" content=\"article\" \/>\n<meta property=\"og:title\" content=\"GRAIN MARIAGE - Mes Vendanges\" \/>\n<meta property=\"og:description\" content=\"Le Grain Mariage est un assemblage de Cornalin et d&#8217;Humagne rouge, c\u00e9pages embl\u00e9matiques du Valais. Terroir calcaire de Leyton. Elevage 12 mois en f\u00fbt Tr\u00e8s belle texture, vin de s\u00e8ve, port\u00e9 par ces expressions, ces personnalit\u00e9s uniques du cornalin et de l&#8217;humagne rouge\" \/>\n<meta property=\"og:url\" content=\"https:\/\/www.mesvendanges.com\/en\/shop\/wines\/grain-mariage-chappaz-marie-therese-2024-75cl\/\" \/>\n<meta property=\"og:site_name\" content=\"Mes Vendanges\" \/>\n<meta property=\"article:modified_time\" content=\"2026-04-26T10:51:25+00:00\" \/>\n<meta name=\"twitter:card\" content=\"summary_large_image\" \/>\n<script type=\"application\/ld+json\" class=\"yoast-schema-graph\">{\"@context\":\"https:\/\/schema.org\",\"@graph\":[{\"@type\":\"Organization\",\"@id\":\"https:\/\/www.mesvendanges.com\/en\/#organization\",\"name\":\"Mes Vendanges\",\"url\":\"https:\/\/www.mesvendanges.com\/en\/\",\"sameAs\":[],\"logo\":{\"@type\":\"ImageObject\",\"inLanguage\":\"fr-FR\",\"@id\":\"https:\/\/www.mesvendanges.com\/en\/#\/schema\/logo\/image\/\",\"url\":\"https:\/\/www.mesvendanges.com\/wp-content\/uploads\/2022\/02\/logo-mesvendanges.jpg\",\"contentUrl\":\"https:\/\/www.mesvendanges.com\/wp-content\/uploads\/2022\/02\/logo-mesvendanges.jpg\",\"width\":851,\"height\":260,\"caption\":\"Mes Vendanges\"},\"image\":{\"@id\":\"https:\/\/www.mesvendanges.com\/en\/#\/schema\/logo\/image\/\"}},{\"@type\":\"WebSite\",\"@id\":\"https:\/\/www.mesvendanges.com\/en\/#website\",\"url\":\"https:\/\/www.mesvendanges.com\/en\/\",\"name\":\"Mes Vendanges\",\"description\":\"Des journ\u00e9es enti\u00e8res dans les vignes\",\"publisher\":{\"@id\":\"https:\/\/www.mesvendanges.com\/en\/#organization\"},\"potentialAction\":[{\"@type\":\"SearchAction\",\"target\":{\"@type\":\"EntryPoint\",\"urlTemplate\":\"https:\/\/www.mesvendanges.com\/en\/?s={search_term_string}\"},\"query-input\":\"required name=search_term_string\"}],\"inLanguage\":\"fr-FR\"},{\"@type\":\"ImageObject\",\"inLanguage\":\"fr-FR\",\"@id\":\"https:\/\/www.mesvendanges.com\/en\/shop\/wines\/grain-mariage-chappaz-marie-therese-2024-75cl\/#primaryimage\",\"url\":\"https:\/\/www.mesvendanges.com\/wp-content\/uploads\/2026\/04\/marie-therese-chappaz-grain-mariage-2024-png.png\",\"contentUrl\":\"https:\/\/www.mesvendanges.com\/wp-content\/uploads\/2026\/04\/marie-therese-chappaz-grain-mariage-2024-png.png\",\"width\":455,\"height\":1500},{\"@type\":\"WebPage\",\"@id\":\"https:\/\/www.mesvendanges.com\/en\/shop\/wines\/grain-mariage-chappaz-marie-therese-2024-75cl\/\",\"url\":\"https:\/\/www.mesvendanges.com\/en\/shop\/wines\/grain-mariage-chappaz-marie-therese-2024-75cl\/\",\"name\":\"GRAIN MARIAGE - Mes Vendanges\",\"isPartOf\":{\"@id\":\"https:\/\/www.mesvendanges.com\/en\/#website\"},\"primaryImageOfPage\":{\"@id\":\"https:\/\/www.mesvendanges.com\/en\/shop\/wines\/grain-mariage-chappaz-marie-therese-2024-75cl\/#primaryimage\"},\"datePublished\":\"2026-04-25T08:45:32+00:00\",\"dateModified\":\"2026-04-26T10:51:25+00:00\",\"breadcrumb\":{\"@id\":\"https:\/\/www.mesvendanges.com\/en\/shop\/wines\/grain-mariage-chappaz-marie-therese-2024-75cl\/#breadcrumb\"},\"inLanguage\":\"fr-FR\",\"potentialAction\":[{\"@type\":\"ReadAction\",\"target\":[\"https:\/\/www.mesvendanges.com\/en\/shop\/wines\/grain-mariage-chappaz-marie-therese-2024-75cl\/\"]}]},{\"@type\":\"BreadcrumbList\",\"@id\":\"https:\/\/www.mesvendanges.com\/en\/shop\/wines\/grain-mariage-chappaz-marie-therese-2024-75cl\/#breadcrumb\",\"itemListElement\":[{\"@type\":\"ListItem\",\"position\":1,\"name\":\"Home\",\"item\":\"https:\/\/www.mesvendanges.com\/en\/\"},{\"@type\":\"ListItem\",\"position\":2,\"name\":\"Shop\",\"item\":\"https:\/\/www.mesvendanges.com\/en\/shop\/\"},{\"@type\":\"ListItem\",\"position\":3,\"name\":\"GRAIN MARIAGE\"}]}]}<\/script>\n<!-- \/ Yoast SEO plugin. -->","yoast_head_json":{"title":"GRAIN MARIAGE - Mes Vendanges","robots":{"index":"index","follow":"follow","max-snippet":"max-snippet:-1","max-image-preview":"max-image-preview:large","max-video-preview":"max-video-preview:-1"},"canonical":"https:\/\/www.mesvendanges.com\/en\/shop\/wines\/grain-mariage-chappaz-marie-therese-2024-75cl\/","og_locale":"en_US","og_type":"article","og_title":"GRAIN MARIAGE - Mes Vendanges","og_description":"Le Grain Mariage est un assemblage de Cornalin et d&#8217;Humagne rouge, c\u00e9pages embl\u00e9matiques du Valais. Terroir calcaire de Leyton. Elevage 12 mois en f\u00fbt Tr\u00e8s belle texture, vin de s\u00e8ve, port\u00e9 par ces expressions, ces personnalit\u00e9s uniques du cornalin et de l&#8217;humagne rouge","og_url":"https:\/\/www.mesvendanges.com\/en\/shop\/wines\/grain-mariage-chappaz-marie-therese-2024-75cl\/","og_site_name":"Mes Vendanges","article_modified_time":"2026-04-26T10:51:25+00:00","twitter_card":"summary_large_image","schema":{"@context":"https:\/\/schema.org","@graph":[{"@type":"Organization","@id":"https:\/\/www.mesvendanges.com\/en\/#organization","name":"Mes Vendanges","url":"https:\/\/www.mesvendanges.com\/en\/","sameAs":[],"logo":{"@type":"ImageObject","inLanguage":"fr-FR","@id":"https:\/\/www.mesvendanges.com\/en\/#\/schema\/logo\/image\/","url":"https:\/\/www.mesvendanges.com\/wp-content\/uploads\/2022\/02\/logo-mesvendanges.jpg","contentUrl":"https:\/\/www.mesvendanges.com\/wp-content\/uploads\/2022\/02\/logo-mesvendanges.jpg","width":851,"height":260,"caption":"Mes Vendanges"},"image":{"@id":"https:\/\/www.mesvendanges.com\/en\/#\/schema\/logo\/image\/"}},{"@type":"WebSite","@id":"https:\/\/www.mesvendanges.com\/en\/#website","url":"https:\/\/www.mesvendanges.com\/en\/","name":"Mes Vendanges","description":"Des journ\u00e9es enti\u00e8res dans les vignes","publisher":{"@id":"https:\/\/www.mesvendanges.com\/en\/#organization"},"potentialAction":[{"@type":"SearchAction","target":{"@type":"EntryPoint","urlTemplate":"https:\/\/www.mesvendanges.com\/en\/?s={search_term_string}"},"query-input":"required name=search_term_string"}],"inLanguage":"fr-FR"},{"@type":"ImageObject","inLanguage":"fr-FR","@id":"https:\/\/www.mesvendanges.com\/en\/shop\/wines\/grain-mariage-chappaz-marie-therese-2024-75cl\/#primaryimage","url":"https:\/\/www.mesvendanges.com\/wp-content\/uploads\/2026\/04\/marie-therese-chappaz-grain-mariage-2024-png.png","contentUrl":"https:\/\/www.mesvendanges.com\/wp-content\/uploads\/2026\/04\/marie-therese-chappaz-grain-mariage-2024-png.png","width":455,"height":1500},{"@type":"WebPage","@id":"https:\/\/www.mesvendanges.com\/en\/shop\/wines\/grain-mariage-chappaz-marie-therese-2024-75cl\/","url":"https:\/\/www.mesvendanges.com\/en\/shop\/wines\/grain-mariage-chappaz-marie-therese-2024-75cl\/","name":"GRAIN MARIAGE - Mes Vendanges","isPartOf":{"@id":"https:\/\/www.mesvendanges.com\/en\/#website"},"primaryImageOfPage":{"@id":"https:\/\/www.mesvendanges.com\/en\/shop\/wines\/grain-mariage-chappaz-marie-therese-2024-75cl\/#primaryimage"},"datePublished":"2026-04-25T08:45:32+00:00","dateModified":"2026-04-26T10:51:25+00:00","breadcrumb":{"@id":"https:\/\/www.mesvendanges.com\/en\/shop\/wines\/grain-mariage-chappaz-marie-therese-2024-75cl\/#breadcrumb"},"inLanguage":"fr-FR","potentialAction":[{"@type":"ReadAction","target":["https:\/\/www.mesvendanges.com\/en\/shop\/wines\/grain-mariage-chappaz-marie-therese-2024-75cl\/"]}]},{"@type":"BreadcrumbList","@id":"https:\/\/www.mesvendanges.com\/en\/shop\/wines\/grain-mariage-chappaz-marie-therese-2024-75cl\/#breadcrumb","itemListElement":[{"@type":"ListItem","position":1,"name":"Home","item":"https:\/\/www.mesvendanges.com\/en\/"},{"@type":"ListItem","position":2,"name":"Shop","item":"https:\/\/www.mesvendanges.com\/en\/shop\/"},{"@type":"ListItem","position":3,"name":"GRAIN MARIAGE"}]}]}},"_links":{"self":[{"href":"https:\/\/www.mesvendanges.com\/en\/wp-json\/wp\/v2\/product\/91007"}],"collection":[{"href":"https:\/\/www.mesvendanges.com\/en\/wp-json\/wp\/v2\/product"}],"about":[{"href":"https:\/\/www.mesvendanges.com\/en\/wp-json\/wp\/v2\/types\/product"}],"wp:featuredmedia":[{"embeddable":true,"href":"https:\/\/www.mesvendanges.com\/en\/wp-json\/wp\/v2\/media\/91025"}],"wp:attachment":[{"href":"https:\/\/www.mesvendanges.com\/en\/wp-json\/wp\/v2\/media?parent=91007"}],"wp:term":[{"taxonomy":"product_cat","embeddable":true,"href":"https:\/\/www.mesvendanges.com\/en\/wp-json\/wp\/v2\/product_cat?post=91007"},{"taxonomy":"product_tag","embeddable":true,"href":"https:\/\/www.mesvendanges.com\/en\/wp-json\/wp\/v2\/product_tag?post=91007"}],"curies":[{"name":"wp","href":"https:\/\/api.w.org\/{rel}","templated":true}]}}