{"id":91194,"date":"2026-05-12T17:58:24","date_gmt":"2026-05-12T15:58:24","guid":{"rendered":"https:\/\/www.mesvendanges.com\/shop\/uncategorized\/narcose-domaine-des-grouas-2022-75cl\/"},"modified":"2026-05-12T18:03:44","modified_gmt":"2026-05-12T16:03:44","slug":"narcose-domaine-des-grouas-2022-75cl","status":"publish","type":"product","link":"https:\/\/www.mesvendanges.com\/en\/shop\/wines\/narcose-domaine-des-grouas-2022-75cl\/","title":{"rendered":"NARCOSE"},"content":{"rendered":"<p>Ce n&#8217;est peut-\u00eatre pas en Anjou que nous irions chercher de grandes expressions du pinot noir et pourtant ! Avec Narcose, le Domaine des Grouas nous offre une cuv\u00e9e de haut vol pour ce c\u00e9page. Les vignes, plant\u00e9es sur des sols de schistes et de quartz ferrugineux, donnent des jus denses, profonds,d&#8217;une grande s\u00e8ve. L&#8217;\u00e9levage de deux ans en demi-muids apporte une construction, une ligne au vin. Un pinot de mati\u00e8re, de texture, un pinot de repas et de m\u00e9ditation !<\/p>\n","protected":false},"excerpt":{"rendered":"<p>Ce n&#8217;est peut-\u00eatre pas en Anjou que nous irions chercher de grandes expressions du pinot noir et pourtant ! Avec Narcose, le Domaine des Grouas nous offre une cuv\u00e9e de haut vol pour ce c\u00e9page. Les vignes, plant\u00e9es sur des sols de schistes et de quartz ferrugineux, donnent des jus denses, profonds,d&#8217;une grande s\u00e8ve. L&#8217;\u00e9levage [&hellip;]<\/p>\n","protected":false},"featured_media":91191,"template":"","meta":[],"product_cat":[3740],"product_tag":[],"acf":[],"yoast_head":"<!-- This site is optimized with the Yoast SEO plugin v19.3 - https:\/\/yoast.com\/wordpress\/plugins\/seo\/ -->\n<title>NARCOSE - Mes Vendanges<\/title>\n<meta name=\"robots\" content=\"index, follow, max-snippet:-1, max-image-preview:large, max-video-preview:-1\" \/>\n<link rel=\"canonical\" href=\"https:\/\/www.mesvendanges.com\/en\/shop\/wines\/narcose-domaine-des-grouas-2022-75cl\/\" \/>\n<meta property=\"og:locale\" content=\"en_US\" \/>\n<meta property=\"og:type\" content=\"article\" \/>\n<meta property=\"og:title\" content=\"NARCOSE - Mes Vendanges\" \/>\n<meta property=\"og:description\" content=\"Ce n&#8217;est peut-\u00eatre pas en Anjou que nous irions chercher de grandes expressions du pinot noir et pourtant ! Avec Narcose, le Domaine des Grouas nous offre une cuv\u00e9e de haut vol pour ce c\u00e9page. Les vignes, plant\u00e9es sur des sols de schistes et de quartz ferrugineux, donnent des jus denses, profonds,d&#8217;une grande s\u00e8ve. L&#8217;\u00e9levage [&hellip;]\" \/>\n<meta property=\"og:url\" content=\"https:\/\/www.mesvendanges.com\/en\/shop\/wines\/narcose-domaine-des-grouas-2022-75cl\/\" \/>\n<meta property=\"og:site_name\" content=\"Mes Vendanges\" \/>\n<meta property=\"article:modified_time\" content=\"2026-05-12T16:03:44+00:00\" \/>\n<meta property=\"og:image\" content=\"https:\/\/www.mesvendanges.com\/wp-content\/uploads\/2026\/05\/domaine-des-grouas-narcose-png.png\" \/>\n\t<meta property=\"og:image:width\" content=\"404\" \/>\n\t<meta property=\"og:image:height\" content=\"1500\" \/>\n\t<meta property=\"og:image:type\" content=\"image\/png\" \/>\n<meta name=\"twitter:card\" content=\"summary_large_image\" \/>\n<script type=\"application\/ld+json\" class=\"yoast-schema-graph\">{\"@context\":\"https:\/\/schema.org\",\"@graph\":[{\"@type\":\"Organization\",\"@id\":\"https:\/\/www.mesvendanges.com\/en\/#organization\",\"name\":\"Mes Vendanges\",\"url\":\"https:\/\/www.mesvendanges.com\/en\/\",\"sameAs\":[],\"logo\":{\"@type\":\"ImageObject\",\"inLanguage\":\"fr-FR\",\"@id\":\"https:\/\/www.mesvendanges.com\/en\/#\/schema\/logo\/image\/\",\"url\":\"https:\/\/www.mesvendanges.com\/wp-content\/uploads\/2022\/02\/logo-mesvendanges.jpg\",\"contentUrl\":\"https:\/\/www.mesvendanges.com\/wp-content\/uploads\/2022\/02\/logo-mesvendanges.jpg\",\"width\":851,\"height\":260,\"caption\":\"Mes Vendanges\"},\"image\":{\"@id\":\"https:\/\/www.mesvendanges.com\/en\/#\/schema\/logo\/image\/\"}},{\"@type\":\"WebSite\",\"@id\":\"https:\/\/www.mesvendanges.com\/en\/#website\",\"url\":\"https:\/\/www.mesvendanges.com\/en\/\",\"name\":\"Mes Vendanges\",\"description\":\"Des journ\u00e9es enti\u00e8res dans les vignes\",\"publisher\":{\"@id\":\"https:\/\/www.mesvendanges.com\/en\/#organization\"},\"potentialAction\":[{\"@type\":\"SearchAction\",\"target\":{\"@type\":\"EntryPoint\",\"urlTemplate\":\"https:\/\/www.mesvendanges.com\/en\/?s={search_term_string}\"},\"query-input\":\"required name=search_term_string\"}],\"inLanguage\":\"fr-FR\"},{\"@type\":\"ImageObject\",\"inLanguage\":\"fr-FR\",\"@id\":\"https:\/\/www.mesvendanges.com\/en\/shop\/wines\/narcose-domaine-des-grouas-2022-75cl\/#primaryimage\",\"url\":\"https:\/\/www.mesvendanges.com\/wp-content\/uploads\/2026\/05\/domaine-des-grouas-narcose-png.png\",\"contentUrl\":\"https:\/\/www.mesvendanges.com\/wp-content\/uploads\/2026\/05\/domaine-des-grouas-narcose-png.png\",\"width\":404,\"height\":1500},{\"@type\":\"WebPage\",\"@id\":\"https:\/\/www.mesvendanges.com\/en\/shop\/wines\/narcose-domaine-des-grouas-2022-75cl\/\",\"url\":\"https:\/\/www.mesvendanges.com\/en\/shop\/wines\/narcose-domaine-des-grouas-2022-75cl\/\",\"name\":\"NARCOSE - Mes Vendanges\",\"isPartOf\":{\"@id\":\"https:\/\/www.mesvendanges.com\/en\/#website\"},\"primaryImageOfPage\":{\"@id\":\"https:\/\/www.mesvendanges.com\/en\/shop\/wines\/narcose-domaine-des-grouas-2022-75cl\/#primaryimage\"},\"datePublished\":\"2026-05-12T15:58:24+00:00\",\"dateModified\":\"2026-05-12T16:03:44+00:00\",\"breadcrumb\":{\"@id\":\"https:\/\/www.mesvendanges.com\/en\/shop\/wines\/narcose-domaine-des-grouas-2022-75cl\/#breadcrumb\"},\"inLanguage\":\"fr-FR\",\"potentialAction\":[{\"@type\":\"ReadAction\",\"target\":[\"https:\/\/www.mesvendanges.com\/en\/shop\/wines\/narcose-domaine-des-grouas-2022-75cl\/\"]}]},{\"@type\":\"BreadcrumbList\",\"@id\":\"https:\/\/www.mesvendanges.com\/en\/shop\/wines\/narcose-domaine-des-grouas-2022-75cl\/#breadcrumb\",\"itemListElement\":[{\"@type\":\"ListItem\",\"position\":1,\"name\":\"Home\",\"item\":\"https:\/\/www.mesvendanges.com\/en\/\"},{\"@type\":\"ListItem\",\"position\":2,\"name\":\"Shop\",\"item\":\"https:\/\/www.mesvendanges.com\/en\/shop\/\"},{\"@type\":\"ListItem\",\"position\":3,\"name\":\"NARCOSE\"}]}]}<\/script>\n<!-- \/ Yoast SEO plugin. -->","yoast_head_json":{"title":"NARCOSE - Mes Vendanges","robots":{"index":"index","follow":"follow","max-snippet":"max-snippet:-1","max-image-preview":"max-image-preview:large","max-video-preview":"max-video-preview:-1"},"canonical":"https:\/\/www.mesvendanges.com\/en\/shop\/wines\/narcose-domaine-des-grouas-2022-75cl\/","og_locale":"en_US","og_type":"article","og_title":"NARCOSE - Mes Vendanges","og_description":"Ce n&#8217;est peut-\u00eatre pas en Anjou que nous irions chercher de grandes expressions du pinot noir et pourtant ! Avec Narcose, le Domaine des Grouas nous offre une cuv\u00e9e de haut vol pour ce c\u00e9page. Les vignes, plant\u00e9es sur des sols de schistes et de quartz ferrugineux, donnent des jus denses, profonds,d&#8217;une grande s\u00e8ve. L&#8217;\u00e9levage [&hellip;]","og_url":"https:\/\/www.mesvendanges.com\/en\/shop\/wines\/narcose-domaine-des-grouas-2022-75cl\/","og_site_name":"Mes Vendanges","article_modified_time":"2026-05-12T16:03:44+00:00","og_image":[{"width":404,"height":1500,"url":"https:\/\/www.mesvendanges.com\/wp-content\/uploads\/2026\/05\/domaine-des-grouas-narcose-png.png","type":"image\/png"}],"twitter_card":"summary_large_image","schema":{"@context":"https:\/\/schema.org","@graph":[{"@type":"Organization","@id":"https:\/\/www.mesvendanges.com\/en\/#organization","name":"Mes Vendanges","url":"https:\/\/www.mesvendanges.com\/en\/","sameAs":[],"logo":{"@type":"ImageObject","inLanguage":"fr-FR","@id":"https:\/\/www.mesvendanges.com\/en\/#\/schema\/logo\/image\/","url":"https:\/\/www.mesvendanges.com\/wp-content\/uploads\/2022\/02\/logo-mesvendanges.jpg","contentUrl":"https:\/\/www.mesvendanges.com\/wp-content\/uploads\/2022\/02\/logo-mesvendanges.jpg","width":851,"height":260,"caption":"Mes Vendanges"},"image":{"@id":"https:\/\/www.mesvendanges.com\/en\/#\/schema\/logo\/image\/"}},{"@type":"WebSite","@id":"https:\/\/www.mesvendanges.com\/en\/#website","url":"https:\/\/www.mesvendanges.com\/en\/","name":"Mes Vendanges","description":"Des journ\u00e9es enti\u00e8res dans les vignes","publisher":{"@id":"https:\/\/www.mesvendanges.com\/en\/#organization"},"potentialAction":[{"@type":"SearchAction","target":{"@type":"EntryPoint","urlTemplate":"https:\/\/www.mesvendanges.com\/en\/?s={search_term_string}"},"query-input":"required name=search_term_string"}],"inLanguage":"fr-FR"},{"@type":"ImageObject","inLanguage":"fr-FR","@id":"https:\/\/www.mesvendanges.com\/en\/shop\/wines\/narcose-domaine-des-grouas-2022-75cl\/#primaryimage","url":"https:\/\/www.mesvendanges.com\/wp-content\/uploads\/2026\/05\/domaine-des-grouas-narcose-png.png","contentUrl":"https:\/\/www.mesvendanges.com\/wp-content\/uploads\/2026\/05\/domaine-des-grouas-narcose-png.png","width":404,"height":1500},{"@type":"WebPage","@id":"https:\/\/www.mesvendanges.com\/en\/shop\/wines\/narcose-domaine-des-grouas-2022-75cl\/","url":"https:\/\/www.mesvendanges.com\/en\/shop\/wines\/narcose-domaine-des-grouas-2022-75cl\/","name":"NARCOSE - Mes Vendanges","isPartOf":{"@id":"https:\/\/www.mesvendanges.com\/en\/#website"},"primaryImageOfPage":{"@id":"https:\/\/www.mesvendanges.com\/en\/shop\/wines\/narcose-domaine-des-grouas-2022-75cl\/#primaryimage"},"datePublished":"2026-05-12T15:58:24+00:00","dateModified":"2026-05-12T16:03:44+00:00","breadcrumb":{"@id":"https:\/\/www.mesvendanges.com\/en\/shop\/wines\/narcose-domaine-des-grouas-2022-75cl\/#breadcrumb"},"inLanguage":"fr-FR","potentialAction":[{"@type":"ReadAction","target":["https:\/\/www.mesvendanges.com\/en\/shop\/wines\/narcose-domaine-des-grouas-2022-75cl\/"]}]},{"@type":"BreadcrumbList","@id":"https:\/\/www.mesvendanges.com\/en\/shop\/wines\/narcose-domaine-des-grouas-2022-75cl\/#breadcrumb","itemListElement":[{"@type":"ListItem","position":1,"name":"Home","item":"https:\/\/www.mesvendanges.com\/en\/"},{"@type":"ListItem","position":2,"name":"Shop","item":"https:\/\/www.mesvendanges.com\/en\/shop\/"},{"@type":"ListItem","position":3,"name":"NARCOSE"}]}]}},"_links":{"self":[{"href":"https:\/\/www.mesvendanges.com\/en\/wp-json\/wp\/v2\/product\/91194"}],"collection":[{"href":"https:\/\/www.mesvendanges.com\/en\/wp-json\/wp\/v2\/product"}],"about":[{"href":"https:\/\/www.mesvendanges.com\/en\/wp-json\/wp\/v2\/types\/product"}],"wp:featuredmedia":[{"embeddable":true,"href":"https:\/\/www.mesvendanges.com\/en\/wp-json\/wp\/v2\/media\/91191"}],"wp:attachment":[{"href":"https:\/\/www.mesvendanges.com\/en\/wp-json\/wp\/v2\/media?parent=91194"}],"wp:term":[{"taxonomy":"product_cat","embeddable":true,"href":"https:\/\/www.mesvendanges.com\/en\/wp-json\/wp\/v2\/product_cat?post=91194"},{"taxonomy":"product_tag","embeddable":true,"href":"https:\/\/www.mesvendanges.com\/en\/wp-json\/wp\/v2\/product_tag?post=91194"}],"curies":[{"name":"wp","href":"https:\/\/api.w.org\/{rel}","templated":true}]}}