{"id":2,"date":"2022-02-03T15:48:03","date_gmt":"2022-02-03T14:48:03","guid":{"rendered":"https:\/\/www.mesvendanges.com\/?page_id=2"},"modified":"2026-04-24T15:43:51","modified_gmt":"2026-04-24T13:43:51","slug":"mes-vendanges","status":"publish","type":"page","link":"https:\/\/www.mesvendanges.com\/fr\/","title":{"rendered":"Mes Vendanges"},"content":{"rendered":"<h2>Des journ\u00e9es enti\u00e8res dans les vignes&#8230;<\/h2>\n<p>&#8230; ce sont les vins des domaines : Les ACCOLES, A.J. ADAM, Markus ALTENBURGER, ANTONIOLO, Les ARDAILLONS, Antoine-Marie ARENA, Domaine ARLAUD, ATHINA, La BARONNE, Lucien BARROT, Patrick BAUDOUIN, BEAUCASTEL, BEAUSEJOUR-DUFFAU-LAGARROSSE, BELLIVIERE, Domaine BELLUARD, Les BERIOLES, BERNARD-BONIN, Henri BONNEAU, Ch\u00e2teau de BONNEZEAUX, Eric BORDELET, G\u00e9rard BOULAY, Agathe BURSIN, Les CAILLOUX, CAMIN-LARREDYA, Brasserie CANTILLON, Marie-Th\u00e9r\u00e8se CHAPPAZ, Domaine de la CHEVALERIE, Fran\u00e7ois CHIDAINE, Domaine BRUNO CLAVELIER, CLOS DE L&#8217;ECOTARD, CLOS de TRIAS, CLOS DES PAPES, CLOS DES PLANTES, CLOS NAUDIN, COSSE-MAISONNEUVE, CRU BARREJATS-DARET, Didier DAGUENEAU, DALAMARAS, DANJOU-BANESSY, Jean DAVID, J\u00e9rome DEHOURS, Jules DESJOURNEYS, Louis-Claude DESVIGNES, Alessandra DIVELLA, Hermann D\u00d6NNHOFF, No\u00ebl DUPASQUIER, ECONOMOU, Arnaud ENTE, Benoit ENTE, ERMITAGE PIC-ST-LOUP, Bernard FAURIE, FICOMONTANINO, FERME DE LA SANSONNIERE, FORADORI, FUMEY-CHATELAIN, Michel GAY, Ch\u00e2teau GILETTE, GIRAUD, GOISOT, Alain GRAILLOT, Dominique HAUVETTE, Weingut HEYMANN-LOEWENSTEIN, Il CABERLOT, Champagne JACQUESSON, , Marc KREYDENWEISS, LA CALLEJUELA, Benoit LAHAYE, \u00a0LARCIS-DUCASSE, LARMANDIER-BERNIER, \u00a0David LECLAPART, LENKEY, Richard LEROY, Les PETITS RIENS, LA MADONE, Nicolas MAILLET, Dne de MARCOUX, Ch\u00e2teau MARSAU, MAS DE LIBIAN, MAS JULLIEN, Domaine PIERRE MOREY, Domaine MOREY-COFFINET, MORIC, Eric MORGAT, MUCHADA-LECLAPART, Thierry NAVARRE, NIKOLAIHOF, Arianna OCCHIPINTI, Domaine OSTERTAG, Michael PAETZOLD, Domaine PATTES-LOUP, PAVIE-MACQUIN, \u00a0PERROT-MINOT, Distillerie du PETIT GRAIN, Domaine Gilbert PICQ, Domaine PIERRE ANDRE, Gehrard PITTNAUER, Domaine PONSOT, Ch\u00e2teau SAINTE-ANNE, SAINT-COSME, domaine SAINT-PREFERT, Domaine SALADIN, Uwe SCHIEFER, SCLAVOS, Domaine SEROL, Jacques SELOSSE, SPIEGELAU, Domaine TEMPIER, TETRAMYTHOS, THANISCH-ERBEN, THYMIOPOULOS, TIRE-PE, Domaine du TRAPADIS, Laurent TRIBUT, Les Fils de Charles TROSSET, ULYSSE COLLIN, VEYDER-MALBERG, Le VIEUX DONJON et aussi mille p\u00e9pites et vieux mill\u00e9simes<\/p>\n<p><a href=\"https:\/\/www.mesvendanges.com\/qui-sommes-nous\/\">? de quoi, de qui ?<\/a><\/p>\n","protected":false},"excerpt":{"rendered":"<p>Des journ\u00e9es enti\u00e8res dans les vignes&#8230; &#8230; ce sont les vins des domaines : Les ACCOLES, A.J. ADAM, Markus ALTENBURGER, ANTONIOLO, Les ARDAILLONS, Antoine-Marie ARENA, Domaine ARLAUD, ATHINA, La BARONNE, Lucien BARROT, Patrick BAUDOUIN, BEAUCASTEL, BEAUSEJOUR-DUFFAU-LAGARROSSE, BELLIVIERE, Domaine BELLUARD, Les BERIOLES, BERNARD-BONIN, Henri BONNEAU, Ch\u00e2teau de BONNEZEAUX, Eric BORDELET, G\u00e9rard BOULAY, Agathe BURSIN, Les CAILLOUX, [&hellip;]<\/p>\n","protected":false},"author":1,"featured_media":0,"parent":0,"menu_order":0,"comment_status":"closed","ping_status":"closed","template":"","meta":[],"acf":[],"yoast_head":"<!-- This site is optimized with the Yoast SEO plugin v19.3 - https:\/\/yoast.com\/wordpress\/plugins\/seo\/ -->\n<title>Mes Vendanges - Des journ\u00e9es enti\u00e8res dans les vignes<\/title>\n<meta name=\"description\" content=\"Mesvendanges.com, c&#039;est une s\u00e9lection pointue et personnelle de vignerons artisans, de raret\u00e9s et de d\u00e9couvertes.\" \/>\n<meta name=\"robots\" content=\"index, follow, max-snippet:-1, max-image-preview:large, max-video-preview:-1\" \/>\n<link rel=\"canonical\" href=\"https:\/\/www.mesvendanges.com\/fr\/\" \/>\n<meta property=\"og:locale\" content=\"fr_FR\" \/>\n<meta property=\"og:type\" content=\"article\" \/>\n<meta property=\"og:title\" content=\"Mes Vendanges - Des journ\u00e9es enti\u00e8res dans les vignes\" \/>\n<meta property=\"og:description\" content=\"Mesvendanges.com, c&#039;est une s\u00e9lection pointue et personnelle de vignerons artisans, de raret\u00e9s et de d\u00e9couvertes.\" \/>\n<meta property=\"og:url\" content=\"https:\/\/www.mesvendanges.com\/fr\/\" \/>\n<meta property=\"og:site_name\" content=\"Mes Vendanges\" \/>\n<meta property=\"article:modified_time\" content=\"2026-04-24T13:43:51+00:00\" \/>\n<meta name=\"twitter:card\" content=\"summary_large_image\" \/>\n<meta name=\"twitter:label1\" content=\"Dur\u00e9e de lecture estim\u00e9e\" \/>\n\t<meta name=\"twitter:data1\" content=\"2 minutes\" \/>\n<script type=\"application\/ld+json\" class=\"yoast-schema-graph\">{\"@context\":\"https:\/\/schema.org\",\"@graph\":[{\"@type\":\"Organization\",\"@id\":\"https:\/\/www.mesvendanges.com\/en\/#organization\",\"name\":\"Mes Vendanges\",\"url\":\"https:\/\/www.mesvendanges.com\/en\/\",\"sameAs\":[],\"logo\":{\"@type\":\"ImageObject\",\"inLanguage\":\"fr-FR\",\"@id\":\"https:\/\/www.mesvendanges.com\/en\/#\/schema\/logo\/image\/\",\"url\":\"https:\/\/www.mesvendanges.com\/wp-content\/uploads\/2022\/02\/logo-mesvendanges.jpg\",\"contentUrl\":\"https:\/\/www.mesvendanges.com\/wp-content\/uploads\/2022\/02\/logo-mesvendanges.jpg\",\"width\":851,\"height\":260,\"caption\":\"Mes Vendanges\"},\"image\":{\"@id\":\"https:\/\/www.mesvendanges.com\/en\/#\/schema\/logo\/image\/\"}},{\"@type\":\"WebSite\",\"@id\":\"https:\/\/www.mesvendanges.com\/en\/#website\",\"url\":\"https:\/\/www.mesvendanges.com\/en\/\",\"name\":\"Mes Vendanges\",\"description\":\"Des journ\u00e9es enti\u00e8res dans les vignes\",\"publisher\":{\"@id\":\"https:\/\/www.mesvendanges.com\/en\/#organization\"},\"potentialAction\":[{\"@type\":\"SearchAction\",\"target\":{\"@type\":\"EntryPoint\",\"urlTemplate\":\"https:\/\/www.mesvendanges.com\/en\/?s={search_term_string}\"},\"query-input\":\"required name=search_term_string\"}],\"inLanguage\":\"fr-FR\"},{\"@type\":\"WebPage\",\"@id\":\"https:\/\/www.mesvendanges.com\/fr\/\",\"url\":\"https:\/\/www.mesvendanges.com\/fr\/\",\"name\":\"Mes Vendanges - Des journ\u00e9es enti\u00e8res dans les vignes\",\"isPartOf\":{\"@id\":\"https:\/\/www.mesvendanges.com\/en\/#website\"},\"datePublished\":\"2022-02-03T14:48:03+00:00\",\"dateModified\":\"2026-04-24T13:43:51+00:00\",\"description\":\"Mesvendanges.com, c'est une s\u00e9lection pointue et personnelle de vignerons artisans, de raret\u00e9s et de d\u00e9couvertes.\",\"breadcrumb\":{\"@id\":\"https:\/\/www.mesvendanges.com\/fr\/#breadcrumb\"},\"inLanguage\":\"fr-FR\",\"potentialAction\":[{\"@type\":\"ReadAction\",\"target\":[\"https:\/\/www.mesvendanges.com\/fr\/\"]}]},{\"@type\":\"BreadcrumbList\",\"@id\":\"https:\/\/www.mesvendanges.com\/fr\/#breadcrumb\",\"itemListElement\":[{\"@type\":\"ListItem\",\"position\":1,\"name\":\"Accueil\",\"item\":\"https:\/\/www.mesvendanges.com\/fr\/\"},{\"@type\":\"ListItem\",\"position\":2,\"name\":\"Mes Vendanges\"}]}]}<\/script>\n<!-- \/ Yoast SEO plugin. -->","yoast_head_json":{"title":"Mes Vendanges - Des journ\u00e9es enti\u00e8res dans les vignes","description":"Mesvendanges.com, c'est une s\u00e9lection pointue et personnelle de vignerons artisans, de raret\u00e9s et de d\u00e9couvertes.","robots":{"index":"index","follow":"follow","max-snippet":"max-snippet:-1","max-image-preview":"max-image-preview:large","max-video-preview":"max-video-preview:-1"},"canonical":"https:\/\/www.mesvendanges.com\/fr\/","og_locale":"fr_FR","og_type":"article","og_title":"Mes Vendanges - Des journ\u00e9es enti\u00e8res dans les vignes","og_description":"Mesvendanges.com, c'est une s\u00e9lection pointue et personnelle de vignerons artisans, de raret\u00e9s et de d\u00e9couvertes.","og_url":"https:\/\/www.mesvendanges.com\/fr\/","og_site_name":"Mes Vendanges","article_modified_time":"2026-04-24T13:43:51+00:00","twitter_card":"summary_large_image","twitter_misc":{"Dur\u00e9e de lecture estim\u00e9e":"2 minutes"},"schema":{"@context":"https:\/\/schema.org","@graph":[{"@type":"Organization","@id":"https:\/\/www.mesvendanges.com\/en\/#organization","name":"Mes Vendanges","url":"https:\/\/www.mesvendanges.com\/en\/","sameAs":[],"logo":{"@type":"ImageObject","inLanguage":"fr-FR","@id":"https:\/\/www.mesvendanges.com\/en\/#\/schema\/logo\/image\/","url":"https:\/\/www.mesvendanges.com\/wp-content\/uploads\/2022\/02\/logo-mesvendanges.jpg","contentUrl":"https:\/\/www.mesvendanges.com\/wp-content\/uploads\/2022\/02\/logo-mesvendanges.jpg","width":851,"height":260,"caption":"Mes Vendanges"},"image":{"@id":"https:\/\/www.mesvendanges.com\/en\/#\/schema\/logo\/image\/"}},{"@type":"WebSite","@id":"https:\/\/www.mesvendanges.com\/en\/#website","url":"https:\/\/www.mesvendanges.com\/en\/","name":"Mes Vendanges","description":"Des journ\u00e9es enti\u00e8res dans les vignes","publisher":{"@id":"https:\/\/www.mesvendanges.com\/en\/#organization"},"potentialAction":[{"@type":"SearchAction","target":{"@type":"EntryPoint","urlTemplate":"https:\/\/www.mesvendanges.com\/en\/?s={search_term_string}"},"query-input":"required name=search_term_string"}],"inLanguage":"fr-FR"},{"@type":"WebPage","@id":"https:\/\/www.mesvendanges.com\/fr\/","url":"https:\/\/www.mesvendanges.com\/fr\/","name":"Mes Vendanges - Des journ\u00e9es enti\u00e8res dans les vignes","isPartOf":{"@id":"https:\/\/www.mesvendanges.com\/en\/#website"},"datePublished":"2022-02-03T14:48:03+00:00","dateModified":"2026-04-24T13:43:51+00:00","description":"Mesvendanges.com, c'est une s\u00e9lection pointue et personnelle de vignerons artisans, de raret\u00e9s et de d\u00e9couvertes.","breadcrumb":{"@id":"https:\/\/www.mesvendanges.com\/fr\/#breadcrumb"},"inLanguage":"fr-FR","potentialAction":[{"@type":"ReadAction","target":["https:\/\/www.mesvendanges.com\/fr\/"]}]},{"@type":"BreadcrumbList","@id":"https:\/\/www.mesvendanges.com\/fr\/#breadcrumb","itemListElement":[{"@type":"ListItem","position":1,"name":"Accueil","item":"https:\/\/www.mesvendanges.com\/fr\/"},{"@type":"ListItem","position":2,"name":"Mes Vendanges"}]}]}},"_links":{"self":[{"href":"https:\/\/www.mesvendanges.com\/fr\/wp-json\/wp\/v2\/pages\/2"}],"collection":[{"href":"https:\/\/www.mesvendanges.com\/fr\/wp-json\/wp\/v2\/pages"}],"about":[{"href":"https:\/\/www.mesvendanges.com\/fr\/wp-json\/wp\/v2\/types\/page"}],"author":[{"embeddable":true,"href":"https:\/\/www.mesvendanges.com\/fr\/wp-json\/wp\/v2\/users\/1"}],"replies":[{"embeddable":true,"href":"https:\/\/www.mesvendanges.com\/fr\/wp-json\/wp\/v2\/comments?post=2"}],"version-history":[{"count":22,"href":"https:\/\/www.mesvendanges.com\/fr\/wp-json\/wp\/v2\/pages\/2\/revisions"}],"predecessor-version":[{"id":90974,"href":"https:\/\/www.mesvendanges.com\/fr\/wp-json\/wp\/v2\/pages\/2\/revisions\/90974"}],"wp:attachment":[{"href":"https:\/\/www.mesvendanges.com\/fr\/wp-json\/wp\/v2\/media?parent=2"}],"curies":[{"name":"wp","href":"https:\/\/api.w.org\/{rel}","templated":true}]}}