{"id":80,"date":"2022-02-04T16:32:58","date_gmt":"2022-02-04T15:32:58","guid":{"rendered":"https:\/\/www.mesvendanges.com\/?page_id=80"},"modified":"2022-02-07T16:07:44","modified_gmt":"2022-02-07T15:07:44","slug":"qui-sommes-nous","status":"publish","type":"page","link":"https:\/\/www.mesvendanges.com\/fr\/qui-sommes-nous\/","title":{"rendered":"Qui sommes-nous ?"},"content":{"rendered":"<p><img loading=\"lazy\" class=\"alignleft wp-image-156 size-full\" src=\"https:\/\/www.mesvendanges.com\/wp-content\/uploads\/2022\/02\/nous_sommes_mesvendanges_605x605.webp\" alt=\"\" width=\"605\" height=\"605\" srcset=\"https:\/\/www.mesvendanges.com\/wp-content\/uploads\/2022\/02\/nous_sommes_mesvendanges_605x605.webp 605w, https:\/\/www.mesvendanges.com\/wp-content\/uploads\/2022\/02\/nous_sommes_mesvendanges_605x605-300x300.webp 300w, https:\/\/www.mesvendanges.com\/wp-content\/uploads\/2022\/02\/nous_sommes_mesvendanges_605x605-100x100.webp 100w, https:\/\/www.mesvendanges.com\/wp-content\/uploads\/2022\/02\/nous_sommes_mesvendanges_605x605-600x600.webp 600w, https:\/\/www.mesvendanges.com\/wp-content\/uploads\/2022\/02\/nous_sommes_mesvendanges_605x605-150x150.webp 150w\" sizes=\"(max-width: 605px) 100vw, 605px\" \/><\/p>\n<h2>depuis 2004 &#8230;<\/h2>\n<p>L&#8217;aventure d\u00e9bute en 2004, nous sommes \u00e0 Bordeaux (Julien travaille pour la Cristallerie Spiegelau) et il y est pratiquement impossible de trouver une bonne bouteille qui ne soit pas de la r\u00e9gion\u00a0: pas de chinons ni de bourgognes, de rh\u00f4nes \u00e0 notre go\u00fbt. Dans un coin de notre salon nous commen\u00e7ons \u00e0 stocker quelques cartons de Bordelet, Jean David, Chidaine, Baudouin, Reynaud pour les gosiers curieux d&#8217;autre chose que des graves et m\u00e9docs.<\/p>\n<p>De bouteille en bouteille, de rencontre en rencontre, nous d\u00e9cidons de passer \u00e0 l&#8217;\u00e9tape sup\u00e9rieure et montons notre premier site en 2007 (merci Mathias!) et quittons Bordeaux pour les montagnes des Pyr\u00e9n\u00e9es. L&#8217;offre s&#8217;agrandit d&#8217;ann\u00e9e en ann\u00e9e, les bouteilles se multiplient et la place manque, la cave est trop petite\u00a0! Nous prenons donc le chemin de la Haute-Loire o\u00f9 nous trouvons le lieux id\u00e9al pour accueillir les 1500 r\u00e9f\u00e9rences de notre catalogue.<\/p>\n<p>Au cours des ann\u00e9es notre horizon s&#8217;est ouvert, nos go\u00fbts ont pris des directions plus personnelles avec un amour tout particulier pour les rieslings allemands, les blaufr\u00e4nkisch autrichiens, les magnifiques nebbiolos d&#8217;Antoniolo ou encore les xinomavros de Thymiopoulos.<\/p>\n<p>Avec les ann\u00e9es nous avons aussi chang\u00e9 de regard sur notre monde, sur la relation que nous entretenons avec lui et avec toutes les esp\u00e8ces qui l&#8217;habitent. Tout naturellement nous nous sommes sentis plus proches de certains vignerons chez qui cette pr\u00e9sence au monde est si palpable, comme Eric et Christine Nicolas du domaine de Bellivi\u00e8re, Marie-Th\u00e9r\u00e8se Chappaz, les Petits Riens et bien d&#8217;autres encore.<\/p>\n<p>Ces ann\u00e9es ont \u00e9t\u00e9 aussi la rencontre avec des esth\u00e9tiques fortes, novatrices, illuminant l&#8217;avenir, comme celles d&#8217;Arnaud Ente, d&#8217;Eric Morgat, de Veyder-Malberg ou de Fabien Duperray \/ Domaine Jules Desjourneys.<\/p>\n<p>Et les ann\u00e9es \u00e0 venir nous offrirons encore de nouvelles rencontres, de nouveaux horizons, des doutes et des questions, des \u00e9tonnements, des r\u00e9v\u00e9lations, car tout change sans cesse et il n&#8217;y a point d&#8217;arriv\u00e9e, mais que ce chemin infini qui serpente \u00e0 travers les vignes&#8230;<\/p>\n","protected":false},"excerpt":{"rendered":"<p>depuis 2004 &#8230; L&#8217;aventure d\u00e9bute en 2004, nous sommes \u00e0 Bordeaux (Julien travaille pour la Cristallerie Spiegelau) et il y est pratiquement impossible de trouver une bonne bouteille qui ne soit pas de la r\u00e9gion\u00a0: pas de chinons ni de bourgognes, de rh\u00f4nes \u00e0 notre go\u00fbt. Dans un coin de notre salon nous commen\u00e7ons \u00e0 [&hellip;]<\/p>\n","protected":false},"author":1,"featured_media":0,"parent":0,"menu_order":0,"comment_status":"closed","ping_status":"closed","template":"","meta":[],"acf":[],"yoast_head":"<!-- This site is optimized with the Yoast SEO plugin v19.3 - https:\/\/yoast.com\/wordpress\/plugins\/seo\/ -->\n<title>Qui sommes-nous ? - Mes Vendanges<\/title>\n<meta name=\"robots\" content=\"index, follow, max-snippet:-1, max-image-preview:large, max-video-preview:-1\" \/>\n<link rel=\"canonical\" href=\"https:\/\/www.mesvendanges.com\/fr\/qui-sommes-nous\/\" \/>\n<meta property=\"og:locale\" content=\"fr_FR\" \/>\n<meta property=\"og:type\" content=\"article\" \/>\n<meta property=\"og:title\" content=\"Qui sommes-nous ? - Mes Vendanges\" \/>\n<meta property=\"og:description\" content=\"depuis 2004 &#8230; L&#8217;aventure d\u00e9bute en 2004, nous sommes \u00e0 Bordeaux (Julien travaille pour la Cristallerie Spiegelau) et il y est pratiquement impossible de trouver une bonne bouteille qui ne soit pas de la r\u00e9gion\u00a0: pas de chinons ni de bourgognes, de rh\u00f4nes \u00e0 notre go\u00fbt. Dans un coin de notre salon nous commen\u00e7ons \u00e0 [&hellip;]\" \/>\n<meta property=\"og:url\" content=\"https:\/\/www.mesvendanges.com\/fr\/qui-sommes-nous\/\" \/>\n<meta property=\"og:site_name\" content=\"Mes Vendanges\" \/>\n<meta property=\"article:modified_time\" content=\"2022-02-07T15:07:44+00:00\" \/>\n<meta property=\"og:image\" content=\"https:\/\/www.mesvendanges.com\/wp-content\/uploads\/2022\/02\/nous_sommes_mesvendanges_605x605.webp\" \/>\n<meta name=\"twitter:card\" content=\"summary_large_image\" \/>\n<meta name=\"twitter:label1\" content=\"Dur\u00e9e de lecture estim\u00e9e\" \/>\n\t<meta name=\"twitter:data1\" content=\"2 minutes\" \/>\n<script type=\"application\/ld+json\" class=\"yoast-schema-graph\">{\"@context\":\"https:\/\/schema.org\",\"@graph\":[{\"@type\":\"Organization\",\"@id\":\"https:\/\/www.mesvendanges.com\/en\/#organization\",\"name\":\"Mes Vendanges\",\"url\":\"https:\/\/www.mesvendanges.com\/en\/\",\"sameAs\":[],\"logo\":{\"@type\":\"ImageObject\",\"inLanguage\":\"fr-FR\",\"@id\":\"https:\/\/www.mesvendanges.com\/en\/#\/schema\/logo\/image\/\",\"url\":\"https:\/\/www.mesvendanges.com\/wp-content\/uploads\/2022\/02\/logo-mesvendanges.jpg\",\"contentUrl\":\"https:\/\/www.mesvendanges.com\/wp-content\/uploads\/2022\/02\/logo-mesvendanges.jpg\",\"width\":851,\"height\":260,\"caption\":\"Mes Vendanges\"},\"image\":{\"@id\":\"https:\/\/www.mesvendanges.com\/en\/#\/schema\/logo\/image\/\"}},{\"@type\":\"WebSite\",\"@id\":\"https:\/\/www.mesvendanges.com\/en\/#website\",\"url\":\"https:\/\/www.mesvendanges.com\/en\/\",\"name\":\"Mes Vendanges\",\"description\":\"Des journ\u00e9es enti\u00e8res dans les vignes\",\"publisher\":{\"@id\":\"https:\/\/www.mesvendanges.com\/en\/#organization\"},\"potentialAction\":[{\"@type\":\"SearchAction\",\"target\":{\"@type\":\"EntryPoint\",\"urlTemplate\":\"https:\/\/www.mesvendanges.com\/en\/?s={search_term_string}\"},\"query-input\":\"required name=search_term_string\"}],\"inLanguage\":\"fr-FR\"},{\"@type\":\"ImageObject\",\"inLanguage\":\"fr-FR\",\"@id\":\"https:\/\/www.mesvendanges.com\/fr\/qui-sommes-nous\/#primaryimage\",\"url\":\"https:\/\/www.mesvendanges.com\/wp-content\/uploads\/2022\/02\/nous_sommes_mesvendanges_605x605.webp\",\"contentUrl\":\"https:\/\/www.mesvendanges.com\/wp-content\/uploads\/2022\/02\/nous_sommes_mesvendanges_605x605.webp\",\"width\":605,\"height\":605},{\"@type\":\"WebPage\",\"@id\":\"https:\/\/www.mesvendanges.com\/fr\/qui-sommes-nous\/\",\"url\":\"https:\/\/www.mesvendanges.com\/fr\/qui-sommes-nous\/\",\"name\":\"Qui sommes-nous ? - Mes Vendanges\",\"isPartOf\":{\"@id\":\"https:\/\/www.mesvendanges.com\/en\/#website\"},\"primaryImageOfPage\":{\"@id\":\"https:\/\/www.mesvendanges.com\/fr\/qui-sommes-nous\/#primaryimage\"},\"datePublished\":\"2022-02-04T15:32:58+00:00\",\"dateModified\":\"2022-02-07T15:07:44+00:00\",\"breadcrumb\":{\"@id\":\"https:\/\/www.mesvendanges.com\/fr\/qui-sommes-nous\/#breadcrumb\"},\"inLanguage\":\"fr-FR\",\"potentialAction\":[{\"@type\":\"ReadAction\",\"target\":[\"https:\/\/www.mesvendanges.com\/fr\/qui-sommes-nous\/\"]}]},{\"@type\":\"BreadcrumbList\",\"@id\":\"https:\/\/www.mesvendanges.com\/fr\/qui-sommes-nous\/#breadcrumb\",\"itemListElement\":[{\"@type\":\"ListItem\",\"position\":1,\"name\":\"Accueil\",\"item\":\"https:\/\/www.mesvendanges.com\/fr\/\"},{\"@type\":\"ListItem\",\"position\":2,\"name\":\"Qui sommes-nous ?\"}]}]}<\/script>\n<!-- \/ Yoast SEO plugin. -->","yoast_head_json":{"title":"Qui sommes-nous ? - Mes Vendanges","robots":{"index":"index","follow":"follow","max-snippet":"max-snippet:-1","max-image-preview":"max-image-preview:large","max-video-preview":"max-video-preview:-1"},"canonical":"https:\/\/www.mesvendanges.com\/fr\/qui-sommes-nous\/","og_locale":"fr_FR","og_type":"article","og_title":"Qui sommes-nous ? - Mes Vendanges","og_description":"depuis 2004 &#8230; L&#8217;aventure d\u00e9bute en 2004, nous sommes \u00e0 Bordeaux (Julien travaille pour la Cristallerie Spiegelau) et il y est pratiquement impossible de trouver une bonne bouteille qui ne soit pas de la r\u00e9gion\u00a0: pas de chinons ni de bourgognes, de rh\u00f4nes \u00e0 notre go\u00fbt. Dans un coin de notre salon nous commen\u00e7ons \u00e0 [&hellip;]","og_url":"https:\/\/www.mesvendanges.com\/fr\/qui-sommes-nous\/","og_site_name":"Mes Vendanges","article_modified_time":"2022-02-07T15:07:44+00:00","og_image":[{"url":"https:\/\/www.mesvendanges.com\/wp-content\/uploads\/2022\/02\/nous_sommes_mesvendanges_605x605.webp"}],"twitter_card":"summary_large_image","twitter_misc":{"Dur\u00e9e de lecture estim\u00e9e":"2 minutes"},"schema":{"@context":"https:\/\/schema.org","@graph":[{"@type":"Organization","@id":"https:\/\/www.mesvendanges.com\/en\/#organization","name":"Mes Vendanges","url":"https:\/\/www.mesvendanges.com\/en\/","sameAs":[],"logo":{"@type":"ImageObject","inLanguage":"fr-FR","@id":"https:\/\/www.mesvendanges.com\/en\/#\/schema\/logo\/image\/","url":"https:\/\/www.mesvendanges.com\/wp-content\/uploads\/2022\/02\/logo-mesvendanges.jpg","contentUrl":"https:\/\/www.mesvendanges.com\/wp-content\/uploads\/2022\/02\/logo-mesvendanges.jpg","width":851,"height":260,"caption":"Mes Vendanges"},"image":{"@id":"https:\/\/www.mesvendanges.com\/en\/#\/schema\/logo\/image\/"}},{"@type":"WebSite","@id":"https:\/\/www.mesvendanges.com\/en\/#website","url":"https:\/\/www.mesvendanges.com\/en\/","name":"Mes Vendanges","description":"Des journ\u00e9es enti\u00e8res dans les vignes","publisher":{"@id":"https:\/\/www.mesvendanges.com\/en\/#organization"},"potentialAction":[{"@type":"SearchAction","target":{"@type":"EntryPoint","urlTemplate":"https:\/\/www.mesvendanges.com\/en\/?s={search_term_string}"},"query-input":"required name=search_term_string"}],"inLanguage":"fr-FR"},{"@type":"ImageObject","inLanguage":"fr-FR","@id":"https:\/\/www.mesvendanges.com\/fr\/qui-sommes-nous\/#primaryimage","url":"https:\/\/www.mesvendanges.com\/wp-content\/uploads\/2022\/02\/nous_sommes_mesvendanges_605x605.webp","contentUrl":"https:\/\/www.mesvendanges.com\/wp-content\/uploads\/2022\/02\/nous_sommes_mesvendanges_605x605.webp","width":605,"height":605},{"@type":"WebPage","@id":"https:\/\/www.mesvendanges.com\/fr\/qui-sommes-nous\/","url":"https:\/\/www.mesvendanges.com\/fr\/qui-sommes-nous\/","name":"Qui sommes-nous ? - Mes Vendanges","isPartOf":{"@id":"https:\/\/www.mesvendanges.com\/en\/#website"},"primaryImageOfPage":{"@id":"https:\/\/www.mesvendanges.com\/fr\/qui-sommes-nous\/#primaryimage"},"datePublished":"2022-02-04T15:32:58+00:00","dateModified":"2022-02-07T15:07:44+00:00","breadcrumb":{"@id":"https:\/\/www.mesvendanges.com\/fr\/qui-sommes-nous\/#breadcrumb"},"inLanguage":"fr-FR","potentialAction":[{"@type":"ReadAction","target":["https:\/\/www.mesvendanges.com\/fr\/qui-sommes-nous\/"]}]},{"@type":"BreadcrumbList","@id":"https:\/\/www.mesvendanges.com\/fr\/qui-sommes-nous\/#breadcrumb","itemListElement":[{"@type":"ListItem","position":1,"name":"Accueil","item":"https:\/\/www.mesvendanges.com\/fr\/"},{"@type":"ListItem","position":2,"name":"Qui sommes-nous ?"}]}]}},"_links":{"self":[{"href":"https:\/\/www.mesvendanges.com\/fr\/wp-json\/wp\/v2\/pages\/80"}],"collection":[{"href":"https:\/\/www.mesvendanges.com\/fr\/wp-json\/wp\/v2\/pages"}],"about":[{"href":"https:\/\/www.mesvendanges.com\/fr\/wp-json\/wp\/v2\/types\/page"}],"author":[{"embeddable":true,"href":"https:\/\/www.mesvendanges.com\/fr\/wp-json\/wp\/v2\/users\/1"}],"replies":[{"embeddable":true,"href":"https:\/\/www.mesvendanges.com\/fr\/wp-json\/wp\/v2\/comments?post=80"}],"version-history":[{"count":5,"href":"https:\/\/www.mesvendanges.com\/fr\/wp-json\/wp\/v2\/pages\/80\/revisions"}],"predecessor-version":[{"id":171,"href":"https:\/\/www.mesvendanges.com\/fr\/wp-json\/wp\/v2\/pages\/80\/revisions\/171"}],"wp:attachment":[{"href":"https:\/\/www.mesvendanges.com\/fr\/wp-json\/wp\/v2\/media?parent=80"}],"curies":[{"name":"wp","href":"https:\/\/api.w.org\/{rel}","templated":true}]}}