{"id":82,"date":"2022-02-04T16:33:13","date_gmt":"2022-02-04T15:33:13","guid":{"rendered":"https:\/\/www.mesvendanges.com\/?page_id=82"},"modified":"2024-01-30T10:38:57","modified_gmt":"2024-01-30T09:38:57","slug":"livraison","status":"publish","type":"page","link":"https:\/\/www.mesvendanges.com\/fr\/livraison\/","title":{"rendered":"Livraison"},"content":{"rendered":"<p align=\"JUSTIFY\">Pour l\u2019envoi de vos commandes, notre partenaire est UPS, qui offre un service de qualit\u00e9 depuis de nombreuses ann\u00e9es. deux options sont possibles :<\/p>\n<p><strong>UPS Point Relais &#8211; Livraison au point relais de votre choix &#8211; livraison sous 48-72h apr\u00e8s exp\u00e9dition<\/strong><br \/>\nPrix fixe de 12\u20ac &#8211; Gratuit pour toute commande \u00e0 partir de 260\u20ac<\/p>\n<p><strong>UPS Standard &#8211; Livraison en France m\u00e9tropolitaine sous 24\/48h apr\u00e8s exp\u00e9dition<\/strong><br \/>\nPrix fixe de 12\u20ac &#8211; Gratuit pour toute commande \u00e0 partir de 350\u20ac<\/p>\n<p align=\"JUSTIFY\">Pour toute livraison sur l&#8217;Union Europ\u00e9enne, les frais de port sont de 19\u20ac hors taxes &#8211; livraison sous 48-72h apr\u00e8s exp\u00e9dition<br \/>\nFor deliveries within the European Union, shipping costs are \u20ac19 excluding tax &#8211; delivery within 48-72 hours of dispatch.<\/p>\n<p>Nous essayons de grouper au maximum les livraisons les lundis, mardis, et mercredis. Les commandes pass\u00e9es sur le site \u00e0 partir du mercredi apr\u00e8s-midi seront sauf demande expresse, plut\u00f4t pr\u00e9par\u00e9es pour exp\u00e9dition le lundi suivant, ceci afin d&#8217;\u00e9viter autant que possible que les colis restent \u00e0 quai durant le temps du week-end.<\/p>\n","protected":false},"excerpt":{"rendered":"<p>Pour l\u2019envoi de vos commandes, notre partenaire est UPS, qui offre un service de qualit\u00e9 depuis de nombreuses ann\u00e9es. deux options sont possibles : UPS Point Relais &#8211; Livraison au point relais de votre choix &#8211; livraison sous 48-72h apr\u00e8s exp\u00e9dition Prix fixe de 12\u20ac &#8211; Gratuit pour toute commande \u00e0 partir de 260\u20ac UPS [&hellip;]<\/p>\n","protected":false},"author":1,"featured_media":0,"parent":0,"menu_order":0,"comment_status":"closed","ping_status":"closed","template":"","meta":[],"acf":[],"yoast_head":"<!-- This site is optimized with the Yoast SEO plugin v19.3 - https:\/\/yoast.com\/wordpress\/plugins\/seo\/ -->\n<title>Livraison - Mes Vendanges<\/title>\n<meta name=\"description\" content=\"Frais de port : 12\u20ac en point relais, franco \u00e0 260\u20ac \/ 12\u20ac \u00e0 domicile, franco \u00e0 350\u20ac . Livraison sur l&#039;Union Europ\u00e9enne pour 19\u20acht\" \/>\n<meta name=\"robots\" content=\"index, follow, max-snippet:-1, max-image-preview:large, max-video-preview:-1\" \/>\n<link rel=\"canonical\" href=\"https:\/\/www.mesvendanges.com\/fr\/livraison\/\" \/>\n<meta property=\"og:locale\" content=\"fr_FR\" \/>\n<meta property=\"og:type\" content=\"article\" \/>\n<meta property=\"og:title\" content=\"Livraison - Mes Vendanges\" \/>\n<meta property=\"og:description\" content=\"Frais de port : 12\u20ac en point relais, franco \u00e0 260\u20ac \/ 12\u20ac \u00e0 domicile, franco \u00e0 350\u20ac . Livraison sur l&#039;Union Europ\u00e9enne pour 19\u20acht\" \/>\n<meta property=\"og:url\" content=\"https:\/\/www.mesvendanges.com\/fr\/livraison\/\" \/>\n<meta property=\"og:site_name\" content=\"Mes Vendanges\" \/>\n<meta property=\"article:modified_time\" content=\"2024-01-30T09:38:57+00:00\" \/>\n<meta name=\"twitter:card\" content=\"summary_large_image\" \/>\n<meta name=\"twitter:label1\" content=\"Dur\u00e9e de lecture estim\u00e9e\" \/>\n\t<meta name=\"twitter:data1\" content=\"1 minute\" \/>\n<script type=\"application\/ld+json\" class=\"yoast-schema-graph\">{\"@context\":\"https:\/\/schema.org\",\"@graph\":[{\"@type\":\"Organization\",\"@id\":\"https:\/\/www.mesvendanges.com\/en\/#organization\",\"name\":\"Mes Vendanges\",\"url\":\"https:\/\/www.mesvendanges.com\/en\/\",\"sameAs\":[],\"logo\":{\"@type\":\"ImageObject\",\"inLanguage\":\"fr-FR\",\"@id\":\"https:\/\/www.mesvendanges.com\/en\/#\/schema\/logo\/image\/\",\"url\":\"https:\/\/www.mesvendanges.com\/wp-content\/uploads\/2022\/02\/logo-mesvendanges.jpg\",\"contentUrl\":\"https:\/\/www.mesvendanges.com\/wp-content\/uploads\/2022\/02\/logo-mesvendanges.jpg\",\"width\":851,\"height\":260,\"caption\":\"Mes Vendanges\"},\"image\":{\"@id\":\"https:\/\/www.mesvendanges.com\/en\/#\/schema\/logo\/image\/\"}},{\"@type\":\"WebSite\",\"@id\":\"https:\/\/www.mesvendanges.com\/en\/#website\",\"url\":\"https:\/\/www.mesvendanges.com\/en\/\",\"name\":\"Mes Vendanges\",\"description\":\"Des journ\u00e9es enti\u00e8res dans les vignes\",\"publisher\":{\"@id\":\"https:\/\/www.mesvendanges.com\/en\/#organization\"},\"potentialAction\":[{\"@type\":\"SearchAction\",\"target\":{\"@type\":\"EntryPoint\",\"urlTemplate\":\"https:\/\/www.mesvendanges.com\/en\/?s={search_term_string}\"},\"query-input\":\"required name=search_term_string\"}],\"inLanguage\":\"fr-FR\"},{\"@type\":\"WebPage\",\"@id\":\"https:\/\/www.mesvendanges.com\/fr\/livraison\/\",\"url\":\"https:\/\/www.mesvendanges.com\/fr\/livraison\/\",\"name\":\"Livraison - Mes Vendanges\",\"isPartOf\":{\"@id\":\"https:\/\/www.mesvendanges.com\/en\/#website\"},\"datePublished\":\"2022-02-04T15:33:13+00:00\",\"dateModified\":\"2024-01-30T09:38:57+00:00\",\"description\":\"Frais de port : 12\u20ac en point relais, franco \u00e0 260\u20ac \/ 12\u20ac \u00e0 domicile, franco \u00e0 350\u20ac . Livraison sur l'Union Europ\u00e9enne pour 19\u20acht\",\"breadcrumb\":{\"@id\":\"https:\/\/www.mesvendanges.com\/fr\/livraison\/#breadcrumb\"},\"inLanguage\":\"fr-FR\",\"potentialAction\":[{\"@type\":\"ReadAction\",\"target\":[\"https:\/\/www.mesvendanges.com\/fr\/livraison\/\"]}]},{\"@type\":\"BreadcrumbList\",\"@id\":\"https:\/\/www.mesvendanges.com\/fr\/livraison\/#breadcrumb\",\"itemListElement\":[{\"@type\":\"ListItem\",\"position\":1,\"name\":\"Accueil\",\"item\":\"https:\/\/www.mesvendanges.com\/fr\/\"},{\"@type\":\"ListItem\",\"position\":2,\"name\":\"Livraison\"}]}]}<\/script>\n<!-- \/ Yoast SEO plugin. -->","yoast_head_json":{"title":"Livraison - Mes Vendanges","description":"Frais de port : 12\u20ac en point relais, franco \u00e0 260\u20ac \/ 12\u20ac \u00e0 domicile, franco \u00e0 350\u20ac . Livraison sur l'Union Europ\u00e9enne pour 19\u20acht","robots":{"index":"index","follow":"follow","max-snippet":"max-snippet:-1","max-image-preview":"max-image-preview:large","max-video-preview":"max-video-preview:-1"},"canonical":"https:\/\/www.mesvendanges.com\/fr\/livraison\/","og_locale":"fr_FR","og_type":"article","og_title":"Livraison - Mes Vendanges","og_description":"Frais de port : 12\u20ac en point relais, franco \u00e0 260\u20ac \/ 12\u20ac \u00e0 domicile, franco \u00e0 350\u20ac . Livraison sur l'Union Europ\u00e9enne pour 19\u20acht","og_url":"https:\/\/www.mesvendanges.com\/fr\/livraison\/","og_site_name":"Mes Vendanges","article_modified_time":"2024-01-30T09:38:57+00:00","twitter_card":"summary_large_image","twitter_misc":{"Dur\u00e9e de lecture estim\u00e9e":"1 minute"},"schema":{"@context":"https:\/\/schema.org","@graph":[{"@type":"Organization","@id":"https:\/\/www.mesvendanges.com\/en\/#organization","name":"Mes Vendanges","url":"https:\/\/www.mesvendanges.com\/en\/","sameAs":[],"logo":{"@type":"ImageObject","inLanguage":"fr-FR","@id":"https:\/\/www.mesvendanges.com\/en\/#\/schema\/logo\/image\/","url":"https:\/\/www.mesvendanges.com\/wp-content\/uploads\/2022\/02\/logo-mesvendanges.jpg","contentUrl":"https:\/\/www.mesvendanges.com\/wp-content\/uploads\/2022\/02\/logo-mesvendanges.jpg","width":851,"height":260,"caption":"Mes Vendanges"},"image":{"@id":"https:\/\/www.mesvendanges.com\/en\/#\/schema\/logo\/image\/"}},{"@type":"WebSite","@id":"https:\/\/www.mesvendanges.com\/en\/#website","url":"https:\/\/www.mesvendanges.com\/en\/","name":"Mes Vendanges","description":"Des journ\u00e9es enti\u00e8res dans les vignes","publisher":{"@id":"https:\/\/www.mesvendanges.com\/en\/#organization"},"potentialAction":[{"@type":"SearchAction","target":{"@type":"EntryPoint","urlTemplate":"https:\/\/www.mesvendanges.com\/en\/?s={search_term_string}"},"query-input":"required name=search_term_string"}],"inLanguage":"fr-FR"},{"@type":"WebPage","@id":"https:\/\/www.mesvendanges.com\/fr\/livraison\/","url":"https:\/\/www.mesvendanges.com\/fr\/livraison\/","name":"Livraison - Mes Vendanges","isPartOf":{"@id":"https:\/\/www.mesvendanges.com\/en\/#website"},"datePublished":"2022-02-04T15:33:13+00:00","dateModified":"2024-01-30T09:38:57+00:00","description":"Frais de port : 12\u20ac en point relais, franco \u00e0 260\u20ac \/ 12\u20ac \u00e0 domicile, franco \u00e0 350\u20ac . Livraison sur l'Union Europ\u00e9enne pour 19\u20acht","breadcrumb":{"@id":"https:\/\/www.mesvendanges.com\/fr\/livraison\/#breadcrumb"},"inLanguage":"fr-FR","potentialAction":[{"@type":"ReadAction","target":["https:\/\/www.mesvendanges.com\/fr\/livraison\/"]}]},{"@type":"BreadcrumbList","@id":"https:\/\/www.mesvendanges.com\/fr\/livraison\/#breadcrumb","itemListElement":[{"@type":"ListItem","position":1,"name":"Accueil","item":"https:\/\/www.mesvendanges.com\/fr\/"},{"@type":"ListItem","position":2,"name":"Livraison"}]}]}},"_links":{"self":[{"href":"https:\/\/www.mesvendanges.com\/fr\/wp-json\/wp\/v2\/pages\/82"}],"collection":[{"href":"https:\/\/www.mesvendanges.com\/fr\/wp-json\/wp\/v2\/pages"}],"about":[{"href":"https:\/\/www.mesvendanges.com\/fr\/wp-json\/wp\/v2\/types\/page"}],"author":[{"embeddable":true,"href":"https:\/\/www.mesvendanges.com\/fr\/wp-json\/wp\/v2\/users\/1"}],"replies":[{"embeddable":true,"href":"https:\/\/www.mesvendanges.com\/fr\/wp-json\/wp\/v2\/comments?post=82"}],"version-history":[{"count":10,"href":"https:\/\/www.mesvendanges.com\/fr\/wp-json\/wp\/v2\/pages\/82\/revisions"}],"predecessor-version":[{"id":73255,"href":"https:\/\/www.mesvendanges.com\/fr\/wp-json\/wp\/v2\/pages\/82\/revisions\/73255"}],"wp:attachment":[{"href":"https:\/\/www.mesvendanges.com\/fr\/wp-json\/wp\/v2\/media?parent=82"}],"curies":[{"name":"wp","href":"https:\/\/api.w.org\/{rel}","templated":true}]}}