{"id":31665,"date":"2022-08-02T11:08:08","date_gmt":"2022-08-02T09:08:08","guid":{"rendered":"https:\/\/www.mesvendanges.com\/shop\/non%20class\u00e9\/cru-barrejats-2\/"},"modified":"2023-12-05T13:58:59","modified_gmt":"2023-12-05T12:58:59","slug":"cru-barrejats-cru-barrejats-1990-75cl","status":"publish","type":"product","link":"https:\/\/www.mesvendanges.com\/fr\/boutique\/vins\/cru-barrejats-cru-barrejats-1990-75cl\/","title":{"rendered":"CRU BARREJATS"},"content":{"rendered":"<p><P>Le premier vrai mill\u00e9sime du Cru Barr\u00e9jats sur un mill\u00e9sime de r\u00eave <BR><BR>le mill\u00e9sime 90 par Mireille Daret : <BR>Cultiver nos vignes en 1990 \u00e0 Sauternes, fut tr\u00e8s facile, les conditions climatiques \u00e9tant particuli\u00e8rement cl\u00e9mentes : Temp\u00e9ratures moyennes \u00e9lev\u00e9es comprises entre celles de 1988 et 1989, et pluies plus abondantes sans toutefois compenser le d\u00e9ficit hydrique vieux de plusieurs ann\u00e9es. Ces conditions climatiques nous permettent d&#8217;avoir tout au long de l&#8217;ann\u00e9e 1990 des vignes tr\u00e8s saines et donc de traiter tr\u00e8s peu, avec des produits aussi naturels que le soufre et le sulfate de cuivre. Le d\u00e9bourrement de la vigne est pr\u00e9coce vers le 20 mars, la floraison se d\u00e9roule de fa\u00e7on tout \u00e0 fait satisfaisante vers la mi-mai et la v\u00e9raison mi-ao\u00fbt. <BR><BR>Mi-septembre la s\u00e9cheresse des apr\u00e8s-midi et les brouillards matinaux permettent une attaque massive de Botrytis Cinerea, sur des raisins tr\u00e8s m\u00fbrs et d\u00e9j\u00e0 tr\u00e8s riches en sucres. Fin septembre les mo\u00fbts coulent r\u00e9guli\u00e8rement \u00e0 plus de 20\u00b0 au pressoir, atteignant pour certaines &#8220;tries&#8221; 28\u00b0! Nous sommes oblig\u00e9s de cueillir s\u00e9lectivement quelques raisins non botrytis\u00e9s afin de relever l&#8217;acidit\u00e9 de nos vins ! <BR><BR>Nous avons optimis\u00e9 cette qualit\u00e9 d\u00e9j\u00e0 certaine, par des &#8220;tries&#8221; tr\u00e8s soigneuses, afin de ne recueillir que le nectar. Nous avons produit au total 1200 bouteilles de Cru Barr\u00e9jats pour une surface cultiv\u00e9e de 0,76 hectare, soit un rendement de 12 hectolitres par hectare (pour 25 hectolitres habituellement autoris\u00e9s en appellation Sauternes). <BR><BR>Le pressurage dans une ancienne presse hydraulique verticale (en bois et inox) permet d&#8217;exprimer au mieux des mo\u00fbts concentr\u00e9s. Apr\u00e8s d\u00e9bourbage, la fermentation est r\u00e9alis\u00e9e dans des barriques neuves de ch\u00eane merrain (tonnelier Mercier, douelles fines \u00e0 grains tr\u00e8s serr\u00e9s, chauffe moyenne) et l&#8217;\u00e9levage poursuivi apr\u00e8s soutirages 18 mois. Une filtration pr\u00e9c\u00e8de la mise en bouteilles. <BR><BR>Les mo\u00fbts tr\u00e8s confits, complexes avec beaucoup d&#8217;ampleur, n&#8217;\u00e9taient qu&#8217;un avant go\u00fbt de la qualit\u00e9 de ce mill\u00e9sime de tr\u00e8s grande garde, qui sera certainement \u00e0 Sauternes l&#8217;un des plus grands de ce si\u00e8cle. La richesse si caract\u00e9ristique de ce mill\u00e9sime et sa faible acidit\u00e9 font appara\u00eetre lentement au fil du temps, ind\u00e9pendamment de la temp\u00e9rature de conservation, un d\u00e9p\u00f4t blanc sous forme de poudre brillante dans les bouteilles. C&#8217;est du tartrate neutre de calcium, pr\u00e9cipitation qui a le caract\u00e8re d&#8217;une stabilisation, favorable au point de vue gustatif, et banale dans les grands et vieux mill\u00e9simes \u00e0 Sauternes. <BR><BR><\/P><\/p>\n","protected":false},"excerpt":{"rendered":"<p>Le premier vrai mill\u00e9sime du Cru Barr\u00e9jats sur un mill\u00e9sime de r\u00eave le mill\u00e9sime 90 par Mireille Daret : Cultiver nos vignes en 1990 \u00e0 Sauternes, fut tr\u00e8s facile, les conditions climatiques \u00e9tant particuli\u00e8rement cl\u00e9mentes : Temp\u00e9ratures moyennes \u00e9lev\u00e9es comprises entre celles de 1988 et 1989, et pluies plus abondantes sans toutefois compenser le d\u00e9ficit [&hellip;]<\/p>\n","protected":false},"featured_media":0,"template":"","meta":[],"product_cat":[3736],"product_tag":[],"acf":[],"yoast_head":"<!-- This site is optimized with the Yoast SEO plugin v19.3 - https:\/\/yoast.com\/wordpress\/plugins\/seo\/ -->\n<title>CRU BARREJATS - Mes Vendanges<\/title>\n<meta name=\"robots\" content=\"index, follow, max-snippet:-1, max-image-preview:large, max-video-preview:-1\" \/>\n<link rel=\"canonical\" href=\"https:\/\/www.mesvendanges.com\/fr\/boutique\/vins\/cru-barrejats-cru-barrejats-1990-75cl\/\" \/>\n<meta property=\"og:locale\" content=\"fr_FR\" \/>\n<meta property=\"og:type\" content=\"article\" \/>\n<meta property=\"og:title\" content=\"CRU BARREJATS - Mes Vendanges\" \/>\n<meta property=\"og:description\" content=\"Le premier vrai mill\u00e9sime du Cru Barr\u00e9jats sur un mill\u00e9sime de r\u00eave le mill\u00e9sime 90 par Mireille Daret : Cultiver nos vignes en 1990 \u00e0 Sauternes, fut tr\u00e8s facile, les conditions climatiques \u00e9tant particuli\u00e8rement cl\u00e9mentes : Temp\u00e9ratures moyennes \u00e9lev\u00e9es comprises entre celles de 1988 et 1989, et pluies plus abondantes sans toutefois compenser le d\u00e9ficit [&hellip;]\" \/>\n<meta property=\"og:url\" content=\"https:\/\/www.mesvendanges.com\/fr\/boutique\/vins\/cru-barrejats-cru-barrejats-1990-75cl\/\" \/>\n<meta property=\"og:site_name\" content=\"Mes Vendanges\" \/>\n<meta property=\"article:modified_time\" content=\"2023-12-05T12:58:59+00:00\" \/>\n<meta name=\"twitter:card\" content=\"summary_large_image\" \/>\n<meta name=\"twitter:label1\" content=\"Dur\u00e9e de lecture estim\u00e9e\" \/>\n\t<meta name=\"twitter:data1\" content=\"2 minutes\" \/>\n<script type=\"application\/ld+json\" class=\"yoast-schema-graph\">{\"@context\":\"https:\/\/schema.org\",\"@graph\":[{\"@type\":\"Organization\",\"@id\":\"https:\/\/www.mesvendanges.com\/en\/#organization\",\"name\":\"Mes Vendanges\",\"url\":\"https:\/\/www.mesvendanges.com\/en\/\",\"sameAs\":[],\"logo\":{\"@type\":\"ImageObject\",\"inLanguage\":\"fr-FR\",\"@id\":\"https:\/\/www.mesvendanges.com\/en\/#\/schema\/logo\/image\/\",\"url\":\"https:\/\/www.mesvendanges.com\/wp-content\/uploads\/2022\/02\/logo-mesvendanges.jpg\",\"contentUrl\":\"https:\/\/www.mesvendanges.com\/wp-content\/uploads\/2022\/02\/logo-mesvendanges.jpg\",\"width\":851,\"height\":260,\"caption\":\"Mes Vendanges\"},\"image\":{\"@id\":\"https:\/\/www.mesvendanges.com\/en\/#\/schema\/logo\/image\/\"}},{\"@type\":\"WebSite\",\"@id\":\"https:\/\/www.mesvendanges.com\/en\/#website\",\"url\":\"https:\/\/www.mesvendanges.com\/en\/\",\"name\":\"Mes Vendanges\",\"description\":\"Des journ\u00e9es enti\u00e8res dans les vignes\",\"publisher\":{\"@id\":\"https:\/\/www.mesvendanges.com\/en\/#organization\"},\"potentialAction\":[{\"@type\":\"SearchAction\",\"target\":{\"@type\":\"EntryPoint\",\"urlTemplate\":\"https:\/\/www.mesvendanges.com\/en\/?s={search_term_string}\"},\"query-input\":\"required name=search_term_string\"}],\"inLanguage\":\"fr-FR\"},{\"@type\":\"WebPage\",\"@id\":\"https:\/\/www.mesvendanges.com\/fr\/boutique\/vins\/cru-barrejats-cru-barrejats-1990-75cl\/\",\"url\":\"https:\/\/www.mesvendanges.com\/fr\/boutique\/vins\/cru-barrejats-cru-barrejats-1990-75cl\/\",\"name\":\"CRU BARREJATS - Mes Vendanges\",\"isPartOf\":{\"@id\":\"https:\/\/www.mesvendanges.com\/en\/#website\"},\"datePublished\":\"2022-08-02T09:08:08+00:00\",\"dateModified\":\"2023-12-05T12:58:59+00:00\",\"breadcrumb\":{\"@id\":\"https:\/\/www.mesvendanges.com\/fr\/boutique\/vins\/cru-barrejats-cru-barrejats-1990-75cl\/#breadcrumb\"},\"inLanguage\":\"fr-FR\",\"potentialAction\":[{\"@type\":\"ReadAction\",\"target\":[\"https:\/\/www.mesvendanges.com\/fr\/boutique\/vins\/cru-barrejats-cru-barrejats-1990-75cl\/\"]}]},{\"@type\":\"BreadcrumbList\",\"@id\":\"https:\/\/www.mesvendanges.com\/fr\/boutique\/vins\/cru-barrejats-cru-barrejats-1990-75cl\/#breadcrumb\",\"itemListElement\":[{\"@type\":\"ListItem\",\"position\":1,\"name\":\"Accueil\",\"item\":\"https:\/\/www.mesvendanges.com\/fr\/\"},{\"@type\":\"ListItem\",\"position\":2,\"name\":\"Boutique\",\"item\":\"https:\/\/www.mesvendanges.com\/fr\/boutique\/\"},{\"@type\":\"ListItem\",\"position\":3,\"name\":\"CRU BARREJATS\"}]}]}<\/script>\n<!-- \/ Yoast SEO plugin. -->","yoast_head_json":{"title":"CRU BARREJATS - Mes Vendanges","robots":{"index":"index","follow":"follow","max-snippet":"max-snippet:-1","max-image-preview":"max-image-preview:large","max-video-preview":"max-video-preview:-1"},"canonical":"https:\/\/www.mesvendanges.com\/fr\/boutique\/vins\/cru-barrejats-cru-barrejats-1990-75cl\/","og_locale":"fr_FR","og_type":"article","og_title":"CRU BARREJATS - Mes Vendanges","og_description":"Le premier vrai mill\u00e9sime du Cru Barr\u00e9jats sur un mill\u00e9sime de r\u00eave le mill\u00e9sime 90 par Mireille Daret : Cultiver nos vignes en 1990 \u00e0 Sauternes, fut tr\u00e8s facile, les conditions climatiques \u00e9tant particuli\u00e8rement cl\u00e9mentes : Temp\u00e9ratures moyennes \u00e9lev\u00e9es comprises entre celles de 1988 et 1989, et pluies plus abondantes sans toutefois compenser le d\u00e9ficit [&hellip;]","og_url":"https:\/\/www.mesvendanges.com\/fr\/boutique\/vins\/cru-barrejats-cru-barrejats-1990-75cl\/","og_site_name":"Mes Vendanges","article_modified_time":"2023-12-05T12:58:59+00:00","twitter_card":"summary_large_image","twitter_misc":{"Dur\u00e9e de lecture estim\u00e9e":"2 minutes"},"schema":{"@context":"https:\/\/schema.org","@graph":[{"@type":"Organization","@id":"https:\/\/www.mesvendanges.com\/en\/#organization","name":"Mes Vendanges","url":"https:\/\/www.mesvendanges.com\/en\/","sameAs":[],"logo":{"@type":"ImageObject","inLanguage":"fr-FR","@id":"https:\/\/www.mesvendanges.com\/en\/#\/schema\/logo\/image\/","url":"https:\/\/www.mesvendanges.com\/wp-content\/uploads\/2022\/02\/logo-mesvendanges.jpg","contentUrl":"https:\/\/www.mesvendanges.com\/wp-content\/uploads\/2022\/02\/logo-mesvendanges.jpg","width":851,"height":260,"caption":"Mes Vendanges"},"image":{"@id":"https:\/\/www.mesvendanges.com\/en\/#\/schema\/logo\/image\/"}},{"@type":"WebSite","@id":"https:\/\/www.mesvendanges.com\/en\/#website","url":"https:\/\/www.mesvendanges.com\/en\/","name":"Mes Vendanges","description":"Des journ\u00e9es enti\u00e8res dans les vignes","publisher":{"@id":"https:\/\/www.mesvendanges.com\/en\/#organization"},"potentialAction":[{"@type":"SearchAction","target":{"@type":"EntryPoint","urlTemplate":"https:\/\/www.mesvendanges.com\/en\/?s={search_term_string}"},"query-input":"required name=search_term_string"}],"inLanguage":"fr-FR"},{"@type":"WebPage","@id":"https:\/\/www.mesvendanges.com\/fr\/boutique\/vins\/cru-barrejats-cru-barrejats-1990-75cl\/","url":"https:\/\/www.mesvendanges.com\/fr\/boutique\/vins\/cru-barrejats-cru-barrejats-1990-75cl\/","name":"CRU BARREJATS - Mes Vendanges","isPartOf":{"@id":"https:\/\/www.mesvendanges.com\/en\/#website"},"datePublished":"2022-08-02T09:08:08+00:00","dateModified":"2023-12-05T12:58:59+00:00","breadcrumb":{"@id":"https:\/\/www.mesvendanges.com\/fr\/boutique\/vins\/cru-barrejats-cru-barrejats-1990-75cl\/#breadcrumb"},"inLanguage":"fr-FR","potentialAction":[{"@type":"ReadAction","target":["https:\/\/www.mesvendanges.com\/fr\/boutique\/vins\/cru-barrejats-cru-barrejats-1990-75cl\/"]}]},{"@type":"BreadcrumbList","@id":"https:\/\/www.mesvendanges.com\/fr\/boutique\/vins\/cru-barrejats-cru-barrejats-1990-75cl\/#breadcrumb","itemListElement":[{"@type":"ListItem","position":1,"name":"Accueil","item":"https:\/\/www.mesvendanges.com\/fr\/"},{"@type":"ListItem","position":2,"name":"Boutique","item":"https:\/\/www.mesvendanges.com\/fr\/boutique\/"},{"@type":"ListItem","position":3,"name":"CRU BARREJATS"}]}]}},"_links":{"self":[{"href":"https:\/\/www.mesvendanges.com\/fr\/wp-json\/wp\/v2\/product\/31665"}],"collection":[{"href":"https:\/\/www.mesvendanges.com\/fr\/wp-json\/wp\/v2\/product"}],"about":[{"href":"https:\/\/www.mesvendanges.com\/fr\/wp-json\/wp\/v2\/types\/product"}],"wp:attachment":[{"href":"https:\/\/www.mesvendanges.com\/fr\/wp-json\/wp\/v2\/media?parent=31665"}],"wp:term":[{"taxonomy":"product_cat","embeddable":true,"href":"https:\/\/www.mesvendanges.com\/fr\/wp-json\/wp\/v2\/product_cat?post=31665"},{"taxonomy":"product_tag","embeddable":true,"href":"https:\/\/www.mesvendanges.com\/fr\/wp-json\/wp\/v2\/product_tag?post=31665"}],"curies":[{"name":"wp","href":"https:\/\/api.w.org\/{rel}","templated":true}]}}