{"id":31927,"date":"2022-08-02T11:13:17","date_gmt":"2022-08-02T09:13:17","guid":{"rendered":"https:\/\/www.mesvendanges.com\/shop\/non%20class\u00e9\/le-laouzil\/"},"modified":"2023-12-06T02:08:14","modified_gmt":"2023-12-06T01:08:14","slug":"le-laouzil-navarre-dne-thierry-2010-75cl","status":"publish","type":"product","link":"https:\/\/www.mesvendanges.com\/fr\/boutique\/vins\/le-laouzil-navarre-dne-thierry-2010-75cl\/","title":{"rendered":"LE LAOUZIL"},"content":{"rendered":"<p>Le Laouzil est un vin typique des terroirs de schistes de Saint-Chinian: Nez expr\u00e9ssif, sur les fleurs, les fruits noirs, bouche tr\u00e9s juteuse et sapide, avec cette min\u00e9ralit\u00e9 propre au terroir, donnant une rusticit\u00e9 de bon aloi au vin dans sa premi\u00e8re ann\u00e9e, mais qui se fond tr\u00e9s vite pour laisser place \u00e0 une grande digestibilit\u00e9. C&#8217;est un vin au naturel paysan, qui saura ravir les amateurs de vrais vins pour tous les jours! <br \/>13.5% Vol. A boire \u00e0 16\u00b0C<\/p>\n<p>Le Laouzil est un assemblage de Grenache (50%),Carignan (30%) et&nbsp;Syrah (20%). Issus de&nbsp;vignes sur terroir&nbsp;de schistes bruns, les vendanges sont manuelles, avec un rendement de 25 hl\/ha. La mac\u00e9ration dure ensuite 15 jours, avec des raisins \u00e9grapp\u00e9s et d\u00e9j\u00e0 assembl\u00e9s, les levures sont bien entendues indig\u00e8nes. L&#8217;elevage dure ensuite 12 mois en foudres de 8000 litres. Sulfitage l\u00e9g\u00e9r \u00e0 la mise en bouteille (30mg de sulfite total)<\/p>\n","protected":false},"excerpt":{"rendered":"<p>Le Laouzil est un vin typique des terroirs de schistes de Saint-Chinian: Nez expr\u00e9ssif, sur les fleurs, les fruits noirs, bouche tr\u00e9s juteuse et sapide, avec cette min\u00e9ralit\u00e9 propre au terroir, donnant une rusticit\u00e9 de bon aloi au vin dans sa premi\u00e8re ann\u00e9e, mais qui se fond tr\u00e9s vite pour laisser place \u00e0 une grande [&hellip;]<\/p>\n","protected":false},"featured_media":0,"template":"","meta":[],"product_cat":[3736],"product_tag":[],"acf":[],"yoast_head":"<!-- This site is optimized with the Yoast SEO plugin v19.3 - https:\/\/yoast.com\/wordpress\/plugins\/seo\/ -->\n<title>LE LAOUZIL - Mes Vendanges<\/title>\n<meta name=\"robots\" content=\"index, follow, max-snippet:-1, max-image-preview:large, max-video-preview:-1\" \/>\n<link rel=\"canonical\" href=\"https:\/\/www.mesvendanges.com\/fr\/boutique\/vins\/le-laouzil-navarre-dne-thierry-2010-75cl\/\" \/>\n<meta property=\"og:locale\" content=\"fr_FR\" \/>\n<meta property=\"og:type\" content=\"article\" \/>\n<meta property=\"og:title\" content=\"LE LAOUZIL - Mes Vendanges\" \/>\n<meta property=\"og:description\" content=\"Le Laouzil est un vin typique des terroirs de schistes de Saint-Chinian: Nez expr\u00e9ssif, sur les fleurs, les fruits noirs, bouche tr\u00e9s juteuse et sapide, avec cette min\u00e9ralit\u00e9 propre au terroir, donnant une rusticit\u00e9 de bon aloi au vin dans sa premi\u00e8re ann\u00e9e, mais qui se fond tr\u00e9s vite pour laisser place \u00e0 une grande [&hellip;]\" \/>\n<meta property=\"og:url\" content=\"https:\/\/www.mesvendanges.com\/fr\/boutique\/vins\/le-laouzil-navarre-dne-thierry-2010-75cl\/\" \/>\n<meta property=\"og:site_name\" content=\"Mes Vendanges\" \/>\n<meta property=\"article:modified_time\" content=\"2023-12-06T01:08:14+00:00\" \/>\n<meta name=\"twitter:card\" content=\"summary_large_image\" \/>\n<meta name=\"twitter:label1\" content=\"Dur\u00e9e de lecture estim\u00e9e\" \/>\n\t<meta name=\"twitter:data1\" content=\"1 minute\" \/>\n<script type=\"application\/ld+json\" class=\"yoast-schema-graph\">{\"@context\":\"https:\/\/schema.org\",\"@graph\":[{\"@type\":\"Organization\",\"@id\":\"https:\/\/www.mesvendanges.com\/en\/#organization\",\"name\":\"Mes Vendanges\",\"url\":\"https:\/\/www.mesvendanges.com\/en\/\",\"sameAs\":[],\"logo\":{\"@type\":\"ImageObject\",\"inLanguage\":\"fr-FR\",\"@id\":\"https:\/\/www.mesvendanges.com\/en\/#\/schema\/logo\/image\/\",\"url\":\"https:\/\/www.mesvendanges.com\/wp-content\/uploads\/2022\/02\/logo-mesvendanges.jpg\",\"contentUrl\":\"https:\/\/www.mesvendanges.com\/wp-content\/uploads\/2022\/02\/logo-mesvendanges.jpg\",\"width\":851,\"height\":260,\"caption\":\"Mes Vendanges\"},\"image\":{\"@id\":\"https:\/\/www.mesvendanges.com\/en\/#\/schema\/logo\/image\/\"}},{\"@type\":\"WebSite\",\"@id\":\"https:\/\/www.mesvendanges.com\/en\/#website\",\"url\":\"https:\/\/www.mesvendanges.com\/en\/\",\"name\":\"Mes Vendanges\",\"description\":\"Des journ\u00e9es enti\u00e8res dans les vignes\",\"publisher\":{\"@id\":\"https:\/\/www.mesvendanges.com\/en\/#organization\"},\"potentialAction\":[{\"@type\":\"SearchAction\",\"target\":{\"@type\":\"EntryPoint\",\"urlTemplate\":\"https:\/\/www.mesvendanges.com\/en\/?s={search_term_string}\"},\"query-input\":\"required name=search_term_string\"}],\"inLanguage\":\"fr-FR\"},{\"@type\":\"WebPage\",\"@id\":\"https:\/\/www.mesvendanges.com\/fr\/boutique\/vins\/le-laouzil-navarre-dne-thierry-2010-75cl\/\",\"url\":\"https:\/\/www.mesvendanges.com\/fr\/boutique\/vins\/le-laouzil-navarre-dne-thierry-2010-75cl\/\",\"name\":\"LE LAOUZIL - Mes Vendanges\",\"isPartOf\":{\"@id\":\"https:\/\/www.mesvendanges.com\/en\/#website\"},\"datePublished\":\"2022-08-02T09:13:17+00:00\",\"dateModified\":\"2023-12-06T01:08:14+00:00\",\"breadcrumb\":{\"@id\":\"https:\/\/www.mesvendanges.com\/fr\/boutique\/vins\/le-laouzil-navarre-dne-thierry-2010-75cl\/#breadcrumb\"},\"inLanguage\":\"fr-FR\",\"potentialAction\":[{\"@type\":\"ReadAction\",\"target\":[\"https:\/\/www.mesvendanges.com\/fr\/boutique\/vins\/le-laouzil-navarre-dne-thierry-2010-75cl\/\"]}]},{\"@type\":\"BreadcrumbList\",\"@id\":\"https:\/\/www.mesvendanges.com\/fr\/boutique\/vins\/le-laouzil-navarre-dne-thierry-2010-75cl\/#breadcrumb\",\"itemListElement\":[{\"@type\":\"ListItem\",\"position\":1,\"name\":\"Accueil\",\"item\":\"https:\/\/www.mesvendanges.com\/fr\/\"},{\"@type\":\"ListItem\",\"position\":2,\"name\":\"Boutique\",\"item\":\"https:\/\/www.mesvendanges.com\/fr\/boutique\/\"},{\"@type\":\"ListItem\",\"position\":3,\"name\":\"LE LAOUZIL\"}]}]}<\/script>\n<!-- \/ Yoast SEO plugin. -->","yoast_head_json":{"title":"LE LAOUZIL - Mes Vendanges","robots":{"index":"index","follow":"follow","max-snippet":"max-snippet:-1","max-image-preview":"max-image-preview:large","max-video-preview":"max-video-preview:-1"},"canonical":"https:\/\/www.mesvendanges.com\/fr\/boutique\/vins\/le-laouzil-navarre-dne-thierry-2010-75cl\/","og_locale":"fr_FR","og_type":"article","og_title":"LE LAOUZIL - Mes Vendanges","og_description":"Le Laouzil est un vin typique des terroirs de schistes de Saint-Chinian: Nez expr\u00e9ssif, sur les fleurs, les fruits noirs, bouche tr\u00e9s juteuse et sapide, avec cette min\u00e9ralit\u00e9 propre au terroir, donnant une rusticit\u00e9 de bon aloi au vin dans sa premi\u00e8re ann\u00e9e, mais qui se fond tr\u00e9s vite pour laisser place \u00e0 une grande [&hellip;]","og_url":"https:\/\/www.mesvendanges.com\/fr\/boutique\/vins\/le-laouzil-navarre-dne-thierry-2010-75cl\/","og_site_name":"Mes Vendanges","article_modified_time":"2023-12-06T01:08:14+00:00","twitter_card":"summary_large_image","twitter_misc":{"Dur\u00e9e de lecture estim\u00e9e":"1 minute"},"schema":{"@context":"https:\/\/schema.org","@graph":[{"@type":"Organization","@id":"https:\/\/www.mesvendanges.com\/en\/#organization","name":"Mes Vendanges","url":"https:\/\/www.mesvendanges.com\/en\/","sameAs":[],"logo":{"@type":"ImageObject","inLanguage":"fr-FR","@id":"https:\/\/www.mesvendanges.com\/en\/#\/schema\/logo\/image\/","url":"https:\/\/www.mesvendanges.com\/wp-content\/uploads\/2022\/02\/logo-mesvendanges.jpg","contentUrl":"https:\/\/www.mesvendanges.com\/wp-content\/uploads\/2022\/02\/logo-mesvendanges.jpg","width":851,"height":260,"caption":"Mes Vendanges"},"image":{"@id":"https:\/\/www.mesvendanges.com\/en\/#\/schema\/logo\/image\/"}},{"@type":"WebSite","@id":"https:\/\/www.mesvendanges.com\/en\/#website","url":"https:\/\/www.mesvendanges.com\/en\/","name":"Mes Vendanges","description":"Des journ\u00e9es enti\u00e8res dans les vignes","publisher":{"@id":"https:\/\/www.mesvendanges.com\/en\/#organization"},"potentialAction":[{"@type":"SearchAction","target":{"@type":"EntryPoint","urlTemplate":"https:\/\/www.mesvendanges.com\/en\/?s={search_term_string}"},"query-input":"required name=search_term_string"}],"inLanguage":"fr-FR"},{"@type":"WebPage","@id":"https:\/\/www.mesvendanges.com\/fr\/boutique\/vins\/le-laouzil-navarre-dne-thierry-2010-75cl\/","url":"https:\/\/www.mesvendanges.com\/fr\/boutique\/vins\/le-laouzil-navarre-dne-thierry-2010-75cl\/","name":"LE LAOUZIL - Mes Vendanges","isPartOf":{"@id":"https:\/\/www.mesvendanges.com\/en\/#website"},"datePublished":"2022-08-02T09:13:17+00:00","dateModified":"2023-12-06T01:08:14+00:00","breadcrumb":{"@id":"https:\/\/www.mesvendanges.com\/fr\/boutique\/vins\/le-laouzil-navarre-dne-thierry-2010-75cl\/#breadcrumb"},"inLanguage":"fr-FR","potentialAction":[{"@type":"ReadAction","target":["https:\/\/www.mesvendanges.com\/fr\/boutique\/vins\/le-laouzil-navarre-dne-thierry-2010-75cl\/"]}]},{"@type":"BreadcrumbList","@id":"https:\/\/www.mesvendanges.com\/fr\/boutique\/vins\/le-laouzil-navarre-dne-thierry-2010-75cl\/#breadcrumb","itemListElement":[{"@type":"ListItem","position":1,"name":"Accueil","item":"https:\/\/www.mesvendanges.com\/fr\/"},{"@type":"ListItem","position":2,"name":"Boutique","item":"https:\/\/www.mesvendanges.com\/fr\/boutique\/"},{"@type":"ListItem","position":3,"name":"LE LAOUZIL"}]}]}},"_links":{"self":[{"href":"https:\/\/www.mesvendanges.com\/fr\/wp-json\/wp\/v2\/product\/31927"}],"collection":[{"href":"https:\/\/www.mesvendanges.com\/fr\/wp-json\/wp\/v2\/product"}],"about":[{"href":"https:\/\/www.mesvendanges.com\/fr\/wp-json\/wp\/v2\/types\/product"}],"wp:attachment":[{"href":"https:\/\/www.mesvendanges.com\/fr\/wp-json\/wp\/v2\/media?parent=31927"}],"wp:term":[{"taxonomy":"product_cat","embeddable":true,"href":"https:\/\/www.mesvendanges.com\/fr\/wp-json\/wp\/v2\/product_cat?post=31927"},{"taxonomy":"product_tag","embeddable":true,"href":"https:\/\/www.mesvendanges.com\/fr\/wp-json\/wp\/v2\/product_tag?post=31927"}],"curies":[{"name":"wp","href":"https:\/\/api.w.org\/{rel}","templated":true}]}}