{"id":32261,"date":"2022-08-02T11:20:39","date_gmt":"2022-08-02T09:20:39","guid":{"rendered":"https:\/\/www.mesvendanges.com\/shop\/non%20class\u00e9\/vieilles-vignes\/"},"modified":"2023-12-05T10:17:56","modified_gmt":"2023-12-05T09:17:56","slug":"vieilles-vignes-bizot-dne-jean-yves-2009-75cl","status":"publish","type":"product","link":"https:\/\/www.mesvendanges.com\/fr\/boutique\/vins\/vieilles-vignes-bizot-dne-jean-yves-2009-75cl\/","title":{"rendered":"VIEILLES VIGNES"},"content":{"rendered":"<p>Les Vieilles Vignes sont issues de diff\u00e9rentes parcelles sur la commune de Vosne, ainsi que sur les lieux-dits les Saules et Colombi\u00e8re. les pinots y sont \u00e2g\u00e9s en moyenne de 70 ans, la plus vieille vigne datant de 1927. Le vin qui en d\u00e9coule est profond, fortement marqu\u00e9 par le min\u00e9ral, avec un corps dense, model\u00e9 par l&#8217;\u00e2ge des vignes. Un vin profond qui vieilli \u00e0 merveille.<\/p>\n","protected":false},"excerpt":{"rendered":"<p>Les Vieilles Vignes sont issues de diff\u00e9rentes parcelles sur la commune de Vosne, ainsi que sur les lieux-dits les Saules et Colombi\u00e8re. les pinots y sont \u00e2g\u00e9s en moyenne de 70 ans, la plus vieille vigne datant de 1927. Le vin qui en d\u00e9coule est profond, fortement marqu\u00e9 par le min\u00e9ral, avec un corps dense, [&hellip;]<\/p>\n","protected":false},"featured_media":0,"template":"","meta":[],"product_cat":[3736],"product_tag":[],"acf":[],"yoast_head":"<!-- This site is optimized with the Yoast SEO plugin v19.3 - https:\/\/yoast.com\/wordpress\/plugins\/seo\/ -->\n<title>VIEILLES VIGNES - Mes Vendanges<\/title>\n<meta name=\"robots\" content=\"index, follow, max-snippet:-1, max-image-preview:large, max-video-preview:-1\" \/>\n<link rel=\"canonical\" href=\"https:\/\/www.mesvendanges.com\/fr\/boutique\/vins\/vieilles-vignes-bizot-dne-jean-yves-2009-75cl\/\" \/>\n<meta property=\"og:locale\" content=\"fr_FR\" \/>\n<meta property=\"og:type\" content=\"article\" \/>\n<meta property=\"og:title\" content=\"VIEILLES VIGNES - Mes Vendanges\" \/>\n<meta property=\"og:description\" content=\"Les Vieilles Vignes sont issues de diff\u00e9rentes parcelles sur la commune de Vosne, ainsi que sur les lieux-dits les Saules et Colombi\u00e8re. les pinots y sont \u00e2g\u00e9s en moyenne de 70 ans, la plus vieille vigne datant de 1927. Le vin qui en d\u00e9coule est profond, fortement marqu\u00e9 par le min\u00e9ral, avec un corps dense, [&hellip;]\" \/>\n<meta property=\"og:url\" content=\"https:\/\/www.mesvendanges.com\/fr\/boutique\/vins\/vieilles-vignes-bizot-dne-jean-yves-2009-75cl\/\" \/>\n<meta property=\"og:site_name\" content=\"Mes Vendanges\" \/>\n<meta property=\"article:modified_time\" content=\"2023-12-05T09:17:56+00:00\" \/>\n<meta name=\"twitter:card\" content=\"summary_large_image\" \/>\n<script type=\"application\/ld+json\" class=\"yoast-schema-graph\">{\"@context\":\"https:\/\/schema.org\",\"@graph\":[{\"@type\":\"Organization\",\"@id\":\"https:\/\/www.mesvendanges.com\/en\/#organization\",\"name\":\"Mes Vendanges\",\"url\":\"https:\/\/www.mesvendanges.com\/en\/\",\"sameAs\":[],\"logo\":{\"@type\":\"ImageObject\",\"inLanguage\":\"fr-FR\",\"@id\":\"https:\/\/www.mesvendanges.com\/en\/#\/schema\/logo\/image\/\",\"url\":\"https:\/\/www.mesvendanges.com\/wp-content\/uploads\/2022\/02\/logo-mesvendanges.jpg\",\"contentUrl\":\"https:\/\/www.mesvendanges.com\/wp-content\/uploads\/2022\/02\/logo-mesvendanges.jpg\",\"width\":851,\"height\":260,\"caption\":\"Mes Vendanges\"},\"image\":{\"@id\":\"https:\/\/www.mesvendanges.com\/en\/#\/schema\/logo\/image\/\"}},{\"@type\":\"WebSite\",\"@id\":\"https:\/\/www.mesvendanges.com\/en\/#website\",\"url\":\"https:\/\/www.mesvendanges.com\/en\/\",\"name\":\"Mes Vendanges\",\"description\":\"Des journ\u00e9es enti\u00e8res dans les vignes\",\"publisher\":{\"@id\":\"https:\/\/www.mesvendanges.com\/en\/#organization\"},\"potentialAction\":[{\"@type\":\"SearchAction\",\"target\":{\"@type\":\"EntryPoint\",\"urlTemplate\":\"https:\/\/www.mesvendanges.com\/en\/?s={search_term_string}\"},\"query-input\":\"required name=search_term_string\"}],\"inLanguage\":\"fr-FR\"},{\"@type\":\"WebPage\",\"@id\":\"https:\/\/www.mesvendanges.com\/fr\/boutique\/vins\/vieilles-vignes-bizot-dne-jean-yves-2009-75cl\/\",\"url\":\"https:\/\/www.mesvendanges.com\/fr\/boutique\/vins\/vieilles-vignes-bizot-dne-jean-yves-2009-75cl\/\",\"name\":\"VIEILLES VIGNES - Mes Vendanges\",\"isPartOf\":{\"@id\":\"https:\/\/www.mesvendanges.com\/en\/#website\"},\"datePublished\":\"2022-08-02T09:20:39+00:00\",\"dateModified\":\"2023-12-05T09:17:56+00:00\",\"breadcrumb\":{\"@id\":\"https:\/\/www.mesvendanges.com\/fr\/boutique\/vins\/vieilles-vignes-bizot-dne-jean-yves-2009-75cl\/#breadcrumb\"},\"inLanguage\":\"fr-FR\",\"potentialAction\":[{\"@type\":\"ReadAction\",\"target\":[\"https:\/\/www.mesvendanges.com\/fr\/boutique\/vins\/vieilles-vignes-bizot-dne-jean-yves-2009-75cl\/\"]}]},{\"@type\":\"BreadcrumbList\",\"@id\":\"https:\/\/www.mesvendanges.com\/fr\/boutique\/vins\/vieilles-vignes-bizot-dne-jean-yves-2009-75cl\/#breadcrumb\",\"itemListElement\":[{\"@type\":\"ListItem\",\"position\":1,\"name\":\"Accueil\",\"item\":\"https:\/\/www.mesvendanges.com\/fr\/\"},{\"@type\":\"ListItem\",\"position\":2,\"name\":\"Boutique\",\"item\":\"https:\/\/www.mesvendanges.com\/fr\/boutique\/\"},{\"@type\":\"ListItem\",\"position\":3,\"name\":\"VIEILLES VIGNES\"}]}]}<\/script>\n<!-- \/ Yoast SEO plugin. -->","yoast_head_json":{"title":"VIEILLES VIGNES - Mes Vendanges","robots":{"index":"index","follow":"follow","max-snippet":"max-snippet:-1","max-image-preview":"max-image-preview:large","max-video-preview":"max-video-preview:-1"},"canonical":"https:\/\/www.mesvendanges.com\/fr\/boutique\/vins\/vieilles-vignes-bizot-dne-jean-yves-2009-75cl\/","og_locale":"fr_FR","og_type":"article","og_title":"VIEILLES VIGNES - Mes Vendanges","og_description":"Les Vieilles Vignes sont issues de diff\u00e9rentes parcelles sur la commune de Vosne, ainsi que sur les lieux-dits les Saules et Colombi\u00e8re. les pinots y sont \u00e2g\u00e9s en moyenne de 70 ans, la plus vieille vigne datant de 1927. Le vin qui en d\u00e9coule est profond, fortement marqu\u00e9 par le min\u00e9ral, avec un corps dense, [&hellip;]","og_url":"https:\/\/www.mesvendanges.com\/fr\/boutique\/vins\/vieilles-vignes-bizot-dne-jean-yves-2009-75cl\/","og_site_name":"Mes Vendanges","article_modified_time":"2023-12-05T09:17:56+00:00","twitter_card":"summary_large_image","schema":{"@context":"https:\/\/schema.org","@graph":[{"@type":"Organization","@id":"https:\/\/www.mesvendanges.com\/en\/#organization","name":"Mes Vendanges","url":"https:\/\/www.mesvendanges.com\/en\/","sameAs":[],"logo":{"@type":"ImageObject","inLanguage":"fr-FR","@id":"https:\/\/www.mesvendanges.com\/en\/#\/schema\/logo\/image\/","url":"https:\/\/www.mesvendanges.com\/wp-content\/uploads\/2022\/02\/logo-mesvendanges.jpg","contentUrl":"https:\/\/www.mesvendanges.com\/wp-content\/uploads\/2022\/02\/logo-mesvendanges.jpg","width":851,"height":260,"caption":"Mes Vendanges"},"image":{"@id":"https:\/\/www.mesvendanges.com\/en\/#\/schema\/logo\/image\/"}},{"@type":"WebSite","@id":"https:\/\/www.mesvendanges.com\/en\/#website","url":"https:\/\/www.mesvendanges.com\/en\/","name":"Mes Vendanges","description":"Des journ\u00e9es enti\u00e8res dans les vignes","publisher":{"@id":"https:\/\/www.mesvendanges.com\/en\/#organization"},"potentialAction":[{"@type":"SearchAction","target":{"@type":"EntryPoint","urlTemplate":"https:\/\/www.mesvendanges.com\/en\/?s={search_term_string}"},"query-input":"required name=search_term_string"}],"inLanguage":"fr-FR"},{"@type":"WebPage","@id":"https:\/\/www.mesvendanges.com\/fr\/boutique\/vins\/vieilles-vignes-bizot-dne-jean-yves-2009-75cl\/","url":"https:\/\/www.mesvendanges.com\/fr\/boutique\/vins\/vieilles-vignes-bizot-dne-jean-yves-2009-75cl\/","name":"VIEILLES VIGNES - Mes Vendanges","isPartOf":{"@id":"https:\/\/www.mesvendanges.com\/en\/#website"},"datePublished":"2022-08-02T09:20:39+00:00","dateModified":"2023-12-05T09:17:56+00:00","breadcrumb":{"@id":"https:\/\/www.mesvendanges.com\/fr\/boutique\/vins\/vieilles-vignes-bizot-dne-jean-yves-2009-75cl\/#breadcrumb"},"inLanguage":"fr-FR","potentialAction":[{"@type":"ReadAction","target":["https:\/\/www.mesvendanges.com\/fr\/boutique\/vins\/vieilles-vignes-bizot-dne-jean-yves-2009-75cl\/"]}]},{"@type":"BreadcrumbList","@id":"https:\/\/www.mesvendanges.com\/fr\/boutique\/vins\/vieilles-vignes-bizot-dne-jean-yves-2009-75cl\/#breadcrumb","itemListElement":[{"@type":"ListItem","position":1,"name":"Accueil","item":"https:\/\/www.mesvendanges.com\/fr\/"},{"@type":"ListItem","position":2,"name":"Boutique","item":"https:\/\/www.mesvendanges.com\/fr\/boutique\/"},{"@type":"ListItem","position":3,"name":"VIEILLES VIGNES"}]}]}},"_links":{"self":[{"href":"https:\/\/www.mesvendanges.com\/fr\/wp-json\/wp\/v2\/product\/32261"}],"collection":[{"href":"https:\/\/www.mesvendanges.com\/fr\/wp-json\/wp\/v2\/product"}],"about":[{"href":"https:\/\/www.mesvendanges.com\/fr\/wp-json\/wp\/v2\/types\/product"}],"wp:attachment":[{"href":"https:\/\/www.mesvendanges.com\/fr\/wp-json\/wp\/v2\/media?parent=32261"}],"wp:term":[{"taxonomy":"product_cat","embeddable":true,"href":"https:\/\/www.mesvendanges.com\/fr\/wp-json\/wp\/v2\/product_cat?post=32261"},{"taxonomy":"product_tag","embeddable":true,"href":"https:\/\/www.mesvendanges.com\/fr\/wp-json\/wp\/v2\/product_tag?post=32261"}],"curies":[{"name":"wp","href":"https:\/\/api.w.org\/{rel}","templated":true}]}}