{"id":32795,"date":"2022-08-02T11:32:46","date_gmt":"2022-08-02T09:32:46","guid":{"rendered":"https:\/\/www.mesvendanges.com\/shop\/non%20class\u00e9\/amethyste-en-magnum\/"},"modified":"2023-12-05T20:22:20","modified_gmt":"2023-12-05T19:22:20","slug":"amethyste-en-magnum-hauvette-dne-2007-150cl","status":"publish","type":"product","link":"https:\/\/www.mesvendanges.com\/fr\/boutique\/vins\/amethyste-en-magnum-hauvette-dne-2007-150cl\/","title":{"rendered":"AMETHYSTE EN MAGNUM"},"content":{"rendered":"<p>60% cinsault, 30% carignan, 10% grenache. <\/p>\n<p>la cuv\u00e9e Am\u00e9thyste tire son caract\u00e8re de la grande proportion de cinsault, issus de vieilles vignes sur un sol maigre, pratiquement directement sur le caillou. Le caract\u00e8re f\u00e9minin du cinsault, son jus, son expressivit\u00e9 et son tanin d&#8217;une grande finesse donnent \u00e0 ce vin un \u00e9quilibre remarquable et beaucoup d&#8217;\u00e9l\u00e9gance. Afin d&#8217;\u00e9viter tout bois\u00e9, Dominique Hauvette \u00e9l\u00e8ve cette cuv\u00e9e dans des cuves oeufs en b\u00e9ton.<\/p>\n","protected":false},"excerpt":{"rendered":"<p>60% cinsault, 30% carignan, 10% grenache. la cuv\u00e9e Am\u00e9thyste tire son caract\u00e8re de la grande proportion de cinsault, issus de vieilles vignes sur un sol maigre, pratiquement directement sur le caillou. Le caract\u00e8re f\u00e9minin du cinsault, son jus, son expressivit\u00e9 et son tanin d&#8217;une grande finesse donnent \u00e0 ce vin un \u00e9quilibre remarquable et beaucoup [&hellip;]<\/p>\n","protected":false},"featured_media":0,"template":"","meta":[],"product_cat":[3736],"product_tag":[],"acf":[],"yoast_head":"<!-- This site is optimized with the Yoast SEO plugin v19.3 - https:\/\/yoast.com\/wordpress\/plugins\/seo\/ -->\n<title>AMETHYSTE EN MAGNUM - Mes Vendanges<\/title>\n<meta name=\"robots\" content=\"index, follow, max-snippet:-1, max-image-preview:large, max-video-preview:-1\" \/>\n<link rel=\"canonical\" href=\"https:\/\/www.mesvendanges.com\/fr\/boutique\/vins\/amethyste-en-magnum-hauvette-dne-2007-150cl\/\" \/>\n<meta property=\"og:locale\" content=\"fr_FR\" \/>\n<meta property=\"og:type\" content=\"article\" \/>\n<meta property=\"og:title\" content=\"AMETHYSTE EN MAGNUM - Mes Vendanges\" \/>\n<meta property=\"og:description\" content=\"60% cinsault, 30% carignan, 10% grenache. la cuv\u00e9e Am\u00e9thyste tire son caract\u00e8re de la grande proportion de cinsault, issus de vieilles vignes sur un sol maigre, pratiquement directement sur le caillou. Le caract\u00e8re f\u00e9minin du cinsault, son jus, son expressivit\u00e9 et son tanin d&#8217;une grande finesse donnent \u00e0 ce vin un \u00e9quilibre remarquable et beaucoup [&hellip;]\" \/>\n<meta property=\"og:url\" content=\"https:\/\/www.mesvendanges.com\/fr\/boutique\/vins\/amethyste-en-magnum-hauvette-dne-2007-150cl\/\" \/>\n<meta property=\"og:site_name\" content=\"Mes Vendanges\" \/>\n<meta property=\"article:modified_time\" content=\"2023-12-05T19:22:20+00:00\" \/>\n<meta name=\"twitter:card\" content=\"summary_large_image\" \/>\n<script type=\"application\/ld+json\" class=\"yoast-schema-graph\">{\"@context\":\"https:\/\/schema.org\",\"@graph\":[{\"@type\":\"Organization\",\"@id\":\"https:\/\/www.mesvendanges.com\/en\/#organization\",\"name\":\"Mes Vendanges\",\"url\":\"https:\/\/www.mesvendanges.com\/en\/\",\"sameAs\":[],\"logo\":{\"@type\":\"ImageObject\",\"inLanguage\":\"fr-FR\",\"@id\":\"https:\/\/www.mesvendanges.com\/en\/#\/schema\/logo\/image\/\",\"url\":\"https:\/\/www.mesvendanges.com\/wp-content\/uploads\/2022\/02\/logo-mesvendanges.jpg\",\"contentUrl\":\"https:\/\/www.mesvendanges.com\/wp-content\/uploads\/2022\/02\/logo-mesvendanges.jpg\",\"width\":851,\"height\":260,\"caption\":\"Mes Vendanges\"},\"image\":{\"@id\":\"https:\/\/www.mesvendanges.com\/en\/#\/schema\/logo\/image\/\"}},{\"@type\":\"WebSite\",\"@id\":\"https:\/\/www.mesvendanges.com\/en\/#website\",\"url\":\"https:\/\/www.mesvendanges.com\/en\/\",\"name\":\"Mes Vendanges\",\"description\":\"Des journ\u00e9es enti\u00e8res dans les vignes\",\"publisher\":{\"@id\":\"https:\/\/www.mesvendanges.com\/en\/#organization\"},\"potentialAction\":[{\"@type\":\"SearchAction\",\"target\":{\"@type\":\"EntryPoint\",\"urlTemplate\":\"https:\/\/www.mesvendanges.com\/en\/?s={search_term_string}\"},\"query-input\":\"required name=search_term_string\"}],\"inLanguage\":\"fr-FR\"},{\"@type\":\"WebPage\",\"@id\":\"https:\/\/www.mesvendanges.com\/fr\/boutique\/vins\/amethyste-en-magnum-hauvette-dne-2007-150cl\/\",\"url\":\"https:\/\/www.mesvendanges.com\/fr\/boutique\/vins\/amethyste-en-magnum-hauvette-dne-2007-150cl\/\",\"name\":\"AMETHYSTE EN MAGNUM - Mes Vendanges\",\"isPartOf\":{\"@id\":\"https:\/\/www.mesvendanges.com\/en\/#website\"},\"datePublished\":\"2022-08-02T09:32:46+00:00\",\"dateModified\":\"2023-12-05T19:22:20+00:00\",\"breadcrumb\":{\"@id\":\"https:\/\/www.mesvendanges.com\/fr\/boutique\/vins\/amethyste-en-magnum-hauvette-dne-2007-150cl\/#breadcrumb\"},\"inLanguage\":\"fr-FR\",\"potentialAction\":[{\"@type\":\"ReadAction\",\"target\":[\"https:\/\/www.mesvendanges.com\/fr\/boutique\/vins\/amethyste-en-magnum-hauvette-dne-2007-150cl\/\"]}]},{\"@type\":\"BreadcrumbList\",\"@id\":\"https:\/\/www.mesvendanges.com\/fr\/boutique\/vins\/amethyste-en-magnum-hauvette-dne-2007-150cl\/#breadcrumb\",\"itemListElement\":[{\"@type\":\"ListItem\",\"position\":1,\"name\":\"Accueil\",\"item\":\"https:\/\/www.mesvendanges.com\/fr\/\"},{\"@type\":\"ListItem\",\"position\":2,\"name\":\"Boutique\",\"item\":\"https:\/\/www.mesvendanges.com\/fr\/boutique\/\"},{\"@type\":\"ListItem\",\"position\":3,\"name\":\"AMETHYSTE EN MAGNUM\"}]}]}<\/script>\n<!-- \/ Yoast SEO plugin. -->","yoast_head_json":{"title":"AMETHYSTE EN MAGNUM - Mes Vendanges","robots":{"index":"index","follow":"follow","max-snippet":"max-snippet:-1","max-image-preview":"max-image-preview:large","max-video-preview":"max-video-preview:-1"},"canonical":"https:\/\/www.mesvendanges.com\/fr\/boutique\/vins\/amethyste-en-magnum-hauvette-dne-2007-150cl\/","og_locale":"fr_FR","og_type":"article","og_title":"AMETHYSTE EN MAGNUM - Mes Vendanges","og_description":"60% cinsault, 30% carignan, 10% grenache. la cuv\u00e9e Am\u00e9thyste tire son caract\u00e8re de la grande proportion de cinsault, issus de vieilles vignes sur un sol maigre, pratiquement directement sur le caillou. Le caract\u00e8re f\u00e9minin du cinsault, son jus, son expressivit\u00e9 et son tanin d&#8217;une grande finesse donnent \u00e0 ce vin un \u00e9quilibre remarquable et beaucoup [&hellip;]","og_url":"https:\/\/www.mesvendanges.com\/fr\/boutique\/vins\/amethyste-en-magnum-hauvette-dne-2007-150cl\/","og_site_name":"Mes Vendanges","article_modified_time":"2023-12-05T19:22:20+00:00","twitter_card":"summary_large_image","schema":{"@context":"https:\/\/schema.org","@graph":[{"@type":"Organization","@id":"https:\/\/www.mesvendanges.com\/en\/#organization","name":"Mes Vendanges","url":"https:\/\/www.mesvendanges.com\/en\/","sameAs":[],"logo":{"@type":"ImageObject","inLanguage":"fr-FR","@id":"https:\/\/www.mesvendanges.com\/en\/#\/schema\/logo\/image\/","url":"https:\/\/www.mesvendanges.com\/wp-content\/uploads\/2022\/02\/logo-mesvendanges.jpg","contentUrl":"https:\/\/www.mesvendanges.com\/wp-content\/uploads\/2022\/02\/logo-mesvendanges.jpg","width":851,"height":260,"caption":"Mes Vendanges"},"image":{"@id":"https:\/\/www.mesvendanges.com\/en\/#\/schema\/logo\/image\/"}},{"@type":"WebSite","@id":"https:\/\/www.mesvendanges.com\/en\/#website","url":"https:\/\/www.mesvendanges.com\/en\/","name":"Mes Vendanges","description":"Des journ\u00e9es enti\u00e8res dans les vignes","publisher":{"@id":"https:\/\/www.mesvendanges.com\/en\/#organization"},"potentialAction":[{"@type":"SearchAction","target":{"@type":"EntryPoint","urlTemplate":"https:\/\/www.mesvendanges.com\/en\/?s={search_term_string}"},"query-input":"required name=search_term_string"}],"inLanguage":"fr-FR"},{"@type":"WebPage","@id":"https:\/\/www.mesvendanges.com\/fr\/boutique\/vins\/amethyste-en-magnum-hauvette-dne-2007-150cl\/","url":"https:\/\/www.mesvendanges.com\/fr\/boutique\/vins\/amethyste-en-magnum-hauvette-dne-2007-150cl\/","name":"AMETHYSTE EN MAGNUM - Mes Vendanges","isPartOf":{"@id":"https:\/\/www.mesvendanges.com\/en\/#website"},"datePublished":"2022-08-02T09:32:46+00:00","dateModified":"2023-12-05T19:22:20+00:00","breadcrumb":{"@id":"https:\/\/www.mesvendanges.com\/fr\/boutique\/vins\/amethyste-en-magnum-hauvette-dne-2007-150cl\/#breadcrumb"},"inLanguage":"fr-FR","potentialAction":[{"@type":"ReadAction","target":["https:\/\/www.mesvendanges.com\/fr\/boutique\/vins\/amethyste-en-magnum-hauvette-dne-2007-150cl\/"]}]},{"@type":"BreadcrumbList","@id":"https:\/\/www.mesvendanges.com\/fr\/boutique\/vins\/amethyste-en-magnum-hauvette-dne-2007-150cl\/#breadcrumb","itemListElement":[{"@type":"ListItem","position":1,"name":"Accueil","item":"https:\/\/www.mesvendanges.com\/fr\/"},{"@type":"ListItem","position":2,"name":"Boutique","item":"https:\/\/www.mesvendanges.com\/fr\/boutique\/"},{"@type":"ListItem","position":3,"name":"AMETHYSTE EN MAGNUM"}]}]}},"_links":{"self":[{"href":"https:\/\/www.mesvendanges.com\/fr\/wp-json\/wp\/v2\/product\/32795"}],"collection":[{"href":"https:\/\/www.mesvendanges.com\/fr\/wp-json\/wp\/v2\/product"}],"about":[{"href":"https:\/\/www.mesvendanges.com\/fr\/wp-json\/wp\/v2\/types\/product"}],"wp:attachment":[{"href":"https:\/\/www.mesvendanges.com\/fr\/wp-json\/wp\/v2\/media?parent=32795"}],"wp:term":[{"taxonomy":"product_cat","embeddable":true,"href":"https:\/\/www.mesvendanges.com\/fr\/wp-json\/wp\/v2\/product_cat?post=32795"},{"taxonomy":"product_tag","embeddable":true,"href":"https:\/\/www.mesvendanges.com\/fr\/wp-json\/wp\/v2\/product_tag?post=32795"}],"curies":[{"name":"wp","href":"https:\/\/api.w.org\/{rel}","templated":true}]}}