{"id":32941,"date":"2022-08-02T11:36:02","date_gmt":"2022-08-02T09:36:02","guid":{"rendered":"https:\/\/www.mesvendanges.com\/shop\/non%20class\u00e9\/cal-ballet-more-than-60-years-old\/"},"modified":"2023-12-05T08:30:22","modified_gmt":"2023-12-05T07:30:22","slug":"cal-ballet-more-than-60-years-old-arrels-del-priorat-nm-50cl","status":"publish","type":"product","link":"https:\/\/www.mesvendanges.com\/fr\/boutique\/vins\/cal-ballet-more-than-60-years-old-arrels-del-priorat-nm-50cl\/","title":{"rendered":"CAL BALLET &#8211; More than 60 years old"},"content":{"rendered":"<p>Arrels Del Priorat (Les Racines du Priorat) se donne pour mission de faire connaitre un produit exceptionnel, qui n&#8217;est souvent connu que des gens de la r\u00e9gion. Ils se proposent de promouvoir des artisans de grande sagesse, d\u00e9positaires d&#8217;une tradition mill\u00e9naire, qui \u00e9laborent et \u00e9l\u00e8vent l&#8217;essence de l&#8217;ancien Priorat. Avec un raisin de Grenache surmatur\u00e9, enracin\u00e9 sur les pentes de schistes agr\u00e9ssifs, vinifi\u00e9 consciencieusement, et \u00e9lev\u00e9 dans de petites barriques centenaires, ce vin, au superbe caract\u00e8re de rancio, d&#8217;un tr\u00e8s haut degr\u00e9 naturel, est id\u00e9al sur des desserts espagnols. Ces vins, issus des plus belles caves du priorat, sont de petits joyaux, d&#8217;une grande raret\u00e9.<\/p>\n","protected":false},"excerpt":{"rendered":"<p>Arrels Del Priorat (Les Racines du Priorat) se donne pour mission de faire connaitre un produit exceptionnel, qui n&#8217;est souvent connu que des gens de la r\u00e9gion. Ils se proposent de promouvoir des artisans de grande sagesse, d\u00e9positaires d&#8217;une tradition mill\u00e9naire, qui \u00e9laborent et \u00e9l\u00e8vent l&#8217;essence de l&#8217;ancien Priorat. Avec un raisin de Grenache surmatur\u00e9, [&hellip;]<\/p>\n","protected":false},"featured_media":0,"template":"","meta":[],"product_cat":[3736],"product_tag":[],"acf":[],"yoast_head":"<!-- This site is optimized with the Yoast SEO plugin v19.3 - https:\/\/yoast.com\/wordpress\/plugins\/seo\/ -->\n<title>CAL BALLET - More than 60 years old - Mes Vendanges<\/title>\n<meta name=\"robots\" content=\"index, follow, max-snippet:-1, max-image-preview:large, max-video-preview:-1\" \/>\n<link rel=\"canonical\" href=\"https:\/\/www.mesvendanges.com\/fr\/boutique\/vins\/cal-ballet-more-than-60-years-old-arrels-del-priorat-nm-50cl\/\" \/>\n<meta property=\"og:locale\" content=\"fr_FR\" \/>\n<meta property=\"og:type\" content=\"article\" \/>\n<meta property=\"og:title\" content=\"CAL BALLET - More than 60 years old - Mes Vendanges\" \/>\n<meta property=\"og:description\" content=\"Arrels Del Priorat (Les Racines du Priorat) se donne pour mission de faire connaitre un produit exceptionnel, qui n&#8217;est souvent connu que des gens de la r\u00e9gion. Ils se proposent de promouvoir des artisans de grande sagesse, d\u00e9positaires d&#8217;une tradition mill\u00e9naire, qui \u00e9laborent et \u00e9l\u00e8vent l&#8217;essence de l&#8217;ancien Priorat. Avec un raisin de Grenache surmatur\u00e9, [&hellip;]\" \/>\n<meta property=\"og:url\" content=\"https:\/\/www.mesvendanges.com\/fr\/boutique\/vins\/cal-ballet-more-than-60-years-old-arrels-del-priorat-nm-50cl\/\" \/>\n<meta property=\"og:site_name\" content=\"Mes Vendanges\" \/>\n<meta property=\"article:modified_time\" content=\"2023-12-05T07:30:22+00:00\" \/>\n<meta name=\"twitter:card\" content=\"summary_large_image\" \/>\n<meta name=\"twitter:label1\" content=\"Dur\u00e9e de lecture estim\u00e9e\" \/>\n\t<meta name=\"twitter:data1\" content=\"1 minute\" \/>\n<script type=\"application\/ld+json\" class=\"yoast-schema-graph\">{\"@context\":\"https:\/\/schema.org\",\"@graph\":[{\"@type\":\"Organization\",\"@id\":\"https:\/\/www.mesvendanges.com\/en\/#organization\",\"name\":\"Mes Vendanges\",\"url\":\"https:\/\/www.mesvendanges.com\/en\/\",\"sameAs\":[],\"logo\":{\"@type\":\"ImageObject\",\"inLanguage\":\"fr-FR\",\"@id\":\"https:\/\/www.mesvendanges.com\/en\/#\/schema\/logo\/image\/\",\"url\":\"https:\/\/www.mesvendanges.com\/wp-content\/uploads\/2022\/02\/logo-mesvendanges.jpg\",\"contentUrl\":\"https:\/\/www.mesvendanges.com\/wp-content\/uploads\/2022\/02\/logo-mesvendanges.jpg\",\"width\":851,\"height\":260,\"caption\":\"Mes Vendanges\"},\"image\":{\"@id\":\"https:\/\/www.mesvendanges.com\/en\/#\/schema\/logo\/image\/\"}},{\"@type\":\"WebSite\",\"@id\":\"https:\/\/www.mesvendanges.com\/en\/#website\",\"url\":\"https:\/\/www.mesvendanges.com\/en\/\",\"name\":\"Mes Vendanges\",\"description\":\"Des journ\u00e9es enti\u00e8res dans les vignes\",\"publisher\":{\"@id\":\"https:\/\/www.mesvendanges.com\/en\/#organization\"},\"potentialAction\":[{\"@type\":\"SearchAction\",\"target\":{\"@type\":\"EntryPoint\",\"urlTemplate\":\"https:\/\/www.mesvendanges.com\/en\/?s={search_term_string}\"},\"query-input\":\"required name=search_term_string\"}],\"inLanguage\":\"fr-FR\"},{\"@type\":\"WebPage\",\"@id\":\"https:\/\/www.mesvendanges.com\/fr\/boutique\/vins\/cal-ballet-more-than-60-years-old-arrels-del-priorat-nm-50cl\/\",\"url\":\"https:\/\/www.mesvendanges.com\/fr\/boutique\/vins\/cal-ballet-more-than-60-years-old-arrels-del-priorat-nm-50cl\/\",\"name\":\"CAL BALLET - More than 60 years old - Mes Vendanges\",\"isPartOf\":{\"@id\":\"https:\/\/www.mesvendanges.com\/en\/#website\"},\"datePublished\":\"2022-08-02T09:36:02+00:00\",\"dateModified\":\"2023-12-05T07:30:22+00:00\",\"breadcrumb\":{\"@id\":\"https:\/\/www.mesvendanges.com\/fr\/boutique\/vins\/cal-ballet-more-than-60-years-old-arrels-del-priorat-nm-50cl\/#breadcrumb\"},\"inLanguage\":\"fr-FR\",\"potentialAction\":[{\"@type\":\"ReadAction\",\"target\":[\"https:\/\/www.mesvendanges.com\/fr\/boutique\/vins\/cal-ballet-more-than-60-years-old-arrels-del-priorat-nm-50cl\/\"]}]},{\"@type\":\"BreadcrumbList\",\"@id\":\"https:\/\/www.mesvendanges.com\/fr\/boutique\/vins\/cal-ballet-more-than-60-years-old-arrels-del-priorat-nm-50cl\/#breadcrumb\",\"itemListElement\":[{\"@type\":\"ListItem\",\"position\":1,\"name\":\"Accueil\",\"item\":\"https:\/\/www.mesvendanges.com\/fr\/\"},{\"@type\":\"ListItem\",\"position\":2,\"name\":\"Boutique\",\"item\":\"https:\/\/www.mesvendanges.com\/fr\/boutique\/\"},{\"@type\":\"ListItem\",\"position\":3,\"name\":\"CAL BALLET &#8211; More than 60 years old\"}]}]}<\/script>\n<!-- \/ Yoast SEO plugin. -->","yoast_head_json":{"title":"CAL BALLET - More than 60 years old - Mes Vendanges","robots":{"index":"index","follow":"follow","max-snippet":"max-snippet:-1","max-image-preview":"max-image-preview:large","max-video-preview":"max-video-preview:-1"},"canonical":"https:\/\/www.mesvendanges.com\/fr\/boutique\/vins\/cal-ballet-more-than-60-years-old-arrels-del-priorat-nm-50cl\/","og_locale":"fr_FR","og_type":"article","og_title":"CAL BALLET - More than 60 years old - Mes Vendanges","og_description":"Arrels Del Priorat (Les Racines du Priorat) se donne pour mission de faire connaitre un produit exceptionnel, qui n&#8217;est souvent connu que des gens de la r\u00e9gion. Ils se proposent de promouvoir des artisans de grande sagesse, d\u00e9positaires d&#8217;une tradition mill\u00e9naire, qui \u00e9laborent et \u00e9l\u00e8vent l&#8217;essence de l&#8217;ancien Priorat. Avec un raisin de Grenache surmatur\u00e9, [&hellip;]","og_url":"https:\/\/www.mesvendanges.com\/fr\/boutique\/vins\/cal-ballet-more-than-60-years-old-arrels-del-priorat-nm-50cl\/","og_site_name":"Mes Vendanges","article_modified_time":"2023-12-05T07:30:22+00:00","twitter_card":"summary_large_image","twitter_misc":{"Dur\u00e9e de lecture estim\u00e9e":"1 minute"},"schema":{"@context":"https:\/\/schema.org","@graph":[{"@type":"Organization","@id":"https:\/\/www.mesvendanges.com\/en\/#organization","name":"Mes Vendanges","url":"https:\/\/www.mesvendanges.com\/en\/","sameAs":[],"logo":{"@type":"ImageObject","inLanguage":"fr-FR","@id":"https:\/\/www.mesvendanges.com\/en\/#\/schema\/logo\/image\/","url":"https:\/\/www.mesvendanges.com\/wp-content\/uploads\/2022\/02\/logo-mesvendanges.jpg","contentUrl":"https:\/\/www.mesvendanges.com\/wp-content\/uploads\/2022\/02\/logo-mesvendanges.jpg","width":851,"height":260,"caption":"Mes Vendanges"},"image":{"@id":"https:\/\/www.mesvendanges.com\/en\/#\/schema\/logo\/image\/"}},{"@type":"WebSite","@id":"https:\/\/www.mesvendanges.com\/en\/#website","url":"https:\/\/www.mesvendanges.com\/en\/","name":"Mes Vendanges","description":"Des journ\u00e9es enti\u00e8res dans les vignes","publisher":{"@id":"https:\/\/www.mesvendanges.com\/en\/#organization"},"potentialAction":[{"@type":"SearchAction","target":{"@type":"EntryPoint","urlTemplate":"https:\/\/www.mesvendanges.com\/en\/?s={search_term_string}"},"query-input":"required name=search_term_string"}],"inLanguage":"fr-FR"},{"@type":"WebPage","@id":"https:\/\/www.mesvendanges.com\/fr\/boutique\/vins\/cal-ballet-more-than-60-years-old-arrels-del-priorat-nm-50cl\/","url":"https:\/\/www.mesvendanges.com\/fr\/boutique\/vins\/cal-ballet-more-than-60-years-old-arrels-del-priorat-nm-50cl\/","name":"CAL BALLET - More than 60 years old - Mes Vendanges","isPartOf":{"@id":"https:\/\/www.mesvendanges.com\/en\/#website"},"datePublished":"2022-08-02T09:36:02+00:00","dateModified":"2023-12-05T07:30:22+00:00","breadcrumb":{"@id":"https:\/\/www.mesvendanges.com\/fr\/boutique\/vins\/cal-ballet-more-than-60-years-old-arrels-del-priorat-nm-50cl\/#breadcrumb"},"inLanguage":"fr-FR","potentialAction":[{"@type":"ReadAction","target":["https:\/\/www.mesvendanges.com\/fr\/boutique\/vins\/cal-ballet-more-than-60-years-old-arrels-del-priorat-nm-50cl\/"]}]},{"@type":"BreadcrumbList","@id":"https:\/\/www.mesvendanges.com\/fr\/boutique\/vins\/cal-ballet-more-than-60-years-old-arrels-del-priorat-nm-50cl\/#breadcrumb","itemListElement":[{"@type":"ListItem","position":1,"name":"Accueil","item":"https:\/\/www.mesvendanges.com\/fr\/"},{"@type":"ListItem","position":2,"name":"Boutique","item":"https:\/\/www.mesvendanges.com\/fr\/boutique\/"},{"@type":"ListItem","position":3,"name":"CAL BALLET &#8211; More than 60 years old"}]}]}},"_links":{"self":[{"href":"https:\/\/www.mesvendanges.com\/fr\/wp-json\/wp\/v2\/product\/32941"}],"collection":[{"href":"https:\/\/www.mesvendanges.com\/fr\/wp-json\/wp\/v2\/product"}],"about":[{"href":"https:\/\/www.mesvendanges.com\/fr\/wp-json\/wp\/v2\/types\/product"}],"wp:attachment":[{"href":"https:\/\/www.mesvendanges.com\/fr\/wp-json\/wp\/v2\/media?parent=32941"}],"wp:term":[{"taxonomy":"product_cat","embeddable":true,"href":"https:\/\/www.mesvendanges.com\/fr\/wp-json\/wp\/v2\/product_cat?post=32941"},{"taxonomy":"product_tag","embeddable":true,"href":"https:\/\/www.mesvendanges.com\/fr\/wp-json\/wp\/v2\/product_tag?post=32941"}],"curies":[{"name":"wp","href":"https:\/\/api.w.org\/{rel}","templated":true}]}}