{"id":33015,"date":"2022-08-02T11:37:50","date_gmt":"2022-08-02T09:37:50","guid":{"rendered":"https:\/\/www.mesvendanges.com\/shop\/non%20class\u00e9\/la-haute-lemblee\/"},"modified":"2023-12-06T04:57:15","modified_gmt":"2023-12-06T03:57:15","slug":"la-haute-lemblee-roses-de-jeanne-2006-75cl","status":"publish","type":"product","link":"https:\/\/www.mesvendanges.com\/fr\/boutique\/vins\/la-haute-lemblee-roses-de-jeanne-2006-75cl\/","title":{"rendered":"LA HAUTE LEMBLEE"},"content":{"rendered":"<p><P>&#8220;La Haute Lembl\u00e9e&#8221; est une toute petite parcelle de 0.118ha, plant\u00e9e de cinq vari\u00e9t\u00e9s de chardonnay. Plut\u00f4t que de pratiquer des assemblages entre parcelles, C\u00e9dric Bouchard pr\u00e9f\u00e8re travailler, vinifier et mettre en bouteille chacune d&#8217;elles s\u00e9par\u00e9ment afin d&#8217;obtenir des vins au plus pr\u00e8s de leur origine. Des vins rares, autant par leur expression que par les quantit\u00e9s !<\/P><\/p>\n","protected":false},"excerpt":{"rendered":"<p>&#8220;La Haute Lembl\u00e9e&#8221; est une toute petite parcelle de 0.118ha, plant\u00e9e de cinq vari\u00e9t\u00e9s de chardonnay. Plut\u00f4t que de pratiquer des assemblages entre parcelles, C\u00e9dric Bouchard pr\u00e9f\u00e8re travailler, vinifier et mettre en bouteille chacune d&#8217;elles s\u00e9par\u00e9ment afin d&#8217;obtenir des vins au plus pr\u00e8s de leur origine. Des vins rares, autant par leur expression que par [&hellip;]<\/p>\n","protected":false},"featured_media":0,"template":"","meta":[],"product_cat":[3736],"product_tag":[],"acf":[],"yoast_head":"<!-- This site is optimized with the Yoast SEO plugin v19.3 - https:\/\/yoast.com\/wordpress\/plugins\/seo\/ -->\n<title>LA HAUTE LEMBLEE - Mes Vendanges<\/title>\n<meta name=\"robots\" content=\"index, follow, max-snippet:-1, max-image-preview:large, max-video-preview:-1\" \/>\n<link rel=\"canonical\" href=\"https:\/\/www.mesvendanges.com\/fr\/boutique\/vins\/la-haute-lemblee-roses-de-jeanne-2006-75cl\/\" \/>\n<meta property=\"og:locale\" content=\"fr_FR\" \/>\n<meta property=\"og:type\" content=\"article\" \/>\n<meta property=\"og:title\" content=\"LA HAUTE LEMBLEE - Mes Vendanges\" \/>\n<meta property=\"og:description\" content=\"&#8220;La Haute Lembl\u00e9e&#8221; est une toute petite parcelle de 0.118ha, plant\u00e9e de cinq vari\u00e9t\u00e9s de chardonnay. Plut\u00f4t que de pratiquer des assemblages entre parcelles, C\u00e9dric Bouchard pr\u00e9f\u00e8re travailler, vinifier et mettre en bouteille chacune d&#8217;elles s\u00e9par\u00e9ment afin d&#8217;obtenir des vins au plus pr\u00e8s de leur origine. Des vins rares, autant par leur expression que par [&hellip;]\" \/>\n<meta property=\"og:url\" content=\"https:\/\/www.mesvendanges.com\/fr\/boutique\/vins\/la-haute-lemblee-roses-de-jeanne-2006-75cl\/\" \/>\n<meta property=\"og:site_name\" content=\"Mes Vendanges\" \/>\n<meta property=\"article:modified_time\" content=\"2023-12-06T03:57:15+00:00\" \/>\n<meta name=\"twitter:card\" content=\"summary_large_image\" \/>\n<script type=\"application\/ld+json\" class=\"yoast-schema-graph\">{\"@context\":\"https:\/\/schema.org\",\"@graph\":[{\"@type\":\"Organization\",\"@id\":\"https:\/\/www.mesvendanges.com\/en\/#organization\",\"name\":\"Mes Vendanges\",\"url\":\"https:\/\/www.mesvendanges.com\/en\/\",\"sameAs\":[],\"logo\":{\"@type\":\"ImageObject\",\"inLanguage\":\"fr-FR\",\"@id\":\"https:\/\/www.mesvendanges.com\/en\/#\/schema\/logo\/image\/\",\"url\":\"https:\/\/www.mesvendanges.com\/wp-content\/uploads\/2022\/02\/logo-mesvendanges.jpg\",\"contentUrl\":\"https:\/\/www.mesvendanges.com\/wp-content\/uploads\/2022\/02\/logo-mesvendanges.jpg\",\"width\":851,\"height\":260,\"caption\":\"Mes Vendanges\"},\"image\":{\"@id\":\"https:\/\/www.mesvendanges.com\/en\/#\/schema\/logo\/image\/\"}},{\"@type\":\"WebSite\",\"@id\":\"https:\/\/www.mesvendanges.com\/en\/#website\",\"url\":\"https:\/\/www.mesvendanges.com\/en\/\",\"name\":\"Mes Vendanges\",\"description\":\"Des journ\u00e9es enti\u00e8res dans les vignes\",\"publisher\":{\"@id\":\"https:\/\/www.mesvendanges.com\/en\/#organization\"},\"potentialAction\":[{\"@type\":\"SearchAction\",\"target\":{\"@type\":\"EntryPoint\",\"urlTemplate\":\"https:\/\/www.mesvendanges.com\/en\/?s={search_term_string}\"},\"query-input\":\"required name=search_term_string\"}],\"inLanguage\":\"fr-FR\"},{\"@type\":\"WebPage\",\"@id\":\"https:\/\/www.mesvendanges.com\/fr\/boutique\/vins\/la-haute-lemblee-roses-de-jeanne-2006-75cl\/\",\"url\":\"https:\/\/www.mesvendanges.com\/fr\/boutique\/vins\/la-haute-lemblee-roses-de-jeanne-2006-75cl\/\",\"name\":\"LA HAUTE LEMBLEE - Mes Vendanges\",\"isPartOf\":{\"@id\":\"https:\/\/www.mesvendanges.com\/en\/#website\"},\"datePublished\":\"2022-08-02T09:37:50+00:00\",\"dateModified\":\"2023-12-06T03:57:15+00:00\",\"breadcrumb\":{\"@id\":\"https:\/\/www.mesvendanges.com\/fr\/boutique\/vins\/la-haute-lemblee-roses-de-jeanne-2006-75cl\/#breadcrumb\"},\"inLanguage\":\"fr-FR\",\"potentialAction\":[{\"@type\":\"ReadAction\",\"target\":[\"https:\/\/www.mesvendanges.com\/fr\/boutique\/vins\/la-haute-lemblee-roses-de-jeanne-2006-75cl\/\"]}]},{\"@type\":\"BreadcrumbList\",\"@id\":\"https:\/\/www.mesvendanges.com\/fr\/boutique\/vins\/la-haute-lemblee-roses-de-jeanne-2006-75cl\/#breadcrumb\",\"itemListElement\":[{\"@type\":\"ListItem\",\"position\":1,\"name\":\"Accueil\",\"item\":\"https:\/\/www.mesvendanges.com\/fr\/\"},{\"@type\":\"ListItem\",\"position\":2,\"name\":\"Boutique\",\"item\":\"https:\/\/www.mesvendanges.com\/fr\/boutique\/\"},{\"@type\":\"ListItem\",\"position\":3,\"name\":\"LA HAUTE LEMBLEE\"}]}]}<\/script>\n<!-- \/ Yoast SEO plugin. -->","yoast_head_json":{"title":"LA HAUTE LEMBLEE - Mes Vendanges","robots":{"index":"index","follow":"follow","max-snippet":"max-snippet:-1","max-image-preview":"max-image-preview:large","max-video-preview":"max-video-preview:-1"},"canonical":"https:\/\/www.mesvendanges.com\/fr\/boutique\/vins\/la-haute-lemblee-roses-de-jeanne-2006-75cl\/","og_locale":"fr_FR","og_type":"article","og_title":"LA HAUTE LEMBLEE - Mes Vendanges","og_description":"&#8220;La Haute Lembl\u00e9e&#8221; est une toute petite parcelle de 0.118ha, plant\u00e9e de cinq vari\u00e9t\u00e9s de chardonnay. Plut\u00f4t que de pratiquer des assemblages entre parcelles, C\u00e9dric Bouchard pr\u00e9f\u00e8re travailler, vinifier et mettre en bouteille chacune d&#8217;elles s\u00e9par\u00e9ment afin d&#8217;obtenir des vins au plus pr\u00e8s de leur origine. Des vins rares, autant par leur expression que par [&hellip;]","og_url":"https:\/\/www.mesvendanges.com\/fr\/boutique\/vins\/la-haute-lemblee-roses-de-jeanne-2006-75cl\/","og_site_name":"Mes Vendanges","article_modified_time":"2023-12-06T03:57:15+00:00","twitter_card":"summary_large_image","schema":{"@context":"https:\/\/schema.org","@graph":[{"@type":"Organization","@id":"https:\/\/www.mesvendanges.com\/en\/#organization","name":"Mes Vendanges","url":"https:\/\/www.mesvendanges.com\/en\/","sameAs":[],"logo":{"@type":"ImageObject","inLanguage":"fr-FR","@id":"https:\/\/www.mesvendanges.com\/en\/#\/schema\/logo\/image\/","url":"https:\/\/www.mesvendanges.com\/wp-content\/uploads\/2022\/02\/logo-mesvendanges.jpg","contentUrl":"https:\/\/www.mesvendanges.com\/wp-content\/uploads\/2022\/02\/logo-mesvendanges.jpg","width":851,"height":260,"caption":"Mes Vendanges"},"image":{"@id":"https:\/\/www.mesvendanges.com\/en\/#\/schema\/logo\/image\/"}},{"@type":"WebSite","@id":"https:\/\/www.mesvendanges.com\/en\/#website","url":"https:\/\/www.mesvendanges.com\/en\/","name":"Mes Vendanges","description":"Des journ\u00e9es enti\u00e8res dans les vignes","publisher":{"@id":"https:\/\/www.mesvendanges.com\/en\/#organization"},"potentialAction":[{"@type":"SearchAction","target":{"@type":"EntryPoint","urlTemplate":"https:\/\/www.mesvendanges.com\/en\/?s={search_term_string}"},"query-input":"required name=search_term_string"}],"inLanguage":"fr-FR"},{"@type":"WebPage","@id":"https:\/\/www.mesvendanges.com\/fr\/boutique\/vins\/la-haute-lemblee-roses-de-jeanne-2006-75cl\/","url":"https:\/\/www.mesvendanges.com\/fr\/boutique\/vins\/la-haute-lemblee-roses-de-jeanne-2006-75cl\/","name":"LA HAUTE LEMBLEE - Mes Vendanges","isPartOf":{"@id":"https:\/\/www.mesvendanges.com\/en\/#website"},"datePublished":"2022-08-02T09:37:50+00:00","dateModified":"2023-12-06T03:57:15+00:00","breadcrumb":{"@id":"https:\/\/www.mesvendanges.com\/fr\/boutique\/vins\/la-haute-lemblee-roses-de-jeanne-2006-75cl\/#breadcrumb"},"inLanguage":"fr-FR","potentialAction":[{"@type":"ReadAction","target":["https:\/\/www.mesvendanges.com\/fr\/boutique\/vins\/la-haute-lemblee-roses-de-jeanne-2006-75cl\/"]}]},{"@type":"BreadcrumbList","@id":"https:\/\/www.mesvendanges.com\/fr\/boutique\/vins\/la-haute-lemblee-roses-de-jeanne-2006-75cl\/#breadcrumb","itemListElement":[{"@type":"ListItem","position":1,"name":"Accueil","item":"https:\/\/www.mesvendanges.com\/fr\/"},{"@type":"ListItem","position":2,"name":"Boutique","item":"https:\/\/www.mesvendanges.com\/fr\/boutique\/"},{"@type":"ListItem","position":3,"name":"LA HAUTE LEMBLEE"}]}]}},"_links":{"self":[{"href":"https:\/\/www.mesvendanges.com\/fr\/wp-json\/wp\/v2\/product\/33015"}],"collection":[{"href":"https:\/\/www.mesvendanges.com\/fr\/wp-json\/wp\/v2\/product"}],"about":[{"href":"https:\/\/www.mesvendanges.com\/fr\/wp-json\/wp\/v2\/types\/product"}],"wp:attachment":[{"href":"https:\/\/www.mesvendanges.com\/fr\/wp-json\/wp\/v2\/media?parent=33015"}],"wp:term":[{"taxonomy":"product_cat","embeddable":true,"href":"https:\/\/www.mesvendanges.com\/fr\/wp-json\/wp\/v2\/product_cat?post=33015"},{"taxonomy":"product_tag","embeddable":true,"href":"https:\/\/www.mesvendanges.com\/fr\/wp-json\/wp\/v2\/product_tag?post=33015"}],"curies":[{"name":"wp","href":"https:\/\/api.w.org\/{rel}","templated":true}]}}