{"id":33019,"date":"2022-08-02T11:37:58","date_gmt":"2022-08-02T09:37:58","guid":{"rendered":"https:\/\/www.mesvendanges.com\/shop\/non%20class\u00e9\/inflorescence-vendange-2009\/"},"modified":"2023-12-06T04:56:32","modified_gmt":"2023-12-06T03:56:32","slug":"inflorescence-vendange-2009-roses-de-jeanne-nm-75cl","status":"publish","type":"product","link":"https:\/\/www.mesvendanges.com\/fr\/boutique\/vins\/inflorescence-vendange-2009-roses-de-jeanne-nm-75cl\/","title":{"rendered":"INFLORESCENCE vendange 2009"},"content":{"rendered":"<p><P style=\"MARGIN-BOTTOM: 0cm\">C&#8217;est peut-\u00eatre cette tension, cette place d\u00e9licate qu&#8217;il prend en bouche, s&#8217;ouvrant comme une fleur, qui a incit\u00e9 C\u00e9dric Bouchard \u00e0 donner son nom d&#8217;<I>Inflorescence<\/I> \u00e0 ce champagne. Curieusement, ce vin est issu uniquement de pinot noir, et l\u00e0 o\u00f9 l&#8217;on attendrait la vinosit\u00e9 puissante de ce dernier, on se laisse prendre par la magie d&#8217;une bouche a\u00e9rienne, suspendue. Une sorte d&#8217;echo, comme une basse continue arrive alors, pour donner tout son volume, sa sonorit\u00e9, \u00e0 cette \u00e9criture de l&#8217;\u00e9quilibre. Un champagne rare par son expression, rare aussi car presque confidentiel, seulement 9000 bouteilles en sont produites chaque ann\u00e9e. Un plaisir \u00e0 ne pas manquer, pour lui m\u00eame ou sur un saumon sauvage fum\u00e9, accompagn\u00e9 d&#8217;une cr\u00e8me au gingembre. <BR><BR>Lieu-Dit Val de Vilaine vendange 2009 &#8211; Blanc de noirs &#8211; Pinot Noir &#8211; Monoparcelle &#8211; 8900 bouteilles en 2008<\/P><\/p>\n","protected":false},"excerpt":{"rendered":"<p>C&#8217;est peut-\u00eatre cette tension, cette place d\u00e9licate qu&#8217;il prend en bouche, s&#8217;ouvrant comme une fleur, qui a incit\u00e9 C\u00e9dric Bouchard \u00e0 donner son nom d&#8217;Inflorescence \u00e0 ce champagne. Curieusement, ce vin est issu uniquement de pinot noir, et l\u00e0 o\u00f9 l&#8217;on attendrait la vinosit\u00e9 puissante de ce dernier, on se laisse prendre par la magie [&hellip;]<\/p>\n","protected":false},"featured_media":0,"template":"","meta":[],"product_cat":[3736],"product_tag":[],"acf":[],"yoast_head":"<!-- This site is optimized with the Yoast SEO plugin v19.3 - https:\/\/yoast.com\/wordpress\/plugins\/seo\/ -->\n<title>INFLORESCENCE vendange 2009 - Mes Vendanges<\/title>\n<meta name=\"robots\" content=\"index, follow, max-snippet:-1, max-image-preview:large, max-video-preview:-1\" \/>\n<link rel=\"canonical\" href=\"https:\/\/www.mesvendanges.com\/fr\/boutique\/vins\/inflorescence-vendange-2009-roses-de-jeanne-nm-75cl\/\" \/>\n<meta property=\"og:locale\" content=\"fr_FR\" \/>\n<meta property=\"og:type\" content=\"article\" \/>\n<meta property=\"og:title\" content=\"INFLORESCENCE vendange 2009 - Mes Vendanges\" \/>\n<meta property=\"og:description\" content=\"C&#8217;est peut-\u00eatre cette tension, cette place d\u00e9licate qu&#8217;il prend en bouche, s&#8217;ouvrant comme une fleur, qui a incit\u00e9 C\u00e9dric Bouchard \u00e0 donner son nom d&#8217;Inflorescence \u00e0 ce champagne. Curieusement, ce vin est issu uniquement de pinot noir, et l\u00e0 o\u00f9 l&#8217;on attendrait la vinosit\u00e9 puissante de ce dernier, on se laisse prendre par la magie [&hellip;]\" \/>\n<meta property=\"og:url\" content=\"https:\/\/www.mesvendanges.com\/fr\/boutique\/vins\/inflorescence-vendange-2009-roses-de-jeanne-nm-75cl\/\" \/>\n<meta property=\"og:site_name\" content=\"Mes Vendanges\" \/>\n<meta property=\"article:modified_time\" content=\"2023-12-06T03:56:32+00:00\" \/>\n<meta name=\"twitter:card\" content=\"summary_large_image\" \/>\n<meta name=\"twitter:label1\" content=\"Dur\u00e9e de lecture estim\u00e9e\" \/>\n\t<meta name=\"twitter:data1\" content=\"1 minute\" \/>\n<script type=\"application\/ld+json\" class=\"yoast-schema-graph\">{\"@context\":\"https:\/\/schema.org\",\"@graph\":[{\"@type\":\"Organization\",\"@id\":\"https:\/\/www.mesvendanges.com\/en\/#organization\",\"name\":\"Mes Vendanges\",\"url\":\"https:\/\/www.mesvendanges.com\/en\/\",\"sameAs\":[],\"logo\":{\"@type\":\"ImageObject\",\"inLanguage\":\"fr-FR\",\"@id\":\"https:\/\/www.mesvendanges.com\/en\/#\/schema\/logo\/image\/\",\"url\":\"https:\/\/www.mesvendanges.com\/wp-content\/uploads\/2022\/02\/logo-mesvendanges.jpg\",\"contentUrl\":\"https:\/\/www.mesvendanges.com\/wp-content\/uploads\/2022\/02\/logo-mesvendanges.jpg\",\"width\":851,\"height\":260,\"caption\":\"Mes Vendanges\"},\"image\":{\"@id\":\"https:\/\/www.mesvendanges.com\/en\/#\/schema\/logo\/image\/\"}},{\"@type\":\"WebSite\",\"@id\":\"https:\/\/www.mesvendanges.com\/en\/#website\",\"url\":\"https:\/\/www.mesvendanges.com\/en\/\",\"name\":\"Mes Vendanges\",\"description\":\"Des journ\u00e9es enti\u00e8res dans les vignes\",\"publisher\":{\"@id\":\"https:\/\/www.mesvendanges.com\/en\/#organization\"},\"potentialAction\":[{\"@type\":\"SearchAction\",\"target\":{\"@type\":\"EntryPoint\",\"urlTemplate\":\"https:\/\/www.mesvendanges.com\/en\/?s={search_term_string}\"},\"query-input\":\"required name=search_term_string\"}],\"inLanguage\":\"fr-FR\"},{\"@type\":\"WebPage\",\"@id\":\"https:\/\/www.mesvendanges.com\/fr\/boutique\/vins\/inflorescence-vendange-2009-roses-de-jeanne-nm-75cl\/\",\"url\":\"https:\/\/www.mesvendanges.com\/fr\/boutique\/vins\/inflorescence-vendange-2009-roses-de-jeanne-nm-75cl\/\",\"name\":\"INFLORESCENCE vendange 2009 - Mes Vendanges\",\"isPartOf\":{\"@id\":\"https:\/\/www.mesvendanges.com\/en\/#website\"},\"datePublished\":\"2022-08-02T09:37:58+00:00\",\"dateModified\":\"2023-12-06T03:56:32+00:00\",\"breadcrumb\":{\"@id\":\"https:\/\/www.mesvendanges.com\/fr\/boutique\/vins\/inflorescence-vendange-2009-roses-de-jeanne-nm-75cl\/#breadcrumb\"},\"inLanguage\":\"fr-FR\",\"potentialAction\":[{\"@type\":\"ReadAction\",\"target\":[\"https:\/\/www.mesvendanges.com\/fr\/boutique\/vins\/inflorescence-vendange-2009-roses-de-jeanne-nm-75cl\/\"]}]},{\"@type\":\"BreadcrumbList\",\"@id\":\"https:\/\/www.mesvendanges.com\/fr\/boutique\/vins\/inflorescence-vendange-2009-roses-de-jeanne-nm-75cl\/#breadcrumb\",\"itemListElement\":[{\"@type\":\"ListItem\",\"position\":1,\"name\":\"Accueil\",\"item\":\"https:\/\/www.mesvendanges.com\/fr\/\"},{\"@type\":\"ListItem\",\"position\":2,\"name\":\"Boutique\",\"item\":\"https:\/\/www.mesvendanges.com\/fr\/boutique\/\"},{\"@type\":\"ListItem\",\"position\":3,\"name\":\"INFLORESCENCE vendange 2009\"}]}]}<\/script>\n<!-- \/ Yoast SEO plugin. -->","yoast_head_json":{"title":"INFLORESCENCE vendange 2009 - Mes Vendanges","robots":{"index":"index","follow":"follow","max-snippet":"max-snippet:-1","max-image-preview":"max-image-preview:large","max-video-preview":"max-video-preview:-1"},"canonical":"https:\/\/www.mesvendanges.com\/fr\/boutique\/vins\/inflorescence-vendange-2009-roses-de-jeanne-nm-75cl\/","og_locale":"fr_FR","og_type":"article","og_title":"INFLORESCENCE vendange 2009 - Mes Vendanges","og_description":"C&#8217;est peut-\u00eatre cette tension, cette place d\u00e9licate qu&#8217;il prend en bouche, s&#8217;ouvrant comme une fleur, qui a incit\u00e9 C\u00e9dric Bouchard \u00e0 donner son nom d&#8217;Inflorescence \u00e0 ce champagne. Curieusement, ce vin est issu uniquement de pinot noir, et l\u00e0 o\u00f9 l&#8217;on attendrait la vinosit\u00e9 puissante de ce dernier, on se laisse prendre par la magie [&hellip;]","og_url":"https:\/\/www.mesvendanges.com\/fr\/boutique\/vins\/inflorescence-vendange-2009-roses-de-jeanne-nm-75cl\/","og_site_name":"Mes Vendanges","article_modified_time":"2023-12-06T03:56:32+00:00","twitter_card":"summary_large_image","twitter_misc":{"Dur\u00e9e de lecture estim\u00e9e":"1 minute"},"schema":{"@context":"https:\/\/schema.org","@graph":[{"@type":"Organization","@id":"https:\/\/www.mesvendanges.com\/en\/#organization","name":"Mes Vendanges","url":"https:\/\/www.mesvendanges.com\/en\/","sameAs":[],"logo":{"@type":"ImageObject","inLanguage":"fr-FR","@id":"https:\/\/www.mesvendanges.com\/en\/#\/schema\/logo\/image\/","url":"https:\/\/www.mesvendanges.com\/wp-content\/uploads\/2022\/02\/logo-mesvendanges.jpg","contentUrl":"https:\/\/www.mesvendanges.com\/wp-content\/uploads\/2022\/02\/logo-mesvendanges.jpg","width":851,"height":260,"caption":"Mes Vendanges"},"image":{"@id":"https:\/\/www.mesvendanges.com\/en\/#\/schema\/logo\/image\/"}},{"@type":"WebSite","@id":"https:\/\/www.mesvendanges.com\/en\/#website","url":"https:\/\/www.mesvendanges.com\/en\/","name":"Mes Vendanges","description":"Des journ\u00e9es enti\u00e8res dans les vignes","publisher":{"@id":"https:\/\/www.mesvendanges.com\/en\/#organization"},"potentialAction":[{"@type":"SearchAction","target":{"@type":"EntryPoint","urlTemplate":"https:\/\/www.mesvendanges.com\/en\/?s={search_term_string}"},"query-input":"required name=search_term_string"}],"inLanguage":"fr-FR"},{"@type":"WebPage","@id":"https:\/\/www.mesvendanges.com\/fr\/boutique\/vins\/inflorescence-vendange-2009-roses-de-jeanne-nm-75cl\/","url":"https:\/\/www.mesvendanges.com\/fr\/boutique\/vins\/inflorescence-vendange-2009-roses-de-jeanne-nm-75cl\/","name":"INFLORESCENCE vendange 2009 - Mes Vendanges","isPartOf":{"@id":"https:\/\/www.mesvendanges.com\/en\/#website"},"datePublished":"2022-08-02T09:37:58+00:00","dateModified":"2023-12-06T03:56:32+00:00","breadcrumb":{"@id":"https:\/\/www.mesvendanges.com\/fr\/boutique\/vins\/inflorescence-vendange-2009-roses-de-jeanne-nm-75cl\/#breadcrumb"},"inLanguage":"fr-FR","potentialAction":[{"@type":"ReadAction","target":["https:\/\/www.mesvendanges.com\/fr\/boutique\/vins\/inflorescence-vendange-2009-roses-de-jeanne-nm-75cl\/"]}]},{"@type":"BreadcrumbList","@id":"https:\/\/www.mesvendanges.com\/fr\/boutique\/vins\/inflorescence-vendange-2009-roses-de-jeanne-nm-75cl\/#breadcrumb","itemListElement":[{"@type":"ListItem","position":1,"name":"Accueil","item":"https:\/\/www.mesvendanges.com\/fr\/"},{"@type":"ListItem","position":2,"name":"Boutique","item":"https:\/\/www.mesvendanges.com\/fr\/boutique\/"},{"@type":"ListItem","position":3,"name":"INFLORESCENCE vendange 2009"}]}]}},"_links":{"self":[{"href":"https:\/\/www.mesvendanges.com\/fr\/wp-json\/wp\/v2\/product\/33019"}],"collection":[{"href":"https:\/\/www.mesvendanges.com\/fr\/wp-json\/wp\/v2\/product"}],"about":[{"href":"https:\/\/www.mesvendanges.com\/fr\/wp-json\/wp\/v2\/types\/product"}],"wp:attachment":[{"href":"https:\/\/www.mesvendanges.com\/fr\/wp-json\/wp\/v2\/media?parent=33019"}],"wp:term":[{"taxonomy":"product_cat","embeddable":true,"href":"https:\/\/www.mesvendanges.com\/fr\/wp-json\/wp\/v2\/product_cat?post=33019"},{"taxonomy":"product_tag","embeddable":true,"href":"https:\/\/www.mesvendanges.com\/fr\/wp-json\/wp\/v2\/product_tag?post=33019"}],"curies":[{"name":"wp","href":"https:\/\/api.w.org\/{rel}","templated":true}]}}