{"id":33385,"date":"2022-08-02T11:46:56","date_gmt":"2022-08-02T09:46:56","guid":{"rendered":"https:\/\/www.mesvendanges.com\/shop\/non%20class\u00e9\/la-croix-lartigue\/"},"modified":"2025-05-01T16:27:21","modified_gmt":"2025-05-01T14:27:21","slug":"la-croix-lartigue-la-croix-lartigue-2008-75cl","status":"publish","type":"product","link":"https:\/\/www.mesvendanges.com\/fr\/boutique\/vins\/la-croix-lartigue-la-croix-lartigue-2008-75cl\/","title":{"rendered":"LA CROIX LARTIGUE"},"content":{"rendered":"<p style=\"MARGIN-BOTTOM: 0cm\">Voici une toute nouvelle propri\u00e9t\u00e9 bordelaise dont on parlera surement dans les ann\u00e9es \u00e0 venir ! La Croix Lartigue, situ\u00e9e dans les C\u00f4tes de Castillon, sur un beau terroir argilo-calcaire, sort ses premi\u00e8res bouteille avec ce mill\u00e9sime 2008. La vigne et le travail en cave sont conduits de mains de maitres par le fameux St\u00e9phane Derenoncourt, Simon Blanchard et Julien Lavenu, dont l&#8217;exigence bien connue est ici de mise. Tous petits rendements, vinification classieuse, pour un rouge qui livre d\u00e8s aujourd&#8217;hui beaucoup de plaisir. Le nez est profond, avec de belles notes florales et de graphite, le touch\u00e9 de bouche est magnifique, avec une fra\u00eecheur remarquable et un fruit tr\u00e8s sensuel. La finale riche, encore marqu\u00e9e par l&#8217;\u00e9levage, appelle une viande sanguine, de ces belles entrec\u00f4tes que l&#8217;on grille \u00e0 l&#8217;\u00e9t\u00e9.<\/p>\n<p>La Croix Lartigue est un domaine de 7Ha, d&#8217;une densit\u00e9 de 6000 pieds\/ha, avec un \u00e2ge moyen des vignes de 30 ans. L&#8217;enc\u00e9pagement est compos\u00e9 de 75% de merlot, 20% de cabernets francs et 5% de cabernet sauvignon. Les vignes sont plant\u00e9 sur un sol argilo-calcaire \u00e0 argilo-graveleux sur plateau calcaire. Les rendements sont de l&#8217;ordre de&nbsp;17 hl\/ha apr\u00e8s s\u00e9lection et vendange manuelle (dates de vendanges pour le mill\u00e9sime 2008 : 17\/24 octobre 2008). Elevage de 18 mois en f\u00fbts neufs pour 60% et 40% d&#8217;un vin<\/p>\n","protected":false},"excerpt":{"rendered":"<p>Voici une toute nouvelle propri\u00e9t\u00e9 bordelaise dont on parlera surement dans les ann\u00e9es \u00e0 venir ! La Croix Lartigue, situ\u00e9e dans les C\u00f4tes de Castillon, sur un beau terroir argilo-calcaire, sort ses premi\u00e8res bouteille avec ce mill\u00e9sime 2008. La vigne et le travail en cave sont conduits de mains de maitres par le fameux St\u00e9phane [&hellip;]<\/p>\n","protected":false},"featured_media":87383,"template":"","meta":[],"product_cat":[3736],"product_tag":[],"acf":[],"yoast_head":"<!-- This site is optimized with the Yoast SEO plugin v19.3 - https:\/\/yoast.com\/wordpress\/plugins\/seo\/ -->\n<title>LA CROIX LARTIGUE - Mes Vendanges<\/title>\n<meta name=\"robots\" content=\"index, follow, max-snippet:-1, max-image-preview:large, max-video-preview:-1\" \/>\n<link rel=\"canonical\" href=\"https:\/\/www.mesvendanges.com\/fr\/boutique\/vins\/la-croix-lartigue-la-croix-lartigue-2008-75cl\/\" \/>\n<meta property=\"og:locale\" content=\"fr_FR\" \/>\n<meta property=\"og:type\" content=\"article\" \/>\n<meta property=\"og:title\" content=\"LA CROIX LARTIGUE - Mes Vendanges\" \/>\n<meta property=\"og:description\" content=\"Voici une toute nouvelle propri\u00e9t\u00e9 bordelaise dont on parlera surement dans les ann\u00e9es \u00e0 venir ! La Croix Lartigue, situ\u00e9e dans les C\u00f4tes de Castillon, sur un beau terroir argilo-calcaire, sort ses premi\u00e8res bouteille avec ce mill\u00e9sime 2008. La vigne et le travail en cave sont conduits de mains de maitres par le fameux St\u00e9phane [&hellip;]\" \/>\n<meta property=\"og:url\" content=\"https:\/\/www.mesvendanges.com\/fr\/boutique\/vins\/la-croix-lartigue-la-croix-lartigue-2008-75cl\/\" \/>\n<meta property=\"og:site_name\" content=\"Mes Vendanges\" \/>\n<meta property=\"article:modified_time\" content=\"2025-05-01T14:27:21+00:00\" \/>\n<meta property=\"og:image\" content=\"https:\/\/www.mesvendanges.com\/wp-content\/uploads\/2025\/05\/la-croix-lartigue-la-croix-lartigue-cotes-de-castillon-2008-75cl-rouge-png.png\" \/>\n\t<meta property=\"og:image:width\" content=\"369\" \/>\n\t<meta property=\"og:image:height\" content=\"1500\" \/>\n\t<meta property=\"og:image:type\" content=\"image\/png\" \/>\n<meta name=\"twitter:card\" content=\"summary_large_image\" \/>\n<meta name=\"twitter:label1\" content=\"Dur\u00e9e de lecture estim\u00e9e\" \/>\n\t<meta name=\"twitter:data1\" content=\"1 minute\" \/>\n<script type=\"application\/ld+json\" class=\"yoast-schema-graph\">{\"@context\":\"https:\/\/schema.org\",\"@graph\":[{\"@type\":\"Organization\",\"@id\":\"https:\/\/www.mesvendanges.com\/en\/#organization\",\"name\":\"Mes Vendanges\",\"url\":\"https:\/\/www.mesvendanges.com\/en\/\",\"sameAs\":[],\"logo\":{\"@type\":\"ImageObject\",\"inLanguage\":\"fr-FR\",\"@id\":\"https:\/\/www.mesvendanges.com\/en\/#\/schema\/logo\/image\/\",\"url\":\"https:\/\/www.mesvendanges.com\/wp-content\/uploads\/2022\/02\/logo-mesvendanges.jpg\",\"contentUrl\":\"https:\/\/www.mesvendanges.com\/wp-content\/uploads\/2022\/02\/logo-mesvendanges.jpg\",\"width\":851,\"height\":260,\"caption\":\"Mes Vendanges\"},\"image\":{\"@id\":\"https:\/\/www.mesvendanges.com\/en\/#\/schema\/logo\/image\/\"}},{\"@type\":\"WebSite\",\"@id\":\"https:\/\/www.mesvendanges.com\/en\/#website\",\"url\":\"https:\/\/www.mesvendanges.com\/en\/\",\"name\":\"Mes Vendanges\",\"description\":\"Des journ\u00e9es enti\u00e8res dans les vignes\",\"publisher\":{\"@id\":\"https:\/\/www.mesvendanges.com\/en\/#organization\"},\"potentialAction\":[{\"@type\":\"SearchAction\",\"target\":{\"@type\":\"EntryPoint\",\"urlTemplate\":\"https:\/\/www.mesvendanges.com\/en\/?s={search_term_string}\"},\"query-input\":\"required name=search_term_string\"}],\"inLanguage\":\"fr-FR\"},{\"@type\":\"ImageObject\",\"inLanguage\":\"fr-FR\",\"@id\":\"https:\/\/www.mesvendanges.com\/fr\/boutique\/vins\/la-croix-lartigue-la-croix-lartigue-2008-75cl\/#primaryimage\",\"url\":\"https:\/\/www.mesvendanges.com\/wp-content\/uploads\/2025\/05\/la-croix-lartigue-la-croix-lartigue-cotes-de-castillon-2008-75cl-rouge-png.png\",\"contentUrl\":\"https:\/\/www.mesvendanges.com\/wp-content\/uploads\/2025\/05\/la-croix-lartigue-la-croix-lartigue-cotes-de-castillon-2008-75cl-rouge-png.png\",\"width\":369,\"height\":1500},{\"@type\":\"WebPage\",\"@id\":\"https:\/\/www.mesvendanges.com\/fr\/boutique\/vins\/la-croix-lartigue-la-croix-lartigue-2008-75cl\/\",\"url\":\"https:\/\/www.mesvendanges.com\/fr\/boutique\/vins\/la-croix-lartigue-la-croix-lartigue-2008-75cl\/\",\"name\":\"LA CROIX LARTIGUE - Mes Vendanges\",\"isPartOf\":{\"@id\":\"https:\/\/www.mesvendanges.com\/en\/#website\"},\"primaryImageOfPage\":{\"@id\":\"https:\/\/www.mesvendanges.com\/fr\/boutique\/vins\/la-croix-lartigue-la-croix-lartigue-2008-75cl\/#primaryimage\"},\"datePublished\":\"2022-08-02T09:46:56+00:00\",\"dateModified\":\"2025-05-01T14:27:21+00:00\",\"breadcrumb\":{\"@id\":\"https:\/\/www.mesvendanges.com\/fr\/boutique\/vins\/la-croix-lartigue-la-croix-lartigue-2008-75cl\/#breadcrumb\"},\"inLanguage\":\"fr-FR\",\"potentialAction\":[{\"@type\":\"ReadAction\",\"target\":[\"https:\/\/www.mesvendanges.com\/fr\/boutique\/vins\/la-croix-lartigue-la-croix-lartigue-2008-75cl\/\"]}]},{\"@type\":\"BreadcrumbList\",\"@id\":\"https:\/\/www.mesvendanges.com\/fr\/boutique\/vins\/la-croix-lartigue-la-croix-lartigue-2008-75cl\/#breadcrumb\",\"itemListElement\":[{\"@type\":\"ListItem\",\"position\":1,\"name\":\"Accueil\",\"item\":\"https:\/\/www.mesvendanges.com\/fr\/\"},{\"@type\":\"ListItem\",\"position\":2,\"name\":\"Boutique\",\"item\":\"https:\/\/www.mesvendanges.com\/fr\/boutique\/\"},{\"@type\":\"ListItem\",\"position\":3,\"name\":\"LA CROIX LARTIGUE\"}]}]}<\/script>\n<!-- \/ Yoast SEO plugin. -->","yoast_head_json":{"title":"LA CROIX LARTIGUE - Mes Vendanges","robots":{"index":"index","follow":"follow","max-snippet":"max-snippet:-1","max-image-preview":"max-image-preview:large","max-video-preview":"max-video-preview:-1"},"canonical":"https:\/\/www.mesvendanges.com\/fr\/boutique\/vins\/la-croix-lartigue-la-croix-lartigue-2008-75cl\/","og_locale":"fr_FR","og_type":"article","og_title":"LA CROIX LARTIGUE - Mes Vendanges","og_description":"Voici une toute nouvelle propri\u00e9t\u00e9 bordelaise dont on parlera surement dans les ann\u00e9es \u00e0 venir ! La Croix Lartigue, situ\u00e9e dans les C\u00f4tes de Castillon, sur un beau terroir argilo-calcaire, sort ses premi\u00e8res bouteille avec ce mill\u00e9sime 2008. La vigne et le travail en cave sont conduits de mains de maitres par le fameux St\u00e9phane [&hellip;]","og_url":"https:\/\/www.mesvendanges.com\/fr\/boutique\/vins\/la-croix-lartigue-la-croix-lartigue-2008-75cl\/","og_site_name":"Mes Vendanges","article_modified_time":"2025-05-01T14:27:21+00:00","og_image":[{"width":369,"height":1500,"url":"https:\/\/www.mesvendanges.com\/wp-content\/uploads\/2025\/05\/la-croix-lartigue-la-croix-lartigue-cotes-de-castillon-2008-75cl-rouge-png.png","type":"image\/png"}],"twitter_card":"summary_large_image","twitter_misc":{"Dur\u00e9e de lecture estim\u00e9e":"1 minute"},"schema":{"@context":"https:\/\/schema.org","@graph":[{"@type":"Organization","@id":"https:\/\/www.mesvendanges.com\/en\/#organization","name":"Mes Vendanges","url":"https:\/\/www.mesvendanges.com\/en\/","sameAs":[],"logo":{"@type":"ImageObject","inLanguage":"fr-FR","@id":"https:\/\/www.mesvendanges.com\/en\/#\/schema\/logo\/image\/","url":"https:\/\/www.mesvendanges.com\/wp-content\/uploads\/2022\/02\/logo-mesvendanges.jpg","contentUrl":"https:\/\/www.mesvendanges.com\/wp-content\/uploads\/2022\/02\/logo-mesvendanges.jpg","width":851,"height":260,"caption":"Mes Vendanges"},"image":{"@id":"https:\/\/www.mesvendanges.com\/en\/#\/schema\/logo\/image\/"}},{"@type":"WebSite","@id":"https:\/\/www.mesvendanges.com\/en\/#website","url":"https:\/\/www.mesvendanges.com\/en\/","name":"Mes Vendanges","description":"Des journ\u00e9es enti\u00e8res dans les vignes","publisher":{"@id":"https:\/\/www.mesvendanges.com\/en\/#organization"},"potentialAction":[{"@type":"SearchAction","target":{"@type":"EntryPoint","urlTemplate":"https:\/\/www.mesvendanges.com\/en\/?s={search_term_string}"},"query-input":"required name=search_term_string"}],"inLanguage":"fr-FR"},{"@type":"ImageObject","inLanguage":"fr-FR","@id":"https:\/\/www.mesvendanges.com\/fr\/boutique\/vins\/la-croix-lartigue-la-croix-lartigue-2008-75cl\/#primaryimage","url":"https:\/\/www.mesvendanges.com\/wp-content\/uploads\/2025\/05\/la-croix-lartigue-la-croix-lartigue-cotes-de-castillon-2008-75cl-rouge-png.png","contentUrl":"https:\/\/www.mesvendanges.com\/wp-content\/uploads\/2025\/05\/la-croix-lartigue-la-croix-lartigue-cotes-de-castillon-2008-75cl-rouge-png.png","width":369,"height":1500},{"@type":"WebPage","@id":"https:\/\/www.mesvendanges.com\/fr\/boutique\/vins\/la-croix-lartigue-la-croix-lartigue-2008-75cl\/","url":"https:\/\/www.mesvendanges.com\/fr\/boutique\/vins\/la-croix-lartigue-la-croix-lartigue-2008-75cl\/","name":"LA CROIX LARTIGUE - Mes Vendanges","isPartOf":{"@id":"https:\/\/www.mesvendanges.com\/en\/#website"},"primaryImageOfPage":{"@id":"https:\/\/www.mesvendanges.com\/fr\/boutique\/vins\/la-croix-lartigue-la-croix-lartigue-2008-75cl\/#primaryimage"},"datePublished":"2022-08-02T09:46:56+00:00","dateModified":"2025-05-01T14:27:21+00:00","breadcrumb":{"@id":"https:\/\/www.mesvendanges.com\/fr\/boutique\/vins\/la-croix-lartigue-la-croix-lartigue-2008-75cl\/#breadcrumb"},"inLanguage":"fr-FR","potentialAction":[{"@type":"ReadAction","target":["https:\/\/www.mesvendanges.com\/fr\/boutique\/vins\/la-croix-lartigue-la-croix-lartigue-2008-75cl\/"]}]},{"@type":"BreadcrumbList","@id":"https:\/\/www.mesvendanges.com\/fr\/boutique\/vins\/la-croix-lartigue-la-croix-lartigue-2008-75cl\/#breadcrumb","itemListElement":[{"@type":"ListItem","position":1,"name":"Accueil","item":"https:\/\/www.mesvendanges.com\/fr\/"},{"@type":"ListItem","position":2,"name":"Boutique","item":"https:\/\/www.mesvendanges.com\/fr\/boutique\/"},{"@type":"ListItem","position":3,"name":"LA CROIX LARTIGUE"}]}]}},"_links":{"self":[{"href":"https:\/\/www.mesvendanges.com\/fr\/wp-json\/wp\/v2\/product\/33385"}],"collection":[{"href":"https:\/\/www.mesvendanges.com\/fr\/wp-json\/wp\/v2\/product"}],"about":[{"href":"https:\/\/www.mesvendanges.com\/fr\/wp-json\/wp\/v2\/types\/product"}],"wp:featuredmedia":[{"embeddable":true,"href":"https:\/\/www.mesvendanges.com\/fr\/wp-json\/wp\/v2\/media\/87383"}],"wp:attachment":[{"href":"https:\/\/www.mesvendanges.com\/fr\/wp-json\/wp\/v2\/media?parent=33385"}],"wp:term":[{"taxonomy":"product_cat","embeddable":true,"href":"https:\/\/www.mesvendanges.com\/fr\/wp-json\/wp\/v2\/product_cat?post=33385"},{"taxonomy":"product_tag","embeddable":true,"href":"https:\/\/www.mesvendanges.com\/fr\/wp-json\/wp\/v2\/product_tag?post=33385"}],"curies":[{"name":"wp","href":"https:\/\/api.w.org\/{rel}","templated":true}]}}