{"id":33575,"date":"2022-08-02T11:51:44","date_gmt":"2022-08-02T09:51:44","guid":{"rendered":"https:\/\/www.mesvendanges.com\/shop\/non%20class\u00e9\/cru-barrejats-en-50cl-4\/"},"modified":"2023-12-05T13:57:53","modified_gmt":"2023-12-05T12:57:53","slug":"cru-barrejats-en-50cl-cru-barrejats-1999-50cl","status":"publish","type":"product","link":"https:\/\/www.mesvendanges.com\/fr\/boutique\/vins\/cru-barrejats-en-50cl-cru-barrejats-1999-50cl\/","title":{"rendered":"CRU BARREJATS EN 50cl"},"content":{"rendered":"<p>Le Cru Barr\u00e9jats 1999 est un vin au caract\u00e8re marqu\u00e9 : Forte acidit\u00e9, grande richesse, ar\u00f4mes prononc\u00e9s d&#8217;agr\u00fbmes, de zests et de safran. C&#8217;est un vin qui oblige la table et demande \u00e0 se mesurer. La longeur et la tension du vin par l&#8217;acidit\u00e9 le dirigent vers des accords surprenants : roti de porc \u00e0 la sept heures accompagn\u00e9s de pruneaux, sables sucr\u00e9s\/sal\u00e9s au safran&#8230; <BR><BR>Le mill\u00e9sime 1999 vu par Mireille Daret : <BR>1999 : L\u2019ann\u00e9e viticole fut assez chaotique, dans tout le bordelais. Le Sauternais n\u2019a pas \u00e9chapp\u00e9 aux alternances de p\u00e9riodes pluvieuses et de fortes chaleurs. Le mois de juillet fut particuli\u00e8rement morose. Le grand soleil s\u2019installa enfin \u00e0 la mi-ao\u00fbt et persista jusqu\u2019\u00e0 la mi-septembre. Cette maturit\u00e9 tardive, permit \u00e0 nos raisins de garder beaucoup d\u2019acidit\u00e9. Le botrytis qui se d\u00e9veloppa dans la deuxi\u00e8me quinzaine de septembre avec le retour de la pluie, vint encore concentrer cette acidit\u00e9. <BR>Sous le soleil, les vendanges 1999 d\u00e9but\u00e8rent le premier octobre et s\u2019achev\u00e8rent le dix-neuf du m\u00eame mois, deux jours avant le retour de la pluie. Il n\u2019y eut en fait que deux tries qui se succ\u00e9d\u00e8rent, la dizaine de jours entre les deux passages permettant aux grains de botrytiser pleinement. Chaque jour nous avons tri\u00e9, grain \u00e0 grain, sans rel\u00e2che, \u00e0 14 personnes sur 4 hectares. <BR>Le pressurage vertical hydraulique nous permet d&#8217;extraire sans triturage, en trois press\u00e9es tr\u00e8s lentes jusqu&#8217;\u00e0 midi lelendemain, tous les sucres et les ar\u00f4mes emprisonn\u00e9s dans ces grains de raisin confits de Botrytis. D\u00e8s lors tout est jou\u00e9 : La qualit\u00e9 du Cru Barr\u00e9jats, expression du terroir, du fruit et du Botrytis, se go\u00fbte dans les mo\u00fbts qui coulent du pressoir ! <BR>Les mo\u00fbts \u00e9taient d\u2019une grande richesse, tr\u00e8s homog\u00e8nes, avec des ar\u00f4mes marqu\u00e9s d\u2019agrumes, citrus et pomelos. Quand le vigneron r\u00e9colte d&#8217;aussi beaux fruits, la vinification ne doit avoir q&#8217;un seul but : pr\u00e9server cette expression aromatique pour ne mettre que des fruits en bouteille&#8230; <BR>L\u00e9ger d\u00e9bourbage au froid, fermentations en barriques 100% neuves (Mercier, Seguin Moreau, Vicard), dans un chai dont nous contr\u00f4lons la temp\u00e9rature, arr\u00eat des fermentations au froid ce qui permet de diminuer l\u2019adjonction de soufre. La qualit\u00e9 tr\u00e8s homog\u00e8ne des mo\u00fbts nous incita \u00e0 assembler pr\u00e9cocement nos diff\u00e9rentes barriques, d\u00e8s le premier soutirage. L&#8217;\u00e9levage long mais simplissime , 30 mois en barriques neuves &#8211; merveilleux outil de vinification et non d&#8217;aromatisation &#8211; un minimum de SO2 et des conditions d\u2019hygi\u00e8ne stricte lors de chaque soutirage annuel fait que le Cru Barr\u00e9jats 1999 \u00e9tait <BR>exempt de levures et de bact\u00e9ries viables avant la mise en bouteille. <BR>Comme pour les Cru Barr\u00e9jats 1995, 1996, 1997 et 1998 l&#8217;originalit\u00e9 de la vinification du Cru Barr\u00e9jats est l\u00e0 : Une seule filtration tr\u00e8s l\u00e2che lors de la mise. Le Cru Barr\u00e9jats garde ainsi tout son fruit, toute sa richesse et sa complexit\u00e9. <BR>Nous avons mis en bouteilles le 10 mai 2002 le Cru Barr\u00e9jats 1999 : 3 800 bouteilles, 3120 50cl et 100 magnums.<\/p>\n","protected":false},"excerpt":{"rendered":"<p>Le Cru Barr\u00e9jats 1999 est un vin au caract\u00e8re marqu\u00e9 : Forte acidit\u00e9, grande richesse, ar\u00f4mes prononc\u00e9s d&#8217;agr\u00fbmes, de zests et de safran. C&#8217;est un vin qui oblige la table et demande \u00e0 se mesurer. La longeur et la tension du vin par l&#8217;acidit\u00e9 le dirigent vers des accords surprenants : roti de porc \u00e0 [&hellip;]<\/p>\n","protected":false},"featured_media":0,"template":"","meta":[],"product_cat":[3736],"product_tag":[],"acf":[],"yoast_head":"<!-- This site is optimized with the Yoast SEO plugin v19.3 - https:\/\/yoast.com\/wordpress\/plugins\/seo\/ -->\n<title>CRU BARREJATS EN 50cl - Mes Vendanges<\/title>\n<meta name=\"robots\" content=\"index, follow, max-snippet:-1, max-image-preview:large, max-video-preview:-1\" \/>\n<link rel=\"canonical\" href=\"https:\/\/www.mesvendanges.com\/fr\/boutique\/vins\/cru-barrejats-en-50cl-cru-barrejats-1999-50cl\/\" \/>\n<meta property=\"og:locale\" content=\"fr_FR\" \/>\n<meta property=\"og:type\" content=\"article\" \/>\n<meta property=\"og:title\" content=\"CRU BARREJATS EN 50cl - Mes Vendanges\" \/>\n<meta property=\"og:description\" content=\"Le Cru Barr\u00e9jats 1999 est un vin au caract\u00e8re marqu\u00e9 : Forte acidit\u00e9, grande richesse, ar\u00f4mes prononc\u00e9s d&#8217;agr\u00fbmes, de zests et de safran. C&#8217;est un vin qui oblige la table et demande \u00e0 se mesurer. La longeur et la tension du vin par l&#8217;acidit\u00e9 le dirigent vers des accords surprenants : roti de porc \u00e0 [&hellip;]\" \/>\n<meta property=\"og:url\" content=\"https:\/\/www.mesvendanges.com\/fr\/boutique\/vins\/cru-barrejats-en-50cl-cru-barrejats-1999-50cl\/\" \/>\n<meta property=\"og:site_name\" content=\"Mes Vendanges\" \/>\n<meta property=\"article:modified_time\" content=\"2023-12-05T12:57:53+00:00\" \/>\n<meta name=\"twitter:card\" content=\"summary_large_image\" \/>\n<meta name=\"twitter:label1\" content=\"Dur\u00e9e de lecture estim\u00e9e\" \/>\n\t<meta name=\"twitter:data1\" content=\"3 minutes\" \/>\n<script type=\"application\/ld+json\" class=\"yoast-schema-graph\">{\"@context\":\"https:\/\/schema.org\",\"@graph\":[{\"@type\":\"Organization\",\"@id\":\"https:\/\/www.mesvendanges.com\/en\/#organization\",\"name\":\"Mes Vendanges\",\"url\":\"https:\/\/www.mesvendanges.com\/en\/\",\"sameAs\":[],\"logo\":{\"@type\":\"ImageObject\",\"inLanguage\":\"fr-FR\",\"@id\":\"https:\/\/www.mesvendanges.com\/en\/#\/schema\/logo\/image\/\",\"url\":\"https:\/\/www.mesvendanges.com\/wp-content\/uploads\/2022\/02\/logo-mesvendanges.jpg\",\"contentUrl\":\"https:\/\/www.mesvendanges.com\/wp-content\/uploads\/2022\/02\/logo-mesvendanges.jpg\",\"width\":851,\"height\":260,\"caption\":\"Mes Vendanges\"},\"image\":{\"@id\":\"https:\/\/www.mesvendanges.com\/en\/#\/schema\/logo\/image\/\"}},{\"@type\":\"WebSite\",\"@id\":\"https:\/\/www.mesvendanges.com\/en\/#website\",\"url\":\"https:\/\/www.mesvendanges.com\/en\/\",\"name\":\"Mes Vendanges\",\"description\":\"Des journ\u00e9es enti\u00e8res dans les vignes\",\"publisher\":{\"@id\":\"https:\/\/www.mesvendanges.com\/en\/#organization\"},\"potentialAction\":[{\"@type\":\"SearchAction\",\"target\":{\"@type\":\"EntryPoint\",\"urlTemplate\":\"https:\/\/www.mesvendanges.com\/en\/?s={search_term_string}\"},\"query-input\":\"required name=search_term_string\"}],\"inLanguage\":\"fr-FR\"},{\"@type\":\"WebPage\",\"@id\":\"https:\/\/www.mesvendanges.com\/fr\/boutique\/vins\/cru-barrejats-en-50cl-cru-barrejats-1999-50cl\/\",\"url\":\"https:\/\/www.mesvendanges.com\/fr\/boutique\/vins\/cru-barrejats-en-50cl-cru-barrejats-1999-50cl\/\",\"name\":\"CRU BARREJATS EN 50cl - Mes Vendanges\",\"isPartOf\":{\"@id\":\"https:\/\/www.mesvendanges.com\/en\/#website\"},\"datePublished\":\"2022-08-02T09:51:44+00:00\",\"dateModified\":\"2023-12-05T12:57:53+00:00\",\"breadcrumb\":{\"@id\":\"https:\/\/www.mesvendanges.com\/fr\/boutique\/vins\/cru-barrejats-en-50cl-cru-barrejats-1999-50cl\/#breadcrumb\"},\"inLanguage\":\"fr-FR\",\"potentialAction\":[{\"@type\":\"ReadAction\",\"target\":[\"https:\/\/www.mesvendanges.com\/fr\/boutique\/vins\/cru-barrejats-en-50cl-cru-barrejats-1999-50cl\/\"]}]},{\"@type\":\"BreadcrumbList\",\"@id\":\"https:\/\/www.mesvendanges.com\/fr\/boutique\/vins\/cru-barrejats-en-50cl-cru-barrejats-1999-50cl\/#breadcrumb\",\"itemListElement\":[{\"@type\":\"ListItem\",\"position\":1,\"name\":\"Accueil\",\"item\":\"https:\/\/www.mesvendanges.com\/fr\/\"},{\"@type\":\"ListItem\",\"position\":2,\"name\":\"Boutique\",\"item\":\"https:\/\/www.mesvendanges.com\/fr\/boutique\/\"},{\"@type\":\"ListItem\",\"position\":3,\"name\":\"CRU BARREJATS EN 50cl\"}]}]}<\/script>\n<!-- \/ Yoast SEO plugin. -->","yoast_head_json":{"title":"CRU BARREJATS EN 50cl - Mes Vendanges","robots":{"index":"index","follow":"follow","max-snippet":"max-snippet:-1","max-image-preview":"max-image-preview:large","max-video-preview":"max-video-preview:-1"},"canonical":"https:\/\/www.mesvendanges.com\/fr\/boutique\/vins\/cru-barrejats-en-50cl-cru-barrejats-1999-50cl\/","og_locale":"fr_FR","og_type":"article","og_title":"CRU BARREJATS EN 50cl - Mes Vendanges","og_description":"Le Cru Barr\u00e9jats 1999 est un vin au caract\u00e8re marqu\u00e9 : Forte acidit\u00e9, grande richesse, ar\u00f4mes prononc\u00e9s d&#8217;agr\u00fbmes, de zests et de safran. C&#8217;est un vin qui oblige la table et demande \u00e0 se mesurer. La longeur et la tension du vin par l&#8217;acidit\u00e9 le dirigent vers des accords surprenants : roti de porc \u00e0 [&hellip;]","og_url":"https:\/\/www.mesvendanges.com\/fr\/boutique\/vins\/cru-barrejats-en-50cl-cru-barrejats-1999-50cl\/","og_site_name":"Mes Vendanges","article_modified_time":"2023-12-05T12:57:53+00:00","twitter_card":"summary_large_image","twitter_misc":{"Dur\u00e9e de lecture estim\u00e9e":"3 minutes"},"schema":{"@context":"https:\/\/schema.org","@graph":[{"@type":"Organization","@id":"https:\/\/www.mesvendanges.com\/en\/#organization","name":"Mes Vendanges","url":"https:\/\/www.mesvendanges.com\/en\/","sameAs":[],"logo":{"@type":"ImageObject","inLanguage":"fr-FR","@id":"https:\/\/www.mesvendanges.com\/en\/#\/schema\/logo\/image\/","url":"https:\/\/www.mesvendanges.com\/wp-content\/uploads\/2022\/02\/logo-mesvendanges.jpg","contentUrl":"https:\/\/www.mesvendanges.com\/wp-content\/uploads\/2022\/02\/logo-mesvendanges.jpg","width":851,"height":260,"caption":"Mes Vendanges"},"image":{"@id":"https:\/\/www.mesvendanges.com\/en\/#\/schema\/logo\/image\/"}},{"@type":"WebSite","@id":"https:\/\/www.mesvendanges.com\/en\/#website","url":"https:\/\/www.mesvendanges.com\/en\/","name":"Mes Vendanges","description":"Des journ\u00e9es enti\u00e8res dans les vignes","publisher":{"@id":"https:\/\/www.mesvendanges.com\/en\/#organization"},"potentialAction":[{"@type":"SearchAction","target":{"@type":"EntryPoint","urlTemplate":"https:\/\/www.mesvendanges.com\/en\/?s={search_term_string}"},"query-input":"required name=search_term_string"}],"inLanguage":"fr-FR"},{"@type":"WebPage","@id":"https:\/\/www.mesvendanges.com\/fr\/boutique\/vins\/cru-barrejats-en-50cl-cru-barrejats-1999-50cl\/","url":"https:\/\/www.mesvendanges.com\/fr\/boutique\/vins\/cru-barrejats-en-50cl-cru-barrejats-1999-50cl\/","name":"CRU BARREJATS EN 50cl - Mes Vendanges","isPartOf":{"@id":"https:\/\/www.mesvendanges.com\/en\/#website"},"datePublished":"2022-08-02T09:51:44+00:00","dateModified":"2023-12-05T12:57:53+00:00","breadcrumb":{"@id":"https:\/\/www.mesvendanges.com\/fr\/boutique\/vins\/cru-barrejats-en-50cl-cru-barrejats-1999-50cl\/#breadcrumb"},"inLanguage":"fr-FR","potentialAction":[{"@type":"ReadAction","target":["https:\/\/www.mesvendanges.com\/fr\/boutique\/vins\/cru-barrejats-en-50cl-cru-barrejats-1999-50cl\/"]}]},{"@type":"BreadcrumbList","@id":"https:\/\/www.mesvendanges.com\/fr\/boutique\/vins\/cru-barrejats-en-50cl-cru-barrejats-1999-50cl\/#breadcrumb","itemListElement":[{"@type":"ListItem","position":1,"name":"Accueil","item":"https:\/\/www.mesvendanges.com\/fr\/"},{"@type":"ListItem","position":2,"name":"Boutique","item":"https:\/\/www.mesvendanges.com\/fr\/boutique\/"},{"@type":"ListItem","position":3,"name":"CRU BARREJATS EN 50cl"}]}]}},"_links":{"self":[{"href":"https:\/\/www.mesvendanges.com\/fr\/wp-json\/wp\/v2\/product\/33575"}],"collection":[{"href":"https:\/\/www.mesvendanges.com\/fr\/wp-json\/wp\/v2\/product"}],"about":[{"href":"https:\/\/www.mesvendanges.com\/fr\/wp-json\/wp\/v2\/types\/product"}],"wp:attachment":[{"href":"https:\/\/www.mesvendanges.com\/fr\/wp-json\/wp\/v2\/media?parent=33575"}],"wp:term":[{"taxonomy":"product_cat","embeddable":true,"href":"https:\/\/www.mesvendanges.com\/fr\/wp-json\/wp\/v2\/product_cat?post=33575"},{"taxonomy":"product_tag","embeddable":true,"href":"https:\/\/www.mesvendanges.com\/fr\/wp-json\/wp\/v2\/product_tag?post=33575"}],"curies":[{"name":"wp","href":"https:\/\/api.w.org\/{rel}","templated":true}]}}