{"id":33591,"date":"2022-08-02T11:52:13","date_gmt":"2022-08-02T09:52:13","guid":{"rendered":"https:\/\/www.mesvendanges.com\/shop\/non%20class\u00e9\/cru-barrejats-en-50cl-7\/"},"modified":"2023-12-05T13:58:08","modified_gmt":"2023-12-05T12:58:08","slug":"cru-barrejats-en-50cl-cru-barrejats-2003-50cl","status":"publish","type":"product","link":"https:\/\/www.mesvendanges.com\/fr\/boutique\/vins\/cru-barrejats-en-50cl-cru-barrejats-2003-50cl\/","title":{"rendered":"CRU BARREJATS EN 50cl"},"content":{"rendered":"<p><font face=\"Arial\"><font size=\"2\">2003, l&#8217;ann\u00e9e de l&#8217;opulence, sans doute le plus exotique des Barr\u00e9jats avec son onctuosit\u00e9,sa gourmandise, ses notes de mangue, de fruit de la passion, son extravagance sans pareille.<small><big> Puissance, richesse, liqueur, fruit\u00e9 incomparable, un vin g\u00e9n\u00e9reux s&#8217;il en est, qui d\u00e9fiera les ans sans sourciller, un vin qui se mariera \u00e0 merveille sur des desserts \u00e0 base fruits.<\/big><\/small><\/font><\/font><\/p>\n","protected":false},"excerpt":{"rendered":"<p>2003, l&#8217;ann\u00e9e de l&#8217;opulence, sans doute le plus exotique des Barr\u00e9jats avec son onctuosit\u00e9,sa gourmandise, ses notes de mangue, de fruit de la passion, son extravagance sans pareille. Puissance, richesse, liqueur, fruit\u00e9 incomparable, un vin g\u00e9n\u00e9reux s&#8217;il en est, qui d\u00e9fiera les ans sans sourciller, un vin qui se mariera \u00e0 merveille sur des desserts [&hellip;]<\/p>\n","protected":false},"featured_media":0,"template":"","meta":[],"product_cat":[3736],"product_tag":[],"acf":[],"yoast_head":"<!-- This site is optimized with the Yoast SEO plugin v19.3 - https:\/\/yoast.com\/wordpress\/plugins\/seo\/ -->\n<title>CRU BARREJATS EN 50cl - Mes Vendanges<\/title>\n<meta name=\"robots\" content=\"index, follow, max-snippet:-1, max-image-preview:large, max-video-preview:-1\" \/>\n<link rel=\"canonical\" href=\"https:\/\/www.mesvendanges.com\/fr\/boutique\/vins\/cru-barrejats-en-50cl-cru-barrejats-2003-50cl\/\" \/>\n<meta property=\"og:locale\" content=\"fr_FR\" \/>\n<meta property=\"og:type\" content=\"article\" \/>\n<meta property=\"og:title\" content=\"CRU BARREJATS EN 50cl - Mes Vendanges\" \/>\n<meta property=\"og:description\" content=\"2003, l&#8217;ann\u00e9e de l&#8217;opulence, sans doute le plus exotique des Barr\u00e9jats avec son onctuosit\u00e9,sa gourmandise, ses notes de mangue, de fruit de la passion, son extravagance sans pareille. Puissance, richesse, liqueur, fruit\u00e9 incomparable, un vin g\u00e9n\u00e9reux s&#8217;il en est, qui d\u00e9fiera les ans sans sourciller, un vin qui se mariera \u00e0 merveille sur des desserts [&hellip;]\" \/>\n<meta property=\"og:url\" content=\"https:\/\/www.mesvendanges.com\/fr\/boutique\/vins\/cru-barrejats-en-50cl-cru-barrejats-2003-50cl\/\" \/>\n<meta property=\"og:site_name\" content=\"Mes Vendanges\" \/>\n<meta property=\"article:modified_time\" content=\"2023-12-05T12:58:08+00:00\" \/>\n<meta name=\"twitter:card\" content=\"summary_large_image\" \/>\n<script type=\"application\/ld+json\" class=\"yoast-schema-graph\">{\"@context\":\"https:\/\/schema.org\",\"@graph\":[{\"@type\":\"Organization\",\"@id\":\"https:\/\/www.mesvendanges.com\/en\/#organization\",\"name\":\"Mes Vendanges\",\"url\":\"https:\/\/www.mesvendanges.com\/en\/\",\"sameAs\":[],\"logo\":{\"@type\":\"ImageObject\",\"inLanguage\":\"fr-FR\",\"@id\":\"https:\/\/www.mesvendanges.com\/en\/#\/schema\/logo\/image\/\",\"url\":\"https:\/\/www.mesvendanges.com\/wp-content\/uploads\/2022\/02\/logo-mesvendanges.jpg\",\"contentUrl\":\"https:\/\/www.mesvendanges.com\/wp-content\/uploads\/2022\/02\/logo-mesvendanges.jpg\",\"width\":851,\"height\":260,\"caption\":\"Mes Vendanges\"},\"image\":{\"@id\":\"https:\/\/www.mesvendanges.com\/en\/#\/schema\/logo\/image\/\"}},{\"@type\":\"WebSite\",\"@id\":\"https:\/\/www.mesvendanges.com\/en\/#website\",\"url\":\"https:\/\/www.mesvendanges.com\/en\/\",\"name\":\"Mes Vendanges\",\"description\":\"Des journ\u00e9es enti\u00e8res dans les vignes\",\"publisher\":{\"@id\":\"https:\/\/www.mesvendanges.com\/en\/#organization\"},\"potentialAction\":[{\"@type\":\"SearchAction\",\"target\":{\"@type\":\"EntryPoint\",\"urlTemplate\":\"https:\/\/www.mesvendanges.com\/en\/?s={search_term_string}\"},\"query-input\":\"required name=search_term_string\"}],\"inLanguage\":\"fr-FR\"},{\"@type\":\"WebPage\",\"@id\":\"https:\/\/www.mesvendanges.com\/fr\/boutique\/vins\/cru-barrejats-en-50cl-cru-barrejats-2003-50cl\/\",\"url\":\"https:\/\/www.mesvendanges.com\/fr\/boutique\/vins\/cru-barrejats-en-50cl-cru-barrejats-2003-50cl\/\",\"name\":\"CRU BARREJATS EN 50cl - Mes Vendanges\",\"isPartOf\":{\"@id\":\"https:\/\/www.mesvendanges.com\/en\/#website\"},\"datePublished\":\"2022-08-02T09:52:13+00:00\",\"dateModified\":\"2023-12-05T12:58:08+00:00\",\"breadcrumb\":{\"@id\":\"https:\/\/www.mesvendanges.com\/fr\/boutique\/vins\/cru-barrejats-en-50cl-cru-barrejats-2003-50cl\/#breadcrumb\"},\"inLanguage\":\"fr-FR\",\"potentialAction\":[{\"@type\":\"ReadAction\",\"target\":[\"https:\/\/www.mesvendanges.com\/fr\/boutique\/vins\/cru-barrejats-en-50cl-cru-barrejats-2003-50cl\/\"]}]},{\"@type\":\"BreadcrumbList\",\"@id\":\"https:\/\/www.mesvendanges.com\/fr\/boutique\/vins\/cru-barrejats-en-50cl-cru-barrejats-2003-50cl\/#breadcrumb\",\"itemListElement\":[{\"@type\":\"ListItem\",\"position\":1,\"name\":\"Accueil\",\"item\":\"https:\/\/www.mesvendanges.com\/fr\/\"},{\"@type\":\"ListItem\",\"position\":2,\"name\":\"Boutique\",\"item\":\"https:\/\/www.mesvendanges.com\/fr\/boutique\/\"},{\"@type\":\"ListItem\",\"position\":3,\"name\":\"CRU BARREJATS EN 50cl\"}]}]}<\/script>\n<!-- \/ Yoast SEO plugin. -->","yoast_head_json":{"title":"CRU BARREJATS EN 50cl - Mes Vendanges","robots":{"index":"index","follow":"follow","max-snippet":"max-snippet:-1","max-image-preview":"max-image-preview:large","max-video-preview":"max-video-preview:-1"},"canonical":"https:\/\/www.mesvendanges.com\/fr\/boutique\/vins\/cru-barrejats-en-50cl-cru-barrejats-2003-50cl\/","og_locale":"fr_FR","og_type":"article","og_title":"CRU BARREJATS EN 50cl - Mes Vendanges","og_description":"2003, l&#8217;ann\u00e9e de l&#8217;opulence, sans doute le plus exotique des Barr\u00e9jats avec son onctuosit\u00e9,sa gourmandise, ses notes de mangue, de fruit de la passion, son extravagance sans pareille. Puissance, richesse, liqueur, fruit\u00e9 incomparable, un vin g\u00e9n\u00e9reux s&#8217;il en est, qui d\u00e9fiera les ans sans sourciller, un vin qui se mariera \u00e0 merveille sur des desserts [&hellip;]","og_url":"https:\/\/www.mesvendanges.com\/fr\/boutique\/vins\/cru-barrejats-en-50cl-cru-barrejats-2003-50cl\/","og_site_name":"Mes Vendanges","article_modified_time":"2023-12-05T12:58:08+00:00","twitter_card":"summary_large_image","schema":{"@context":"https:\/\/schema.org","@graph":[{"@type":"Organization","@id":"https:\/\/www.mesvendanges.com\/en\/#organization","name":"Mes Vendanges","url":"https:\/\/www.mesvendanges.com\/en\/","sameAs":[],"logo":{"@type":"ImageObject","inLanguage":"fr-FR","@id":"https:\/\/www.mesvendanges.com\/en\/#\/schema\/logo\/image\/","url":"https:\/\/www.mesvendanges.com\/wp-content\/uploads\/2022\/02\/logo-mesvendanges.jpg","contentUrl":"https:\/\/www.mesvendanges.com\/wp-content\/uploads\/2022\/02\/logo-mesvendanges.jpg","width":851,"height":260,"caption":"Mes Vendanges"},"image":{"@id":"https:\/\/www.mesvendanges.com\/en\/#\/schema\/logo\/image\/"}},{"@type":"WebSite","@id":"https:\/\/www.mesvendanges.com\/en\/#website","url":"https:\/\/www.mesvendanges.com\/en\/","name":"Mes Vendanges","description":"Des journ\u00e9es enti\u00e8res dans les vignes","publisher":{"@id":"https:\/\/www.mesvendanges.com\/en\/#organization"},"potentialAction":[{"@type":"SearchAction","target":{"@type":"EntryPoint","urlTemplate":"https:\/\/www.mesvendanges.com\/en\/?s={search_term_string}"},"query-input":"required name=search_term_string"}],"inLanguage":"fr-FR"},{"@type":"WebPage","@id":"https:\/\/www.mesvendanges.com\/fr\/boutique\/vins\/cru-barrejats-en-50cl-cru-barrejats-2003-50cl\/","url":"https:\/\/www.mesvendanges.com\/fr\/boutique\/vins\/cru-barrejats-en-50cl-cru-barrejats-2003-50cl\/","name":"CRU BARREJATS EN 50cl - Mes Vendanges","isPartOf":{"@id":"https:\/\/www.mesvendanges.com\/en\/#website"},"datePublished":"2022-08-02T09:52:13+00:00","dateModified":"2023-12-05T12:58:08+00:00","breadcrumb":{"@id":"https:\/\/www.mesvendanges.com\/fr\/boutique\/vins\/cru-barrejats-en-50cl-cru-barrejats-2003-50cl\/#breadcrumb"},"inLanguage":"fr-FR","potentialAction":[{"@type":"ReadAction","target":["https:\/\/www.mesvendanges.com\/fr\/boutique\/vins\/cru-barrejats-en-50cl-cru-barrejats-2003-50cl\/"]}]},{"@type":"BreadcrumbList","@id":"https:\/\/www.mesvendanges.com\/fr\/boutique\/vins\/cru-barrejats-en-50cl-cru-barrejats-2003-50cl\/#breadcrumb","itemListElement":[{"@type":"ListItem","position":1,"name":"Accueil","item":"https:\/\/www.mesvendanges.com\/fr\/"},{"@type":"ListItem","position":2,"name":"Boutique","item":"https:\/\/www.mesvendanges.com\/fr\/boutique\/"},{"@type":"ListItem","position":3,"name":"CRU BARREJATS EN 50cl"}]}]}},"_links":{"self":[{"href":"https:\/\/www.mesvendanges.com\/fr\/wp-json\/wp\/v2\/product\/33591"}],"collection":[{"href":"https:\/\/www.mesvendanges.com\/fr\/wp-json\/wp\/v2\/product"}],"about":[{"href":"https:\/\/www.mesvendanges.com\/fr\/wp-json\/wp\/v2\/types\/product"}],"wp:attachment":[{"href":"https:\/\/www.mesvendanges.com\/fr\/wp-json\/wp\/v2\/media?parent=33591"}],"wp:term":[{"taxonomy":"product_cat","embeddable":true,"href":"https:\/\/www.mesvendanges.com\/fr\/wp-json\/wp\/v2\/product_cat?post=33591"},{"taxonomy":"product_tag","embeddable":true,"href":"https:\/\/www.mesvendanges.com\/fr\/wp-json\/wp\/v2\/product_tag?post=33591"}],"curies":[{"name":"wp","href":"https:\/\/api.w.org\/{rel}","templated":true}]}}