{"id":34647,"date":"2022-08-02T12:15:12","date_gmt":"2022-08-02T10:15:12","guid":{"rendered":"https:\/\/www.mesvendanges.com\/shop\/non%20class\u00e9\/passetoutgrain-lexception\/"},"modified":"2023-12-05T22:34:32","modified_gmt":"2023-12-05T21:34:32","slug":"passetoutgrain-lexception-lafarge-dne-michel-2009-75cl","status":"publish","type":"product","link":"https:\/\/www.mesvendanges.com\/fr\/boutique\/vins\/passetoutgrain-lexception-lafarge-dne-michel-2009-75cl\/","title":{"rendered":"PASSETOUTGRAIN L&#8217;EXCEPTION"},"content":{"rendered":"<p>Issu d&#8217;une tr\u00e8s vieille vigne de 70 ans complant\u00e9e \u00e0 part \u00e9gales de gamay et de pinot noir, ce 2009 offre un fruit fin, \u00e9clatant, et une belle bouche alliant finesse et gourmandise. Un d\u00e9lice.<\/p>\n","protected":false},"excerpt":{"rendered":"<p>Issu d&#8217;une tr\u00e8s vieille vigne de 70 ans complant\u00e9e \u00e0 part \u00e9gales de gamay et de pinot noir, ce 2009 offre un fruit fin, \u00e9clatant, et une belle bouche alliant finesse et gourmandise. Un d\u00e9lice.<\/p>\n","protected":false},"featured_media":0,"template":"","meta":[],"product_cat":[3736],"product_tag":[],"acf":[],"yoast_head":"<!-- This site is optimized with the Yoast SEO plugin v19.3 - https:\/\/yoast.com\/wordpress\/plugins\/seo\/ -->\n<title>PASSETOUTGRAIN L&#039;EXCEPTION - Mes Vendanges<\/title>\n<meta name=\"robots\" content=\"index, follow, max-snippet:-1, max-image-preview:large, max-video-preview:-1\" \/>\n<link rel=\"canonical\" href=\"https:\/\/www.mesvendanges.com\/fr\/boutique\/vins\/passetoutgrain-lexception-lafarge-dne-michel-2009-75cl\/\" \/>\n<meta property=\"og:locale\" content=\"fr_FR\" \/>\n<meta property=\"og:type\" content=\"article\" \/>\n<meta property=\"og:title\" content=\"PASSETOUTGRAIN L&#039;EXCEPTION - Mes Vendanges\" \/>\n<meta property=\"og:description\" content=\"Issu d&#8217;une tr\u00e8s vieille vigne de 70 ans complant\u00e9e \u00e0 part \u00e9gales de gamay et de pinot noir, ce 2009 offre un fruit fin, \u00e9clatant, et une belle bouche alliant finesse et gourmandise. Un d\u00e9lice.\" \/>\n<meta property=\"og:url\" content=\"https:\/\/www.mesvendanges.com\/fr\/boutique\/vins\/passetoutgrain-lexception-lafarge-dne-michel-2009-75cl\/\" \/>\n<meta property=\"og:site_name\" content=\"Mes Vendanges\" \/>\n<meta property=\"article:modified_time\" content=\"2023-12-05T21:34:32+00:00\" \/>\n<meta name=\"twitter:card\" content=\"summary_large_image\" \/>\n<script type=\"application\/ld+json\" class=\"yoast-schema-graph\">{\"@context\":\"https:\/\/schema.org\",\"@graph\":[{\"@type\":\"Organization\",\"@id\":\"https:\/\/www.mesvendanges.com\/en\/#organization\",\"name\":\"Mes Vendanges\",\"url\":\"https:\/\/www.mesvendanges.com\/en\/\",\"sameAs\":[],\"logo\":{\"@type\":\"ImageObject\",\"inLanguage\":\"fr-FR\",\"@id\":\"https:\/\/www.mesvendanges.com\/en\/#\/schema\/logo\/image\/\",\"url\":\"https:\/\/www.mesvendanges.com\/wp-content\/uploads\/2022\/02\/logo-mesvendanges.jpg\",\"contentUrl\":\"https:\/\/www.mesvendanges.com\/wp-content\/uploads\/2022\/02\/logo-mesvendanges.jpg\",\"width\":851,\"height\":260,\"caption\":\"Mes Vendanges\"},\"image\":{\"@id\":\"https:\/\/www.mesvendanges.com\/en\/#\/schema\/logo\/image\/\"}},{\"@type\":\"WebSite\",\"@id\":\"https:\/\/www.mesvendanges.com\/en\/#website\",\"url\":\"https:\/\/www.mesvendanges.com\/en\/\",\"name\":\"Mes Vendanges\",\"description\":\"Des journ\u00e9es enti\u00e8res dans les vignes\",\"publisher\":{\"@id\":\"https:\/\/www.mesvendanges.com\/en\/#organization\"},\"potentialAction\":[{\"@type\":\"SearchAction\",\"target\":{\"@type\":\"EntryPoint\",\"urlTemplate\":\"https:\/\/www.mesvendanges.com\/en\/?s={search_term_string}\"},\"query-input\":\"required name=search_term_string\"}],\"inLanguage\":\"fr-FR\"},{\"@type\":\"WebPage\",\"@id\":\"https:\/\/www.mesvendanges.com\/fr\/boutique\/vins\/passetoutgrain-lexception-lafarge-dne-michel-2009-75cl\/\",\"url\":\"https:\/\/www.mesvendanges.com\/fr\/boutique\/vins\/passetoutgrain-lexception-lafarge-dne-michel-2009-75cl\/\",\"name\":\"PASSETOUTGRAIN L'EXCEPTION - Mes Vendanges\",\"isPartOf\":{\"@id\":\"https:\/\/www.mesvendanges.com\/en\/#website\"},\"datePublished\":\"2022-08-02T10:15:12+00:00\",\"dateModified\":\"2023-12-05T21:34:32+00:00\",\"breadcrumb\":{\"@id\":\"https:\/\/www.mesvendanges.com\/fr\/boutique\/vins\/passetoutgrain-lexception-lafarge-dne-michel-2009-75cl\/#breadcrumb\"},\"inLanguage\":\"fr-FR\",\"potentialAction\":[{\"@type\":\"ReadAction\",\"target\":[\"https:\/\/www.mesvendanges.com\/fr\/boutique\/vins\/passetoutgrain-lexception-lafarge-dne-michel-2009-75cl\/\"]}]},{\"@type\":\"BreadcrumbList\",\"@id\":\"https:\/\/www.mesvendanges.com\/fr\/boutique\/vins\/passetoutgrain-lexception-lafarge-dne-michel-2009-75cl\/#breadcrumb\",\"itemListElement\":[{\"@type\":\"ListItem\",\"position\":1,\"name\":\"Accueil\",\"item\":\"https:\/\/www.mesvendanges.com\/fr\/\"},{\"@type\":\"ListItem\",\"position\":2,\"name\":\"Boutique\",\"item\":\"https:\/\/www.mesvendanges.com\/fr\/boutique\/\"},{\"@type\":\"ListItem\",\"position\":3,\"name\":\"PASSETOUTGRAIN L&#8217;EXCEPTION\"}]}]}<\/script>\n<!-- \/ Yoast SEO plugin. -->","yoast_head_json":{"title":"PASSETOUTGRAIN L'EXCEPTION - Mes Vendanges","robots":{"index":"index","follow":"follow","max-snippet":"max-snippet:-1","max-image-preview":"max-image-preview:large","max-video-preview":"max-video-preview:-1"},"canonical":"https:\/\/www.mesvendanges.com\/fr\/boutique\/vins\/passetoutgrain-lexception-lafarge-dne-michel-2009-75cl\/","og_locale":"fr_FR","og_type":"article","og_title":"PASSETOUTGRAIN L'EXCEPTION - Mes Vendanges","og_description":"Issu d&#8217;une tr\u00e8s vieille vigne de 70 ans complant\u00e9e \u00e0 part \u00e9gales de gamay et de pinot noir, ce 2009 offre un fruit fin, \u00e9clatant, et une belle bouche alliant finesse et gourmandise. Un d\u00e9lice.","og_url":"https:\/\/www.mesvendanges.com\/fr\/boutique\/vins\/passetoutgrain-lexception-lafarge-dne-michel-2009-75cl\/","og_site_name":"Mes Vendanges","article_modified_time":"2023-12-05T21:34:32+00:00","twitter_card":"summary_large_image","schema":{"@context":"https:\/\/schema.org","@graph":[{"@type":"Organization","@id":"https:\/\/www.mesvendanges.com\/en\/#organization","name":"Mes Vendanges","url":"https:\/\/www.mesvendanges.com\/en\/","sameAs":[],"logo":{"@type":"ImageObject","inLanguage":"fr-FR","@id":"https:\/\/www.mesvendanges.com\/en\/#\/schema\/logo\/image\/","url":"https:\/\/www.mesvendanges.com\/wp-content\/uploads\/2022\/02\/logo-mesvendanges.jpg","contentUrl":"https:\/\/www.mesvendanges.com\/wp-content\/uploads\/2022\/02\/logo-mesvendanges.jpg","width":851,"height":260,"caption":"Mes Vendanges"},"image":{"@id":"https:\/\/www.mesvendanges.com\/en\/#\/schema\/logo\/image\/"}},{"@type":"WebSite","@id":"https:\/\/www.mesvendanges.com\/en\/#website","url":"https:\/\/www.mesvendanges.com\/en\/","name":"Mes Vendanges","description":"Des journ\u00e9es enti\u00e8res dans les vignes","publisher":{"@id":"https:\/\/www.mesvendanges.com\/en\/#organization"},"potentialAction":[{"@type":"SearchAction","target":{"@type":"EntryPoint","urlTemplate":"https:\/\/www.mesvendanges.com\/en\/?s={search_term_string}"},"query-input":"required name=search_term_string"}],"inLanguage":"fr-FR"},{"@type":"WebPage","@id":"https:\/\/www.mesvendanges.com\/fr\/boutique\/vins\/passetoutgrain-lexception-lafarge-dne-michel-2009-75cl\/","url":"https:\/\/www.mesvendanges.com\/fr\/boutique\/vins\/passetoutgrain-lexception-lafarge-dne-michel-2009-75cl\/","name":"PASSETOUTGRAIN L'EXCEPTION - Mes Vendanges","isPartOf":{"@id":"https:\/\/www.mesvendanges.com\/en\/#website"},"datePublished":"2022-08-02T10:15:12+00:00","dateModified":"2023-12-05T21:34:32+00:00","breadcrumb":{"@id":"https:\/\/www.mesvendanges.com\/fr\/boutique\/vins\/passetoutgrain-lexception-lafarge-dne-michel-2009-75cl\/#breadcrumb"},"inLanguage":"fr-FR","potentialAction":[{"@type":"ReadAction","target":["https:\/\/www.mesvendanges.com\/fr\/boutique\/vins\/passetoutgrain-lexception-lafarge-dne-michel-2009-75cl\/"]}]},{"@type":"BreadcrumbList","@id":"https:\/\/www.mesvendanges.com\/fr\/boutique\/vins\/passetoutgrain-lexception-lafarge-dne-michel-2009-75cl\/#breadcrumb","itemListElement":[{"@type":"ListItem","position":1,"name":"Accueil","item":"https:\/\/www.mesvendanges.com\/fr\/"},{"@type":"ListItem","position":2,"name":"Boutique","item":"https:\/\/www.mesvendanges.com\/fr\/boutique\/"},{"@type":"ListItem","position":3,"name":"PASSETOUTGRAIN L&#8217;EXCEPTION"}]}]}},"_links":{"self":[{"href":"https:\/\/www.mesvendanges.com\/fr\/wp-json\/wp\/v2\/product\/34647"}],"collection":[{"href":"https:\/\/www.mesvendanges.com\/fr\/wp-json\/wp\/v2\/product"}],"about":[{"href":"https:\/\/www.mesvendanges.com\/fr\/wp-json\/wp\/v2\/types\/product"}],"wp:attachment":[{"href":"https:\/\/www.mesvendanges.com\/fr\/wp-json\/wp\/v2\/media?parent=34647"}],"wp:term":[{"taxonomy":"product_cat","embeddable":true,"href":"https:\/\/www.mesvendanges.com\/fr\/wp-json\/wp\/v2\/product_cat?post=34647"},{"taxonomy":"product_tag","embeddable":true,"href":"https:\/\/www.mesvendanges.com\/fr\/wp-json\/wp\/v2\/product_tag?post=34647"}],"curies":[{"name":"wp","href":"https:\/\/api.w.org\/{rel}","templated":true}]}}