{"id":34703,"date":"2022-08-02T12:16:41","date_gmt":"2022-08-02T10:16:41","guid":{"rendered":"https:\/\/www.mesvendanges.com\/shop\/non%20class\u00e9\/busardieres-3\/"},"modified":"2023-12-05T11:58:54","modified_gmt":"2023-12-05T10:58:54","slug":"busardieres-chevalerie-dne-de-la-2010-75cl","status":"publish","type":"product","link":"https:\/\/www.mesvendanges.com\/fr\/boutique\/vins\/busardieres-chevalerie-dne-de-la-2010-75cl\/","title":{"rendered":"BUSARDIERES"},"content":{"rendered":"<p>Le Bourgueil Busardi\u00e8res 2010 du Domaine de la Chevalerie compte parmi les r\u00e9ussite du mill\u00e9sime dans la r\u00e9gion. Issue de vignes cabernet-francs de mi-coteaux sur sol argilo-calcaire et tuf, cette cuv\u00e9e est \u00e9tonnante par sa richesse, son fruit tr\u00e8s mur, sur des notes de fruits noirs, de fum\u00e9. La bouche est d&#8217;un grand volume, \u00e0 la fois gourmande et pleine et d&#8217;une grande longueur. L&#8217;\u00e9quilibre magistral de ce vin lui permettra de vieillir avec bonheur sur 15 ans Le domaine de la Chevalerie est en agriculture biologique certifi\u00e9e.<\/p>\n<div><\/div>\n<div>commentaire guide Bettane &amp; Desseauve :<\/div>\n<div><span class=\"bd-vintage-text\" style=\"display: inline-block; width: 500px; border-right-style: solid; border-right-width: 1px; border-right-color: rgb(227, 186, 226); padding: 5px; vertical-align: top; color: rgb(43, 43, 33); font-family: 'Lucida Grande', 'Lucida Sans Unicode', Arial, Helvetica, sans-serif; font-weight: bold;\">Son onctuosit\u00e9, sa puissance, son \u00e9quilibre, sa fra\u00eecheur et son grand tanin rac\u00e9 en font un vin de r\u00e9f\u00e9rence dans l&#8217;appellation.<\/span><span style=\"color: rgb(43, 43, 33); font-family: 'Lucida Grande', 'Lucida Sans Unicode', Arial, Helvetica, sans-serif; font-weight: bold; background-color: rgb(227, 186, 226);\"><\/span><span class=\"bd-vintage-detail\" style=\"display: inline-block; vertical-align: top; padding: 5px; color: rgb(43, 43, 33); font-family: 'Lucida Grande', 'Lucida Sans Unicode', Arial, Helvetica, sans-serif; font-weight: bold;\">Note: 16.0&nbsp;<br \/>Apog\u00e9e: de 2012 \u00e0 2025<\/span><\/div>\n","protected":false},"excerpt":{"rendered":"<p>Le Bourgueil Busardi\u00e8res 2010 du Domaine de la Chevalerie compte parmi les r\u00e9ussite du mill\u00e9sime dans la r\u00e9gion. Issue de vignes cabernet-francs de mi-coteaux sur sol argilo-calcaire et tuf, cette cuv\u00e9e est \u00e9tonnante par sa richesse, son fruit tr\u00e8s mur, sur des notes de fruits noirs, de fum\u00e9. La bouche est d&#8217;un grand volume, \u00e0 [&hellip;]<\/p>\n","protected":false},"featured_media":0,"template":"","meta":[],"product_cat":[3736],"product_tag":[],"acf":[],"yoast_head":"<!-- This site is optimized with the Yoast SEO plugin v19.3 - https:\/\/yoast.com\/wordpress\/plugins\/seo\/ -->\n<title>BUSARDIERES - Mes Vendanges<\/title>\n<meta name=\"robots\" content=\"index, follow, max-snippet:-1, max-image-preview:large, max-video-preview:-1\" \/>\n<link rel=\"canonical\" href=\"https:\/\/www.mesvendanges.com\/fr\/boutique\/vins\/busardieres-chevalerie-dne-de-la-2010-75cl\/\" \/>\n<meta property=\"og:locale\" content=\"fr_FR\" \/>\n<meta property=\"og:type\" content=\"article\" \/>\n<meta property=\"og:title\" content=\"BUSARDIERES - Mes Vendanges\" \/>\n<meta property=\"og:description\" content=\"Le Bourgueil Busardi\u00e8res 2010 du Domaine de la Chevalerie compte parmi les r\u00e9ussite du mill\u00e9sime dans la r\u00e9gion. Issue de vignes cabernet-francs de mi-coteaux sur sol argilo-calcaire et tuf, cette cuv\u00e9e est \u00e9tonnante par sa richesse, son fruit tr\u00e8s mur, sur des notes de fruits noirs, de fum\u00e9. La bouche est d&#8217;un grand volume, \u00e0 [&hellip;]\" \/>\n<meta property=\"og:url\" content=\"https:\/\/www.mesvendanges.com\/fr\/boutique\/vins\/busardieres-chevalerie-dne-de-la-2010-75cl\/\" \/>\n<meta property=\"og:site_name\" content=\"Mes Vendanges\" \/>\n<meta property=\"article:modified_time\" content=\"2023-12-05T10:58:54+00:00\" \/>\n<meta name=\"twitter:card\" content=\"summary_large_image\" \/>\n<meta name=\"twitter:label1\" content=\"Dur\u00e9e de lecture estim\u00e9e\" \/>\n\t<meta name=\"twitter:data1\" content=\"1 minute\" \/>\n<script type=\"application\/ld+json\" class=\"yoast-schema-graph\">{\"@context\":\"https:\/\/schema.org\",\"@graph\":[{\"@type\":\"Organization\",\"@id\":\"https:\/\/www.mesvendanges.com\/en\/#organization\",\"name\":\"Mes Vendanges\",\"url\":\"https:\/\/www.mesvendanges.com\/en\/\",\"sameAs\":[],\"logo\":{\"@type\":\"ImageObject\",\"inLanguage\":\"fr-FR\",\"@id\":\"https:\/\/www.mesvendanges.com\/en\/#\/schema\/logo\/image\/\",\"url\":\"https:\/\/www.mesvendanges.com\/wp-content\/uploads\/2022\/02\/logo-mesvendanges.jpg\",\"contentUrl\":\"https:\/\/www.mesvendanges.com\/wp-content\/uploads\/2022\/02\/logo-mesvendanges.jpg\",\"width\":851,\"height\":260,\"caption\":\"Mes Vendanges\"},\"image\":{\"@id\":\"https:\/\/www.mesvendanges.com\/en\/#\/schema\/logo\/image\/\"}},{\"@type\":\"WebSite\",\"@id\":\"https:\/\/www.mesvendanges.com\/en\/#website\",\"url\":\"https:\/\/www.mesvendanges.com\/en\/\",\"name\":\"Mes Vendanges\",\"description\":\"Des journ\u00e9es enti\u00e8res dans les vignes\",\"publisher\":{\"@id\":\"https:\/\/www.mesvendanges.com\/en\/#organization\"},\"potentialAction\":[{\"@type\":\"SearchAction\",\"target\":{\"@type\":\"EntryPoint\",\"urlTemplate\":\"https:\/\/www.mesvendanges.com\/en\/?s={search_term_string}\"},\"query-input\":\"required name=search_term_string\"}],\"inLanguage\":\"fr-FR\"},{\"@type\":\"WebPage\",\"@id\":\"https:\/\/www.mesvendanges.com\/fr\/boutique\/vins\/busardieres-chevalerie-dne-de-la-2010-75cl\/\",\"url\":\"https:\/\/www.mesvendanges.com\/fr\/boutique\/vins\/busardieres-chevalerie-dne-de-la-2010-75cl\/\",\"name\":\"BUSARDIERES - Mes Vendanges\",\"isPartOf\":{\"@id\":\"https:\/\/www.mesvendanges.com\/en\/#website\"},\"datePublished\":\"2022-08-02T10:16:41+00:00\",\"dateModified\":\"2023-12-05T10:58:54+00:00\",\"breadcrumb\":{\"@id\":\"https:\/\/www.mesvendanges.com\/fr\/boutique\/vins\/busardieres-chevalerie-dne-de-la-2010-75cl\/#breadcrumb\"},\"inLanguage\":\"fr-FR\",\"potentialAction\":[{\"@type\":\"ReadAction\",\"target\":[\"https:\/\/www.mesvendanges.com\/fr\/boutique\/vins\/busardieres-chevalerie-dne-de-la-2010-75cl\/\"]}]},{\"@type\":\"BreadcrumbList\",\"@id\":\"https:\/\/www.mesvendanges.com\/fr\/boutique\/vins\/busardieres-chevalerie-dne-de-la-2010-75cl\/#breadcrumb\",\"itemListElement\":[{\"@type\":\"ListItem\",\"position\":1,\"name\":\"Accueil\",\"item\":\"https:\/\/www.mesvendanges.com\/fr\/\"},{\"@type\":\"ListItem\",\"position\":2,\"name\":\"Boutique\",\"item\":\"https:\/\/www.mesvendanges.com\/fr\/boutique\/\"},{\"@type\":\"ListItem\",\"position\":3,\"name\":\"BUSARDIERES\"}]}]}<\/script>\n<!-- \/ Yoast SEO plugin. -->","yoast_head_json":{"title":"BUSARDIERES - Mes Vendanges","robots":{"index":"index","follow":"follow","max-snippet":"max-snippet:-1","max-image-preview":"max-image-preview:large","max-video-preview":"max-video-preview:-1"},"canonical":"https:\/\/www.mesvendanges.com\/fr\/boutique\/vins\/busardieres-chevalerie-dne-de-la-2010-75cl\/","og_locale":"fr_FR","og_type":"article","og_title":"BUSARDIERES - Mes Vendanges","og_description":"Le Bourgueil Busardi\u00e8res 2010 du Domaine de la Chevalerie compte parmi les r\u00e9ussite du mill\u00e9sime dans la r\u00e9gion. Issue de vignes cabernet-francs de mi-coteaux sur sol argilo-calcaire et tuf, cette cuv\u00e9e est \u00e9tonnante par sa richesse, son fruit tr\u00e8s mur, sur des notes de fruits noirs, de fum\u00e9. La bouche est d&#8217;un grand volume, \u00e0 [&hellip;]","og_url":"https:\/\/www.mesvendanges.com\/fr\/boutique\/vins\/busardieres-chevalerie-dne-de-la-2010-75cl\/","og_site_name":"Mes Vendanges","article_modified_time":"2023-12-05T10:58:54+00:00","twitter_card":"summary_large_image","twitter_misc":{"Dur\u00e9e de lecture estim\u00e9e":"1 minute"},"schema":{"@context":"https:\/\/schema.org","@graph":[{"@type":"Organization","@id":"https:\/\/www.mesvendanges.com\/en\/#organization","name":"Mes Vendanges","url":"https:\/\/www.mesvendanges.com\/en\/","sameAs":[],"logo":{"@type":"ImageObject","inLanguage":"fr-FR","@id":"https:\/\/www.mesvendanges.com\/en\/#\/schema\/logo\/image\/","url":"https:\/\/www.mesvendanges.com\/wp-content\/uploads\/2022\/02\/logo-mesvendanges.jpg","contentUrl":"https:\/\/www.mesvendanges.com\/wp-content\/uploads\/2022\/02\/logo-mesvendanges.jpg","width":851,"height":260,"caption":"Mes Vendanges"},"image":{"@id":"https:\/\/www.mesvendanges.com\/en\/#\/schema\/logo\/image\/"}},{"@type":"WebSite","@id":"https:\/\/www.mesvendanges.com\/en\/#website","url":"https:\/\/www.mesvendanges.com\/en\/","name":"Mes Vendanges","description":"Des journ\u00e9es enti\u00e8res dans les vignes","publisher":{"@id":"https:\/\/www.mesvendanges.com\/en\/#organization"},"potentialAction":[{"@type":"SearchAction","target":{"@type":"EntryPoint","urlTemplate":"https:\/\/www.mesvendanges.com\/en\/?s={search_term_string}"},"query-input":"required name=search_term_string"}],"inLanguage":"fr-FR"},{"@type":"WebPage","@id":"https:\/\/www.mesvendanges.com\/fr\/boutique\/vins\/busardieres-chevalerie-dne-de-la-2010-75cl\/","url":"https:\/\/www.mesvendanges.com\/fr\/boutique\/vins\/busardieres-chevalerie-dne-de-la-2010-75cl\/","name":"BUSARDIERES - Mes Vendanges","isPartOf":{"@id":"https:\/\/www.mesvendanges.com\/en\/#website"},"datePublished":"2022-08-02T10:16:41+00:00","dateModified":"2023-12-05T10:58:54+00:00","breadcrumb":{"@id":"https:\/\/www.mesvendanges.com\/fr\/boutique\/vins\/busardieres-chevalerie-dne-de-la-2010-75cl\/#breadcrumb"},"inLanguage":"fr-FR","potentialAction":[{"@type":"ReadAction","target":["https:\/\/www.mesvendanges.com\/fr\/boutique\/vins\/busardieres-chevalerie-dne-de-la-2010-75cl\/"]}]},{"@type":"BreadcrumbList","@id":"https:\/\/www.mesvendanges.com\/fr\/boutique\/vins\/busardieres-chevalerie-dne-de-la-2010-75cl\/#breadcrumb","itemListElement":[{"@type":"ListItem","position":1,"name":"Accueil","item":"https:\/\/www.mesvendanges.com\/fr\/"},{"@type":"ListItem","position":2,"name":"Boutique","item":"https:\/\/www.mesvendanges.com\/fr\/boutique\/"},{"@type":"ListItem","position":3,"name":"BUSARDIERES"}]}]}},"_links":{"self":[{"href":"https:\/\/www.mesvendanges.com\/fr\/wp-json\/wp\/v2\/product\/34703"}],"collection":[{"href":"https:\/\/www.mesvendanges.com\/fr\/wp-json\/wp\/v2\/product"}],"about":[{"href":"https:\/\/www.mesvendanges.com\/fr\/wp-json\/wp\/v2\/types\/product"}],"wp:attachment":[{"href":"https:\/\/www.mesvendanges.com\/fr\/wp-json\/wp\/v2\/media?parent=34703"}],"wp:term":[{"taxonomy":"product_cat","embeddable":true,"href":"https:\/\/www.mesvendanges.com\/fr\/wp-json\/wp\/v2\/product_cat?post=34703"},{"taxonomy":"product_tag","embeddable":true,"href":"https:\/\/www.mesvendanges.com\/fr\/wp-json\/wp\/v2\/product_tag?post=34703"}],"curies":[{"name":"wp","href":"https:\/\/api.w.org\/{rel}","templated":true}]}}