{"id":34907,"date":"2022-08-02T12:21:37","date_gmt":"2022-08-02T10:21:37","guid":{"rendered":"https:\/\/www.mesvendanges.com\/shop\/non%20class\u00e9\/riesling-goldtropfchen-grosses-gewachs\/"},"modified":"2023-12-05T07:39:25","modified_gmt":"2023-12-05T06:39:25","slug":"riesling-goldtropfchen-grosses-gewachs-adam-a-j-weingut-2011-75cl","status":"publish","type":"product","link":"https:\/\/www.mesvendanges.com\/fr\/boutique\/vins\/riesling-goldtropfchen-grosses-gewachs-adam-a-j-weingut-2011-75cl\/","title":{"rendered":"RIESLING GOLDTROPFCHEN GROSSES GEWACHS"},"content":{"rendered":"<p>Nous voici sur le Goldtr\u00f6pfchen, un des plus beaux terroirs de la r\u00e9gion dont Andreas Adam a pu acqu\u00e9rir quelques ares en 2007. Les Grosses Gewachs correspondent \u00e0 de tr\u00e8s belles tries vinifi\u00e9es en blanc sec, comme un cru bourguignon ou alsacien. Les vins prennent une dimension min\u00e9rale suppl\u00e9mentaire, avec une magnifique tension entre maturit\u00e9, acidit\u00e9 et sensation tactile.<\/p>\n","protected":false},"excerpt":{"rendered":"<p>Nous voici sur le Goldtr\u00f6pfchen, un des plus beaux terroirs de la r\u00e9gion dont Andreas Adam a pu acqu\u00e9rir quelques ares en 2007. Les Grosses Gewachs correspondent \u00e0 de tr\u00e8s belles tries vinifi\u00e9es en blanc sec, comme un cru bourguignon ou alsacien. Les vins prennent une dimension min\u00e9rale suppl\u00e9mentaire, avec une magnifique tension entre maturit\u00e9, [&hellip;]<\/p>\n","protected":false},"featured_media":0,"template":"","meta":[],"product_cat":[3736],"product_tag":[],"acf":[],"yoast_head":"<!-- This site is optimized with the Yoast SEO plugin v19.3 - https:\/\/yoast.com\/wordpress\/plugins\/seo\/ -->\n<title>RIESLING GOLDTROPFCHEN GROSSES GEWACHS - Mes Vendanges<\/title>\n<meta name=\"robots\" content=\"index, follow, max-snippet:-1, max-image-preview:large, max-video-preview:-1\" \/>\n<link rel=\"canonical\" href=\"https:\/\/www.mesvendanges.com\/fr\/boutique\/vins\/riesling-goldtropfchen-grosses-gewachs-adam-a-j-weingut-2011-75cl\/\" \/>\n<meta property=\"og:locale\" content=\"fr_FR\" \/>\n<meta property=\"og:type\" content=\"article\" \/>\n<meta property=\"og:title\" content=\"RIESLING GOLDTROPFCHEN GROSSES GEWACHS - Mes Vendanges\" \/>\n<meta property=\"og:description\" content=\"Nous voici sur le Goldtr\u00f6pfchen, un des plus beaux terroirs de la r\u00e9gion dont Andreas Adam a pu acqu\u00e9rir quelques ares en 2007. Les Grosses Gewachs correspondent \u00e0 de tr\u00e8s belles tries vinifi\u00e9es en blanc sec, comme un cru bourguignon ou alsacien. Les vins prennent une dimension min\u00e9rale suppl\u00e9mentaire, avec une magnifique tension entre maturit\u00e9, [&hellip;]\" \/>\n<meta property=\"og:url\" content=\"https:\/\/www.mesvendanges.com\/fr\/boutique\/vins\/riesling-goldtropfchen-grosses-gewachs-adam-a-j-weingut-2011-75cl\/\" \/>\n<meta property=\"og:site_name\" content=\"Mes Vendanges\" \/>\n<meta property=\"article:modified_time\" content=\"2023-12-05T06:39:25+00:00\" \/>\n<meta name=\"twitter:card\" content=\"summary_large_image\" \/>\n<script type=\"application\/ld+json\" class=\"yoast-schema-graph\">{\"@context\":\"https:\/\/schema.org\",\"@graph\":[{\"@type\":\"Organization\",\"@id\":\"https:\/\/www.mesvendanges.com\/en\/#organization\",\"name\":\"Mes Vendanges\",\"url\":\"https:\/\/www.mesvendanges.com\/en\/\",\"sameAs\":[],\"logo\":{\"@type\":\"ImageObject\",\"inLanguage\":\"fr-FR\",\"@id\":\"https:\/\/www.mesvendanges.com\/en\/#\/schema\/logo\/image\/\",\"url\":\"https:\/\/www.mesvendanges.com\/wp-content\/uploads\/2022\/02\/logo-mesvendanges.jpg\",\"contentUrl\":\"https:\/\/www.mesvendanges.com\/wp-content\/uploads\/2022\/02\/logo-mesvendanges.jpg\",\"width\":851,\"height\":260,\"caption\":\"Mes Vendanges\"},\"image\":{\"@id\":\"https:\/\/www.mesvendanges.com\/en\/#\/schema\/logo\/image\/\"}},{\"@type\":\"WebSite\",\"@id\":\"https:\/\/www.mesvendanges.com\/en\/#website\",\"url\":\"https:\/\/www.mesvendanges.com\/en\/\",\"name\":\"Mes Vendanges\",\"description\":\"Des journ\u00e9es enti\u00e8res dans les vignes\",\"publisher\":{\"@id\":\"https:\/\/www.mesvendanges.com\/en\/#organization\"},\"potentialAction\":[{\"@type\":\"SearchAction\",\"target\":{\"@type\":\"EntryPoint\",\"urlTemplate\":\"https:\/\/www.mesvendanges.com\/en\/?s={search_term_string}\"},\"query-input\":\"required name=search_term_string\"}],\"inLanguage\":\"fr-FR\"},{\"@type\":\"WebPage\",\"@id\":\"https:\/\/www.mesvendanges.com\/fr\/boutique\/vins\/riesling-goldtropfchen-grosses-gewachs-adam-a-j-weingut-2011-75cl\/\",\"url\":\"https:\/\/www.mesvendanges.com\/fr\/boutique\/vins\/riesling-goldtropfchen-grosses-gewachs-adam-a-j-weingut-2011-75cl\/\",\"name\":\"RIESLING GOLDTROPFCHEN GROSSES GEWACHS - Mes Vendanges\",\"isPartOf\":{\"@id\":\"https:\/\/www.mesvendanges.com\/en\/#website\"},\"datePublished\":\"2022-08-02T10:21:37+00:00\",\"dateModified\":\"2023-12-05T06:39:25+00:00\",\"breadcrumb\":{\"@id\":\"https:\/\/www.mesvendanges.com\/fr\/boutique\/vins\/riesling-goldtropfchen-grosses-gewachs-adam-a-j-weingut-2011-75cl\/#breadcrumb\"},\"inLanguage\":\"fr-FR\",\"potentialAction\":[{\"@type\":\"ReadAction\",\"target\":[\"https:\/\/www.mesvendanges.com\/fr\/boutique\/vins\/riesling-goldtropfchen-grosses-gewachs-adam-a-j-weingut-2011-75cl\/\"]}]},{\"@type\":\"BreadcrumbList\",\"@id\":\"https:\/\/www.mesvendanges.com\/fr\/boutique\/vins\/riesling-goldtropfchen-grosses-gewachs-adam-a-j-weingut-2011-75cl\/#breadcrumb\",\"itemListElement\":[{\"@type\":\"ListItem\",\"position\":1,\"name\":\"Accueil\",\"item\":\"https:\/\/www.mesvendanges.com\/fr\/\"},{\"@type\":\"ListItem\",\"position\":2,\"name\":\"Boutique\",\"item\":\"https:\/\/www.mesvendanges.com\/fr\/boutique\/\"},{\"@type\":\"ListItem\",\"position\":3,\"name\":\"RIESLING GOLDTROPFCHEN GROSSES GEWACHS\"}]}]}<\/script>\n<!-- \/ Yoast SEO plugin. -->","yoast_head_json":{"title":"RIESLING GOLDTROPFCHEN GROSSES GEWACHS - Mes Vendanges","robots":{"index":"index","follow":"follow","max-snippet":"max-snippet:-1","max-image-preview":"max-image-preview:large","max-video-preview":"max-video-preview:-1"},"canonical":"https:\/\/www.mesvendanges.com\/fr\/boutique\/vins\/riesling-goldtropfchen-grosses-gewachs-adam-a-j-weingut-2011-75cl\/","og_locale":"fr_FR","og_type":"article","og_title":"RIESLING GOLDTROPFCHEN GROSSES GEWACHS - Mes Vendanges","og_description":"Nous voici sur le Goldtr\u00f6pfchen, un des plus beaux terroirs de la r\u00e9gion dont Andreas Adam a pu acqu\u00e9rir quelques ares en 2007. Les Grosses Gewachs correspondent \u00e0 de tr\u00e8s belles tries vinifi\u00e9es en blanc sec, comme un cru bourguignon ou alsacien. Les vins prennent une dimension min\u00e9rale suppl\u00e9mentaire, avec une magnifique tension entre maturit\u00e9, [&hellip;]","og_url":"https:\/\/www.mesvendanges.com\/fr\/boutique\/vins\/riesling-goldtropfchen-grosses-gewachs-adam-a-j-weingut-2011-75cl\/","og_site_name":"Mes Vendanges","article_modified_time":"2023-12-05T06:39:25+00:00","twitter_card":"summary_large_image","schema":{"@context":"https:\/\/schema.org","@graph":[{"@type":"Organization","@id":"https:\/\/www.mesvendanges.com\/en\/#organization","name":"Mes Vendanges","url":"https:\/\/www.mesvendanges.com\/en\/","sameAs":[],"logo":{"@type":"ImageObject","inLanguage":"fr-FR","@id":"https:\/\/www.mesvendanges.com\/en\/#\/schema\/logo\/image\/","url":"https:\/\/www.mesvendanges.com\/wp-content\/uploads\/2022\/02\/logo-mesvendanges.jpg","contentUrl":"https:\/\/www.mesvendanges.com\/wp-content\/uploads\/2022\/02\/logo-mesvendanges.jpg","width":851,"height":260,"caption":"Mes Vendanges"},"image":{"@id":"https:\/\/www.mesvendanges.com\/en\/#\/schema\/logo\/image\/"}},{"@type":"WebSite","@id":"https:\/\/www.mesvendanges.com\/en\/#website","url":"https:\/\/www.mesvendanges.com\/en\/","name":"Mes Vendanges","description":"Des journ\u00e9es enti\u00e8res dans les vignes","publisher":{"@id":"https:\/\/www.mesvendanges.com\/en\/#organization"},"potentialAction":[{"@type":"SearchAction","target":{"@type":"EntryPoint","urlTemplate":"https:\/\/www.mesvendanges.com\/en\/?s={search_term_string}"},"query-input":"required name=search_term_string"}],"inLanguage":"fr-FR"},{"@type":"WebPage","@id":"https:\/\/www.mesvendanges.com\/fr\/boutique\/vins\/riesling-goldtropfchen-grosses-gewachs-adam-a-j-weingut-2011-75cl\/","url":"https:\/\/www.mesvendanges.com\/fr\/boutique\/vins\/riesling-goldtropfchen-grosses-gewachs-adam-a-j-weingut-2011-75cl\/","name":"RIESLING GOLDTROPFCHEN GROSSES GEWACHS - Mes Vendanges","isPartOf":{"@id":"https:\/\/www.mesvendanges.com\/en\/#website"},"datePublished":"2022-08-02T10:21:37+00:00","dateModified":"2023-12-05T06:39:25+00:00","breadcrumb":{"@id":"https:\/\/www.mesvendanges.com\/fr\/boutique\/vins\/riesling-goldtropfchen-grosses-gewachs-adam-a-j-weingut-2011-75cl\/#breadcrumb"},"inLanguage":"fr-FR","potentialAction":[{"@type":"ReadAction","target":["https:\/\/www.mesvendanges.com\/fr\/boutique\/vins\/riesling-goldtropfchen-grosses-gewachs-adam-a-j-weingut-2011-75cl\/"]}]},{"@type":"BreadcrumbList","@id":"https:\/\/www.mesvendanges.com\/fr\/boutique\/vins\/riesling-goldtropfchen-grosses-gewachs-adam-a-j-weingut-2011-75cl\/#breadcrumb","itemListElement":[{"@type":"ListItem","position":1,"name":"Accueil","item":"https:\/\/www.mesvendanges.com\/fr\/"},{"@type":"ListItem","position":2,"name":"Boutique","item":"https:\/\/www.mesvendanges.com\/fr\/boutique\/"},{"@type":"ListItem","position":3,"name":"RIESLING GOLDTROPFCHEN GROSSES GEWACHS"}]}]}},"_links":{"self":[{"href":"https:\/\/www.mesvendanges.com\/fr\/wp-json\/wp\/v2\/product\/34907"}],"collection":[{"href":"https:\/\/www.mesvendanges.com\/fr\/wp-json\/wp\/v2\/product"}],"about":[{"href":"https:\/\/www.mesvendanges.com\/fr\/wp-json\/wp\/v2\/types\/product"}],"wp:attachment":[{"href":"https:\/\/www.mesvendanges.com\/fr\/wp-json\/wp\/v2\/media?parent=34907"}],"wp:term":[{"taxonomy":"product_cat","embeddable":true,"href":"https:\/\/www.mesvendanges.com\/fr\/wp-json\/wp\/v2\/product_cat?post=34907"},{"taxonomy":"product_tag","embeddable":true,"href":"https:\/\/www.mesvendanges.com\/fr\/wp-json\/wp\/v2\/product_tag?post=34907"}],"curies":[{"name":"wp","href":"https:\/\/api.w.org\/{rel}","templated":true}]}}