{"id":34915,"date":"2022-08-02T12:21:52","date_gmt":"2022-08-02T10:21:52","guid":{"rendered":"https:\/\/www.mesvendanges.com\/shop\/non%20class\u00e9\/paliokalias-2\/"},"modified":"2023-12-05T14:29:20","modified_gmt":"2023-12-05T13:29:20","slug":"paliokalias-dalamaras-dne-2008-75cl","status":"publish","type":"product","link":"https:\/\/www.mesvendanges.com\/fr\/boutique\/vins\/paliokalias-dalamaras-dne-2008-75cl\/","title":{"rendered":"PALIOKALIAS"},"content":{"rendered":"<p>Le domaine Paliokas travaille en agriculture biologique. C\u00e9page :Xinomavro de jeunes vignes R\u00e9gion : Naoussa Elevage : Classique des rouges, FA en cuve barriques de 225L de l\u2019usage de bois fran\u00e7ais et hongrois pendant 15 mois, mise en bouteille sans filtration. Cuv\u00e9e de 5.000 bouteilles G\u00e9ologie: Calcaire de travertins, argiles, Marnes calcaires, schistes violets Caract\u00e9ristiques organoleptiques Nez fin sur le floral (violette, aub\u00e9pine), notes de tomate s\u00e9ch\u00e9e, p\u00e2te d\u2019olive et fruits de bois. En bouche, une belle acidit\u00e9 qui rafraichit le palais, notes bois\u00e9es et tanins structur\u00e9s. Accompagnement Plats de viande rouge et fromages affin\u00e9s<\/p>\n","protected":false},"excerpt":{"rendered":"<p>Le domaine Paliokas travaille en agriculture biologique. C\u00e9page :Xinomavro de jeunes vignes R\u00e9gion : Naoussa Elevage : Classique des rouges, FA en cuve barriques de 225L de l\u2019usage de bois fran\u00e7ais et hongrois pendant 15 mois, mise en bouteille sans filtration. Cuv\u00e9e de 5.000 bouteilles G\u00e9ologie: Calcaire de travertins, argiles, Marnes calcaires, schistes violets Caract\u00e9ristiques [&hellip;]<\/p>\n","protected":false},"featured_media":0,"template":"","meta":[],"product_cat":[3736],"product_tag":[],"acf":[],"yoast_head":"<!-- This site is optimized with the Yoast SEO plugin v19.3 - https:\/\/yoast.com\/wordpress\/plugins\/seo\/ -->\n<title>PALIOKALIAS - Mes Vendanges<\/title>\n<meta name=\"robots\" content=\"index, follow, max-snippet:-1, max-image-preview:large, max-video-preview:-1\" \/>\n<link rel=\"canonical\" href=\"https:\/\/www.mesvendanges.com\/fr\/boutique\/vins\/paliokalias-dalamaras-dne-2008-75cl\/\" \/>\n<meta property=\"og:locale\" content=\"fr_FR\" \/>\n<meta property=\"og:type\" content=\"article\" \/>\n<meta property=\"og:title\" content=\"PALIOKALIAS - Mes Vendanges\" \/>\n<meta property=\"og:description\" content=\"Le domaine Paliokas travaille en agriculture biologique. C\u00e9page :Xinomavro de jeunes vignes R\u00e9gion : Naoussa Elevage : Classique des rouges, FA en cuve barriques de 225L de l\u2019usage de bois fran\u00e7ais et hongrois pendant 15 mois, mise en bouteille sans filtration. Cuv\u00e9e de 5.000 bouteilles G\u00e9ologie: Calcaire de travertins, argiles, Marnes calcaires, schistes violets Caract\u00e9ristiques [&hellip;]\" \/>\n<meta property=\"og:url\" content=\"https:\/\/www.mesvendanges.com\/fr\/boutique\/vins\/paliokalias-dalamaras-dne-2008-75cl\/\" \/>\n<meta property=\"og:site_name\" content=\"Mes Vendanges\" \/>\n<meta property=\"article:modified_time\" content=\"2023-12-05T13:29:20+00:00\" \/>\n<meta name=\"twitter:card\" content=\"summary_large_image\" \/>\n<meta name=\"twitter:label1\" content=\"Dur\u00e9e de lecture estim\u00e9e\" \/>\n\t<meta name=\"twitter:data1\" content=\"1 minute\" \/>\n<script type=\"application\/ld+json\" class=\"yoast-schema-graph\">{\"@context\":\"https:\/\/schema.org\",\"@graph\":[{\"@type\":\"Organization\",\"@id\":\"https:\/\/www.mesvendanges.com\/en\/#organization\",\"name\":\"Mes Vendanges\",\"url\":\"https:\/\/www.mesvendanges.com\/en\/\",\"sameAs\":[],\"logo\":{\"@type\":\"ImageObject\",\"inLanguage\":\"fr-FR\",\"@id\":\"https:\/\/www.mesvendanges.com\/en\/#\/schema\/logo\/image\/\",\"url\":\"https:\/\/www.mesvendanges.com\/wp-content\/uploads\/2022\/02\/logo-mesvendanges.jpg\",\"contentUrl\":\"https:\/\/www.mesvendanges.com\/wp-content\/uploads\/2022\/02\/logo-mesvendanges.jpg\",\"width\":851,\"height\":260,\"caption\":\"Mes Vendanges\"},\"image\":{\"@id\":\"https:\/\/www.mesvendanges.com\/en\/#\/schema\/logo\/image\/\"}},{\"@type\":\"WebSite\",\"@id\":\"https:\/\/www.mesvendanges.com\/en\/#website\",\"url\":\"https:\/\/www.mesvendanges.com\/en\/\",\"name\":\"Mes Vendanges\",\"description\":\"Des journ\u00e9es enti\u00e8res dans les vignes\",\"publisher\":{\"@id\":\"https:\/\/www.mesvendanges.com\/en\/#organization\"},\"potentialAction\":[{\"@type\":\"SearchAction\",\"target\":{\"@type\":\"EntryPoint\",\"urlTemplate\":\"https:\/\/www.mesvendanges.com\/en\/?s={search_term_string}\"},\"query-input\":\"required name=search_term_string\"}],\"inLanguage\":\"fr-FR\"},{\"@type\":\"WebPage\",\"@id\":\"https:\/\/www.mesvendanges.com\/fr\/boutique\/vins\/paliokalias-dalamaras-dne-2008-75cl\/\",\"url\":\"https:\/\/www.mesvendanges.com\/fr\/boutique\/vins\/paliokalias-dalamaras-dne-2008-75cl\/\",\"name\":\"PALIOKALIAS - Mes Vendanges\",\"isPartOf\":{\"@id\":\"https:\/\/www.mesvendanges.com\/en\/#website\"},\"datePublished\":\"2022-08-02T10:21:52+00:00\",\"dateModified\":\"2023-12-05T13:29:20+00:00\",\"breadcrumb\":{\"@id\":\"https:\/\/www.mesvendanges.com\/fr\/boutique\/vins\/paliokalias-dalamaras-dne-2008-75cl\/#breadcrumb\"},\"inLanguage\":\"fr-FR\",\"potentialAction\":[{\"@type\":\"ReadAction\",\"target\":[\"https:\/\/www.mesvendanges.com\/fr\/boutique\/vins\/paliokalias-dalamaras-dne-2008-75cl\/\"]}]},{\"@type\":\"BreadcrumbList\",\"@id\":\"https:\/\/www.mesvendanges.com\/fr\/boutique\/vins\/paliokalias-dalamaras-dne-2008-75cl\/#breadcrumb\",\"itemListElement\":[{\"@type\":\"ListItem\",\"position\":1,\"name\":\"Accueil\",\"item\":\"https:\/\/www.mesvendanges.com\/fr\/\"},{\"@type\":\"ListItem\",\"position\":2,\"name\":\"Boutique\",\"item\":\"https:\/\/www.mesvendanges.com\/fr\/boutique\/\"},{\"@type\":\"ListItem\",\"position\":3,\"name\":\"PALIOKALIAS\"}]}]}<\/script>\n<!-- \/ Yoast SEO plugin. -->","yoast_head_json":{"title":"PALIOKALIAS - Mes Vendanges","robots":{"index":"index","follow":"follow","max-snippet":"max-snippet:-1","max-image-preview":"max-image-preview:large","max-video-preview":"max-video-preview:-1"},"canonical":"https:\/\/www.mesvendanges.com\/fr\/boutique\/vins\/paliokalias-dalamaras-dne-2008-75cl\/","og_locale":"fr_FR","og_type":"article","og_title":"PALIOKALIAS - Mes Vendanges","og_description":"Le domaine Paliokas travaille en agriculture biologique. C\u00e9page :Xinomavro de jeunes vignes R\u00e9gion : Naoussa Elevage : Classique des rouges, FA en cuve barriques de 225L de l\u2019usage de bois fran\u00e7ais et hongrois pendant 15 mois, mise en bouteille sans filtration. Cuv\u00e9e de 5.000 bouteilles G\u00e9ologie: Calcaire de travertins, argiles, Marnes calcaires, schistes violets Caract\u00e9ristiques [&hellip;]","og_url":"https:\/\/www.mesvendanges.com\/fr\/boutique\/vins\/paliokalias-dalamaras-dne-2008-75cl\/","og_site_name":"Mes Vendanges","article_modified_time":"2023-12-05T13:29:20+00:00","twitter_card":"summary_large_image","twitter_misc":{"Dur\u00e9e de lecture estim\u00e9e":"1 minute"},"schema":{"@context":"https:\/\/schema.org","@graph":[{"@type":"Organization","@id":"https:\/\/www.mesvendanges.com\/en\/#organization","name":"Mes Vendanges","url":"https:\/\/www.mesvendanges.com\/en\/","sameAs":[],"logo":{"@type":"ImageObject","inLanguage":"fr-FR","@id":"https:\/\/www.mesvendanges.com\/en\/#\/schema\/logo\/image\/","url":"https:\/\/www.mesvendanges.com\/wp-content\/uploads\/2022\/02\/logo-mesvendanges.jpg","contentUrl":"https:\/\/www.mesvendanges.com\/wp-content\/uploads\/2022\/02\/logo-mesvendanges.jpg","width":851,"height":260,"caption":"Mes Vendanges"},"image":{"@id":"https:\/\/www.mesvendanges.com\/en\/#\/schema\/logo\/image\/"}},{"@type":"WebSite","@id":"https:\/\/www.mesvendanges.com\/en\/#website","url":"https:\/\/www.mesvendanges.com\/en\/","name":"Mes Vendanges","description":"Des journ\u00e9es enti\u00e8res dans les vignes","publisher":{"@id":"https:\/\/www.mesvendanges.com\/en\/#organization"},"potentialAction":[{"@type":"SearchAction","target":{"@type":"EntryPoint","urlTemplate":"https:\/\/www.mesvendanges.com\/en\/?s={search_term_string}"},"query-input":"required name=search_term_string"}],"inLanguage":"fr-FR"},{"@type":"WebPage","@id":"https:\/\/www.mesvendanges.com\/fr\/boutique\/vins\/paliokalias-dalamaras-dne-2008-75cl\/","url":"https:\/\/www.mesvendanges.com\/fr\/boutique\/vins\/paliokalias-dalamaras-dne-2008-75cl\/","name":"PALIOKALIAS - Mes Vendanges","isPartOf":{"@id":"https:\/\/www.mesvendanges.com\/en\/#website"},"datePublished":"2022-08-02T10:21:52+00:00","dateModified":"2023-12-05T13:29:20+00:00","breadcrumb":{"@id":"https:\/\/www.mesvendanges.com\/fr\/boutique\/vins\/paliokalias-dalamaras-dne-2008-75cl\/#breadcrumb"},"inLanguage":"fr-FR","potentialAction":[{"@type":"ReadAction","target":["https:\/\/www.mesvendanges.com\/fr\/boutique\/vins\/paliokalias-dalamaras-dne-2008-75cl\/"]}]},{"@type":"BreadcrumbList","@id":"https:\/\/www.mesvendanges.com\/fr\/boutique\/vins\/paliokalias-dalamaras-dne-2008-75cl\/#breadcrumb","itemListElement":[{"@type":"ListItem","position":1,"name":"Accueil","item":"https:\/\/www.mesvendanges.com\/fr\/"},{"@type":"ListItem","position":2,"name":"Boutique","item":"https:\/\/www.mesvendanges.com\/fr\/boutique\/"},{"@type":"ListItem","position":3,"name":"PALIOKALIAS"}]}]}},"_links":{"self":[{"href":"https:\/\/www.mesvendanges.com\/fr\/wp-json\/wp\/v2\/product\/34915"}],"collection":[{"href":"https:\/\/www.mesvendanges.com\/fr\/wp-json\/wp\/v2\/product"}],"about":[{"href":"https:\/\/www.mesvendanges.com\/fr\/wp-json\/wp\/v2\/types\/product"}],"wp:attachment":[{"href":"https:\/\/www.mesvendanges.com\/fr\/wp-json\/wp\/v2\/media?parent=34915"}],"wp:term":[{"taxonomy":"product_cat","embeddable":true,"href":"https:\/\/www.mesvendanges.com\/fr\/wp-json\/wp\/v2\/product_cat?post=34915"},{"taxonomy":"product_tag","embeddable":true,"href":"https:\/\/www.mesvendanges.com\/fr\/wp-json\/wp\/v2\/product_tag?post=34915"}],"curies":[{"name":"wp","href":"https:\/\/api.w.org\/{rel}","templated":true}]}}