{"id":34985,"date":"2022-08-02T12:23:36","date_gmt":"2022-08-02T10:23:36","guid":{"rendered":"https:\/\/www.mesvendanges.com\/shop\/non%20class\u00e9\/el-nino-en-magnum\/"},"modified":"2023-12-05T21:51:23","modified_gmt":"2023-12-05T20:51:23","slug":"el-nino-en-magnum-jonc-blanc-ch-2006-150cl","status":"publish","type":"product","link":"https:\/\/www.mesvendanges.com\/fr\/boutique\/vins\/el-nino-en-magnum-jonc-blanc-ch-2006-150cl\/","title":{"rendered":"EL NINO en MAGNUM"},"content":{"rendered":"<div>&#8220;El Ni\u00f1o&#8221; est un bergerac rouge du mill\u00e9sime 2006, 100% Cabernet-Sauvignon, issu de vignes ma\u00eetris\u00e9es<\/div>\n<div>avec de petits rendements. Elles donnent ici un vin rouge dense et sur le fruit o\u00f9 le cabernet<\/div>\n<div>exprime la pl\u00e9nitude de sa maturit\u00e9.<\/div>\n<div>Vinifi\u00e9 naturellement avec ses propres levures, \u00e9lev\u00e9 sur lies fines en f\u00fbts de ch\u00eane fran\u00e7ais de<\/div>\n<div>400 litres, durant 16 mois et mis en bouteille sans collage ni filtration pour en pr\u00e9server toute<\/div>\n<div>les qualit\u00e9s et la complexit\u00e9. S\u00e9rie limit\u00e9e en Magnum uniquement.<\/div>\n","protected":false},"excerpt":{"rendered":"<p>&#8220;El Ni\u00f1o&#8221; est un bergerac rouge du mill\u00e9sime 2006, 100% Cabernet-Sauvignon, issu de vignes ma\u00eetris\u00e9es avec de petits rendements. Elles donnent ici un vin rouge dense et sur le fruit o\u00f9 le cabernet exprime la pl\u00e9nitude de sa maturit\u00e9. Vinifi\u00e9 naturellement avec ses propres levures, \u00e9lev\u00e9 sur lies fines en f\u00fbts de ch\u00eane fran\u00e7ais de [&hellip;]<\/p>\n","protected":false},"featured_media":0,"template":"","meta":[],"product_cat":[3736],"product_tag":[],"acf":[],"yoast_head":"<!-- This site is optimized with the Yoast SEO plugin v19.3 - https:\/\/yoast.com\/wordpress\/plugins\/seo\/ -->\n<title>EL NINO en MAGNUM - Mes Vendanges<\/title>\n<meta name=\"robots\" content=\"index, follow, max-snippet:-1, max-image-preview:large, max-video-preview:-1\" \/>\n<link rel=\"canonical\" href=\"https:\/\/www.mesvendanges.com\/fr\/boutique\/vins\/el-nino-en-magnum-jonc-blanc-ch-2006-150cl\/\" \/>\n<meta property=\"og:locale\" content=\"fr_FR\" \/>\n<meta property=\"og:type\" content=\"article\" \/>\n<meta property=\"og:title\" content=\"EL NINO en MAGNUM - Mes Vendanges\" \/>\n<meta property=\"og:description\" content=\"&#8220;El Ni\u00f1o&#8221; est un bergerac rouge du mill\u00e9sime 2006, 100% Cabernet-Sauvignon, issu de vignes ma\u00eetris\u00e9es avec de petits rendements. Elles donnent ici un vin rouge dense et sur le fruit o\u00f9 le cabernet exprime la pl\u00e9nitude de sa maturit\u00e9. Vinifi\u00e9 naturellement avec ses propres levures, \u00e9lev\u00e9 sur lies fines en f\u00fbts de ch\u00eane fran\u00e7ais de [&hellip;]\" \/>\n<meta property=\"og:url\" content=\"https:\/\/www.mesvendanges.com\/fr\/boutique\/vins\/el-nino-en-magnum-jonc-blanc-ch-2006-150cl\/\" \/>\n<meta property=\"og:site_name\" content=\"Mes Vendanges\" \/>\n<meta property=\"article:modified_time\" content=\"2023-12-05T20:51:23+00:00\" \/>\n<meta name=\"twitter:card\" content=\"summary_large_image\" \/>\n<script type=\"application\/ld+json\" class=\"yoast-schema-graph\">{\"@context\":\"https:\/\/schema.org\",\"@graph\":[{\"@type\":\"Organization\",\"@id\":\"https:\/\/www.mesvendanges.com\/en\/#organization\",\"name\":\"Mes Vendanges\",\"url\":\"https:\/\/www.mesvendanges.com\/en\/\",\"sameAs\":[],\"logo\":{\"@type\":\"ImageObject\",\"inLanguage\":\"fr-FR\",\"@id\":\"https:\/\/www.mesvendanges.com\/en\/#\/schema\/logo\/image\/\",\"url\":\"https:\/\/www.mesvendanges.com\/wp-content\/uploads\/2022\/02\/logo-mesvendanges.jpg\",\"contentUrl\":\"https:\/\/www.mesvendanges.com\/wp-content\/uploads\/2022\/02\/logo-mesvendanges.jpg\",\"width\":851,\"height\":260,\"caption\":\"Mes Vendanges\"},\"image\":{\"@id\":\"https:\/\/www.mesvendanges.com\/en\/#\/schema\/logo\/image\/\"}},{\"@type\":\"WebSite\",\"@id\":\"https:\/\/www.mesvendanges.com\/en\/#website\",\"url\":\"https:\/\/www.mesvendanges.com\/en\/\",\"name\":\"Mes Vendanges\",\"description\":\"Des journ\u00e9es enti\u00e8res dans les vignes\",\"publisher\":{\"@id\":\"https:\/\/www.mesvendanges.com\/en\/#organization\"},\"potentialAction\":[{\"@type\":\"SearchAction\",\"target\":{\"@type\":\"EntryPoint\",\"urlTemplate\":\"https:\/\/www.mesvendanges.com\/en\/?s={search_term_string}\"},\"query-input\":\"required name=search_term_string\"}],\"inLanguage\":\"fr-FR\"},{\"@type\":\"WebPage\",\"@id\":\"https:\/\/www.mesvendanges.com\/fr\/boutique\/vins\/el-nino-en-magnum-jonc-blanc-ch-2006-150cl\/\",\"url\":\"https:\/\/www.mesvendanges.com\/fr\/boutique\/vins\/el-nino-en-magnum-jonc-blanc-ch-2006-150cl\/\",\"name\":\"EL NINO en MAGNUM - Mes Vendanges\",\"isPartOf\":{\"@id\":\"https:\/\/www.mesvendanges.com\/en\/#website\"},\"datePublished\":\"2022-08-02T10:23:36+00:00\",\"dateModified\":\"2023-12-05T20:51:23+00:00\",\"breadcrumb\":{\"@id\":\"https:\/\/www.mesvendanges.com\/fr\/boutique\/vins\/el-nino-en-magnum-jonc-blanc-ch-2006-150cl\/#breadcrumb\"},\"inLanguage\":\"fr-FR\",\"potentialAction\":[{\"@type\":\"ReadAction\",\"target\":[\"https:\/\/www.mesvendanges.com\/fr\/boutique\/vins\/el-nino-en-magnum-jonc-blanc-ch-2006-150cl\/\"]}]},{\"@type\":\"BreadcrumbList\",\"@id\":\"https:\/\/www.mesvendanges.com\/fr\/boutique\/vins\/el-nino-en-magnum-jonc-blanc-ch-2006-150cl\/#breadcrumb\",\"itemListElement\":[{\"@type\":\"ListItem\",\"position\":1,\"name\":\"Accueil\",\"item\":\"https:\/\/www.mesvendanges.com\/fr\/\"},{\"@type\":\"ListItem\",\"position\":2,\"name\":\"Boutique\",\"item\":\"https:\/\/www.mesvendanges.com\/fr\/boutique\/\"},{\"@type\":\"ListItem\",\"position\":3,\"name\":\"EL NINO en MAGNUM\"}]}]}<\/script>\n<!-- \/ Yoast SEO plugin. -->","yoast_head_json":{"title":"EL NINO en MAGNUM - Mes Vendanges","robots":{"index":"index","follow":"follow","max-snippet":"max-snippet:-1","max-image-preview":"max-image-preview:large","max-video-preview":"max-video-preview:-1"},"canonical":"https:\/\/www.mesvendanges.com\/fr\/boutique\/vins\/el-nino-en-magnum-jonc-blanc-ch-2006-150cl\/","og_locale":"fr_FR","og_type":"article","og_title":"EL NINO en MAGNUM - Mes Vendanges","og_description":"&#8220;El Ni\u00f1o&#8221; est un bergerac rouge du mill\u00e9sime 2006, 100% Cabernet-Sauvignon, issu de vignes ma\u00eetris\u00e9es avec de petits rendements. Elles donnent ici un vin rouge dense et sur le fruit o\u00f9 le cabernet exprime la pl\u00e9nitude de sa maturit\u00e9. Vinifi\u00e9 naturellement avec ses propres levures, \u00e9lev\u00e9 sur lies fines en f\u00fbts de ch\u00eane fran\u00e7ais de [&hellip;]","og_url":"https:\/\/www.mesvendanges.com\/fr\/boutique\/vins\/el-nino-en-magnum-jonc-blanc-ch-2006-150cl\/","og_site_name":"Mes Vendanges","article_modified_time":"2023-12-05T20:51:23+00:00","twitter_card":"summary_large_image","schema":{"@context":"https:\/\/schema.org","@graph":[{"@type":"Organization","@id":"https:\/\/www.mesvendanges.com\/en\/#organization","name":"Mes Vendanges","url":"https:\/\/www.mesvendanges.com\/en\/","sameAs":[],"logo":{"@type":"ImageObject","inLanguage":"fr-FR","@id":"https:\/\/www.mesvendanges.com\/en\/#\/schema\/logo\/image\/","url":"https:\/\/www.mesvendanges.com\/wp-content\/uploads\/2022\/02\/logo-mesvendanges.jpg","contentUrl":"https:\/\/www.mesvendanges.com\/wp-content\/uploads\/2022\/02\/logo-mesvendanges.jpg","width":851,"height":260,"caption":"Mes Vendanges"},"image":{"@id":"https:\/\/www.mesvendanges.com\/en\/#\/schema\/logo\/image\/"}},{"@type":"WebSite","@id":"https:\/\/www.mesvendanges.com\/en\/#website","url":"https:\/\/www.mesvendanges.com\/en\/","name":"Mes Vendanges","description":"Des journ\u00e9es enti\u00e8res dans les vignes","publisher":{"@id":"https:\/\/www.mesvendanges.com\/en\/#organization"},"potentialAction":[{"@type":"SearchAction","target":{"@type":"EntryPoint","urlTemplate":"https:\/\/www.mesvendanges.com\/en\/?s={search_term_string}"},"query-input":"required name=search_term_string"}],"inLanguage":"fr-FR"},{"@type":"WebPage","@id":"https:\/\/www.mesvendanges.com\/fr\/boutique\/vins\/el-nino-en-magnum-jonc-blanc-ch-2006-150cl\/","url":"https:\/\/www.mesvendanges.com\/fr\/boutique\/vins\/el-nino-en-magnum-jonc-blanc-ch-2006-150cl\/","name":"EL NINO en MAGNUM - Mes Vendanges","isPartOf":{"@id":"https:\/\/www.mesvendanges.com\/en\/#website"},"datePublished":"2022-08-02T10:23:36+00:00","dateModified":"2023-12-05T20:51:23+00:00","breadcrumb":{"@id":"https:\/\/www.mesvendanges.com\/fr\/boutique\/vins\/el-nino-en-magnum-jonc-blanc-ch-2006-150cl\/#breadcrumb"},"inLanguage":"fr-FR","potentialAction":[{"@type":"ReadAction","target":["https:\/\/www.mesvendanges.com\/fr\/boutique\/vins\/el-nino-en-magnum-jonc-blanc-ch-2006-150cl\/"]}]},{"@type":"BreadcrumbList","@id":"https:\/\/www.mesvendanges.com\/fr\/boutique\/vins\/el-nino-en-magnum-jonc-blanc-ch-2006-150cl\/#breadcrumb","itemListElement":[{"@type":"ListItem","position":1,"name":"Accueil","item":"https:\/\/www.mesvendanges.com\/fr\/"},{"@type":"ListItem","position":2,"name":"Boutique","item":"https:\/\/www.mesvendanges.com\/fr\/boutique\/"},{"@type":"ListItem","position":3,"name":"EL NINO en MAGNUM"}]}]}},"_links":{"self":[{"href":"https:\/\/www.mesvendanges.com\/fr\/wp-json\/wp\/v2\/product\/34985"}],"collection":[{"href":"https:\/\/www.mesvendanges.com\/fr\/wp-json\/wp\/v2\/product"}],"about":[{"href":"https:\/\/www.mesvendanges.com\/fr\/wp-json\/wp\/v2\/types\/product"}],"wp:attachment":[{"href":"https:\/\/www.mesvendanges.com\/fr\/wp-json\/wp\/v2\/media?parent=34985"}],"wp:term":[{"taxonomy":"product_cat","embeddable":true,"href":"https:\/\/www.mesvendanges.com\/fr\/wp-json\/wp\/v2\/product_cat?post=34985"},{"taxonomy":"product_tag","embeddable":true,"href":"https:\/\/www.mesvendanges.com\/fr\/wp-json\/wp\/v2\/product_tag?post=34985"}],"curies":[{"name":"wp","href":"https:\/\/api.w.org\/{rel}","templated":true}]}}