{"id":35011,"date":"2022-08-02T12:24:17","date_gmt":"2022-08-02T10:24:17","guid":{"rendered":"https:\/\/www.mesvendanges.com\/shop\/non%20class\u00e9\/savigny-les-beaune-1er-cru-vergelesses\/"},"modified":"2023-12-05T19:17:38","modified_gmt":"2023-12-05T18:17:38","slug":"savigny-les-beaune-1er-cru-vergelesses-gay-dne-michel-2009-75cl","status":"publish","type":"product","link":"https:\/\/www.mesvendanges.com\/fr\/boutique\/vins\/savigny-les-beaune-1er-cru-vergelesses-gay-dne-michel-2009-75cl\/","title":{"rendered":"SAVIGNY LES BEAUNE 1er CRU VERGELESSES"},"content":{"rendered":"<p>Michel Gay&nbsp;\u00e9labore&nbsp;des vins dans un style tr\u00e8s traditionnel sur le plan des vinifications. Du fait d&#8217;un magnifique travail aux vignes (pour la majeure partie de superbes vieilles vignes) et d&#8217;une vendange tr\u00e8s soign\u00e9e, la mati\u00e8re premi\u00e8re est splendide. On la retrouve en bouteille par ce fruit vivant, charnu, cet \u00e9clat du pinot qui fait si cruellement d\u00e9faut \u00e0 la majorit\u00e9 des Bourgognes, m\u00eame issus de grands domaines.<\/p>\n","protected":false},"excerpt":{"rendered":"<p>Michel Gay&nbsp;\u00e9labore&nbsp;des vins dans un style tr\u00e8s traditionnel sur le plan des vinifications. Du fait d&#8217;un magnifique travail aux vignes (pour la majeure partie de superbes vieilles vignes) et d&#8217;une vendange tr\u00e8s soign\u00e9e, la mati\u00e8re premi\u00e8re est splendide. On la retrouve en bouteille par ce fruit vivant, charnu, cet \u00e9clat du pinot qui fait si [&hellip;]<\/p>\n","protected":false},"featured_media":0,"template":"","meta":[],"product_cat":[3736],"product_tag":[],"acf":[],"yoast_head":"<!-- This site is optimized with the Yoast SEO plugin v19.3 - https:\/\/yoast.com\/wordpress\/plugins\/seo\/ -->\n<title>SAVIGNY LES BEAUNE 1er CRU VERGELESSES - Mes Vendanges<\/title>\n<meta name=\"robots\" content=\"index, follow, max-snippet:-1, max-image-preview:large, max-video-preview:-1\" \/>\n<link rel=\"canonical\" href=\"https:\/\/www.mesvendanges.com\/fr\/boutique\/vins\/savigny-les-beaune-1er-cru-vergelesses-gay-dne-michel-2009-75cl\/\" \/>\n<meta property=\"og:locale\" content=\"fr_FR\" \/>\n<meta property=\"og:type\" content=\"article\" \/>\n<meta property=\"og:title\" content=\"SAVIGNY LES BEAUNE 1er CRU VERGELESSES - Mes Vendanges\" \/>\n<meta property=\"og:description\" content=\"Michel Gay&nbsp;\u00e9labore&nbsp;des vins dans un style tr\u00e8s traditionnel sur le plan des vinifications. Du fait d&#8217;un magnifique travail aux vignes (pour la majeure partie de superbes vieilles vignes) et d&#8217;une vendange tr\u00e8s soign\u00e9e, la mati\u00e8re premi\u00e8re est splendide. On la retrouve en bouteille par ce fruit vivant, charnu, cet \u00e9clat du pinot qui fait si [&hellip;]\" \/>\n<meta property=\"og:url\" content=\"https:\/\/www.mesvendanges.com\/fr\/boutique\/vins\/savigny-les-beaune-1er-cru-vergelesses-gay-dne-michel-2009-75cl\/\" \/>\n<meta property=\"og:site_name\" content=\"Mes Vendanges\" \/>\n<meta property=\"article:modified_time\" content=\"2023-12-05T18:17:38+00:00\" \/>\n<meta name=\"twitter:card\" content=\"summary_large_image\" \/>\n<script type=\"application\/ld+json\" class=\"yoast-schema-graph\">{\"@context\":\"https:\/\/schema.org\",\"@graph\":[{\"@type\":\"Organization\",\"@id\":\"https:\/\/www.mesvendanges.com\/en\/#organization\",\"name\":\"Mes Vendanges\",\"url\":\"https:\/\/www.mesvendanges.com\/en\/\",\"sameAs\":[],\"logo\":{\"@type\":\"ImageObject\",\"inLanguage\":\"fr-FR\",\"@id\":\"https:\/\/www.mesvendanges.com\/en\/#\/schema\/logo\/image\/\",\"url\":\"https:\/\/www.mesvendanges.com\/wp-content\/uploads\/2022\/02\/logo-mesvendanges.jpg\",\"contentUrl\":\"https:\/\/www.mesvendanges.com\/wp-content\/uploads\/2022\/02\/logo-mesvendanges.jpg\",\"width\":851,\"height\":260,\"caption\":\"Mes Vendanges\"},\"image\":{\"@id\":\"https:\/\/www.mesvendanges.com\/en\/#\/schema\/logo\/image\/\"}},{\"@type\":\"WebSite\",\"@id\":\"https:\/\/www.mesvendanges.com\/en\/#website\",\"url\":\"https:\/\/www.mesvendanges.com\/en\/\",\"name\":\"Mes Vendanges\",\"description\":\"Des journ\u00e9es enti\u00e8res dans les vignes\",\"publisher\":{\"@id\":\"https:\/\/www.mesvendanges.com\/en\/#organization\"},\"potentialAction\":[{\"@type\":\"SearchAction\",\"target\":{\"@type\":\"EntryPoint\",\"urlTemplate\":\"https:\/\/www.mesvendanges.com\/en\/?s={search_term_string}\"},\"query-input\":\"required name=search_term_string\"}],\"inLanguage\":\"fr-FR\"},{\"@type\":\"WebPage\",\"@id\":\"https:\/\/www.mesvendanges.com\/fr\/boutique\/vins\/savigny-les-beaune-1er-cru-vergelesses-gay-dne-michel-2009-75cl\/\",\"url\":\"https:\/\/www.mesvendanges.com\/fr\/boutique\/vins\/savigny-les-beaune-1er-cru-vergelesses-gay-dne-michel-2009-75cl\/\",\"name\":\"SAVIGNY LES BEAUNE 1er CRU VERGELESSES - Mes Vendanges\",\"isPartOf\":{\"@id\":\"https:\/\/www.mesvendanges.com\/en\/#website\"},\"datePublished\":\"2022-08-02T10:24:17+00:00\",\"dateModified\":\"2023-12-05T18:17:38+00:00\",\"breadcrumb\":{\"@id\":\"https:\/\/www.mesvendanges.com\/fr\/boutique\/vins\/savigny-les-beaune-1er-cru-vergelesses-gay-dne-michel-2009-75cl\/#breadcrumb\"},\"inLanguage\":\"fr-FR\",\"potentialAction\":[{\"@type\":\"ReadAction\",\"target\":[\"https:\/\/www.mesvendanges.com\/fr\/boutique\/vins\/savigny-les-beaune-1er-cru-vergelesses-gay-dne-michel-2009-75cl\/\"]}]},{\"@type\":\"BreadcrumbList\",\"@id\":\"https:\/\/www.mesvendanges.com\/fr\/boutique\/vins\/savigny-les-beaune-1er-cru-vergelesses-gay-dne-michel-2009-75cl\/#breadcrumb\",\"itemListElement\":[{\"@type\":\"ListItem\",\"position\":1,\"name\":\"Accueil\",\"item\":\"https:\/\/www.mesvendanges.com\/fr\/\"},{\"@type\":\"ListItem\",\"position\":2,\"name\":\"Boutique\",\"item\":\"https:\/\/www.mesvendanges.com\/fr\/boutique\/\"},{\"@type\":\"ListItem\",\"position\":3,\"name\":\"SAVIGNY LES BEAUNE 1er CRU VERGELESSES\"}]}]}<\/script>\n<!-- \/ Yoast SEO plugin. -->","yoast_head_json":{"title":"SAVIGNY LES BEAUNE 1er CRU VERGELESSES - Mes Vendanges","robots":{"index":"index","follow":"follow","max-snippet":"max-snippet:-1","max-image-preview":"max-image-preview:large","max-video-preview":"max-video-preview:-1"},"canonical":"https:\/\/www.mesvendanges.com\/fr\/boutique\/vins\/savigny-les-beaune-1er-cru-vergelesses-gay-dne-michel-2009-75cl\/","og_locale":"fr_FR","og_type":"article","og_title":"SAVIGNY LES BEAUNE 1er CRU VERGELESSES - Mes Vendanges","og_description":"Michel Gay&nbsp;\u00e9labore&nbsp;des vins dans un style tr\u00e8s traditionnel sur le plan des vinifications. Du fait d&#8217;un magnifique travail aux vignes (pour la majeure partie de superbes vieilles vignes) et d&#8217;une vendange tr\u00e8s soign\u00e9e, la mati\u00e8re premi\u00e8re est splendide. On la retrouve en bouteille par ce fruit vivant, charnu, cet \u00e9clat du pinot qui fait si [&hellip;]","og_url":"https:\/\/www.mesvendanges.com\/fr\/boutique\/vins\/savigny-les-beaune-1er-cru-vergelesses-gay-dne-michel-2009-75cl\/","og_site_name":"Mes Vendanges","article_modified_time":"2023-12-05T18:17:38+00:00","twitter_card":"summary_large_image","schema":{"@context":"https:\/\/schema.org","@graph":[{"@type":"Organization","@id":"https:\/\/www.mesvendanges.com\/en\/#organization","name":"Mes Vendanges","url":"https:\/\/www.mesvendanges.com\/en\/","sameAs":[],"logo":{"@type":"ImageObject","inLanguage":"fr-FR","@id":"https:\/\/www.mesvendanges.com\/en\/#\/schema\/logo\/image\/","url":"https:\/\/www.mesvendanges.com\/wp-content\/uploads\/2022\/02\/logo-mesvendanges.jpg","contentUrl":"https:\/\/www.mesvendanges.com\/wp-content\/uploads\/2022\/02\/logo-mesvendanges.jpg","width":851,"height":260,"caption":"Mes Vendanges"},"image":{"@id":"https:\/\/www.mesvendanges.com\/en\/#\/schema\/logo\/image\/"}},{"@type":"WebSite","@id":"https:\/\/www.mesvendanges.com\/en\/#website","url":"https:\/\/www.mesvendanges.com\/en\/","name":"Mes Vendanges","description":"Des journ\u00e9es enti\u00e8res dans les vignes","publisher":{"@id":"https:\/\/www.mesvendanges.com\/en\/#organization"},"potentialAction":[{"@type":"SearchAction","target":{"@type":"EntryPoint","urlTemplate":"https:\/\/www.mesvendanges.com\/en\/?s={search_term_string}"},"query-input":"required name=search_term_string"}],"inLanguage":"fr-FR"},{"@type":"WebPage","@id":"https:\/\/www.mesvendanges.com\/fr\/boutique\/vins\/savigny-les-beaune-1er-cru-vergelesses-gay-dne-michel-2009-75cl\/","url":"https:\/\/www.mesvendanges.com\/fr\/boutique\/vins\/savigny-les-beaune-1er-cru-vergelesses-gay-dne-michel-2009-75cl\/","name":"SAVIGNY LES BEAUNE 1er CRU VERGELESSES - Mes Vendanges","isPartOf":{"@id":"https:\/\/www.mesvendanges.com\/en\/#website"},"datePublished":"2022-08-02T10:24:17+00:00","dateModified":"2023-12-05T18:17:38+00:00","breadcrumb":{"@id":"https:\/\/www.mesvendanges.com\/fr\/boutique\/vins\/savigny-les-beaune-1er-cru-vergelesses-gay-dne-michel-2009-75cl\/#breadcrumb"},"inLanguage":"fr-FR","potentialAction":[{"@type":"ReadAction","target":["https:\/\/www.mesvendanges.com\/fr\/boutique\/vins\/savigny-les-beaune-1er-cru-vergelesses-gay-dne-michel-2009-75cl\/"]}]},{"@type":"BreadcrumbList","@id":"https:\/\/www.mesvendanges.com\/fr\/boutique\/vins\/savigny-les-beaune-1er-cru-vergelesses-gay-dne-michel-2009-75cl\/#breadcrumb","itemListElement":[{"@type":"ListItem","position":1,"name":"Accueil","item":"https:\/\/www.mesvendanges.com\/fr\/"},{"@type":"ListItem","position":2,"name":"Boutique","item":"https:\/\/www.mesvendanges.com\/fr\/boutique\/"},{"@type":"ListItem","position":3,"name":"SAVIGNY LES BEAUNE 1er CRU VERGELESSES"}]}]}},"_links":{"self":[{"href":"https:\/\/www.mesvendanges.com\/fr\/wp-json\/wp\/v2\/product\/35011"}],"collection":[{"href":"https:\/\/www.mesvendanges.com\/fr\/wp-json\/wp\/v2\/product"}],"about":[{"href":"https:\/\/www.mesvendanges.com\/fr\/wp-json\/wp\/v2\/types\/product"}],"wp:attachment":[{"href":"https:\/\/www.mesvendanges.com\/fr\/wp-json\/wp\/v2\/media?parent=35011"}],"wp:term":[{"taxonomy":"product_cat","embeddable":true,"href":"https:\/\/www.mesvendanges.com\/fr\/wp-json\/wp\/v2\/product_cat?post=35011"},{"taxonomy":"product_tag","embeddable":true,"href":"https:\/\/www.mesvendanges.com\/fr\/wp-json\/wp\/v2\/product_tag?post=35011"}],"curies":[{"name":"wp","href":"https:\/\/api.w.org\/{rel}","templated":true}]}}