{"id":35457,"date":"2022-08-02T12:35:56","date_gmt":"2022-08-02T10:35:56","guid":{"rendered":"https:\/\/www.mesvendanges.com\/shop\/non%20class\u00e9\/larcis-ducasse-4\/"},"modified":"2023-12-05T23:06:40","modified_gmt":"2023-12-05T22:06:40","slug":"larcis-ducasse-larcis-ducasse-ch-2012-75cl","status":"publish","type":"product","link":"https:\/\/www.mesvendanges.com\/fr\/boutique\/vins\/larcis-ducasse-larcis-ducasse-ch-2012-75cl\/","title":{"rendered":"LARCIS-DUCASSE"},"content":{"rendered":"<p><u>commentaire Bettane &amp; Desseauve :<\/u><\/p>\n<div><span class=\"bd-vintage-text\" style=\"font-family: 'Lucida Grande', 'Lucida Sans Unicode', Arial, Helvetica, sans-serif; font-size: 13px; display: inline-block; width: 638px; padding: 5px; vertical-align: top; text-align: justify; color: rgb(43, 43, 33);\">Glorieuse r\u00e9ussite dans ce mill\u00e9sime, onctuosit\u00e9 remarquable, fra\u00eecheur, noblesse, longueur, tout ce que nous aimons dans un grand bordeaux.<\/span><span style=\"font-family: 'Lucida Grande', 'Lucida Sans Unicode', Arial, Helvetica, sans-serif; font-size: 13px; color: rgb(43, 43, 33);\"><\/span><span class=\"bd-vintage-detail\" style=\"font-family: 'Lucida Grande', 'Lucida Sans Unicode', Arial, Helvetica, sans-serif; font-size: 13px; display: inline-block; vertical-align: top; padding: 5px; color: rgb(43, 43, 33);\"><b>Note: 18.0&nbsp;<\/b><br \/>Apog\u00e9e: de 2020 \u00e0 2027<\/span><\/div>\n<div><span class=\"bd-vintage-detail\" style=\"font-family: 'Lucida Grande', 'Lucida Sans Unicode', Arial, Helvetica, sans-serif; font-size: 13px; display: inline-block; vertical-align: top; padding: 5px; color: rgb(43, 43, 33);\"><font style=\"color: rgb(0, 0, 0);\"><span style=\"margin: 0px; padding: 0px; line-height: 17px;\">Robert Parker<\/span><b style=\"margin: 0px; padding: 0px; line-height: 17px;\">&nbsp;<\/b><strong style=\"line-height: 17px; text-align: justify; margin: 0px; padding: 0px;\">92-95<\/strong><\/font><b style=\"font-size: 13px; color: rgb(0, 0, 0); margin: 0px; padding: 0px; line-height: 17px;\">:<\/b><span style=\"color: rgb(0, 0, 0); line-height: 17px; text-align: justify;\"><i>&#8220;A dense blue\/black color is accompanied by notes of creosote, graphite, black fruits, vanillin, chocolate and tapenade. Rich, concentrated and full-bodied, it has a spicy, compacted, layered mouthfeel. Given how past vintages seemed to close down after bottling, this beauty will probably need 5-6 years of cellaring and keep for two decades or more. A stunning blend of 85% Merlot, 14% Cabernet Franc and 1% Cabernet Sauvignon, the 2012 Pavie Macquin came in at 14.4% natural alcohol. This vineyard, which enjoys a tremendous terroir high on the plateau above Pavie Decesse, is planted in pure limestone and clay soils. The harvest took place between October 17-18.&#8221;<\/i><\/span><\/span><\/div>\n","protected":false},"excerpt":{"rendered":"<p>commentaire Bettane &amp; Desseauve : Glorieuse r\u00e9ussite dans ce mill\u00e9sime, onctuosit\u00e9 remarquable, fra\u00eecheur, noblesse, longueur, tout ce que nous aimons dans un grand bordeaux.Note: 18.0&nbsp;Apog\u00e9e: de 2020 \u00e0 2027 Robert Parker&nbsp;92-95:&#8220;A dense blue\/black color is accompanied by notes of creosote, graphite, black fruits, vanillin, chocolate and tapenade. Rich, concentrated and full-bodied, it has a spicy, [&hellip;]<\/p>\n","protected":false},"featured_media":0,"template":"","meta":[],"product_cat":[3736],"product_tag":[],"acf":[],"yoast_head":"<!-- This site is optimized with the Yoast SEO plugin v19.3 - https:\/\/yoast.com\/wordpress\/plugins\/seo\/ -->\n<title>LARCIS-DUCASSE - Mes Vendanges<\/title>\n<meta name=\"robots\" content=\"index, follow, max-snippet:-1, max-image-preview:large, max-video-preview:-1\" \/>\n<link rel=\"canonical\" href=\"https:\/\/www.mesvendanges.com\/fr\/boutique\/vins\/larcis-ducasse-larcis-ducasse-ch-2012-75cl\/\" \/>\n<meta property=\"og:locale\" content=\"fr_FR\" \/>\n<meta property=\"og:type\" content=\"article\" \/>\n<meta property=\"og:title\" content=\"LARCIS-DUCASSE - Mes Vendanges\" \/>\n<meta property=\"og:description\" content=\"commentaire Bettane &amp; Desseauve : Glorieuse r\u00e9ussite dans ce mill\u00e9sime, onctuosit\u00e9 remarquable, fra\u00eecheur, noblesse, longueur, tout ce que nous aimons dans un grand bordeaux.Note: 18.0&nbsp;Apog\u00e9e: de 2020 \u00e0 2027 Robert Parker&nbsp;92-95:&#8220;A dense blue\/black color is accompanied by notes of creosote, graphite, black fruits, vanillin, chocolate and tapenade. Rich, concentrated and full-bodied, it has a spicy, [&hellip;]\" \/>\n<meta property=\"og:url\" content=\"https:\/\/www.mesvendanges.com\/fr\/boutique\/vins\/larcis-ducasse-larcis-ducasse-ch-2012-75cl\/\" \/>\n<meta property=\"og:site_name\" content=\"Mes Vendanges\" \/>\n<meta property=\"article:modified_time\" content=\"2023-12-05T22:06:40+00:00\" \/>\n<meta name=\"twitter:card\" content=\"summary_large_image\" \/>\n<meta name=\"twitter:label1\" content=\"Dur\u00e9e de lecture estim\u00e9e\" \/>\n\t<meta name=\"twitter:data1\" content=\"1 minute\" \/>\n<script type=\"application\/ld+json\" class=\"yoast-schema-graph\">{\"@context\":\"https:\/\/schema.org\",\"@graph\":[{\"@type\":\"Organization\",\"@id\":\"https:\/\/www.mesvendanges.com\/en\/#organization\",\"name\":\"Mes Vendanges\",\"url\":\"https:\/\/www.mesvendanges.com\/en\/\",\"sameAs\":[],\"logo\":{\"@type\":\"ImageObject\",\"inLanguage\":\"fr-FR\",\"@id\":\"https:\/\/www.mesvendanges.com\/en\/#\/schema\/logo\/image\/\",\"url\":\"https:\/\/www.mesvendanges.com\/wp-content\/uploads\/2022\/02\/logo-mesvendanges.jpg\",\"contentUrl\":\"https:\/\/www.mesvendanges.com\/wp-content\/uploads\/2022\/02\/logo-mesvendanges.jpg\",\"width\":851,\"height\":260,\"caption\":\"Mes Vendanges\"},\"image\":{\"@id\":\"https:\/\/www.mesvendanges.com\/en\/#\/schema\/logo\/image\/\"}},{\"@type\":\"WebSite\",\"@id\":\"https:\/\/www.mesvendanges.com\/en\/#website\",\"url\":\"https:\/\/www.mesvendanges.com\/en\/\",\"name\":\"Mes Vendanges\",\"description\":\"Des journ\u00e9es enti\u00e8res dans les vignes\",\"publisher\":{\"@id\":\"https:\/\/www.mesvendanges.com\/en\/#organization\"},\"potentialAction\":[{\"@type\":\"SearchAction\",\"target\":{\"@type\":\"EntryPoint\",\"urlTemplate\":\"https:\/\/www.mesvendanges.com\/en\/?s={search_term_string}\"},\"query-input\":\"required name=search_term_string\"}],\"inLanguage\":\"fr-FR\"},{\"@type\":\"WebPage\",\"@id\":\"https:\/\/www.mesvendanges.com\/fr\/boutique\/vins\/larcis-ducasse-larcis-ducasse-ch-2012-75cl\/\",\"url\":\"https:\/\/www.mesvendanges.com\/fr\/boutique\/vins\/larcis-ducasse-larcis-ducasse-ch-2012-75cl\/\",\"name\":\"LARCIS-DUCASSE - Mes Vendanges\",\"isPartOf\":{\"@id\":\"https:\/\/www.mesvendanges.com\/en\/#website\"},\"datePublished\":\"2022-08-02T10:35:56+00:00\",\"dateModified\":\"2023-12-05T22:06:40+00:00\",\"breadcrumb\":{\"@id\":\"https:\/\/www.mesvendanges.com\/fr\/boutique\/vins\/larcis-ducasse-larcis-ducasse-ch-2012-75cl\/#breadcrumb\"},\"inLanguage\":\"fr-FR\",\"potentialAction\":[{\"@type\":\"ReadAction\",\"target\":[\"https:\/\/www.mesvendanges.com\/fr\/boutique\/vins\/larcis-ducasse-larcis-ducasse-ch-2012-75cl\/\"]}]},{\"@type\":\"BreadcrumbList\",\"@id\":\"https:\/\/www.mesvendanges.com\/fr\/boutique\/vins\/larcis-ducasse-larcis-ducasse-ch-2012-75cl\/#breadcrumb\",\"itemListElement\":[{\"@type\":\"ListItem\",\"position\":1,\"name\":\"Accueil\",\"item\":\"https:\/\/www.mesvendanges.com\/fr\/\"},{\"@type\":\"ListItem\",\"position\":2,\"name\":\"Boutique\",\"item\":\"https:\/\/www.mesvendanges.com\/fr\/boutique\/\"},{\"@type\":\"ListItem\",\"position\":3,\"name\":\"LARCIS-DUCASSE\"}]}]}<\/script>\n<!-- \/ Yoast SEO plugin. -->","yoast_head_json":{"title":"LARCIS-DUCASSE - Mes Vendanges","robots":{"index":"index","follow":"follow","max-snippet":"max-snippet:-1","max-image-preview":"max-image-preview:large","max-video-preview":"max-video-preview:-1"},"canonical":"https:\/\/www.mesvendanges.com\/fr\/boutique\/vins\/larcis-ducasse-larcis-ducasse-ch-2012-75cl\/","og_locale":"fr_FR","og_type":"article","og_title":"LARCIS-DUCASSE - Mes Vendanges","og_description":"commentaire Bettane &amp; Desseauve : Glorieuse r\u00e9ussite dans ce mill\u00e9sime, onctuosit\u00e9 remarquable, fra\u00eecheur, noblesse, longueur, tout ce que nous aimons dans un grand bordeaux.Note: 18.0&nbsp;Apog\u00e9e: de 2020 \u00e0 2027 Robert Parker&nbsp;92-95:&#8220;A dense blue\/black color is accompanied by notes of creosote, graphite, black fruits, vanillin, chocolate and tapenade. Rich, concentrated and full-bodied, it has a spicy, [&hellip;]","og_url":"https:\/\/www.mesvendanges.com\/fr\/boutique\/vins\/larcis-ducasse-larcis-ducasse-ch-2012-75cl\/","og_site_name":"Mes Vendanges","article_modified_time":"2023-12-05T22:06:40+00:00","twitter_card":"summary_large_image","twitter_misc":{"Dur\u00e9e de lecture estim\u00e9e":"1 minute"},"schema":{"@context":"https:\/\/schema.org","@graph":[{"@type":"Organization","@id":"https:\/\/www.mesvendanges.com\/en\/#organization","name":"Mes Vendanges","url":"https:\/\/www.mesvendanges.com\/en\/","sameAs":[],"logo":{"@type":"ImageObject","inLanguage":"fr-FR","@id":"https:\/\/www.mesvendanges.com\/en\/#\/schema\/logo\/image\/","url":"https:\/\/www.mesvendanges.com\/wp-content\/uploads\/2022\/02\/logo-mesvendanges.jpg","contentUrl":"https:\/\/www.mesvendanges.com\/wp-content\/uploads\/2022\/02\/logo-mesvendanges.jpg","width":851,"height":260,"caption":"Mes Vendanges"},"image":{"@id":"https:\/\/www.mesvendanges.com\/en\/#\/schema\/logo\/image\/"}},{"@type":"WebSite","@id":"https:\/\/www.mesvendanges.com\/en\/#website","url":"https:\/\/www.mesvendanges.com\/en\/","name":"Mes Vendanges","description":"Des journ\u00e9es enti\u00e8res dans les vignes","publisher":{"@id":"https:\/\/www.mesvendanges.com\/en\/#organization"},"potentialAction":[{"@type":"SearchAction","target":{"@type":"EntryPoint","urlTemplate":"https:\/\/www.mesvendanges.com\/en\/?s={search_term_string}"},"query-input":"required name=search_term_string"}],"inLanguage":"fr-FR"},{"@type":"WebPage","@id":"https:\/\/www.mesvendanges.com\/fr\/boutique\/vins\/larcis-ducasse-larcis-ducasse-ch-2012-75cl\/","url":"https:\/\/www.mesvendanges.com\/fr\/boutique\/vins\/larcis-ducasse-larcis-ducasse-ch-2012-75cl\/","name":"LARCIS-DUCASSE - Mes Vendanges","isPartOf":{"@id":"https:\/\/www.mesvendanges.com\/en\/#website"},"datePublished":"2022-08-02T10:35:56+00:00","dateModified":"2023-12-05T22:06:40+00:00","breadcrumb":{"@id":"https:\/\/www.mesvendanges.com\/fr\/boutique\/vins\/larcis-ducasse-larcis-ducasse-ch-2012-75cl\/#breadcrumb"},"inLanguage":"fr-FR","potentialAction":[{"@type":"ReadAction","target":["https:\/\/www.mesvendanges.com\/fr\/boutique\/vins\/larcis-ducasse-larcis-ducasse-ch-2012-75cl\/"]}]},{"@type":"BreadcrumbList","@id":"https:\/\/www.mesvendanges.com\/fr\/boutique\/vins\/larcis-ducasse-larcis-ducasse-ch-2012-75cl\/#breadcrumb","itemListElement":[{"@type":"ListItem","position":1,"name":"Accueil","item":"https:\/\/www.mesvendanges.com\/fr\/"},{"@type":"ListItem","position":2,"name":"Boutique","item":"https:\/\/www.mesvendanges.com\/fr\/boutique\/"},{"@type":"ListItem","position":3,"name":"LARCIS-DUCASSE"}]}]}},"_links":{"self":[{"href":"https:\/\/www.mesvendanges.com\/fr\/wp-json\/wp\/v2\/product\/35457"}],"collection":[{"href":"https:\/\/www.mesvendanges.com\/fr\/wp-json\/wp\/v2\/product"}],"about":[{"href":"https:\/\/www.mesvendanges.com\/fr\/wp-json\/wp\/v2\/types\/product"}],"wp:attachment":[{"href":"https:\/\/www.mesvendanges.com\/fr\/wp-json\/wp\/v2\/media?parent=35457"}],"wp:term":[{"taxonomy":"product_cat","embeddable":true,"href":"https:\/\/www.mesvendanges.com\/fr\/wp-json\/wp\/v2\/product_cat?post=35457"},{"taxonomy":"product_tag","embeddable":true,"href":"https:\/\/www.mesvendanges.com\/fr\/wp-json\/wp\/v2\/product_tag?post=35457"}],"curies":[{"name":"wp","href":"https:\/\/api.w.org\/{rel}","templated":true}]}}