{"id":36163,"date":"2022-08-02T12:54:35","date_gmt":"2022-08-02T10:54:35","guid":{"rendered":"https:\/\/www.mesvendanges.com\/shop\/non%20class\u00e9\/sciacchetra\/"},"modified":"2023-12-06T04:24:26","modified_gmt":"2023-12-06T03:24:26","slug":"sciacchetra-possa-azienda-2010-37-5cl","status":"publish","type":"product","link":"https:\/\/www.mesvendanges.com\/fr\/boutique\/vins\/sciacchetra-possa-azienda-2010-37-5cl\/","title":{"rendered":"SCIACCHETRA"},"content":{"rendered":"<p>Voici la l\u00e9gende du Cinque Terre, ce vin unique tomb\u00e9 dans l&#8217;oubli. C&#8217;est un moelleux issu \u00e0 la fois de passerillage et de mac\u00e9ration pelliculaire. Le travail qu&#8217;il&nbsp;n\u00e9cessite&nbsp; son caract\u00e8re exceptionnel et artisanal l&#8217;ont rendu presque impossible \u00e0 produire aujourd&#8217;hui. Il faut des passionn\u00e9s qui ne comptent pas leur peine pour lui redonner vie, c&#8217;est le cas d&#8217;Heydi Bonanini. Elabor\u00e9 avec les m\u00eames c\u00e9pages (bosco, albarola et vermentino) et sur le m\u00eame terroir que le bianco, il s&#8217;agit en fait d&#8217;une s\u00e9lection des meilleurs baies mise \u00e0 passeriller pendant deux mois. Apr\u00e8s cette&nbsp;p\u00e9riode&nbsp; une nouvelle s\u00e9lection s&#8217;op\u00e8re afin de garder uniquement les plus beaux raisins qui sont mis en fermentation pelliculaire pendant 20 \u00e0 40 jours . Le vin sera ensuite \u00e9lev\u00e9 un an et demi puis mis en bouteille, avec une production de l&#8217;ordre de 600 demi bouteilles par an.<\/p>\n<div><\/div>\n<div>Ce vin est le vin des contraires, il semble dot\u00e9 du g\u00e9nie de faire vivre ensemble, de faire chatoyer des tonalit\u00e9s oppos\u00e9es. On per\u00e7oit toute la palette magique du passerillage avec du confit, de la datte, de l&#8217;abricot sec, du raisin de corinthe, notes \u00e9tales et bourdonnantes qui semblent transperc\u00e9es par une tension florale, balsamique reliant terre et ciel, \u00e0 travers r\u00e9sines, huiles essentielles, camphres orientaux. La&nbsp;fra\u00eecheur&nbsp;marine se gorgeant des rochers cuits par le soleil. La bouche prolonge ce nez polyphonique par des contrastes forts entre tanins de peau, richesse du sucre, acidit\u00e9 diabolique, alcools sup\u00e9rieurs et min\u00e9ralit\u00e9 du schiste.<\/div>\n<div>Nul par ailleurs que sur les terrasses du Cinque Terre on ne peut produire un tel vin !<\/p>\n<div><\/div>\n<div>Un v\u00e9ritable vin de m\u00e9ditation.<\/div>\n<\/div>\n","protected":false},"excerpt":{"rendered":"<p>Voici la l\u00e9gende du Cinque Terre, ce vin unique tomb\u00e9 dans l&#8217;oubli. C&#8217;est un moelleux issu \u00e0 la fois de passerillage et de mac\u00e9ration pelliculaire. Le travail qu&#8217;il&nbsp;n\u00e9cessite&nbsp; son caract\u00e8re exceptionnel et artisanal l&#8217;ont rendu presque impossible \u00e0 produire aujourd&#8217;hui. Il faut des passionn\u00e9s qui ne comptent pas leur peine pour lui redonner vie, c&#8217;est [&hellip;]<\/p>\n","protected":false},"featured_media":0,"template":"","meta":[],"product_cat":[3736],"product_tag":[],"acf":[],"yoast_head":"<!-- This site is optimized with the Yoast SEO plugin v19.3 - https:\/\/yoast.com\/wordpress\/plugins\/seo\/ -->\n<title>SCIACCHETRA - Mes Vendanges<\/title>\n<meta name=\"robots\" content=\"index, follow, max-snippet:-1, max-image-preview:large, max-video-preview:-1\" \/>\n<link rel=\"canonical\" href=\"https:\/\/www.mesvendanges.com\/fr\/boutique\/vins\/sciacchetra-possa-azienda-2010-37-5cl\/\" \/>\n<meta property=\"og:locale\" content=\"fr_FR\" \/>\n<meta property=\"og:type\" content=\"article\" \/>\n<meta property=\"og:title\" content=\"SCIACCHETRA - Mes Vendanges\" \/>\n<meta property=\"og:description\" content=\"Voici la l\u00e9gende du Cinque Terre, ce vin unique tomb\u00e9 dans l&#8217;oubli. C&#8217;est un moelleux issu \u00e0 la fois de passerillage et de mac\u00e9ration pelliculaire. Le travail qu&#8217;il&nbsp;n\u00e9cessite&nbsp; son caract\u00e8re exceptionnel et artisanal l&#8217;ont rendu presque impossible \u00e0 produire aujourd&#8217;hui. Il faut des passionn\u00e9s qui ne comptent pas leur peine pour lui redonner vie, c&#8217;est [&hellip;]\" \/>\n<meta property=\"og:url\" content=\"https:\/\/www.mesvendanges.com\/fr\/boutique\/vins\/sciacchetra-possa-azienda-2010-37-5cl\/\" \/>\n<meta property=\"og:site_name\" content=\"Mes Vendanges\" \/>\n<meta property=\"article:modified_time\" content=\"2023-12-06T03:24:26+00:00\" \/>\n<meta name=\"twitter:card\" content=\"summary_large_image\" \/>\n<meta name=\"twitter:label1\" content=\"Dur\u00e9e de lecture estim\u00e9e\" \/>\n\t<meta name=\"twitter:data1\" content=\"1 minute\" \/>\n<script type=\"application\/ld+json\" class=\"yoast-schema-graph\">{\"@context\":\"https:\/\/schema.org\",\"@graph\":[{\"@type\":\"Organization\",\"@id\":\"https:\/\/www.mesvendanges.com\/en\/#organization\",\"name\":\"Mes Vendanges\",\"url\":\"https:\/\/www.mesvendanges.com\/en\/\",\"sameAs\":[],\"logo\":{\"@type\":\"ImageObject\",\"inLanguage\":\"fr-FR\",\"@id\":\"https:\/\/www.mesvendanges.com\/en\/#\/schema\/logo\/image\/\",\"url\":\"https:\/\/www.mesvendanges.com\/wp-content\/uploads\/2022\/02\/logo-mesvendanges.jpg\",\"contentUrl\":\"https:\/\/www.mesvendanges.com\/wp-content\/uploads\/2022\/02\/logo-mesvendanges.jpg\",\"width\":851,\"height\":260,\"caption\":\"Mes Vendanges\"},\"image\":{\"@id\":\"https:\/\/www.mesvendanges.com\/en\/#\/schema\/logo\/image\/\"}},{\"@type\":\"WebSite\",\"@id\":\"https:\/\/www.mesvendanges.com\/en\/#website\",\"url\":\"https:\/\/www.mesvendanges.com\/en\/\",\"name\":\"Mes Vendanges\",\"description\":\"Des journ\u00e9es enti\u00e8res dans les vignes\",\"publisher\":{\"@id\":\"https:\/\/www.mesvendanges.com\/en\/#organization\"},\"potentialAction\":[{\"@type\":\"SearchAction\",\"target\":{\"@type\":\"EntryPoint\",\"urlTemplate\":\"https:\/\/www.mesvendanges.com\/en\/?s={search_term_string}\"},\"query-input\":\"required name=search_term_string\"}],\"inLanguage\":\"fr-FR\"},{\"@type\":\"WebPage\",\"@id\":\"https:\/\/www.mesvendanges.com\/fr\/boutique\/vins\/sciacchetra-possa-azienda-2010-37-5cl\/\",\"url\":\"https:\/\/www.mesvendanges.com\/fr\/boutique\/vins\/sciacchetra-possa-azienda-2010-37-5cl\/\",\"name\":\"SCIACCHETRA - Mes Vendanges\",\"isPartOf\":{\"@id\":\"https:\/\/www.mesvendanges.com\/en\/#website\"},\"datePublished\":\"2022-08-02T10:54:35+00:00\",\"dateModified\":\"2023-12-06T03:24:26+00:00\",\"breadcrumb\":{\"@id\":\"https:\/\/www.mesvendanges.com\/fr\/boutique\/vins\/sciacchetra-possa-azienda-2010-37-5cl\/#breadcrumb\"},\"inLanguage\":\"fr-FR\",\"potentialAction\":[{\"@type\":\"ReadAction\",\"target\":[\"https:\/\/www.mesvendanges.com\/fr\/boutique\/vins\/sciacchetra-possa-azienda-2010-37-5cl\/\"]}]},{\"@type\":\"BreadcrumbList\",\"@id\":\"https:\/\/www.mesvendanges.com\/fr\/boutique\/vins\/sciacchetra-possa-azienda-2010-37-5cl\/#breadcrumb\",\"itemListElement\":[{\"@type\":\"ListItem\",\"position\":1,\"name\":\"Accueil\",\"item\":\"https:\/\/www.mesvendanges.com\/fr\/\"},{\"@type\":\"ListItem\",\"position\":2,\"name\":\"Boutique\",\"item\":\"https:\/\/www.mesvendanges.com\/fr\/boutique\/\"},{\"@type\":\"ListItem\",\"position\":3,\"name\":\"SCIACCHETRA\"}]}]}<\/script>\n<!-- \/ Yoast SEO plugin. -->","yoast_head_json":{"title":"SCIACCHETRA - Mes Vendanges","robots":{"index":"index","follow":"follow","max-snippet":"max-snippet:-1","max-image-preview":"max-image-preview:large","max-video-preview":"max-video-preview:-1"},"canonical":"https:\/\/www.mesvendanges.com\/fr\/boutique\/vins\/sciacchetra-possa-azienda-2010-37-5cl\/","og_locale":"fr_FR","og_type":"article","og_title":"SCIACCHETRA - Mes Vendanges","og_description":"Voici la l\u00e9gende du Cinque Terre, ce vin unique tomb\u00e9 dans l&#8217;oubli. C&#8217;est un moelleux issu \u00e0 la fois de passerillage et de mac\u00e9ration pelliculaire. Le travail qu&#8217;il&nbsp;n\u00e9cessite&nbsp; son caract\u00e8re exceptionnel et artisanal l&#8217;ont rendu presque impossible \u00e0 produire aujourd&#8217;hui. Il faut des passionn\u00e9s qui ne comptent pas leur peine pour lui redonner vie, c&#8217;est [&hellip;]","og_url":"https:\/\/www.mesvendanges.com\/fr\/boutique\/vins\/sciacchetra-possa-azienda-2010-37-5cl\/","og_site_name":"Mes Vendanges","article_modified_time":"2023-12-06T03:24:26+00:00","twitter_card":"summary_large_image","twitter_misc":{"Dur\u00e9e de lecture estim\u00e9e":"1 minute"},"schema":{"@context":"https:\/\/schema.org","@graph":[{"@type":"Organization","@id":"https:\/\/www.mesvendanges.com\/en\/#organization","name":"Mes Vendanges","url":"https:\/\/www.mesvendanges.com\/en\/","sameAs":[],"logo":{"@type":"ImageObject","inLanguage":"fr-FR","@id":"https:\/\/www.mesvendanges.com\/en\/#\/schema\/logo\/image\/","url":"https:\/\/www.mesvendanges.com\/wp-content\/uploads\/2022\/02\/logo-mesvendanges.jpg","contentUrl":"https:\/\/www.mesvendanges.com\/wp-content\/uploads\/2022\/02\/logo-mesvendanges.jpg","width":851,"height":260,"caption":"Mes Vendanges"},"image":{"@id":"https:\/\/www.mesvendanges.com\/en\/#\/schema\/logo\/image\/"}},{"@type":"WebSite","@id":"https:\/\/www.mesvendanges.com\/en\/#website","url":"https:\/\/www.mesvendanges.com\/en\/","name":"Mes Vendanges","description":"Des journ\u00e9es enti\u00e8res dans les vignes","publisher":{"@id":"https:\/\/www.mesvendanges.com\/en\/#organization"},"potentialAction":[{"@type":"SearchAction","target":{"@type":"EntryPoint","urlTemplate":"https:\/\/www.mesvendanges.com\/en\/?s={search_term_string}"},"query-input":"required name=search_term_string"}],"inLanguage":"fr-FR"},{"@type":"WebPage","@id":"https:\/\/www.mesvendanges.com\/fr\/boutique\/vins\/sciacchetra-possa-azienda-2010-37-5cl\/","url":"https:\/\/www.mesvendanges.com\/fr\/boutique\/vins\/sciacchetra-possa-azienda-2010-37-5cl\/","name":"SCIACCHETRA - Mes Vendanges","isPartOf":{"@id":"https:\/\/www.mesvendanges.com\/en\/#website"},"datePublished":"2022-08-02T10:54:35+00:00","dateModified":"2023-12-06T03:24:26+00:00","breadcrumb":{"@id":"https:\/\/www.mesvendanges.com\/fr\/boutique\/vins\/sciacchetra-possa-azienda-2010-37-5cl\/#breadcrumb"},"inLanguage":"fr-FR","potentialAction":[{"@type":"ReadAction","target":["https:\/\/www.mesvendanges.com\/fr\/boutique\/vins\/sciacchetra-possa-azienda-2010-37-5cl\/"]}]},{"@type":"BreadcrumbList","@id":"https:\/\/www.mesvendanges.com\/fr\/boutique\/vins\/sciacchetra-possa-azienda-2010-37-5cl\/#breadcrumb","itemListElement":[{"@type":"ListItem","position":1,"name":"Accueil","item":"https:\/\/www.mesvendanges.com\/fr\/"},{"@type":"ListItem","position":2,"name":"Boutique","item":"https:\/\/www.mesvendanges.com\/fr\/boutique\/"},{"@type":"ListItem","position":3,"name":"SCIACCHETRA"}]}]}},"_links":{"self":[{"href":"https:\/\/www.mesvendanges.com\/fr\/wp-json\/wp\/v2\/product\/36163"}],"collection":[{"href":"https:\/\/www.mesvendanges.com\/fr\/wp-json\/wp\/v2\/product"}],"about":[{"href":"https:\/\/www.mesvendanges.com\/fr\/wp-json\/wp\/v2\/types\/product"}],"wp:attachment":[{"href":"https:\/\/www.mesvendanges.com\/fr\/wp-json\/wp\/v2\/media?parent=36163"}],"wp:term":[{"taxonomy":"product_cat","embeddable":true,"href":"https:\/\/www.mesvendanges.com\/fr\/wp-json\/wp\/v2\/product_cat?post=36163"},{"taxonomy":"product_tag","embeddable":true,"href":"https:\/\/www.mesvendanges.com\/fr\/wp-json\/wp\/v2\/product_tag?post=36163"}],"curies":[{"name":"wp","href":"https:\/\/api.w.org\/{rel}","templated":true}]}}