{"id":36215,"date":"2022-08-02T12:56:01","date_gmt":"2022-08-02T10:56:01","guid":{"rendered":"https:\/\/www.mesvendanges.com\/shop\/non%20class\u00e9\/les-corbeaux\/"},"modified":"2023-12-05T13:10:26","modified_gmt":"2023-12-05T12:10:26","slug":"les-corbeaux-clavelier-bruno-2009-75cl","status":"publish","type":"product","link":"https:\/\/www.mesvendanges.com\/fr\/boutique\/vins\/les-corbeaux-clavelier-bruno-2009-75cl\/","title":{"rendered":"LES CORBEAUX"},"content":{"rendered":"<h1 style=\"font-family: verdana, arial, 'sans serif'; font-size: 12px;\">Gevrey-Chambertin 1er cru &#8220;Les Corbeaux&#8221;<\/h1>\n<p style=\"font-family: verdana, Arial, 'sans serif'; font-size: 12px; color: rgb(45, 45, 45); text-align: justify;\">Parcelle de 22 ares compos\u00e9e d\u2019une vigne de 35 ans pour les 2\/3 et d\u2019une petite partie de plus de 70 ans. La vigne est situ\u00e9e en pied de coteau en amont de la route des grands crus \u00e0 la sortie du village, juste avant les Mazis-Chambertin. Elle est \u00e9tablie sur dalles calcaires \u00e0 entroques pour sa partie basse.&nbsp;<br \/>Loin du caract\u00e8re terrien qu\u2019on pr\u00eate souvent aux crus de ce village, le<strong>gevrey-chambertin 1er cru Les Corbeaux<\/strong>&nbsp;du domaine profite des \u00e9coulements d\u2019air frais de la combe Lavaux qui apportent \u00e9quilibre, finesse et un c\u00f4t\u00e9 plus a\u00e9rien. Le vin s\u2019exprime toujours avec un beau fruit et beaucoup de pr\u00e9cision dans la trame tannique.&nbsp;<\/p>\n","protected":false},"excerpt":{"rendered":"<p>Gevrey-Chambertin 1er cru &#8220;Les Corbeaux&#8221; Parcelle de 22 ares compos\u00e9e d\u2019une vigne de 35 ans pour les 2\/3 et d\u2019une petite partie de plus de 70 ans. La vigne est situ\u00e9e en pied de coteau en amont de la route des grands crus \u00e0 la sortie du village, juste avant les Mazis-Chambertin. Elle est \u00e9tablie [&hellip;]<\/p>\n","protected":false},"featured_media":0,"template":"","meta":[],"product_cat":[3736],"product_tag":[],"acf":[],"yoast_head":"<!-- This site is optimized with the Yoast SEO plugin v19.3 - https:\/\/yoast.com\/wordpress\/plugins\/seo\/ -->\n<title>LES CORBEAUX - Mes Vendanges<\/title>\n<meta name=\"robots\" content=\"index, follow, max-snippet:-1, max-image-preview:large, max-video-preview:-1\" \/>\n<link rel=\"canonical\" href=\"https:\/\/www.mesvendanges.com\/fr\/boutique\/vins\/les-corbeaux-clavelier-bruno-2009-75cl\/\" \/>\n<meta property=\"og:locale\" content=\"fr_FR\" \/>\n<meta property=\"og:type\" content=\"article\" \/>\n<meta property=\"og:title\" content=\"LES CORBEAUX - Mes Vendanges\" \/>\n<meta property=\"og:description\" content=\"Gevrey-Chambertin 1er cru &#8220;Les Corbeaux&#8221; Parcelle de 22 ares compos\u00e9e d\u2019une vigne de 35 ans pour les 2\/3 et d\u2019une petite partie de plus de 70 ans. La vigne est situ\u00e9e en pied de coteau en amont de la route des grands crus \u00e0 la sortie du village, juste avant les Mazis-Chambertin. Elle est \u00e9tablie [&hellip;]\" \/>\n<meta property=\"og:url\" content=\"https:\/\/www.mesvendanges.com\/fr\/boutique\/vins\/les-corbeaux-clavelier-bruno-2009-75cl\/\" \/>\n<meta property=\"og:site_name\" content=\"Mes Vendanges\" \/>\n<meta property=\"article:modified_time\" content=\"2023-12-05T12:10:26+00:00\" \/>\n<meta name=\"twitter:card\" content=\"summary_large_image\" \/>\n<meta name=\"twitter:label1\" content=\"Dur\u00e9e de lecture estim\u00e9e\" \/>\n\t<meta name=\"twitter:data1\" content=\"1 minute\" \/>\n<script type=\"application\/ld+json\" class=\"yoast-schema-graph\">{\"@context\":\"https:\/\/schema.org\",\"@graph\":[{\"@type\":\"Organization\",\"@id\":\"https:\/\/www.mesvendanges.com\/en\/#organization\",\"name\":\"Mes Vendanges\",\"url\":\"https:\/\/www.mesvendanges.com\/en\/\",\"sameAs\":[],\"logo\":{\"@type\":\"ImageObject\",\"inLanguage\":\"fr-FR\",\"@id\":\"https:\/\/www.mesvendanges.com\/en\/#\/schema\/logo\/image\/\",\"url\":\"https:\/\/www.mesvendanges.com\/wp-content\/uploads\/2022\/02\/logo-mesvendanges.jpg\",\"contentUrl\":\"https:\/\/www.mesvendanges.com\/wp-content\/uploads\/2022\/02\/logo-mesvendanges.jpg\",\"width\":851,\"height\":260,\"caption\":\"Mes Vendanges\"},\"image\":{\"@id\":\"https:\/\/www.mesvendanges.com\/en\/#\/schema\/logo\/image\/\"}},{\"@type\":\"WebSite\",\"@id\":\"https:\/\/www.mesvendanges.com\/en\/#website\",\"url\":\"https:\/\/www.mesvendanges.com\/en\/\",\"name\":\"Mes Vendanges\",\"description\":\"Des journ\u00e9es enti\u00e8res dans les vignes\",\"publisher\":{\"@id\":\"https:\/\/www.mesvendanges.com\/en\/#organization\"},\"potentialAction\":[{\"@type\":\"SearchAction\",\"target\":{\"@type\":\"EntryPoint\",\"urlTemplate\":\"https:\/\/www.mesvendanges.com\/en\/?s={search_term_string}\"},\"query-input\":\"required name=search_term_string\"}],\"inLanguage\":\"fr-FR\"},{\"@type\":\"WebPage\",\"@id\":\"https:\/\/www.mesvendanges.com\/fr\/boutique\/vins\/les-corbeaux-clavelier-bruno-2009-75cl\/\",\"url\":\"https:\/\/www.mesvendanges.com\/fr\/boutique\/vins\/les-corbeaux-clavelier-bruno-2009-75cl\/\",\"name\":\"LES CORBEAUX - Mes Vendanges\",\"isPartOf\":{\"@id\":\"https:\/\/www.mesvendanges.com\/en\/#website\"},\"datePublished\":\"2022-08-02T10:56:01+00:00\",\"dateModified\":\"2023-12-05T12:10:26+00:00\",\"breadcrumb\":{\"@id\":\"https:\/\/www.mesvendanges.com\/fr\/boutique\/vins\/les-corbeaux-clavelier-bruno-2009-75cl\/#breadcrumb\"},\"inLanguage\":\"fr-FR\",\"potentialAction\":[{\"@type\":\"ReadAction\",\"target\":[\"https:\/\/www.mesvendanges.com\/fr\/boutique\/vins\/les-corbeaux-clavelier-bruno-2009-75cl\/\"]}]},{\"@type\":\"BreadcrumbList\",\"@id\":\"https:\/\/www.mesvendanges.com\/fr\/boutique\/vins\/les-corbeaux-clavelier-bruno-2009-75cl\/#breadcrumb\",\"itemListElement\":[{\"@type\":\"ListItem\",\"position\":1,\"name\":\"Accueil\",\"item\":\"https:\/\/www.mesvendanges.com\/fr\/\"},{\"@type\":\"ListItem\",\"position\":2,\"name\":\"Boutique\",\"item\":\"https:\/\/www.mesvendanges.com\/fr\/boutique\/\"},{\"@type\":\"ListItem\",\"position\":3,\"name\":\"LES CORBEAUX\"}]}]}<\/script>\n<!-- \/ Yoast SEO plugin. -->","yoast_head_json":{"title":"LES CORBEAUX - Mes Vendanges","robots":{"index":"index","follow":"follow","max-snippet":"max-snippet:-1","max-image-preview":"max-image-preview:large","max-video-preview":"max-video-preview:-1"},"canonical":"https:\/\/www.mesvendanges.com\/fr\/boutique\/vins\/les-corbeaux-clavelier-bruno-2009-75cl\/","og_locale":"fr_FR","og_type":"article","og_title":"LES CORBEAUX - Mes Vendanges","og_description":"Gevrey-Chambertin 1er cru &#8220;Les Corbeaux&#8221; Parcelle de 22 ares compos\u00e9e d\u2019une vigne de 35 ans pour les 2\/3 et d\u2019une petite partie de plus de 70 ans. La vigne est situ\u00e9e en pied de coteau en amont de la route des grands crus \u00e0 la sortie du village, juste avant les Mazis-Chambertin. Elle est \u00e9tablie [&hellip;]","og_url":"https:\/\/www.mesvendanges.com\/fr\/boutique\/vins\/les-corbeaux-clavelier-bruno-2009-75cl\/","og_site_name":"Mes Vendanges","article_modified_time":"2023-12-05T12:10:26+00:00","twitter_card":"summary_large_image","twitter_misc":{"Dur\u00e9e de lecture estim\u00e9e":"1 minute"},"schema":{"@context":"https:\/\/schema.org","@graph":[{"@type":"Organization","@id":"https:\/\/www.mesvendanges.com\/en\/#organization","name":"Mes Vendanges","url":"https:\/\/www.mesvendanges.com\/en\/","sameAs":[],"logo":{"@type":"ImageObject","inLanguage":"fr-FR","@id":"https:\/\/www.mesvendanges.com\/en\/#\/schema\/logo\/image\/","url":"https:\/\/www.mesvendanges.com\/wp-content\/uploads\/2022\/02\/logo-mesvendanges.jpg","contentUrl":"https:\/\/www.mesvendanges.com\/wp-content\/uploads\/2022\/02\/logo-mesvendanges.jpg","width":851,"height":260,"caption":"Mes Vendanges"},"image":{"@id":"https:\/\/www.mesvendanges.com\/en\/#\/schema\/logo\/image\/"}},{"@type":"WebSite","@id":"https:\/\/www.mesvendanges.com\/en\/#website","url":"https:\/\/www.mesvendanges.com\/en\/","name":"Mes Vendanges","description":"Des journ\u00e9es enti\u00e8res dans les vignes","publisher":{"@id":"https:\/\/www.mesvendanges.com\/en\/#organization"},"potentialAction":[{"@type":"SearchAction","target":{"@type":"EntryPoint","urlTemplate":"https:\/\/www.mesvendanges.com\/en\/?s={search_term_string}"},"query-input":"required name=search_term_string"}],"inLanguage":"fr-FR"},{"@type":"WebPage","@id":"https:\/\/www.mesvendanges.com\/fr\/boutique\/vins\/les-corbeaux-clavelier-bruno-2009-75cl\/","url":"https:\/\/www.mesvendanges.com\/fr\/boutique\/vins\/les-corbeaux-clavelier-bruno-2009-75cl\/","name":"LES CORBEAUX - Mes Vendanges","isPartOf":{"@id":"https:\/\/www.mesvendanges.com\/en\/#website"},"datePublished":"2022-08-02T10:56:01+00:00","dateModified":"2023-12-05T12:10:26+00:00","breadcrumb":{"@id":"https:\/\/www.mesvendanges.com\/fr\/boutique\/vins\/les-corbeaux-clavelier-bruno-2009-75cl\/#breadcrumb"},"inLanguage":"fr-FR","potentialAction":[{"@type":"ReadAction","target":["https:\/\/www.mesvendanges.com\/fr\/boutique\/vins\/les-corbeaux-clavelier-bruno-2009-75cl\/"]}]},{"@type":"BreadcrumbList","@id":"https:\/\/www.mesvendanges.com\/fr\/boutique\/vins\/les-corbeaux-clavelier-bruno-2009-75cl\/#breadcrumb","itemListElement":[{"@type":"ListItem","position":1,"name":"Accueil","item":"https:\/\/www.mesvendanges.com\/fr\/"},{"@type":"ListItem","position":2,"name":"Boutique","item":"https:\/\/www.mesvendanges.com\/fr\/boutique\/"},{"@type":"ListItem","position":3,"name":"LES CORBEAUX"}]}]}},"_links":{"self":[{"href":"https:\/\/www.mesvendanges.com\/fr\/wp-json\/wp\/v2\/product\/36215"}],"collection":[{"href":"https:\/\/www.mesvendanges.com\/fr\/wp-json\/wp\/v2\/product"}],"about":[{"href":"https:\/\/www.mesvendanges.com\/fr\/wp-json\/wp\/v2\/types\/product"}],"wp:attachment":[{"href":"https:\/\/www.mesvendanges.com\/fr\/wp-json\/wp\/v2\/media?parent=36215"}],"wp:term":[{"taxonomy":"product_cat","embeddable":true,"href":"https:\/\/www.mesvendanges.com\/fr\/wp-json\/wp\/v2\/product_cat?post=36215"},{"taxonomy":"product_tag","embeddable":true,"href":"https:\/\/www.mesvendanges.com\/fr\/wp-json\/wp\/v2\/product_tag?post=36215"}],"curies":[{"name":"wp","href":"https:\/\/api.w.org\/{rel}","templated":true}]}}