{"id":36433,"date":"2022-08-02T13:01:48","date_gmt":"2022-08-02T11:01:48","guid":{"rendered":"https:\/\/www.mesvendanges.com\/shop\/non%20class\u00e9\/cornas-equis\/"},"modified":"2023-12-05T20:06:13","modified_gmt":"2023-12-05T19:06:13","slug":"cornas-equis-graillot-dne-alain-2011-75cl","status":"publish","type":"product","link":"https:\/\/www.mesvendanges.com\/fr\/boutique\/vins\/cornas-equis-graillot-dne-alain-2011-75cl\/","title":{"rendered":"CORNAS EQUIS"},"content":{"rendered":"<p>Le Cornas de Maxime Graillot est vendu sous l&#8217;\u00e9tiquette EQUIS, une petite maison de n\u00e9goce avec laquelle il ach\u00e8te du raisins \u00e0 des amis vignerons. Il peut ainsi \u00e9laborer de tr\u00e8s beaux vins de diff\u00e9rentes appellations. On retrouve dans ce Cornas la finesse des vinifications de Maxime, bien loin des standards souvent rustiques de l&#8217;appellation. Une cuv\u00e9e \u00e0 d\u00e9couvrir absolument.<\/p>\n","protected":false},"excerpt":{"rendered":"<p>Le Cornas de Maxime Graillot est vendu sous l&#8217;\u00e9tiquette EQUIS, une petite maison de n\u00e9goce avec laquelle il ach\u00e8te du raisins \u00e0 des amis vignerons. Il peut ainsi \u00e9laborer de tr\u00e8s beaux vins de diff\u00e9rentes appellations. On retrouve dans ce Cornas la finesse des vinifications de Maxime, bien loin des standards souvent rustiques de l&#8217;appellation. [&hellip;]<\/p>\n","protected":false},"featured_media":14996,"template":"","meta":[],"product_cat":[3736],"product_tag":[],"acf":[],"yoast_head":"<!-- This site is optimized with the Yoast SEO plugin v19.3 - https:\/\/yoast.com\/wordpress\/plugins\/seo\/ -->\n<title>CORNAS EQUIS - Mes Vendanges<\/title>\n<meta name=\"robots\" content=\"index, follow, max-snippet:-1, max-image-preview:large, max-video-preview:-1\" \/>\n<link rel=\"canonical\" href=\"https:\/\/www.mesvendanges.com\/fr\/boutique\/vins\/cornas-equis-graillot-dne-alain-2011-75cl\/\" \/>\n<meta property=\"og:locale\" content=\"fr_FR\" \/>\n<meta property=\"og:type\" content=\"article\" \/>\n<meta property=\"og:title\" content=\"CORNAS EQUIS - Mes Vendanges\" \/>\n<meta property=\"og:description\" content=\"Le Cornas de Maxime Graillot est vendu sous l&#8217;\u00e9tiquette EQUIS, une petite maison de n\u00e9goce avec laquelle il ach\u00e8te du raisins \u00e0 des amis vignerons. Il peut ainsi \u00e9laborer de tr\u00e8s beaux vins de diff\u00e9rentes appellations. On retrouve dans ce Cornas la finesse des vinifications de Maxime, bien loin des standards souvent rustiques de l&#8217;appellation. [&hellip;]\" \/>\n<meta property=\"og:url\" content=\"https:\/\/www.mesvendanges.com\/fr\/boutique\/vins\/cornas-equis-graillot-dne-alain-2011-75cl\/\" \/>\n<meta property=\"og:site_name\" content=\"Mes Vendanges\" \/>\n<meta property=\"article:modified_time\" content=\"2023-12-05T19:06:13+00:00\" \/>\n<meta property=\"og:image\" content=\"https:\/\/www.mesvendanges.com\/wp-content\/uploads\/2022\/07\/domaine-alain-graillot-cornas-equis-crozes-hermitage-rouge-2011-13-5-png.png\" \/>\n\t<meta property=\"og:image:width\" content=\"441\" \/>\n\t<meta property=\"og:image:height\" content=\"1500\" \/>\n\t<meta property=\"og:image:type\" content=\"image\/png\" \/>\n<meta name=\"twitter:card\" content=\"summary_large_image\" \/>\n<script type=\"application\/ld+json\" class=\"yoast-schema-graph\">{\"@context\":\"https:\/\/schema.org\",\"@graph\":[{\"@type\":\"Organization\",\"@id\":\"https:\/\/www.mesvendanges.com\/en\/#organization\",\"name\":\"Mes Vendanges\",\"url\":\"https:\/\/www.mesvendanges.com\/en\/\",\"sameAs\":[],\"logo\":{\"@type\":\"ImageObject\",\"inLanguage\":\"fr-FR\",\"@id\":\"https:\/\/www.mesvendanges.com\/en\/#\/schema\/logo\/image\/\",\"url\":\"https:\/\/www.mesvendanges.com\/wp-content\/uploads\/2022\/02\/logo-mesvendanges.jpg\",\"contentUrl\":\"https:\/\/www.mesvendanges.com\/wp-content\/uploads\/2022\/02\/logo-mesvendanges.jpg\",\"width\":851,\"height\":260,\"caption\":\"Mes Vendanges\"},\"image\":{\"@id\":\"https:\/\/www.mesvendanges.com\/en\/#\/schema\/logo\/image\/\"}},{\"@type\":\"WebSite\",\"@id\":\"https:\/\/www.mesvendanges.com\/en\/#website\",\"url\":\"https:\/\/www.mesvendanges.com\/en\/\",\"name\":\"Mes Vendanges\",\"description\":\"Des journ\u00e9es enti\u00e8res dans les vignes\",\"publisher\":{\"@id\":\"https:\/\/www.mesvendanges.com\/en\/#organization\"},\"potentialAction\":[{\"@type\":\"SearchAction\",\"target\":{\"@type\":\"EntryPoint\",\"urlTemplate\":\"https:\/\/www.mesvendanges.com\/en\/?s={search_term_string}\"},\"query-input\":\"required name=search_term_string\"}],\"inLanguage\":\"fr-FR\"},{\"@type\":\"ImageObject\",\"inLanguage\":\"fr-FR\",\"@id\":\"https:\/\/www.mesvendanges.com\/fr\/boutique\/vins\/cornas-equis-graillot-dne-alain-2011-75cl\/#primaryimage\",\"url\":\"https:\/\/www.mesvendanges.com\/wp-content\/uploads\/2022\/07\/domaine-alain-graillot-cornas-equis-crozes-hermitage-rouge-2011-13-5-png.png\",\"contentUrl\":\"https:\/\/www.mesvendanges.com\/wp-content\/uploads\/2022\/07\/domaine-alain-graillot-cornas-equis-crozes-hermitage-rouge-2011-13-5-png.png\",\"width\":441,\"height\":1500},{\"@type\":\"WebPage\",\"@id\":\"https:\/\/www.mesvendanges.com\/fr\/boutique\/vins\/cornas-equis-graillot-dne-alain-2011-75cl\/\",\"url\":\"https:\/\/www.mesvendanges.com\/fr\/boutique\/vins\/cornas-equis-graillot-dne-alain-2011-75cl\/\",\"name\":\"CORNAS EQUIS - Mes Vendanges\",\"isPartOf\":{\"@id\":\"https:\/\/www.mesvendanges.com\/en\/#website\"},\"primaryImageOfPage\":{\"@id\":\"https:\/\/www.mesvendanges.com\/fr\/boutique\/vins\/cornas-equis-graillot-dne-alain-2011-75cl\/#primaryimage\"},\"datePublished\":\"2022-08-02T11:01:48+00:00\",\"dateModified\":\"2023-12-05T19:06:13+00:00\",\"breadcrumb\":{\"@id\":\"https:\/\/www.mesvendanges.com\/fr\/boutique\/vins\/cornas-equis-graillot-dne-alain-2011-75cl\/#breadcrumb\"},\"inLanguage\":\"fr-FR\",\"potentialAction\":[{\"@type\":\"ReadAction\",\"target\":[\"https:\/\/www.mesvendanges.com\/fr\/boutique\/vins\/cornas-equis-graillot-dne-alain-2011-75cl\/\"]}]},{\"@type\":\"BreadcrumbList\",\"@id\":\"https:\/\/www.mesvendanges.com\/fr\/boutique\/vins\/cornas-equis-graillot-dne-alain-2011-75cl\/#breadcrumb\",\"itemListElement\":[{\"@type\":\"ListItem\",\"position\":1,\"name\":\"Accueil\",\"item\":\"https:\/\/www.mesvendanges.com\/fr\/\"},{\"@type\":\"ListItem\",\"position\":2,\"name\":\"Boutique\",\"item\":\"https:\/\/www.mesvendanges.com\/fr\/boutique\/\"},{\"@type\":\"ListItem\",\"position\":3,\"name\":\"CORNAS EQUIS\"}]}]}<\/script>\n<!-- \/ Yoast SEO plugin. -->","yoast_head_json":{"title":"CORNAS EQUIS - Mes Vendanges","robots":{"index":"index","follow":"follow","max-snippet":"max-snippet:-1","max-image-preview":"max-image-preview:large","max-video-preview":"max-video-preview:-1"},"canonical":"https:\/\/www.mesvendanges.com\/fr\/boutique\/vins\/cornas-equis-graillot-dne-alain-2011-75cl\/","og_locale":"fr_FR","og_type":"article","og_title":"CORNAS EQUIS - Mes Vendanges","og_description":"Le Cornas de Maxime Graillot est vendu sous l&#8217;\u00e9tiquette EQUIS, une petite maison de n\u00e9goce avec laquelle il ach\u00e8te du raisins \u00e0 des amis vignerons. Il peut ainsi \u00e9laborer de tr\u00e8s beaux vins de diff\u00e9rentes appellations. On retrouve dans ce Cornas la finesse des vinifications de Maxime, bien loin des standards souvent rustiques de l&#8217;appellation. [&hellip;]","og_url":"https:\/\/www.mesvendanges.com\/fr\/boutique\/vins\/cornas-equis-graillot-dne-alain-2011-75cl\/","og_site_name":"Mes Vendanges","article_modified_time":"2023-12-05T19:06:13+00:00","og_image":[{"width":441,"height":1500,"url":"https:\/\/www.mesvendanges.com\/wp-content\/uploads\/2022\/07\/domaine-alain-graillot-cornas-equis-crozes-hermitage-rouge-2011-13-5-png.png","type":"image\/png"}],"twitter_card":"summary_large_image","schema":{"@context":"https:\/\/schema.org","@graph":[{"@type":"Organization","@id":"https:\/\/www.mesvendanges.com\/en\/#organization","name":"Mes Vendanges","url":"https:\/\/www.mesvendanges.com\/en\/","sameAs":[],"logo":{"@type":"ImageObject","inLanguage":"fr-FR","@id":"https:\/\/www.mesvendanges.com\/en\/#\/schema\/logo\/image\/","url":"https:\/\/www.mesvendanges.com\/wp-content\/uploads\/2022\/02\/logo-mesvendanges.jpg","contentUrl":"https:\/\/www.mesvendanges.com\/wp-content\/uploads\/2022\/02\/logo-mesvendanges.jpg","width":851,"height":260,"caption":"Mes Vendanges"},"image":{"@id":"https:\/\/www.mesvendanges.com\/en\/#\/schema\/logo\/image\/"}},{"@type":"WebSite","@id":"https:\/\/www.mesvendanges.com\/en\/#website","url":"https:\/\/www.mesvendanges.com\/en\/","name":"Mes Vendanges","description":"Des journ\u00e9es enti\u00e8res dans les vignes","publisher":{"@id":"https:\/\/www.mesvendanges.com\/en\/#organization"},"potentialAction":[{"@type":"SearchAction","target":{"@type":"EntryPoint","urlTemplate":"https:\/\/www.mesvendanges.com\/en\/?s={search_term_string}"},"query-input":"required name=search_term_string"}],"inLanguage":"fr-FR"},{"@type":"ImageObject","inLanguage":"fr-FR","@id":"https:\/\/www.mesvendanges.com\/fr\/boutique\/vins\/cornas-equis-graillot-dne-alain-2011-75cl\/#primaryimage","url":"https:\/\/www.mesvendanges.com\/wp-content\/uploads\/2022\/07\/domaine-alain-graillot-cornas-equis-crozes-hermitage-rouge-2011-13-5-png.png","contentUrl":"https:\/\/www.mesvendanges.com\/wp-content\/uploads\/2022\/07\/domaine-alain-graillot-cornas-equis-crozes-hermitage-rouge-2011-13-5-png.png","width":441,"height":1500},{"@type":"WebPage","@id":"https:\/\/www.mesvendanges.com\/fr\/boutique\/vins\/cornas-equis-graillot-dne-alain-2011-75cl\/","url":"https:\/\/www.mesvendanges.com\/fr\/boutique\/vins\/cornas-equis-graillot-dne-alain-2011-75cl\/","name":"CORNAS EQUIS - Mes Vendanges","isPartOf":{"@id":"https:\/\/www.mesvendanges.com\/en\/#website"},"primaryImageOfPage":{"@id":"https:\/\/www.mesvendanges.com\/fr\/boutique\/vins\/cornas-equis-graillot-dne-alain-2011-75cl\/#primaryimage"},"datePublished":"2022-08-02T11:01:48+00:00","dateModified":"2023-12-05T19:06:13+00:00","breadcrumb":{"@id":"https:\/\/www.mesvendanges.com\/fr\/boutique\/vins\/cornas-equis-graillot-dne-alain-2011-75cl\/#breadcrumb"},"inLanguage":"fr-FR","potentialAction":[{"@type":"ReadAction","target":["https:\/\/www.mesvendanges.com\/fr\/boutique\/vins\/cornas-equis-graillot-dne-alain-2011-75cl\/"]}]},{"@type":"BreadcrumbList","@id":"https:\/\/www.mesvendanges.com\/fr\/boutique\/vins\/cornas-equis-graillot-dne-alain-2011-75cl\/#breadcrumb","itemListElement":[{"@type":"ListItem","position":1,"name":"Accueil","item":"https:\/\/www.mesvendanges.com\/fr\/"},{"@type":"ListItem","position":2,"name":"Boutique","item":"https:\/\/www.mesvendanges.com\/fr\/boutique\/"},{"@type":"ListItem","position":3,"name":"CORNAS EQUIS"}]}]}},"_links":{"self":[{"href":"https:\/\/www.mesvendanges.com\/fr\/wp-json\/wp\/v2\/product\/36433"}],"collection":[{"href":"https:\/\/www.mesvendanges.com\/fr\/wp-json\/wp\/v2\/product"}],"about":[{"href":"https:\/\/www.mesvendanges.com\/fr\/wp-json\/wp\/v2\/types\/product"}],"wp:featuredmedia":[{"embeddable":true,"href":"https:\/\/www.mesvendanges.com\/fr\/wp-json\/wp\/v2\/media\/14996"}],"wp:attachment":[{"href":"https:\/\/www.mesvendanges.com\/fr\/wp-json\/wp\/v2\/media?parent=36433"}],"wp:term":[{"taxonomy":"product_cat","embeddable":true,"href":"https:\/\/www.mesvendanges.com\/fr\/wp-json\/wp\/v2\/product_cat?post=36433"},{"taxonomy":"product_tag","embeddable":true,"href":"https:\/\/www.mesvendanges.com\/fr\/wp-json\/wp\/v2\/product_tag?post=36433"}],"curies":[{"name":"wp","href":"https:\/\/api.w.org\/{rel}","templated":true}]}}