{"id":36589,"date":"2022-08-02T13:05:55","date_gmt":"2022-08-02T11:05:55","guid":{"rendered":"https:\/\/www.mesvendanges.com\/shop\/non%20class\u00e9\/grandmont\/"},"modified":"2023-12-05T12:25:14","modified_gmt":"2023-12-05T11:25:14","slug":"grandmont-chevalerie-dne-de-la-2012-75cl","status":"publish","type":"product","link":"https:\/\/www.mesvendanges.com\/fr\/boutique\/vins\/grandmont-chevalerie-dne-de-la-2012-75cl\/","title":{"rendered":"GRANDMONT"},"content":{"rendered":"<p>Le Bourgueil Grandmont 2012 du Domaine de la Chevalerie est un vin d&#8217;exception. Issue de vignes cabernet-francs de mi-coteaux sur terre argileuse et craie, cette cuv\u00e9e est \u00e9tonnante de densit\u00e9 et de finesse, un tr\u00e8s grand rouge de Loire. Le domaine de la Chevalerie est en agriculture biologique certifi\u00e9e.<\n<\/p>\n","protected":false},"excerpt":{"rendered":"<p>Le Bourgueil Grandmont 2012 du Domaine de la Chevalerie est un vin d&#8217;exception. Issue de vignes cabernet-francs de mi-coteaux sur terre argileuse et craie, cette cuv\u00e9e est \u00e9tonnante de densit\u00e9 et de finesse, un tr\u00e8s grand rouge de Loire. Le domaine de la Chevalerie est en agriculture biologique certifi\u00e9e.<\n<\/p>\n","protected":false},"featured_media":15142,"template":"","meta":[],"product_cat":[3736],"product_tag":[],"acf":[],"yoast_head":"<!-- This site is optimized with the Yoast SEO plugin v19.3 - https:\/\/yoast.com\/wordpress\/plugins\/seo\/ -->\n<title>GRANDMONT - Mes Vendanges<\/title>\n<meta name=\"robots\" content=\"index, follow, max-snippet:-1, max-image-preview:large, max-video-preview:-1\" \/>\n<link rel=\"canonical\" href=\"https:\/\/www.mesvendanges.com\/fr\/boutique\/vins\/grandmont-chevalerie-dne-de-la-2012-75cl\/\" \/>\n<meta property=\"og:locale\" content=\"fr_FR\" \/>\n<meta property=\"og:type\" content=\"article\" \/>\n<meta property=\"og:title\" content=\"GRANDMONT - Mes Vendanges\" \/>\n<meta property=\"og:description\" content=\"Le Bourgueil Grandmont 2012 du Domaine de la Chevalerie est un vin d&#8217;exception. Issue de vignes cabernet-francs de mi-coteaux sur terre argileuse et craie, cette cuv\u00e9e est \u00e9tonnante de densit\u00e9 et de finesse, un tr\u00e8s grand rouge de Loire. Le domaine de la Chevalerie est en agriculture biologique certifi\u00e9e.\" \/>\n<meta property=\"og:url\" content=\"https:\/\/www.mesvendanges.com\/fr\/boutique\/vins\/grandmont-chevalerie-dne-de-la-2012-75cl\/\" \/>\n<meta property=\"og:site_name\" content=\"Mes Vendanges\" \/>\n<meta property=\"article:modified_time\" content=\"2023-12-05T11:25:14+00:00\" \/>\n<meta property=\"og:image\" content=\"https:\/\/www.mesvendanges.com\/wp-content\/uploads\/2022\/07\/domaine-de-la-chevalerie-bourgueil-grand-mont-2012-png.png\" \/>\n\t<meta property=\"og:image:width\" content=\"420\" \/>\n\t<meta property=\"og:image:height\" content=\"1500\" \/>\n\t<meta property=\"og:image:type\" content=\"image\/png\" \/>\n<meta name=\"twitter:card\" content=\"summary_large_image\" \/>\n<script type=\"application\/ld+json\" class=\"yoast-schema-graph\">{\"@context\":\"https:\/\/schema.org\",\"@graph\":[{\"@type\":\"Organization\",\"@id\":\"https:\/\/www.mesvendanges.com\/en\/#organization\",\"name\":\"Mes Vendanges\",\"url\":\"https:\/\/www.mesvendanges.com\/en\/\",\"sameAs\":[],\"logo\":{\"@type\":\"ImageObject\",\"inLanguage\":\"fr-FR\",\"@id\":\"https:\/\/www.mesvendanges.com\/en\/#\/schema\/logo\/image\/\",\"url\":\"https:\/\/www.mesvendanges.com\/wp-content\/uploads\/2022\/02\/logo-mesvendanges.jpg\",\"contentUrl\":\"https:\/\/www.mesvendanges.com\/wp-content\/uploads\/2022\/02\/logo-mesvendanges.jpg\",\"width\":851,\"height\":260,\"caption\":\"Mes Vendanges\"},\"image\":{\"@id\":\"https:\/\/www.mesvendanges.com\/en\/#\/schema\/logo\/image\/\"}},{\"@type\":\"WebSite\",\"@id\":\"https:\/\/www.mesvendanges.com\/en\/#website\",\"url\":\"https:\/\/www.mesvendanges.com\/en\/\",\"name\":\"Mes Vendanges\",\"description\":\"Des journ\u00e9es enti\u00e8res dans les vignes\",\"publisher\":{\"@id\":\"https:\/\/www.mesvendanges.com\/en\/#organization\"},\"potentialAction\":[{\"@type\":\"SearchAction\",\"target\":{\"@type\":\"EntryPoint\",\"urlTemplate\":\"https:\/\/www.mesvendanges.com\/en\/?s={search_term_string}\"},\"query-input\":\"required name=search_term_string\"}],\"inLanguage\":\"fr-FR\"},{\"@type\":\"ImageObject\",\"inLanguage\":\"fr-FR\",\"@id\":\"https:\/\/www.mesvendanges.com\/fr\/boutique\/vins\/grandmont-chevalerie-dne-de-la-2012-75cl\/#primaryimage\",\"url\":\"https:\/\/www.mesvendanges.com\/wp-content\/uploads\/2022\/07\/domaine-de-la-chevalerie-bourgueil-grand-mont-2012-png.png\",\"contentUrl\":\"https:\/\/www.mesvendanges.com\/wp-content\/uploads\/2022\/07\/domaine-de-la-chevalerie-bourgueil-grand-mont-2012-png.png\",\"width\":420,\"height\":1500},{\"@type\":\"WebPage\",\"@id\":\"https:\/\/www.mesvendanges.com\/fr\/boutique\/vins\/grandmont-chevalerie-dne-de-la-2012-75cl\/\",\"url\":\"https:\/\/www.mesvendanges.com\/fr\/boutique\/vins\/grandmont-chevalerie-dne-de-la-2012-75cl\/\",\"name\":\"GRANDMONT - Mes Vendanges\",\"isPartOf\":{\"@id\":\"https:\/\/www.mesvendanges.com\/en\/#website\"},\"primaryImageOfPage\":{\"@id\":\"https:\/\/www.mesvendanges.com\/fr\/boutique\/vins\/grandmont-chevalerie-dne-de-la-2012-75cl\/#primaryimage\"},\"datePublished\":\"2022-08-02T11:05:55+00:00\",\"dateModified\":\"2023-12-05T11:25:14+00:00\",\"breadcrumb\":{\"@id\":\"https:\/\/www.mesvendanges.com\/fr\/boutique\/vins\/grandmont-chevalerie-dne-de-la-2012-75cl\/#breadcrumb\"},\"inLanguage\":\"fr-FR\",\"potentialAction\":[{\"@type\":\"ReadAction\",\"target\":[\"https:\/\/www.mesvendanges.com\/fr\/boutique\/vins\/grandmont-chevalerie-dne-de-la-2012-75cl\/\"]}]},{\"@type\":\"BreadcrumbList\",\"@id\":\"https:\/\/www.mesvendanges.com\/fr\/boutique\/vins\/grandmont-chevalerie-dne-de-la-2012-75cl\/#breadcrumb\",\"itemListElement\":[{\"@type\":\"ListItem\",\"position\":1,\"name\":\"Accueil\",\"item\":\"https:\/\/www.mesvendanges.com\/fr\/\"},{\"@type\":\"ListItem\",\"position\":2,\"name\":\"Boutique\",\"item\":\"https:\/\/www.mesvendanges.com\/fr\/boutique\/\"},{\"@type\":\"ListItem\",\"position\":3,\"name\":\"GRANDMONT\"}]}]}<\/script>\n<!-- \/ Yoast SEO plugin. -->","yoast_head_json":{"title":"GRANDMONT - Mes Vendanges","robots":{"index":"index","follow":"follow","max-snippet":"max-snippet:-1","max-image-preview":"max-image-preview:large","max-video-preview":"max-video-preview:-1"},"canonical":"https:\/\/www.mesvendanges.com\/fr\/boutique\/vins\/grandmont-chevalerie-dne-de-la-2012-75cl\/","og_locale":"fr_FR","og_type":"article","og_title":"GRANDMONT - Mes Vendanges","og_description":"Le Bourgueil Grandmont 2012 du Domaine de la Chevalerie est un vin d&#8217;exception. Issue de vignes cabernet-francs de mi-coteaux sur terre argileuse et craie, cette cuv\u00e9e est \u00e9tonnante de densit\u00e9 et de finesse, un tr\u00e8s grand rouge de Loire. Le domaine de la Chevalerie est en agriculture biologique certifi\u00e9e.","og_url":"https:\/\/www.mesvendanges.com\/fr\/boutique\/vins\/grandmont-chevalerie-dne-de-la-2012-75cl\/","og_site_name":"Mes Vendanges","article_modified_time":"2023-12-05T11:25:14+00:00","og_image":[{"width":420,"height":1500,"url":"https:\/\/www.mesvendanges.com\/wp-content\/uploads\/2022\/07\/domaine-de-la-chevalerie-bourgueil-grand-mont-2012-png.png","type":"image\/png"}],"twitter_card":"summary_large_image","schema":{"@context":"https:\/\/schema.org","@graph":[{"@type":"Organization","@id":"https:\/\/www.mesvendanges.com\/en\/#organization","name":"Mes Vendanges","url":"https:\/\/www.mesvendanges.com\/en\/","sameAs":[],"logo":{"@type":"ImageObject","inLanguage":"fr-FR","@id":"https:\/\/www.mesvendanges.com\/en\/#\/schema\/logo\/image\/","url":"https:\/\/www.mesvendanges.com\/wp-content\/uploads\/2022\/02\/logo-mesvendanges.jpg","contentUrl":"https:\/\/www.mesvendanges.com\/wp-content\/uploads\/2022\/02\/logo-mesvendanges.jpg","width":851,"height":260,"caption":"Mes Vendanges"},"image":{"@id":"https:\/\/www.mesvendanges.com\/en\/#\/schema\/logo\/image\/"}},{"@type":"WebSite","@id":"https:\/\/www.mesvendanges.com\/en\/#website","url":"https:\/\/www.mesvendanges.com\/en\/","name":"Mes Vendanges","description":"Des journ\u00e9es enti\u00e8res dans les vignes","publisher":{"@id":"https:\/\/www.mesvendanges.com\/en\/#organization"},"potentialAction":[{"@type":"SearchAction","target":{"@type":"EntryPoint","urlTemplate":"https:\/\/www.mesvendanges.com\/en\/?s={search_term_string}"},"query-input":"required name=search_term_string"}],"inLanguage":"fr-FR"},{"@type":"ImageObject","inLanguage":"fr-FR","@id":"https:\/\/www.mesvendanges.com\/fr\/boutique\/vins\/grandmont-chevalerie-dne-de-la-2012-75cl\/#primaryimage","url":"https:\/\/www.mesvendanges.com\/wp-content\/uploads\/2022\/07\/domaine-de-la-chevalerie-bourgueil-grand-mont-2012-png.png","contentUrl":"https:\/\/www.mesvendanges.com\/wp-content\/uploads\/2022\/07\/domaine-de-la-chevalerie-bourgueil-grand-mont-2012-png.png","width":420,"height":1500},{"@type":"WebPage","@id":"https:\/\/www.mesvendanges.com\/fr\/boutique\/vins\/grandmont-chevalerie-dne-de-la-2012-75cl\/","url":"https:\/\/www.mesvendanges.com\/fr\/boutique\/vins\/grandmont-chevalerie-dne-de-la-2012-75cl\/","name":"GRANDMONT - Mes Vendanges","isPartOf":{"@id":"https:\/\/www.mesvendanges.com\/en\/#website"},"primaryImageOfPage":{"@id":"https:\/\/www.mesvendanges.com\/fr\/boutique\/vins\/grandmont-chevalerie-dne-de-la-2012-75cl\/#primaryimage"},"datePublished":"2022-08-02T11:05:55+00:00","dateModified":"2023-12-05T11:25:14+00:00","breadcrumb":{"@id":"https:\/\/www.mesvendanges.com\/fr\/boutique\/vins\/grandmont-chevalerie-dne-de-la-2012-75cl\/#breadcrumb"},"inLanguage":"fr-FR","potentialAction":[{"@type":"ReadAction","target":["https:\/\/www.mesvendanges.com\/fr\/boutique\/vins\/grandmont-chevalerie-dne-de-la-2012-75cl\/"]}]},{"@type":"BreadcrumbList","@id":"https:\/\/www.mesvendanges.com\/fr\/boutique\/vins\/grandmont-chevalerie-dne-de-la-2012-75cl\/#breadcrumb","itemListElement":[{"@type":"ListItem","position":1,"name":"Accueil","item":"https:\/\/www.mesvendanges.com\/fr\/"},{"@type":"ListItem","position":2,"name":"Boutique","item":"https:\/\/www.mesvendanges.com\/fr\/boutique\/"},{"@type":"ListItem","position":3,"name":"GRANDMONT"}]}]}},"_links":{"self":[{"href":"https:\/\/www.mesvendanges.com\/fr\/wp-json\/wp\/v2\/product\/36589"}],"collection":[{"href":"https:\/\/www.mesvendanges.com\/fr\/wp-json\/wp\/v2\/product"}],"about":[{"href":"https:\/\/www.mesvendanges.com\/fr\/wp-json\/wp\/v2\/types\/product"}],"wp:featuredmedia":[{"embeddable":true,"href":"https:\/\/www.mesvendanges.com\/fr\/wp-json\/wp\/v2\/media\/15142"}],"wp:attachment":[{"href":"https:\/\/www.mesvendanges.com\/fr\/wp-json\/wp\/v2\/media?parent=36589"}],"wp:term":[{"taxonomy":"product_cat","embeddable":true,"href":"https:\/\/www.mesvendanges.com\/fr\/wp-json\/wp\/v2\/product_cat?post=36589"},{"taxonomy":"product_tag","embeddable":true,"href":"https:\/\/www.mesvendanges.com\/fr\/wp-json\/wp\/v2\/product_tag?post=36589"}],"curies":[{"name":"wp","href":"https:\/\/api.w.org\/{rel}","templated":true}]}}