{"id":36729,"date":"2022-08-02T13:10:05","date_gmt":"2022-08-02T11:10:05","guid":{"rendered":"https:\/\/www.mesvendanges.com\/shop\/non%20class\u00e9\/beausejour-duffau-lagarrosse-en-magnum-2\/"},"modified":"2023-12-05T09:07:10","modified_gmt":"2023-12-05T08:07:10","slug":"beausejour-duffau-lagarrosse-en-magnum-beausejour-duffau-lagarrosse-ch-2012-150cl","status":"publish","type":"product","link":"https:\/\/www.mesvendanges.com\/fr\/boutique\/vins\/beausejour-duffau-lagarrosse-en-magnum-beausejour-duffau-lagarrosse-ch-2012-150cl\/","title":{"rendered":"BEAUSEJOUR-DUFFAU-LAGARROSSE en Magnum"},"content":{"rendered":"<div><span class=\"bd-vintage-text\" style=\"display: inline-block; width: 638px; padding: 5px; vertical-align: top; text-align: justify; color: rgb(43, 43, 33);\"><font face=\"verdana\" size=\"3\"><i>Commentaire Bettane &amp; Desseauve :<\/i><\/font><\/span><\/div>\n<div><font face=\"verdana\" size=\"3\"><i><span class=\"bd-vintage-text\" style=\"display: inline-block; width: 638px; padding: 5px; vertical-align: top; text-align: justify; color: rgb(43, 43, 33);\">Du sang de vigne ce qui est rare en 2012, racinaire, tendu et porteur de la m\u00eame pr\u00e9cision d\u2019extraction des vins du tandem Derenoncourt-Thienpont. Rac\u00e9, complet.<\/span><span style=\"color: rgb(43, 43, 33);\"><\/span><span class=\"bd-vintage-detail\" style=\"display: inline-block; vertical-align: top; padding: 5px; color: rgb(43, 43, 33);\"><b>Note: 17.5&nbsp;<\/b><br \/>Apog\u00e9e: de 2022 \u00e0 2030<\/span><\/i><\/font><\/div>\n<div><span class=\"bd-vintage-detail\" style=\"display: inline-block; vertical-align: top; padding: 5px; color: rgb(43, 43, 33);\"><font face=\"verdana\" size=\"3\"><\/p>\n<div style=\"color: rgb(0, 0, 0);\"><i><span style=\"margin: 0px; padding: 0px; line-height: 17px;\"><b>Robert Parker&nbsp;<\/b><\/span><span style=\"line-height: 17px; text-align: justify; margin: 0px; padding: 0px;\"><b>93-95+<\/b>&nbsp;:<\/span><span style=\"line-height: 17px; text-align: justify;\">&#8220;The 2012 exhibits a black\/purple color along with a striking nose of incense, spring flowers, blueberries, blackberries and hints of mulberries and crushed chalk. The sumptuous aromatics are followed by a full-bodied, super-concentrated, rich, layered wine that builds incrementally across the palate, finishing with an explosion of fruit, spice, tannin, glycerin and minerality. While neither as backward nor impenetrable as the 2009 and 2010, the 2012 should be approachable in 4-5 years and keep for 2-3 decades.<\/span><\/i><\/div>\n<div style=\"color: rgb(0, 0, 0);\">\n<p style=\"margin: 0px; padding: 0px; line-height: 17px; text-align: justify;\"><i>A massive, concentrated effort from this great terroir, the 2012 Beausejour Duffau comes from a 16+-acre vineyard located on the clay and limestone southern slopes of St.-Emilion. It was cropped at 23 hectoliters per hectare, and the final blend was 75% Merlot and 25% Cabernet Franc. Only 66% of the production went into the top wine, which boasts 14.3% natural alcohol. Readers can usually count on this cuvee being one of the finest wines of the vintage given the talented team behind it, Nicolas Thienpont, Stephane Derenoncourt, David Suire and Julien Lavenu.&#8221;<\/i><\/p>\n<\/div>\n<p><\/font><\/span><\/div>\n<div><span class=\"bd-vintage-detail\" style=\"display: inline-block; vertical-align: top; padding: 5px; color: rgb(43, 43, 33); font-family: 'Lucida Grande', 'Lucida Sans Unicode', Arial, Helvetica, sans-serif; font-size: 13px;\"><br \/><\/span><\/div>\n","protected":false},"excerpt":{"rendered":"<p>Commentaire Bettane &amp; Desseauve : Du sang de vigne ce qui est rare en 2012, racinaire, tendu et porteur de la m\u00eame pr\u00e9cision d\u2019extraction des vins du tandem Derenoncourt-Thienpont. Rac\u00e9, complet.Note: 17.5&nbsp;Apog\u00e9e: de 2022 \u00e0 2030 Robert Parker&nbsp;93-95+&nbsp;:&#8220;The 2012 exhibits a black\/purple color along with a striking nose of incense, spring flowers, blueberries, blackberries and [&hellip;]<\/p>\n","protected":false},"featured_media":0,"template":"","meta":[],"product_cat":[3736],"product_tag":[],"acf":[],"yoast_head":"<!-- This site is optimized with the Yoast SEO plugin v19.3 - https:\/\/yoast.com\/wordpress\/plugins\/seo\/ -->\n<title>BEAUSEJOUR-DUFFAU-LAGARROSSE en Magnum - Mes Vendanges<\/title>\n<meta name=\"robots\" content=\"index, follow, max-snippet:-1, max-image-preview:large, max-video-preview:-1\" \/>\n<link rel=\"canonical\" href=\"https:\/\/www.mesvendanges.com\/fr\/boutique\/vins\/beausejour-duffau-lagarrosse-en-magnum-beausejour-duffau-lagarrosse-ch-2012-150cl\/\" \/>\n<meta property=\"og:locale\" content=\"fr_FR\" \/>\n<meta property=\"og:type\" content=\"article\" \/>\n<meta property=\"og:title\" content=\"BEAUSEJOUR-DUFFAU-LAGARROSSE en Magnum - Mes Vendanges\" \/>\n<meta property=\"og:description\" content=\"Commentaire Bettane &amp; Desseauve : Du sang de vigne ce qui est rare en 2012, racinaire, tendu et porteur de la m\u00eame pr\u00e9cision d\u2019extraction des vins du tandem Derenoncourt-Thienpont. Rac\u00e9, complet.Note: 17.5&nbsp;Apog\u00e9e: de 2022 \u00e0 2030 Robert Parker&nbsp;93-95+&nbsp;:&#8220;The 2012 exhibits a black\/purple color along with a striking nose of incense, spring flowers, blueberries, blackberries and [&hellip;]\" \/>\n<meta property=\"og:url\" content=\"https:\/\/www.mesvendanges.com\/fr\/boutique\/vins\/beausejour-duffau-lagarrosse-en-magnum-beausejour-duffau-lagarrosse-ch-2012-150cl\/\" \/>\n<meta property=\"og:site_name\" content=\"Mes Vendanges\" \/>\n<meta property=\"article:modified_time\" content=\"2023-12-05T08:07:10+00:00\" \/>\n<meta name=\"twitter:card\" content=\"summary_large_image\" \/>\n<meta name=\"twitter:label1\" content=\"Dur\u00e9e de lecture estim\u00e9e\" \/>\n\t<meta name=\"twitter:data1\" content=\"1 minute\" \/>\n<script type=\"application\/ld+json\" class=\"yoast-schema-graph\">{\"@context\":\"https:\/\/schema.org\",\"@graph\":[{\"@type\":\"Organization\",\"@id\":\"https:\/\/www.mesvendanges.com\/en\/#organization\",\"name\":\"Mes Vendanges\",\"url\":\"https:\/\/www.mesvendanges.com\/en\/\",\"sameAs\":[],\"logo\":{\"@type\":\"ImageObject\",\"inLanguage\":\"fr-FR\",\"@id\":\"https:\/\/www.mesvendanges.com\/en\/#\/schema\/logo\/image\/\",\"url\":\"https:\/\/www.mesvendanges.com\/wp-content\/uploads\/2022\/02\/logo-mesvendanges.jpg\",\"contentUrl\":\"https:\/\/www.mesvendanges.com\/wp-content\/uploads\/2022\/02\/logo-mesvendanges.jpg\",\"width\":851,\"height\":260,\"caption\":\"Mes Vendanges\"},\"image\":{\"@id\":\"https:\/\/www.mesvendanges.com\/en\/#\/schema\/logo\/image\/\"}},{\"@type\":\"WebSite\",\"@id\":\"https:\/\/www.mesvendanges.com\/en\/#website\",\"url\":\"https:\/\/www.mesvendanges.com\/en\/\",\"name\":\"Mes Vendanges\",\"description\":\"Des journ\u00e9es enti\u00e8res dans les vignes\",\"publisher\":{\"@id\":\"https:\/\/www.mesvendanges.com\/en\/#organization\"},\"potentialAction\":[{\"@type\":\"SearchAction\",\"target\":{\"@type\":\"EntryPoint\",\"urlTemplate\":\"https:\/\/www.mesvendanges.com\/en\/?s={search_term_string}\"},\"query-input\":\"required name=search_term_string\"}],\"inLanguage\":\"fr-FR\"},{\"@type\":\"WebPage\",\"@id\":\"https:\/\/www.mesvendanges.com\/fr\/boutique\/vins\/beausejour-duffau-lagarrosse-en-magnum-beausejour-duffau-lagarrosse-ch-2012-150cl\/\",\"url\":\"https:\/\/www.mesvendanges.com\/fr\/boutique\/vins\/beausejour-duffau-lagarrosse-en-magnum-beausejour-duffau-lagarrosse-ch-2012-150cl\/\",\"name\":\"BEAUSEJOUR-DUFFAU-LAGARROSSE en Magnum - Mes Vendanges\",\"isPartOf\":{\"@id\":\"https:\/\/www.mesvendanges.com\/en\/#website\"},\"datePublished\":\"2022-08-02T11:10:05+00:00\",\"dateModified\":\"2023-12-05T08:07:10+00:00\",\"breadcrumb\":{\"@id\":\"https:\/\/www.mesvendanges.com\/fr\/boutique\/vins\/beausejour-duffau-lagarrosse-en-magnum-beausejour-duffau-lagarrosse-ch-2012-150cl\/#breadcrumb\"},\"inLanguage\":\"fr-FR\",\"potentialAction\":[{\"@type\":\"ReadAction\",\"target\":[\"https:\/\/www.mesvendanges.com\/fr\/boutique\/vins\/beausejour-duffau-lagarrosse-en-magnum-beausejour-duffau-lagarrosse-ch-2012-150cl\/\"]}]},{\"@type\":\"BreadcrumbList\",\"@id\":\"https:\/\/www.mesvendanges.com\/fr\/boutique\/vins\/beausejour-duffau-lagarrosse-en-magnum-beausejour-duffau-lagarrosse-ch-2012-150cl\/#breadcrumb\",\"itemListElement\":[{\"@type\":\"ListItem\",\"position\":1,\"name\":\"Accueil\",\"item\":\"https:\/\/www.mesvendanges.com\/fr\/\"},{\"@type\":\"ListItem\",\"position\":2,\"name\":\"Boutique\",\"item\":\"https:\/\/www.mesvendanges.com\/fr\/boutique\/\"},{\"@type\":\"ListItem\",\"position\":3,\"name\":\"BEAUSEJOUR-DUFFAU-LAGARROSSE en Magnum\"}]}]}<\/script>\n<!-- \/ Yoast SEO plugin. -->","yoast_head_json":{"title":"BEAUSEJOUR-DUFFAU-LAGARROSSE en Magnum - Mes Vendanges","robots":{"index":"index","follow":"follow","max-snippet":"max-snippet:-1","max-image-preview":"max-image-preview:large","max-video-preview":"max-video-preview:-1"},"canonical":"https:\/\/www.mesvendanges.com\/fr\/boutique\/vins\/beausejour-duffau-lagarrosse-en-magnum-beausejour-duffau-lagarrosse-ch-2012-150cl\/","og_locale":"fr_FR","og_type":"article","og_title":"BEAUSEJOUR-DUFFAU-LAGARROSSE en Magnum - Mes Vendanges","og_description":"Commentaire Bettane &amp; Desseauve : Du sang de vigne ce qui est rare en 2012, racinaire, tendu et porteur de la m\u00eame pr\u00e9cision d\u2019extraction des vins du tandem Derenoncourt-Thienpont. Rac\u00e9, complet.Note: 17.5&nbsp;Apog\u00e9e: de 2022 \u00e0 2030 Robert Parker&nbsp;93-95+&nbsp;:&#8220;The 2012 exhibits a black\/purple color along with a striking nose of incense, spring flowers, blueberries, blackberries and [&hellip;]","og_url":"https:\/\/www.mesvendanges.com\/fr\/boutique\/vins\/beausejour-duffau-lagarrosse-en-magnum-beausejour-duffau-lagarrosse-ch-2012-150cl\/","og_site_name":"Mes Vendanges","article_modified_time":"2023-12-05T08:07:10+00:00","twitter_card":"summary_large_image","twitter_misc":{"Dur\u00e9e de lecture estim\u00e9e":"1 minute"},"schema":{"@context":"https:\/\/schema.org","@graph":[{"@type":"Organization","@id":"https:\/\/www.mesvendanges.com\/en\/#organization","name":"Mes Vendanges","url":"https:\/\/www.mesvendanges.com\/en\/","sameAs":[],"logo":{"@type":"ImageObject","inLanguage":"fr-FR","@id":"https:\/\/www.mesvendanges.com\/en\/#\/schema\/logo\/image\/","url":"https:\/\/www.mesvendanges.com\/wp-content\/uploads\/2022\/02\/logo-mesvendanges.jpg","contentUrl":"https:\/\/www.mesvendanges.com\/wp-content\/uploads\/2022\/02\/logo-mesvendanges.jpg","width":851,"height":260,"caption":"Mes Vendanges"},"image":{"@id":"https:\/\/www.mesvendanges.com\/en\/#\/schema\/logo\/image\/"}},{"@type":"WebSite","@id":"https:\/\/www.mesvendanges.com\/en\/#website","url":"https:\/\/www.mesvendanges.com\/en\/","name":"Mes Vendanges","description":"Des journ\u00e9es enti\u00e8res dans les vignes","publisher":{"@id":"https:\/\/www.mesvendanges.com\/en\/#organization"},"potentialAction":[{"@type":"SearchAction","target":{"@type":"EntryPoint","urlTemplate":"https:\/\/www.mesvendanges.com\/en\/?s={search_term_string}"},"query-input":"required name=search_term_string"}],"inLanguage":"fr-FR"},{"@type":"WebPage","@id":"https:\/\/www.mesvendanges.com\/fr\/boutique\/vins\/beausejour-duffau-lagarrosse-en-magnum-beausejour-duffau-lagarrosse-ch-2012-150cl\/","url":"https:\/\/www.mesvendanges.com\/fr\/boutique\/vins\/beausejour-duffau-lagarrosse-en-magnum-beausejour-duffau-lagarrosse-ch-2012-150cl\/","name":"BEAUSEJOUR-DUFFAU-LAGARROSSE en Magnum - Mes Vendanges","isPartOf":{"@id":"https:\/\/www.mesvendanges.com\/en\/#website"},"datePublished":"2022-08-02T11:10:05+00:00","dateModified":"2023-12-05T08:07:10+00:00","breadcrumb":{"@id":"https:\/\/www.mesvendanges.com\/fr\/boutique\/vins\/beausejour-duffau-lagarrosse-en-magnum-beausejour-duffau-lagarrosse-ch-2012-150cl\/#breadcrumb"},"inLanguage":"fr-FR","potentialAction":[{"@type":"ReadAction","target":["https:\/\/www.mesvendanges.com\/fr\/boutique\/vins\/beausejour-duffau-lagarrosse-en-magnum-beausejour-duffau-lagarrosse-ch-2012-150cl\/"]}]},{"@type":"BreadcrumbList","@id":"https:\/\/www.mesvendanges.com\/fr\/boutique\/vins\/beausejour-duffau-lagarrosse-en-magnum-beausejour-duffau-lagarrosse-ch-2012-150cl\/#breadcrumb","itemListElement":[{"@type":"ListItem","position":1,"name":"Accueil","item":"https:\/\/www.mesvendanges.com\/fr\/"},{"@type":"ListItem","position":2,"name":"Boutique","item":"https:\/\/www.mesvendanges.com\/fr\/boutique\/"},{"@type":"ListItem","position":3,"name":"BEAUSEJOUR-DUFFAU-LAGARROSSE en Magnum"}]}]}},"_links":{"self":[{"href":"https:\/\/www.mesvendanges.com\/fr\/wp-json\/wp\/v2\/product\/36729"}],"collection":[{"href":"https:\/\/www.mesvendanges.com\/fr\/wp-json\/wp\/v2\/product"}],"about":[{"href":"https:\/\/www.mesvendanges.com\/fr\/wp-json\/wp\/v2\/types\/product"}],"wp:attachment":[{"href":"https:\/\/www.mesvendanges.com\/fr\/wp-json\/wp\/v2\/media?parent=36729"}],"wp:term":[{"taxonomy":"product_cat","embeddable":true,"href":"https:\/\/www.mesvendanges.com\/fr\/wp-json\/wp\/v2\/product_cat?post=36729"},{"taxonomy":"product_tag","embeddable":true,"href":"https:\/\/www.mesvendanges.com\/fr\/wp-json\/wp\/v2\/product_tag?post=36729"}],"curies":[{"name":"wp","href":"https:\/\/api.w.org\/{rel}","templated":true}]}}