{"id":36751,"date":"2022-08-02T13:10:44","date_gmt":"2022-08-02T11:10:44","guid":{"rendered":"https:\/\/www.mesvendanges.com\/shop\/non%20class\u00e9\/les-maillons-blanc-de-noir-extra-brut-3\/"},"modified":"2023-12-06T07:05:38","modified_gmt":"2023-12-06T06:05:38","slug":"les-maillons-blanc-de-noir-extra-brut-ulysse-collin-2010-75cl","status":"publish","type":"product","link":"https:\/\/www.mesvendanges.com\/fr\/boutique\/vins\/les-maillons-blanc-de-noir-extra-brut-ulysse-collin-2010-75cl\/","title":{"rendered":"LES MAILLONS BLANC DE NOIR EXTRA BRUT"},"content":{"rendered":"<ul> <\/ul>\n<blockquote style=\"margin: 0 0 0 40px; border: none; padding: 0px;\"><\/blockquote>\n<p><font size=\"3\" face=\"arial\"><span style=\"line-height: 11px;\">Ce Blanc de Noirs est issu d\u2019une seule parcelle \u00ab&nbsp;Les Maillons\u00bb &nbsp;situ\u00e9e dans les c\u00f4tes du S\u00e9zannais. Elle est orient\u00e9e \u00e0 l\u2019Est et le sol maigre (50 cm de profondeur) est de nature argilo-calcaire. La couleur fonc\u00e9e des argiles traduit une richesse en fer naturelle du sol, propice \u00e0 la culture et \u00e0 l\u2019expression du c\u00e9page Pinot Noir. Les vignes ont 40 ans d\u2019\u00e2ge et sont plant\u00e9es en s\u00e9lection massale.<\/span>&nbsp;<span style=\"line-height: 11px;\">Le sous-sol ou roche m\u00e8re est compos\u00e9e uniquement de craie tendre de l\u2019\u00e9tage g\u00e9ologique du Campanien.<br \/><\/span><\/font><span style=\"text-align: justify;\"><font><font face=\"arial\" size=\"3\"><span style=\"line-height: 11px;\">Les Pinots Noir de cette parcelle sont press\u00e9s imm\u00e9diatement apr\u00e8s cueillette sans mac\u00e9ration. La maturit\u00e9 des peaux de raisin conf\u00e8re une teinte variable suivant les mill\u00e9simes \u00e0 ce champagne qui est diff\u00e9rente d\u2019un ros\u00e9 de mac\u00e9ration. une fermentation alcoolique s\u2019effectue naturellement, gr\u00e2ce aux levures indig\u00e8nes en petits f\u00fbts de ch\u00eane durant 6 \u00e0 8 mois. L\u2019\u00e9levage en f\u00fbt dure en moyenne 13 mois. Le vin ne subi pas de collage, ni de filtration. Production d&#8217;environ 5 000 bouteilles de cette parcelle. Le vin est ensuite&nbsp;<\/span><\/font><span style=\"line-height: 11px;\">\u00e9lev\u00e9<\/span><font face=\"arial\" size=\"3\"><span style=\"line-height: 11px;\">&nbsp;36 mois sur lattes, puis d\u00e9gorg\u00e9. Il est&nbsp;<\/span><\/font><span style=\"line-height: 11px;\">commercialis\u00e9<\/span><font face=\"arial\" size=\"3\"><span style=\"line-height: 11px;\">&nbsp;uniquement en Extra-Brut. Ce vin&nbsp;<\/span><\/font><span style=\"line-height: 11px;\">m\u00e9rite<\/span><font face=\"arial\" size=\"3\"><span style=\"line-height: 11px;\">&nbsp;un passage en carafe.<\/span><\/font><\/font><\/span><\/p>\n<div>\n<p align=\"JUSTIFY\" style=\"margin-bottom: 0cm; line-height: 100%;\"><\/p>\n<\/div>\n","protected":false},"excerpt":{"rendered":"<p>Ce Blanc de Noirs est issu d\u2019une seule parcelle \u00ab&nbsp;Les Maillons\u00bb &nbsp;situ\u00e9e dans les c\u00f4tes du S\u00e9zannais. Elle est orient\u00e9e \u00e0 l\u2019Est et le sol maigre (50 cm de profondeur) est de nature argilo-calcaire. La couleur fonc\u00e9e des argiles traduit une richesse en fer naturelle du sol, propice \u00e0 la culture et \u00e0 l\u2019expression du [&hellip;]<\/p>\n","protected":false},"featured_media":0,"template":"","meta":[],"product_cat":[3736],"product_tag":[],"acf":[],"yoast_head":"<!-- This site is optimized with the Yoast SEO plugin v19.3 - https:\/\/yoast.com\/wordpress\/plugins\/seo\/ -->\n<title>LES MAILLONS BLANC DE NOIR EXTRA BRUT - Mes Vendanges<\/title>\n<meta name=\"robots\" content=\"index, follow, max-snippet:-1, max-image-preview:large, max-video-preview:-1\" \/>\n<link rel=\"canonical\" href=\"https:\/\/www.mesvendanges.com\/fr\/boutique\/vins\/les-maillons-blanc-de-noir-extra-brut-ulysse-collin-2010-75cl\/\" \/>\n<meta property=\"og:locale\" content=\"fr_FR\" \/>\n<meta property=\"og:type\" content=\"article\" \/>\n<meta property=\"og:title\" content=\"LES MAILLONS BLANC DE NOIR EXTRA BRUT - Mes Vendanges\" \/>\n<meta property=\"og:description\" content=\"Ce Blanc de Noirs est issu d\u2019une seule parcelle \u00ab&nbsp;Les Maillons\u00bb &nbsp;situ\u00e9e dans les c\u00f4tes du S\u00e9zannais. Elle est orient\u00e9e \u00e0 l\u2019Est et le sol maigre (50 cm de profondeur) est de nature argilo-calcaire. La couleur fonc\u00e9e des argiles traduit une richesse en fer naturelle du sol, propice \u00e0 la culture et \u00e0 l\u2019expression du [&hellip;]\" \/>\n<meta property=\"og:url\" content=\"https:\/\/www.mesvendanges.com\/fr\/boutique\/vins\/les-maillons-blanc-de-noir-extra-brut-ulysse-collin-2010-75cl\/\" \/>\n<meta property=\"og:site_name\" content=\"Mes Vendanges\" \/>\n<meta property=\"article:modified_time\" content=\"2023-12-06T06:05:38+00:00\" \/>\n<meta name=\"twitter:card\" content=\"summary_large_image\" \/>\n<meta name=\"twitter:label1\" content=\"Dur\u00e9e de lecture estim\u00e9e\" \/>\n\t<meta name=\"twitter:data1\" content=\"1 minute\" \/>\n<script type=\"application\/ld+json\" class=\"yoast-schema-graph\">{\"@context\":\"https:\/\/schema.org\",\"@graph\":[{\"@type\":\"Organization\",\"@id\":\"https:\/\/www.mesvendanges.com\/en\/#organization\",\"name\":\"Mes Vendanges\",\"url\":\"https:\/\/www.mesvendanges.com\/en\/\",\"sameAs\":[],\"logo\":{\"@type\":\"ImageObject\",\"inLanguage\":\"fr-FR\",\"@id\":\"https:\/\/www.mesvendanges.com\/en\/#\/schema\/logo\/image\/\",\"url\":\"https:\/\/www.mesvendanges.com\/wp-content\/uploads\/2022\/02\/logo-mesvendanges.jpg\",\"contentUrl\":\"https:\/\/www.mesvendanges.com\/wp-content\/uploads\/2022\/02\/logo-mesvendanges.jpg\",\"width\":851,\"height\":260,\"caption\":\"Mes Vendanges\"},\"image\":{\"@id\":\"https:\/\/www.mesvendanges.com\/en\/#\/schema\/logo\/image\/\"}},{\"@type\":\"WebSite\",\"@id\":\"https:\/\/www.mesvendanges.com\/en\/#website\",\"url\":\"https:\/\/www.mesvendanges.com\/en\/\",\"name\":\"Mes Vendanges\",\"description\":\"Des journ\u00e9es enti\u00e8res dans les vignes\",\"publisher\":{\"@id\":\"https:\/\/www.mesvendanges.com\/en\/#organization\"},\"potentialAction\":[{\"@type\":\"SearchAction\",\"target\":{\"@type\":\"EntryPoint\",\"urlTemplate\":\"https:\/\/www.mesvendanges.com\/en\/?s={search_term_string}\"},\"query-input\":\"required name=search_term_string\"}],\"inLanguage\":\"fr-FR\"},{\"@type\":\"WebPage\",\"@id\":\"https:\/\/www.mesvendanges.com\/fr\/boutique\/vins\/les-maillons-blanc-de-noir-extra-brut-ulysse-collin-2010-75cl\/\",\"url\":\"https:\/\/www.mesvendanges.com\/fr\/boutique\/vins\/les-maillons-blanc-de-noir-extra-brut-ulysse-collin-2010-75cl\/\",\"name\":\"LES MAILLONS BLANC DE NOIR EXTRA BRUT - Mes Vendanges\",\"isPartOf\":{\"@id\":\"https:\/\/www.mesvendanges.com\/en\/#website\"},\"datePublished\":\"2022-08-02T11:10:44+00:00\",\"dateModified\":\"2023-12-06T06:05:38+00:00\",\"breadcrumb\":{\"@id\":\"https:\/\/www.mesvendanges.com\/fr\/boutique\/vins\/les-maillons-blanc-de-noir-extra-brut-ulysse-collin-2010-75cl\/#breadcrumb\"},\"inLanguage\":\"fr-FR\",\"potentialAction\":[{\"@type\":\"ReadAction\",\"target\":[\"https:\/\/www.mesvendanges.com\/fr\/boutique\/vins\/les-maillons-blanc-de-noir-extra-brut-ulysse-collin-2010-75cl\/\"]}]},{\"@type\":\"BreadcrumbList\",\"@id\":\"https:\/\/www.mesvendanges.com\/fr\/boutique\/vins\/les-maillons-blanc-de-noir-extra-brut-ulysse-collin-2010-75cl\/#breadcrumb\",\"itemListElement\":[{\"@type\":\"ListItem\",\"position\":1,\"name\":\"Accueil\",\"item\":\"https:\/\/www.mesvendanges.com\/fr\/\"},{\"@type\":\"ListItem\",\"position\":2,\"name\":\"Boutique\",\"item\":\"https:\/\/www.mesvendanges.com\/fr\/boutique\/\"},{\"@type\":\"ListItem\",\"position\":3,\"name\":\"LES MAILLONS BLANC DE NOIR EXTRA BRUT\"}]}]}<\/script>\n<!-- \/ Yoast SEO plugin. -->","yoast_head_json":{"title":"LES MAILLONS BLANC DE NOIR EXTRA BRUT - Mes Vendanges","robots":{"index":"index","follow":"follow","max-snippet":"max-snippet:-1","max-image-preview":"max-image-preview:large","max-video-preview":"max-video-preview:-1"},"canonical":"https:\/\/www.mesvendanges.com\/fr\/boutique\/vins\/les-maillons-blanc-de-noir-extra-brut-ulysse-collin-2010-75cl\/","og_locale":"fr_FR","og_type":"article","og_title":"LES MAILLONS BLANC DE NOIR EXTRA BRUT - Mes Vendanges","og_description":"Ce Blanc de Noirs est issu d\u2019une seule parcelle \u00ab&nbsp;Les Maillons\u00bb &nbsp;situ\u00e9e dans les c\u00f4tes du S\u00e9zannais. Elle est orient\u00e9e \u00e0 l\u2019Est et le sol maigre (50 cm de profondeur) est de nature argilo-calcaire. La couleur fonc\u00e9e des argiles traduit une richesse en fer naturelle du sol, propice \u00e0 la culture et \u00e0 l\u2019expression du [&hellip;]","og_url":"https:\/\/www.mesvendanges.com\/fr\/boutique\/vins\/les-maillons-blanc-de-noir-extra-brut-ulysse-collin-2010-75cl\/","og_site_name":"Mes Vendanges","article_modified_time":"2023-12-06T06:05:38+00:00","twitter_card":"summary_large_image","twitter_misc":{"Dur\u00e9e de lecture estim\u00e9e":"1 minute"},"schema":{"@context":"https:\/\/schema.org","@graph":[{"@type":"Organization","@id":"https:\/\/www.mesvendanges.com\/en\/#organization","name":"Mes Vendanges","url":"https:\/\/www.mesvendanges.com\/en\/","sameAs":[],"logo":{"@type":"ImageObject","inLanguage":"fr-FR","@id":"https:\/\/www.mesvendanges.com\/en\/#\/schema\/logo\/image\/","url":"https:\/\/www.mesvendanges.com\/wp-content\/uploads\/2022\/02\/logo-mesvendanges.jpg","contentUrl":"https:\/\/www.mesvendanges.com\/wp-content\/uploads\/2022\/02\/logo-mesvendanges.jpg","width":851,"height":260,"caption":"Mes Vendanges"},"image":{"@id":"https:\/\/www.mesvendanges.com\/en\/#\/schema\/logo\/image\/"}},{"@type":"WebSite","@id":"https:\/\/www.mesvendanges.com\/en\/#website","url":"https:\/\/www.mesvendanges.com\/en\/","name":"Mes Vendanges","description":"Des journ\u00e9es enti\u00e8res dans les vignes","publisher":{"@id":"https:\/\/www.mesvendanges.com\/en\/#organization"},"potentialAction":[{"@type":"SearchAction","target":{"@type":"EntryPoint","urlTemplate":"https:\/\/www.mesvendanges.com\/en\/?s={search_term_string}"},"query-input":"required name=search_term_string"}],"inLanguage":"fr-FR"},{"@type":"WebPage","@id":"https:\/\/www.mesvendanges.com\/fr\/boutique\/vins\/les-maillons-blanc-de-noir-extra-brut-ulysse-collin-2010-75cl\/","url":"https:\/\/www.mesvendanges.com\/fr\/boutique\/vins\/les-maillons-blanc-de-noir-extra-brut-ulysse-collin-2010-75cl\/","name":"LES MAILLONS BLANC DE NOIR EXTRA BRUT - Mes Vendanges","isPartOf":{"@id":"https:\/\/www.mesvendanges.com\/en\/#website"},"datePublished":"2022-08-02T11:10:44+00:00","dateModified":"2023-12-06T06:05:38+00:00","breadcrumb":{"@id":"https:\/\/www.mesvendanges.com\/fr\/boutique\/vins\/les-maillons-blanc-de-noir-extra-brut-ulysse-collin-2010-75cl\/#breadcrumb"},"inLanguage":"fr-FR","potentialAction":[{"@type":"ReadAction","target":["https:\/\/www.mesvendanges.com\/fr\/boutique\/vins\/les-maillons-blanc-de-noir-extra-brut-ulysse-collin-2010-75cl\/"]}]},{"@type":"BreadcrumbList","@id":"https:\/\/www.mesvendanges.com\/fr\/boutique\/vins\/les-maillons-blanc-de-noir-extra-brut-ulysse-collin-2010-75cl\/#breadcrumb","itemListElement":[{"@type":"ListItem","position":1,"name":"Accueil","item":"https:\/\/www.mesvendanges.com\/fr\/"},{"@type":"ListItem","position":2,"name":"Boutique","item":"https:\/\/www.mesvendanges.com\/fr\/boutique\/"},{"@type":"ListItem","position":3,"name":"LES MAILLONS BLANC DE NOIR EXTRA BRUT"}]}]}},"_links":{"self":[{"href":"https:\/\/www.mesvendanges.com\/fr\/wp-json\/wp\/v2\/product\/36751"}],"collection":[{"href":"https:\/\/www.mesvendanges.com\/fr\/wp-json\/wp\/v2\/product"}],"about":[{"href":"https:\/\/www.mesvendanges.com\/fr\/wp-json\/wp\/v2\/types\/product"}],"wp:attachment":[{"href":"https:\/\/www.mesvendanges.com\/fr\/wp-json\/wp\/v2\/media?parent=36751"}],"wp:term":[{"taxonomy":"product_cat","embeddable":true,"href":"https:\/\/www.mesvendanges.com\/fr\/wp-json\/wp\/v2\/product_cat?post=36751"},{"taxonomy":"product_tag","embeddable":true,"href":"https:\/\/www.mesvendanges.com\/fr\/wp-json\/wp\/v2\/product_tag?post=36751"}],"curies":[{"name":"wp","href":"https:\/\/api.w.org\/{rel}","templated":true}]}}