{"id":37255,"date":"2022-08-02T13:24:37","date_gmt":"2022-08-02T11:24:37","guid":{"rendered":"https:\/\/www.mesvendanges.com\/shop\/non%20class\u00e9\/cuvee-737\/"},"modified":"2023-12-05T21:36:52","modified_gmt":"2023-12-05T20:36:52","slug":"cuvee-737-jacquesson-nm-75cl","status":"publish","type":"product","link":"https:\/\/www.mesvendanges.com\/fr\/boutique\/vins\/cuvee-737-jacquesson-nm-75cl\/","title":{"rendered":"CUVEE 737"},"content":{"rendered":"<p>&#8220;<span style=\"color: rgb(43, 43, 33); font-family: 'Lucida Grande', 'Lucida Sans Unicode', Arial, Helvetica, sans-serif; text-align: justify;\"><font size=\"3\">Voici peut-\u00eatre le meilleur brut non mill\u00e9sim\u00e9 actuel : construit sur une base de 2009 et avec une majorit\u00e9 de chardonnay, c\u2019est un champagne \u00e9nergique aux notes d\u2019agrumes et \u00e0 la droiture d\u00e9j\u00e0 tr\u00e8s min\u00e9rale. Quelle classe !<\/font><\/span><\/p>\n<div>17.5\/20 Guide Bettane &amp; Desseauve 2015&#8243;<\/div>\n<div><\/div>\n<div>\n<div>Les vins sont vinifi\u00e9s en foudre, sur lies, avec b\u00e2tonnage et&nbsp;<\/div>\n<div>sont assembl\u00e9s pour produire la Cuv\u00e9e n\u00b0 736. Si la r\u00e9colte&nbsp;<\/div>\n<div>2008 constitue l\u2019ossature de la Cuv\u00e9e, les vins de r\u00e9serve, issus&nbsp;<\/div>\n<div>principalement des r\u00e9coltes 2007 et 2006 auxquels s\u2019ajoute une&nbsp;<\/div>\n<div>partie de l\u2019assemblage de la Cuv\u00e9e n\u00b0 735 conserv\u00e9 \u00e0 cet effet,&nbsp;<\/div>\n<div>entrent pour 34% dans l\u2019assemblage. Avize et Oiry dans la C\u00f4te&nbsp;<\/div>\n<div>des Blancs, Ay, Dizy et Hautvillers dans la Grande Vall\u00e9e de&nbsp;<\/div>\n<div>la Marne, la Cuv\u00e9e s\u2019appuie sur les Grands et Premiers Crus&nbsp;<\/div>\n<div>du Domaine et associe 53% de chardonnay, 29% de pinot noir&nbsp;<\/div>\n<div>et 18% de pinot meunier. La mise en bouteille, effectu\u00e9e sans&nbsp;<\/div>\n<div>aucune filtration, produit 252.992 bouteilles, 9.432 magnums&nbsp;<\/div>\n<div>et 346 j\u00e9roboams<\/div>\n<\/div>\n","protected":false},"excerpt":{"rendered":"<p>&#8220;Voici peut-\u00eatre le meilleur brut non mill\u00e9sim\u00e9 actuel : construit sur une base de 2009 et avec une majorit\u00e9 de chardonnay, c\u2019est un champagne \u00e9nergique aux notes d\u2019agrumes et \u00e0 la droiture d\u00e9j\u00e0 tr\u00e8s min\u00e9rale. Quelle classe ! 17.5\/20 Guide Bettane &amp; Desseauve 2015&#8243; Les vins sont vinifi\u00e9s en foudre, sur lies, avec b\u00e2tonnage et&nbsp; [&hellip;]<\/p>\n","protected":false},"featured_media":0,"template":"","meta":[],"product_cat":[3736],"product_tag":[],"acf":[],"yoast_head":"<!-- This site is optimized with the Yoast SEO plugin v19.3 - https:\/\/yoast.com\/wordpress\/plugins\/seo\/ -->\n<title>CUVEE 737 - Mes Vendanges<\/title>\n<meta name=\"robots\" content=\"index, follow, max-snippet:-1, max-image-preview:large, max-video-preview:-1\" \/>\n<link rel=\"canonical\" href=\"https:\/\/www.mesvendanges.com\/fr\/boutique\/vins\/cuvee-737-jacquesson-nm-75cl\/\" \/>\n<meta property=\"og:locale\" content=\"fr_FR\" \/>\n<meta property=\"og:type\" content=\"article\" \/>\n<meta property=\"og:title\" content=\"CUVEE 737 - Mes Vendanges\" \/>\n<meta property=\"og:description\" content=\"&#8220;Voici peut-\u00eatre le meilleur brut non mill\u00e9sim\u00e9 actuel : construit sur une base de 2009 et avec une majorit\u00e9 de chardonnay, c\u2019est un champagne \u00e9nergique aux notes d\u2019agrumes et \u00e0 la droiture d\u00e9j\u00e0 tr\u00e8s min\u00e9rale. Quelle classe ! 17.5\/20 Guide Bettane &amp; Desseauve 2015&#8243; Les vins sont vinifi\u00e9s en foudre, sur lies, avec b\u00e2tonnage et&nbsp; [&hellip;]\" \/>\n<meta property=\"og:url\" content=\"https:\/\/www.mesvendanges.com\/fr\/boutique\/vins\/cuvee-737-jacquesson-nm-75cl\/\" \/>\n<meta property=\"og:site_name\" content=\"Mes Vendanges\" \/>\n<meta property=\"article:modified_time\" content=\"2023-12-05T20:36:52+00:00\" \/>\n<meta name=\"twitter:card\" content=\"summary_large_image\" \/>\n<meta name=\"twitter:label1\" content=\"Dur\u00e9e de lecture estim\u00e9e\" \/>\n\t<meta name=\"twitter:data1\" content=\"1 minute\" \/>\n<script type=\"application\/ld+json\" class=\"yoast-schema-graph\">{\"@context\":\"https:\/\/schema.org\",\"@graph\":[{\"@type\":\"Organization\",\"@id\":\"https:\/\/www.mesvendanges.com\/en\/#organization\",\"name\":\"Mes Vendanges\",\"url\":\"https:\/\/www.mesvendanges.com\/en\/\",\"sameAs\":[],\"logo\":{\"@type\":\"ImageObject\",\"inLanguage\":\"fr-FR\",\"@id\":\"https:\/\/www.mesvendanges.com\/en\/#\/schema\/logo\/image\/\",\"url\":\"https:\/\/www.mesvendanges.com\/wp-content\/uploads\/2022\/02\/logo-mesvendanges.jpg\",\"contentUrl\":\"https:\/\/www.mesvendanges.com\/wp-content\/uploads\/2022\/02\/logo-mesvendanges.jpg\",\"width\":851,\"height\":260,\"caption\":\"Mes Vendanges\"},\"image\":{\"@id\":\"https:\/\/www.mesvendanges.com\/en\/#\/schema\/logo\/image\/\"}},{\"@type\":\"WebSite\",\"@id\":\"https:\/\/www.mesvendanges.com\/en\/#website\",\"url\":\"https:\/\/www.mesvendanges.com\/en\/\",\"name\":\"Mes Vendanges\",\"description\":\"Des journ\u00e9es enti\u00e8res dans les vignes\",\"publisher\":{\"@id\":\"https:\/\/www.mesvendanges.com\/en\/#organization\"},\"potentialAction\":[{\"@type\":\"SearchAction\",\"target\":{\"@type\":\"EntryPoint\",\"urlTemplate\":\"https:\/\/www.mesvendanges.com\/en\/?s={search_term_string}\"},\"query-input\":\"required name=search_term_string\"}],\"inLanguage\":\"fr-FR\"},{\"@type\":\"WebPage\",\"@id\":\"https:\/\/www.mesvendanges.com\/fr\/boutique\/vins\/cuvee-737-jacquesson-nm-75cl\/\",\"url\":\"https:\/\/www.mesvendanges.com\/fr\/boutique\/vins\/cuvee-737-jacquesson-nm-75cl\/\",\"name\":\"CUVEE 737 - Mes Vendanges\",\"isPartOf\":{\"@id\":\"https:\/\/www.mesvendanges.com\/en\/#website\"},\"datePublished\":\"2022-08-02T11:24:37+00:00\",\"dateModified\":\"2023-12-05T20:36:52+00:00\",\"breadcrumb\":{\"@id\":\"https:\/\/www.mesvendanges.com\/fr\/boutique\/vins\/cuvee-737-jacquesson-nm-75cl\/#breadcrumb\"},\"inLanguage\":\"fr-FR\",\"potentialAction\":[{\"@type\":\"ReadAction\",\"target\":[\"https:\/\/www.mesvendanges.com\/fr\/boutique\/vins\/cuvee-737-jacquesson-nm-75cl\/\"]}]},{\"@type\":\"BreadcrumbList\",\"@id\":\"https:\/\/www.mesvendanges.com\/fr\/boutique\/vins\/cuvee-737-jacquesson-nm-75cl\/#breadcrumb\",\"itemListElement\":[{\"@type\":\"ListItem\",\"position\":1,\"name\":\"Accueil\",\"item\":\"https:\/\/www.mesvendanges.com\/fr\/\"},{\"@type\":\"ListItem\",\"position\":2,\"name\":\"Boutique\",\"item\":\"https:\/\/www.mesvendanges.com\/fr\/boutique\/\"},{\"@type\":\"ListItem\",\"position\":3,\"name\":\"CUVEE 737\"}]}]}<\/script>\n<!-- \/ Yoast SEO plugin. -->","yoast_head_json":{"title":"CUVEE 737 - Mes Vendanges","robots":{"index":"index","follow":"follow","max-snippet":"max-snippet:-1","max-image-preview":"max-image-preview:large","max-video-preview":"max-video-preview:-1"},"canonical":"https:\/\/www.mesvendanges.com\/fr\/boutique\/vins\/cuvee-737-jacquesson-nm-75cl\/","og_locale":"fr_FR","og_type":"article","og_title":"CUVEE 737 - Mes Vendanges","og_description":"&#8220;Voici peut-\u00eatre le meilleur brut non mill\u00e9sim\u00e9 actuel : construit sur une base de 2009 et avec une majorit\u00e9 de chardonnay, c\u2019est un champagne \u00e9nergique aux notes d\u2019agrumes et \u00e0 la droiture d\u00e9j\u00e0 tr\u00e8s min\u00e9rale. Quelle classe ! 17.5\/20 Guide Bettane &amp; Desseauve 2015&#8243; Les vins sont vinifi\u00e9s en foudre, sur lies, avec b\u00e2tonnage et&nbsp; [&hellip;]","og_url":"https:\/\/www.mesvendanges.com\/fr\/boutique\/vins\/cuvee-737-jacquesson-nm-75cl\/","og_site_name":"Mes Vendanges","article_modified_time":"2023-12-05T20:36:52+00:00","twitter_card":"summary_large_image","twitter_misc":{"Dur\u00e9e de lecture estim\u00e9e":"1 minute"},"schema":{"@context":"https:\/\/schema.org","@graph":[{"@type":"Organization","@id":"https:\/\/www.mesvendanges.com\/en\/#organization","name":"Mes Vendanges","url":"https:\/\/www.mesvendanges.com\/en\/","sameAs":[],"logo":{"@type":"ImageObject","inLanguage":"fr-FR","@id":"https:\/\/www.mesvendanges.com\/en\/#\/schema\/logo\/image\/","url":"https:\/\/www.mesvendanges.com\/wp-content\/uploads\/2022\/02\/logo-mesvendanges.jpg","contentUrl":"https:\/\/www.mesvendanges.com\/wp-content\/uploads\/2022\/02\/logo-mesvendanges.jpg","width":851,"height":260,"caption":"Mes Vendanges"},"image":{"@id":"https:\/\/www.mesvendanges.com\/en\/#\/schema\/logo\/image\/"}},{"@type":"WebSite","@id":"https:\/\/www.mesvendanges.com\/en\/#website","url":"https:\/\/www.mesvendanges.com\/en\/","name":"Mes Vendanges","description":"Des journ\u00e9es enti\u00e8res dans les vignes","publisher":{"@id":"https:\/\/www.mesvendanges.com\/en\/#organization"},"potentialAction":[{"@type":"SearchAction","target":{"@type":"EntryPoint","urlTemplate":"https:\/\/www.mesvendanges.com\/en\/?s={search_term_string}"},"query-input":"required name=search_term_string"}],"inLanguage":"fr-FR"},{"@type":"WebPage","@id":"https:\/\/www.mesvendanges.com\/fr\/boutique\/vins\/cuvee-737-jacquesson-nm-75cl\/","url":"https:\/\/www.mesvendanges.com\/fr\/boutique\/vins\/cuvee-737-jacquesson-nm-75cl\/","name":"CUVEE 737 - Mes Vendanges","isPartOf":{"@id":"https:\/\/www.mesvendanges.com\/en\/#website"},"datePublished":"2022-08-02T11:24:37+00:00","dateModified":"2023-12-05T20:36:52+00:00","breadcrumb":{"@id":"https:\/\/www.mesvendanges.com\/fr\/boutique\/vins\/cuvee-737-jacquesson-nm-75cl\/#breadcrumb"},"inLanguage":"fr-FR","potentialAction":[{"@type":"ReadAction","target":["https:\/\/www.mesvendanges.com\/fr\/boutique\/vins\/cuvee-737-jacquesson-nm-75cl\/"]}]},{"@type":"BreadcrumbList","@id":"https:\/\/www.mesvendanges.com\/fr\/boutique\/vins\/cuvee-737-jacquesson-nm-75cl\/#breadcrumb","itemListElement":[{"@type":"ListItem","position":1,"name":"Accueil","item":"https:\/\/www.mesvendanges.com\/fr\/"},{"@type":"ListItem","position":2,"name":"Boutique","item":"https:\/\/www.mesvendanges.com\/fr\/boutique\/"},{"@type":"ListItem","position":3,"name":"CUVEE 737"}]}]}},"_links":{"self":[{"href":"https:\/\/www.mesvendanges.com\/fr\/wp-json\/wp\/v2\/product\/37255"}],"collection":[{"href":"https:\/\/www.mesvendanges.com\/fr\/wp-json\/wp\/v2\/product"}],"about":[{"href":"https:\/\/www.mesvendanges.com\/fr\/wp-json\/wp\/v2\/types\/product"}],"wp:attachment":[{"href":"https:\/\/www.mesvendanges.com\/fr\/wp-json\/wp\/v2\/media?parent=37255"}],"wp:term":[{"taxonomy":"product_cat","embeddable":true,"href":"https:\/\/www.mesvendanges.com\/fr\/wp-json\/wp\/v2\/product_cat?post=37255"},{"taxonomy":"product_tag","embeddable":true,"href":"https:\/\/www.mesvendanges.com\/fr\/wp-json\/wp\/v2\/product_tag?post=37255"}],"curies":[{"name":"wp","href":"https:\/\/api.w.org\/{rel}","templated":true}]}}